{"id":671453,"date":"2026-02-19T15:47:31","date_gmt":"2026-02-19T14:47:31","guid":{"rendered":"https:\/\/selleetools.com\/?post_type=product&#038;p=671453"},"modified":"2026-04-18T16:03:27","modified_gmt":"2026-04-18T14:03:27","slug":"bros-bagosel-oprysk-na-komary-kleszcze-30ml","status":"publish","type":"product","link":"https:\/\/admincentral.selleetools.com\/pl\/product\/bros-bagosel-oprysk-na-komary-kleszcze-30ml\/","title":{"rendered":"BROS Bagosel Oprysk na komary, kleszcze 30ml"},"content":{"rendered":"<p>BROS Bagosel Oprysk na komary i kleszcze 30ml<br \/>\nKoncentrat do rozcie\u0144czania z wod\u0105 przeznaczony do zwalczania komar\u00f3w, meszek, kleszczy i much.<br \/>\nDo stosowania w:<br \/>\n &#8211; ogrodach,<br \/>\n &#8211; parkach,<br \/>\n &#8211; na terenach rekreacyjnych i popowodziowych<br \/>\n &#8211; w pomieszczeniach mieszkalnych i gospodarczych.<br \/>\nMo\u017ce by\u0107 stosowany metod\u0105 oprysku (przez u\u017cytkownik\u00f3w powszechnych i profesjonalnych) lub metod\u0105 zamg\u0142awiania (wy\u0142\u0105cznie przez u\u017cytkownik\u00f3w profesjonalnych).<br \/>\nMa przyjemny cytrynowy zapach.<br \/>\nProdukt biob\u00f3jczy nale\u017cy u\u017cywa\u0107 z zachowaniem szczeg\u00f3lnych \u015brodk\u00f3w ostro\u017cno\u015bci.<br \/>\nPrzed u\u017cyciem nale\u017cy przeczyta\u0107 etykiet\u0119 i ulotk\u0119 informacyjn\u0105.<\/p>\n<p>BROS Bagosel Oprysk na komary i kleszcze 30ml<br \/>\nKoncentrat do rozcie\u0144czania z wod\u0105 przeznaczony do zwalczania komar\u00f3w, meszek, kleszczy i much.<br \/>\nDo stosowania w:<br \/>\n &#8211; ogrodach,<br \/>\n &#8211; parkach,<br \/>\n &#8211; na terenach rekreacyjnych i popowodziowych<br \/>\n &#8211; w pomieszczeniach mieszkalnych i gospodarczych.<br \/>\nMo\u017ce by\u0107 stosowany metod\u0105 oprysku (przez u\u017cytkownik\u00f3w powszechnych i profesjonalnych) lub metod\u0105 zamg\u0142awiania (wy\u0142\u0105cznie przez u\u017cytkownik\u00f3w profesjonalnych).<br \/>\nMa przyjemny cytrynowy zapach.<br \/>\nProdukt biob\u00f3jczy nale\u017cy u\u017cywa\u0107 z zachowaniem szczeg\u00f3lnych \u015brodk\u00f3w ostro\u017cno\u015bci.<br \/>\nPrzed u\u017cyciem nale\u017cy przeczyta\u0107 etykiet\u0119 i ulotk\u0119 informacyjn\u0105.<\/p>\n","protected":false},"excerpt":{"rendered":"<p>BROS Bagosel Oprysk na komary i kleszcze 30ml Koncentrat do rozcie\u0144czania z wod\u0105 przeznaczony do zwalczania komar\u00f3w, meszek, kleszczy i much. Do stosowania w: &#8211; ogrodach, &#8211; parkach, &#8211; na terenach rekreacyjnych i popowodziowych &#8211; w pomieszczeniach mieszkalnych i gospodarczych. Mo\u017ce by\u0107 stosowany metod\u0105 oprysku (przez u\u017cytkownik\u00f3w powszechnych i profesjonalnych) lub metod\u0105 zamg\u0142awiania (wy\u0142\u0105cznie przez &#8230; <a title=\"BROS Bagosel Oprysk na komary, kleszcze 30ml\" class=\"read-more\" href=\"https:\/\/admincentral.selleetools.com\/pl\/product\/bros-bagosel-oprysk-na-komary-kleszcze-30ml\/\">Read more<span class=\"screen-reader-text\">BROS Bagosel Oprysk na komary, kleszcze 30ml<\/span><\/a><\/p>\n","protected":false},"featured_media":671449,"comment_status":"open","ping_status":"closed","template":"","meta":{"_links_to":"","_links_to_target":""},"yoast_head":"<!-- This site is optimized with the Yoast SEO plugin v19.4 - https:\/\/yoast.com\/wordpress\/plugins\/seo\/ -->\n<title>BROS Bagosel Oprysk na komary, kleszcze 30ml - Selleetools.com<\/title>\n<meta name=\"robots\" content=\"index, follow, max-snippet:-1, max-image-preview:large, max-video-preview:-1\" \/>\n<link rel=\"canonical\" href=\"https:\/\/selleetools.com\/pl\/product\/bros-bagosel-oprysk-na-komary-kleszcze-30ml\/\" \/>\n<meta property=\"og:locale\" content=\"pl_PL\" \/>\n<meta property=\"og:type\" content=\"article\" \/>\n<meta property=\"og:title\" content=\"BROS Bagosel Oprysk na komary, kleszcze 30ml - Selleetools.com\" \/>\n<meta property=\"og:description\" content=\"BROS Bagosel Oprysk na komary i kleszcze 30ml Koncentrat do rozcie\u0144czania z wod\u0105 przeznaczony do zwalczania komar\u00f3w, meszek, kleszczy i much. Do stosowania w: &#8211; ogrodach, &#8211; parkach, &#8211; na terenach rekreacyjnych i popowodziowych &#8211; w pomieszczeniach mieszkalnych i gospodarczych. Mo\u017ce by\u0107 stosowany metod\u0105 oprysku (przez u\u017cytkownik\u00f3w powszechnych i profesjonalnych) lub metod\u0105 zamg\u0142awiania (wy\u0142\u0105cznie przez ... Read moreBROS Bagosel Oprysk na komary, kleszcze 30ml\" \/>\n<meta property=\"og:url\" content=\"https:\/\/selleetools.com\/pl\/product\/bros-bagosel-oprysk-na-komary-kleszcze-30ml\/\" \/>\n<meta property=\"og:site_name\" content=\"Selleetools.com\" \/>\n<meta property=\"article:modified_time\" content=\"2026-04-18T14:03:27+00:00\" \/>\n<meta property=\"og:image\" content=\"https:\/\/selleetools.com\/wp-content\/uploads\/2026\/02\/6937782d923c77bcff01d4daaac7e8ab.jpg\" \/>\n\t<meta property=\"og:image:width\" content=\"735\" \/>\n\t<meta property=\"og:image:height\" content=\"1200\" \/>\n\t<meta property=\"og:image:type\" content=\"image\/jpeg\" \/>\n<meta name=\"twitter:card\" content=\"summary_large_image\" \/>\n<meta name=\"twitter:label1\" content=\"Est. reading time\" \/>\n\t<meta name=\"twitter:data1\" content=\"1 minuta\" \/>\n<!-- \/ Yoast SEO plugin. -->","yoast_head_json":{"title":"BROS Bagosel Oprysk na komary, kleszcze 30ml - Selleetools.com","robots":{"index":"index","follow":"follow","max-snippet":"max-snippet:-1","max-image-preview":"max-image-preview:large","max-video-preview":"max-video-preview:-1"},"canonical":"https:\/\/selleetools.com\/pl\/product\/bros-bagosel-oprysk-na-komary-kleszcze-30ml\/","og_locale":"pl_PL","og_type":"article","og_title":"BROS Bagosel Oprysk na komary, kleszcze 30ml - Selleetools.com","og_description":"BROS Bagosel Oprysk na komary i kleszcze 30ml Koncentrat do rozcie\u0144czania z wod\u0105 przeznaczony do zwalczania komar\u00f3w, meszek, kleszczy i much. Do stosowania w: &#8211; ogrodach, &#8211; parkach, &#8211; na terenach rekreacyjnych i popowodziowych &#8211; w pomieszczeniach mieszkalnych i gospodarczych. Mo\u017ce by\u0107 stosowany metod\u0105 oprysku (przez u\u017cytkownik\u00f3w powszechnych i profesjonalnych) lub metod\u0105 zamg\u0142awiania (wy\u0142\u0105cznie przez ... Read moreBROS Bagosel Oprysk na komary, kleszcze 30ml","og_url":"https:\/\/selleetools.com\/pl\/product\/bros-bagosel-oprysk-na-komary-kleszcze-30ml\/","og_site_name":"Selleetools.com","article_modified_time":"2026-04-18T14:03:27+00:00","og_image":[{"width":735,"height":1200,"url":"https:\/\/selleetools.com\/wp-content\/uploads\/2026\/02\/6937782d923c77bcff01d4daaac7e8ab.jpg","type":"image\/jpeg"}],"twitter_card":"summary_large_image","twitter_misc":{"Est. reading time":"1 minuta"},"schema":{"@context":"https:\/\/schema.org","@graph":[{"@type":"Organization","@id":"https:\/\/selleetools.com\/#organization","name":"Selleetools","url":"https:\/\/selleetools.com\/","sameAs":[],"logo":{"@type":"ImageObject","inLanguage":"pl-PL","@id":"https:\/\/selleetools.com\/#\/schema\/logo\/image\/","url":"https:\/\/selleetools.com\/wp-content\/uploads\/2021\/10\/logo-dark.png","contentUrl":"https:\/\/selleetools.com\/wp-content\/uploads\/2021\/10\/logo-dark.png","width":320,"height":76,"caption":"Selleetools"},"image":{"@id":"https:\/\/selleetools.com\/#\/schema\/logo\/image\/"}},{"@type":"WebSite","@id":"https:\/\/selleetools.com\/#website","url":"https:\/\/selleetools.com\/","name":"Selleetools.com","description":"","publisher":{"@id":"https:\/\/selleetools.com\/#organization"},"potentialAction":[{"@type":"SearchAction","target":{"@type":"EntryPoint","urlTemplate":"https:\/\/selleetools.com\/?s={search_term_string}"},"query-input":"required name=search_term_string"}],"inLanguage":"pl-PL"},{"@type":"WebPage","@id":"https:\/\/selleetools.com\/pl\/product\/bros-bagosel-oprysk-na-komary-kleszcze-30ml\/","url":"https:\/\/selleetools.com\/pl\/product\/bros-bagosel-oprysk-na-komary-kleszcze-30ml\/","name":"BROS Bagosel Oprysk na komary, kleszcze 30ml - Selleetools.com","isPartOf":{"@id":"https:\/\/selleetools.com\/#website"},"datePublished":"2026-02-19T14:47:31+00:00","dateModified":"2026-04-18T14:03:27+00:00","breadcrumb":{"@id":"https:\/\/selleetools.com\/pl\/product\/bros-bagosel-oprysk-na-komary-kleszcze-30ml\/#breadcrumb"},"inLanguage":"pl-PL","potentialAction":[{"@type":"ReadAction","target":["https:\/\/selleetools.com\/pl\/product\/bros-bagosel-oprysk-na-komary-kleszcze-30ml\/"]}]},{"@type":"BreadcrumbList","@id":"https:\/\/selleetools.com\/pl\/product\/bros-bagosel-oprysk-na-komary-kleszcze-30ml\/#breadcrumb","itemListElement":[{"@type":"ListItem","position":1,"name":"Home","item":"https:\/\/selleetools.com\/pl\/"},{"@type":"ListItem","position":2,"name":"Katalog","item":"https:\/\/selleetools.com\/pl\/katalog\/"},{"@type":"ListItem","position":3,"name":"BROS Bagosel Oprysk na komary, kleszcze 30ml"}]}]}},"_links":{"self":[{"href":"https:\/\/admincentral.selleetools.com\/pl\/wp-json\/wp\/v2\/product\/671453"}],"collection":[{"href":"https:\/\/admincentral.selleetools.com\/pl\/wp-json\/wp\/v2\/product"}],"about":[{"href":"https:\/\/admincentral.selleetools.com\/pl\/wp-json\/wp\/v2\/types\/product"}],"replies":[{"embeddable":true,"href":"https:\/\/admincentral.selleetools.com\/pl\/wp-json\/wp\/v2\/comments?post=671453"}],"wp:featuredmedia":[{"embeddable":true,"href":"https:\/\/admincentral.selleetools.com\/pl\/wp-json\/wp\/v2\/media\/671449"}],"wp:attachment":[{"href":"https:\/\/admincentral.selleetools.com\/pl\/wp-json\/wp\/v2\/media?parent=671453"}],"curies":[{"name":"wp","href":"https:\/\/api.w.org\/{rel}","templated":true}]}}