{"id":671472,"date":"2026-02-19T15:47:42","date_gmt":"2026-02-19T14:47:42","guid":{"rendered":"https:\/\/selleetools.com\/?post_type=product&#038;p=671472"},"modified":"2026-04-18T15:55:33","modified_gmt":"2026-04-18T13:55:33","slug":"bros-plyn-do-elektro-na-komary-60-nocy","status":"publish","type":"product","link":"https:\/\/admincentral.selleetools.com\/pl\/product\/bros-plyn-do-elektro-na-komary-60-nocy\/","title":{"rendered":"BROS P\u0142yn do elektro na komary 60 nocy"},"content":{"rendered":"<p>BROS P\u0142yn do elektro na komary 60 nocy<br \/>\nP\u0142yn owadob\u00f3jczy do stosowania z elektrofumigatorem do zwalczania komar\u00f3w i zabezpieczania pomieszcze\u0144 przed owadami nalatuj\u0105cymi z zewn\u0105trz.<br \/>\nDzia\u0142a nawet przy otwartych oknach i w\u0142\u0105czonym \u015bwietle.<br \/>\nD\u0142ugie dzia\u0142anie preparatu zapewnia spokojny sen przez wiele letnich nocy.<br \/>\nProdukt\u00f3w biob\u00f3jczych nale\u017cy u\u017cywa\u0107 z zachowaniem \u015brodk\u00f3w ostro\u017cno\u015bci.<br \/>\nPrzed ka\u017cdym u\u017cyciem nale\u017cy przeczyta\u0107 etykiet\u0119 i informacje dotycz\u0105ce produktu.<\/p>\n<p>BROS P\u0142yn do elektro na komary 60 nocy<br \/>\nP\u0142yn owadob\u00f3jczy do stosowania z elektrofumigatorem do zwalczania komar\u00f3w i zabezpieczania pomieszcze\u0144 przed owadami nalatuj\u0105cymi z zewn\u0105trz.<br \/>\nDzia\u0142a nawet przy otwartych oknach i w\u0142\u0105czonym \u015bwietle.<br \/>\nD\u0142ugie dzia\u0142anie preparatu zapewnia spokojny sen przez wiele letnich nocy.<br \/>\nProdukt\u00f3w biob\u00f3jczych nale\u017cy u\u017cywa\u0107 z zachowaniem \u015brodk\u00f3w ostro\u017cno\u015bci.<br \/>\nPrzed ka\u017cdym u\u017cyciem nale\u017cy przeczyta\u0107 etykiet\u0119 i informacje dotycz\u0105ce produktu.<\/p>\n","protected":false},"excerpt":{"rendered":"<p>BROS P\u0142yn do elektro na komary 60 nocy P\u0142yn owadob\u00f3jczy do stosowania z elektrofumigatorem do zwalczania komar\u00f3w i zabezpieczania pomieszcze\u0144 przed owadami nalatuj\u0105cymi z zewn\u0105trz. Dzia\u0142a nawet przy otwartych oknach i w\u0142\u0105czonym \u015bwietle. D\u0142ugie dzia\u0142anie preparatu zapewnia spokojny sen przez wiele letnich nocy. Produkt\u00f3w biob\u00f3jczych nale\u017cy u\u017cywa\u0107 z zachowaniem \u015brodk\u00f3w ostro\u017cno\u015bci. Przed ka\u017cdym u\u017cyciem nale\u017cy &#8230; <a title=\"BROS P\u0142yn do elektro na komary 60 nocy\" class=\"read-more\" href=\"https:\/\/admincentral.selleetools.com\/pl\/product\/bros-plyn-do-elektro-na-komary-60-nocy\/\">Read more<span class=\"screen-reader-text\">BROS P\u0142yn do elektro na komary 60 nocy<\/span><\/a><\/p>\n","protected":false},"featured_media":671464,"comment_status":"open","ping_status":"closed","template":"","meta":{"_links_to":"","_links_to_target":""},"yoast_head":"<!-- This site is optimized with the Yoast SEO plugin v19.4 - https:\/\/yoast.com\/wordpress\/plugins\/seo\/ -->\n<title>BROS P\u0142yn do elektro na komary 60 nocy - Selleetools.com<\/title>\n<meta name=\"robots\" content=\"index, follow, max-snippet:-1, max-image-preview:large, max-video-preview:-1\" \/>\n<link rel=\"canonical\" href=\"https:\/\/selleetools.com\/pl\/product\/bros-plyn-do-elektro-na-komary-60-nocy\/\" \/>\n<meta property=\"og:locale\" content=\"pl_PL\" \/>\n<meta property=\"og:type\" content=\"article\" \/>\n<meta property=\"og:title\" content=\"BROS P\u0142yn do elektro na komary 60 nocy - Selleetools.com\" \/>\n<meta property=\"og:description\" content=\"BROS P\u0142yn do elektro na komary 60 nocy P\u0142yn owadob\u00f3jczy do stosowania z elektrofumigatorem do zwalczania komar\u00f3w i zabezpieczania pomieszcze\u0144 przed owadami nalatuj\u0105cymi z zewn\u0105trz. Dzia\u0142a nawet przy otwartych oknach i w\u0142\u0105czonym \u015bwietle. D\u0142ugie dzia\u0142anie preparatu zapewnia spokojny sen przez wiele letnich nocy. Produkt\u00f3w biob\u00f3jczych nale\u017cy u\u017cywa\u0107 z zachowaniem \u015brodk\u00f3w ostro\u017cno\u015bci. Przed ka\u017cdym u\u017cyciem nale\u017cy ... Read moreBROS P\u0142yn do elektro na komary 60 nocy\" \/>\n<meta property=\"og:url\" content=\"https:\/\/selleetools.com\/pl\/product\/bros-plyn-do-elektro-na-komary-60-nocy\/\" \/>\n<meta property=\"og:site_name\" content=\"Selleetools.com\" \/>\n<meta property=\"article:modified_time\" content=\"2026-04-18T13:55:33+00:00\" \/>\n<meta property=\"og:image\" content=\"https:\/\/selleetools.com\/wp-content\/uploads\/2026\/02\/b57b4d935b67a8f331d8b8ba3a19654c.jpg\" \/>\n\t<meta property=\"og:image:width\" content=\"1280\" \/>\n\t<meta property=\"og:image:height\" content=\"1024\" \/>\n\t<meta property=\"og:image:type\" content=\"image\/jpeg\" \/>\n<meta name=\"twitter:card\" content=\"summary_large_image\" \/>\n<meta name=\"twitter:label1\" content=\"Est. reading time\" \/>\n\t<meta name=\"twitter:data1\" content=\"1 minuta\" \/>\n<!-- \/ Yoast SEO plugin. -->","yoast_head_json":{"title":"BROS P\u0142yn do elektro na komary 60 nocy - Selleetools.com","robots":{"index":"index","follow":"follow","max-snippet":"max-snippet:-1","max-image-preview":"max-image-preview:large","max-video-preview":"max-video-preview:-1"},"canonical":"https:\/\/selleetools.com\/pl\/product\/bros-plyn-do-elektro-na-komary-60-nocy\/","og_locale":"pl_PL","og_type":"article","og_title":"BROS P\u0142yn do elektro na komary 60 nocy - Selleetools.com","og_description":"BROS P\u0142yn do elektro na komary 60 nocy P\u0142yn owadob\u00f3jczy do stosowania z elektrofumigatorem do zwalczania komar\u00f3w i zabezpieczania pomieszcze\u0144 przed owadami nalatuj\u0105cymi z zewn\u0105trz. Dzia\u0142a nawet przy otwartych oknach i w\u0142\u0105czonym \u015bwietle. D\u0142ugie dzia\u0142anie preparatu zapewnia spokojny sen przez wiele letnich nocy. Produkt\u00f3w biob\u00f3jczych nale\u017cy u\u017cywa\u0107 z zachowaniem \u015brodk\u00f3w ostro\u017cno\u015bci. Przed ka\u017cdym u\u017cyciem nale\u017cy ... Read moreBROS P\u0142yn do elektro na komary 60 nocy","og_url":"https:\/\/selleetools.com\/pl\/product\/bros-plyn-do-elektro-na-komary-60-nocy\/","og_site_name":"Selleetools.com","article_modified_time":"2026-04-18T13:55:33+00:00","og_image":[{"width":1280,"height":1024,"url":"https:\/\/selleetools.com\/wp-content\/uploads\/2026\/02\/b57b4d935b67a8f331d8b8ba3a19654c.jpg","type":"image\/jpeg"}],"twitter_card":"summary_large_image","twitter_misc":{"Est. reading time":"1 minuta"},"schema":{"@context":"https:\/\/schema.org","@graph":[{"@type":"Organization","@id":"https:\/\/selleetools.com\/#organization","name":"Selleetools","url":"https:\/\/selleetools.com\/","sameAs":[],"logo":{"@type":"ImageObject","inLanguage":"pl-PL","@id":"https:\/\/selleetools.com\/#\/schema\/logo\/image\/","url":"https:\/\/selleetools.com\/wp-content\/uploads\/2021\/10\/logo-dark.png","contentUrl":"https:\/\/selleetools.com\/wp-content\/uploads\/2021\/10\/logo-dark.png","width":320,"height":76,"caption":"Selleetools"},"image":{"@id":"https:\/\/selleetools.com\/#\/schema\/logo\/image\/"}},{"@type":"WebSite","@id":"https:\/\/selleetools.com\/#website","url":"https:\/\/selleetools.com\/","name":"Selleetools.com","description":"","publisher":{"@id":"https:\/\/selleetools.com\/#organization"},"potentialAction":[{"@type":"SearchAction","target":{"@type":"EntryPoint","urlTemplate":"https:\/\/selleetools.com\/?s={search_term_string}"},"query-input":"required name=search_term_string"}],"inLanguage":"pl-PL"},{"@type":"WebPage","@id":"https:\/\/selleetools.com\/pl\/product\/bros-plyn-do-elektro-na-komary-60-nocy\/","url":"https:\/\/selleetools.com\/pl\/product\/bros-plyn-do-elektro-na-komary-60-nocy\/","name":"BROS P\u0142yn do elektro na komary 60 nocy - Selleetools.com","isPartOf":{"@id":"https:\/\/selleetools.com\/#website"},"datePublished":"2026-02-19T14:47:42+00:00","dateModified":"2026-04-18T13:55:33+00:00","breadcrumb":{"@id":"https:\/\/selleetools.com\/pl\/product\/bros-plyn-do-elektro-na-komary-60-nocy\/#breadcrumb"},"inLanguage":"pl-PL","potentialAction":[{"@type":"ReadAction","target":["https:\/\/selleetools.com\/pl\/product\/bros-plyn-do-elektro-na-komary-60-nocy\/"]}]},{"@type":"BreadcrumbList","@id":"https:\/\/selleetools.com\/pl\/product\/bros-plyn-do-elektro-na-komary-60-nocy\/#breadcrumb","itemListElement":[{"@type":"ListItem","position":1,"name":"Home","item":"https:\/\/selleetools.com\/pl\/"},{"@type":"ListItem","position":2,"name":"Katalog","item":"https:\/\/selleetools.com\/pl\/katalog\/"},{"@type":"ListItem","position":3,"name":"BROS P\u0142yn do elektro na komary 60 nocy"}]}]}},"_links":{"self":[{"href":"https:\/\/admincentral.selleetools.com\/pl\/wp-json\/wp\/v2\/product\/671472"}],"collection":[{"href":"https:\/\/admincentral.selleetools.com\/pl\/wp-json\/wp\/v2\/product"}],"about":[{"href":"https:\/\/admincentral.selleetools.com\/pl\/wp-json\/wp\/v2\/types\/product"}],"replies":[{"embeddable":true,"href":"https:\/\/admincentral.selleetools.com\/pl\/wp-json\/wp\/v2\/comments?post=671472"}],"wp:featuredmedia":[{"embeddable":true,"href":"https:\/\/admincentral.selleetools.com\/pl\/wp-json\/wp\/v2\/media\/671464"}],"wp:attachment":[{"href":"https:\/\/admincentral.selleetools.com\/pl\/wp-json\/wp\/v2\/media?parent=671472"}],"curies":[{"name":"wp","href":"https:\/\/api.w.org\/{rel}","templated":true}]}}