{"id":671620,"date":"2026-02-19T15:49:10","date_gmt":"2026-02-19T14:49:10","guid":{"rendered":"https:\/\/selleetools.com\/?post_type=product&#038;p=671620"},"modified":"2026-04-18T15:57:20","modified_gmt":"2026-04-18T13:57:20","slug":"kielkownica-bio-natura-naczynie-do-kielkow","status":"publish","type":"product","link":"https:\/\/admincentral.selleetools.com\/pl\/product\/kielkownica-bio-natura-naczynie-do-kielkow\/","title":{"rendered":"Kie\u0142kownica Bio-natura, naczynie do kie\u0142k\u00f3w"},"content":{"rendered":"<p>Kie\u0142kownica Bio-natura, naczynie do kie\u0142k\u00f3w<br \/>\nKie\u0142kownica to naczynie u\u0142atwiaj\u0105ce domow\u0105 produkcj\u0119 kie\u0142k\u00f3w.<br \/>\nSpecyfikacja:<br \/>\n &#8211; \u015brednica &#8211;\u00a020 cm,<br \/>\n &#8211; wysoko\u015b\u0107 &#8211;\u00a016 cm,<br \/>\n &#8211; materia\u0142 &#8211;\u00a0tworzywo sztuczne,<br \/>\n &#8211; produkt &#8211;\u00a0Polski, posiada atest PZH do kontaktu z \u017cywno\u015bci\u0105.<\/p>\n<p>Kie\u0142kownica sk\u0142ada si\u0119 z 5 cz\u0119\u015bci:<br \/>\n &#8211; Pokrywa &#8211;\u00a0gwarantuje utrzymanie odpowiedniej temperatury i wilgotno\u015bci dla rozwoju kie\u0142k\u00f3w.<br \/>\n &#8211; Szalki do kie\u0142kowania &#8211;\u00a0kie\u0142kownic wyposa\u017cona jest w trzy poziomy kie\u0142kowania, oznacza to, \u017ce mo\u017cna uprawia\u0107 trzy typy kie\u0142k\u00f3w, lub trzy razy wi\u0119cej kie\u0142k\u00f3w.<br \/>\n &#8211; Syfony odp\u0142ywowe &#8211; ka\u017cdy z poziom\u00f3w kie\u0142kowania wyposa\u017cony jest w czerwony syfon odp\u0142ywowy. Zastosowanie tego typu odp\u0142ywu wody zapobiega pozostawaniu nadmiernej ilo\u015bci wody na poziomach kie\u0142kowania, oraz tak\u017ce przedostawaniu si\u0119 nasion na ni\u017csze poziomy.<br \/>\n &#8211; Wentylatory &#8211; w pokrywie i szalkach, s\u0142u\u017c\u0105ce do odprowadzania gaz\u00f3w i tlenu.<br \/>\n &#8211; Zbiornik &#8211; po dolaniu wody jej nadmiar zbiera si\u0119 w dolnym naczyniu, nale\u017cy cyklicznie opr\u00f3\u017cnia\u0107 dolny poziom z wody.<\/p>\n<p>Dodatkowo dodawany jest:<br \/>\n &#8211; zapasowy syfon,<br \/>\n &#8211; instrukcja obs\u0142ugi do ka\u017cdej z kie\u0142kownic.<br \/>\nNumer atestu jest nadrukowany na opakowaniu ka\u017cdego produktu.<\/p>\n<p>Kie\u0142ki widoczne na zdj\u0119ciu s\u0105 wyhodowane przez nas i wchodz\u0105 w sk\u0142ad zestawu.<\/p>\n<p>Kie\u0142kownica Bio-natura, naczynie do kie\u0142k\u00f3w<br \/>\nKie\u0142kownica to naczynie u\u0142atwiaj\u0105ce domow\u0105 produkcj\u0119 kie\u0142k\u00f3w.<br \/>\nSpecyfikacja:<br \/>\n &#8211; \u015brednica &#8211;\u00a020 cm,<br \/>\n &#8211; wysoko\u015b\u0107 &#8211;\u00a016 cm,<br \/>\n &#8211; materia\u0142 &#8211;\u00a0tworzywo sztuczne,<br \/>\n &#8211; produkt &#8211;\u00a0Polski, posiada atest PZH do kontaktu z \u017cywno\u015bci\u0105.<\/p>\n<p>Kie\u0142kownica sk\u0142ada si\u0119 z 5 cz\u0119\u015bci:<br \/>\n &#8211; Pokrywa &#8211;\u00a0gwarantuje utrzymanie odpowiedniej temperatury i wilgotno\u015bci dla rozwoju kie\u0142k\u00f3w.<br \/>\n &#8211; Szalki do kie\u0142kowania &#8211;\u00a0kie\u0142kownic wyposa\u017cona jest w trzy poziomy kie\u0142kowania, oznacza to, \u017ce mo\u017cna uprawia\u0107 trzy typy kie\u0142k\u00f3w, lub trzy razy wi\u0119cej kie\u0142k\u00f3w.<br \/>\n &#8211; Syfony odp\u0142ywowe &#8211; ka\u017cdy z poziom\u00f3w kie\u0142kowania wyposa\u017cony jest w czerwony syfon odp\u0142ywowy. Zastosowanie tego typu odp\u0142ywu wody zapobiega pozostawaniu nadmiernej ilo\u015bci wody na poziomach kie\u0142kowania, oraz tak\u017ce przedostawaniu si\u0119 nasion na ni\u017csze poziomy.<br \/>\n &#8211; Wentylatory &#8211; w pokrywie i szalkach, s\u0142u\u017c\u0105ce do odprowadzania gaz\u00f3w i tlenu.<br \/>\n &#8211; Zbiornik &#8211; po dolaniu wody jej nadmiar zbiera si\u0119 w dolnym naczyniu, nale\u017cy cyklicznie opr\u00f3\u017cnia\u0107 dolny poziom z wody.<\/p>\n<p>Dodatkowo dodawany jest:<br \/>\n &#8211; zapasowy syfon,<br \/>\n &#8211; instrukcja obs\u0142ugi do ka\u017cdej z kie\u0142kownic.<br \/>\nNumer atestu jest nadrukowany na opakowaniu ka\u017cdego produktu.<\/p>\n<p>Kie\u0142ki widoczne na zdj\u0119ciu s\u0105 wyhodowane przez nas i wchodz\u0105 w sk\u0142ad zestawu.<\/p>\n","protected":false},"excerpt":{"rendered":"<p>Kie\u0142kownica Bio-natura, naczynie do kie\u0142k\u00f3w Kie\u0142kownica to naczynie u\u0142atwiaj\u0105ce domow\u0105 produkcj\u0119 kie\u0142k\u00f3w. Specyfikacja: &#8211; \u015brednica &#8211;\u00a020 cm, &#8211; wysoko\u015b\u0107 &#8211;\u00a016 cm, &#8211; materia\u0142 &#8211;\u00a0tworzywo sztuczne, &#8211; produkt &#8211;\u00a0Polski, posiada atest PZH do kontaktu z \u017cywno\u015bci\u0105. Kie\u0142kownica sk\u0142ada si\u0119 z 5 cz\u0119\u015bci: &#8211; Pokrywa &#8211;\u00a0gwarantuje utrzymanie odpowiedniej temperatury i wilgotno\u015bci dla rozwoju kie\u0142k\u00f3w. &#8211; Szalki do &#8230; <a title=\"Kie\u0142kownica Bio-natura, naczynie do kie\u0142k\u00f3w\" class=\"read-more\" href=\"https:\/\/admincentral.selleetools.com\/pl\/product\/kielkownica-bio-natura-naczynie-do-kielkow\/\">Read more<span class=\"screen-reader-text\">Kie\u0142kownica Bio-natura, naczynie do kie\u0142k\u00f3w<\/span><\/a><\/p>\n","protected":false},"featured_media":671610,"comment_status":"open","ping_status":"closed","template":"","meta":{"_links_to":"","_links_to_target":""},"yoast_head":"<!-- This site is optimized with the Yoast SEO plugin v19.4 - https:\/\/yoast.com\/wordpress\/plugins\/seo\/ -->\n<title>Kie\u0142kownica Bio-natura, naczynie do kie\u0142k\u00f3w - Selleetools.com<\/title>\n<meta name=\"robots\" content=\"index, follow, max-snippet:-1, max-image-preview:large, max-video-preview:-1\" \/>\n<link rel=\"canonical\" href=\"https:\/\/selleetools.com\/pl\/product\/kielkownica-bio-natura-naczynie-do-kielkow\/\" \/>\n<meta property=\"og:locale\" content=\"pl_PL\" \/>\n<meta property=\"og:type\" content=\"article\" \/>\n<meta property=\"og:title\" content=\"Kie\u0142kownica Bio-natura, naczynie do kie\u0142k\u00f3w - Selleetools.com\" \/>\n<meta property=\"og:description\" content=\"Kie\u0142kownica Bio-natura, naczynie do kie\u0142k\u00f3w Kie\u0142kownica to naczynie u\u0142atwiaj\u0105ce domow\u0105 produkcj\u0119 kie\u0142k\u00f3w. Specyfikacja: &#8211; \u015brednica &#8211;\u00a020 cm, &#8211; wysoko\u015b\u0107 &#8211;\u00a016 cm, &#8211; materia\u0142 &#8211;\u00a0tworzywo sztuczne, &#8211; produkt &#8211;\u00a0Polski, posiada atest PZH do kontaktu z \u017cywno\u015bci\u0105. Kie\u0142kownica sk\u0142ada si\u0119 z 5 cz\u0119\u015bci: &#8211; Pokrywa &#8211;\u00a0gwarantuje utrzymanie odpowiedniej temperatury i wilgotno\u015bci dla rozwoju kie\u0142k\u00f3w. &#8211; Szalki do ... Read moreKie\u0142kownica Bio-natura, naczynie do kie\u0142k\u00f3w\" \/>\n<meta property=\"og:url\" content=\"https:\/\/selleetools.com\/pl\/product\/kielkownica-bio-natura-naczynie-do-kielkow\/\" \/>\n<meta property=\"og:site_name\" content=\"Selleetools.com\" \/>\n<meta property=\"article:modified_time\" content=\"2026-04-18T13:57:20+00:00\" \/>\n<meta property=\"og:image\" content=\"https:\/\/selleetools.com\/wp-content\/uploads\/2026\/02\/da4f7dbd26ef1d3d2af0c80bd06e3d8f.jpg\" \/>\n\t<meta property=\"og:image:width\" content=\"600\" \/>\n\t<meta property=\"og:image:height\" content=\"600\" \/>\n\t<meta property=\"og:image:type\" content=\"image\/jpeg\" \/>\n<meta name=\"twitter:card\" content=\"summary_large_image\" \/>\n<meta name=\"twitter:label1\" content=\"Est. reading time\" \/>\n\t<meta name=\"twitter:data1\" content=\"2 minuty\" \/>\n<!-- \/ Yoast SEO plugin. -->","yoast_head_json":{"title":"Kie\u0142kownica Bio-natura, naczynie do kie\u0142k\u00f3w - Selleetools.com","robots":{"index":"index","follow":"follow","max-snippet":"max-snippet:-1","max-image-preview":"max-image-preview:large","max-video-preview":"max-video-preview:-1"},"canonical":"https:\/\/selleetools.com\/pl\/product\/kielkownica-bio-natura-naczynie-do-kielkow\/","og_locale":"pl_PL","og_type":"article","og_title":"Kie\u0142kownica Bio-natura, naczynie do kie\u0142k\u00f3w - Selleetools.com","og_description":"Kie\u0142kownica Bio-natura, naczynie do kie\u0142k\u00f3w Kie\u0142kownica to naczynie u\u0142atwiaj\u0105ce domow\u0105 produkcj\u0119 kie\u0142k\u00f3w. Specyfikacja: &#8211; \u015brednica &#8211;\u00a020 cm, &#8211; wysoko\u015b\u0107 &#8211;\u00a016 cm, &#8211; materia\u0142 &#8211;\u00a0tworzywo sztuczne, &#8211; produkt &#8211;\u00a0Polski, posiada atest PZH do kontaktu z \u017cywno\u015bci\u0105. Kie\u0142kownica sk\u0142ada si\u0119 z 5 cz\u0119\u015bci: &#8211; Pokrywa &#8211;\u00a0gwarantuje utrzymanie odpowiedniej temperatury i wilgotno\u015bci dla rozwoju kie\u0142k\u00f3w. &#8211; Szalki do ... Read moreKie\u0142kownica Bio-natura, naczynie do kie\u0142k\u00f3w","og_url":"https:\/\/selleetools.com\/pl\/product\/kielkownica-bio-natura-naczynie-do-kielkow\/","og_site_name":"Selleetools.com","article_modified_time":"2026-04-18T13:57:20+00:00","og_image":[{"width":600,"height":600,"url":"https:\/\/selleetools.com\/wp-content\/uploads\/2026\/02\/da4f7dbd26ef1d3d2af0c80bd06e3d8f.jpg","type":"image\/jpeg"}],"twitter_card":"summary_large_image","twitter_misc":{"Est. reading time":"2 minuty"},"schema":{"@context":"https:\/\/schema.org","@graph":[{"@type":"Organization","@id":"https:\/\/selleetools.com\/#organization","name":"Selleetools","url":"https:\/\/selleetools.com\/","sameAs":[],"logo":{"@type":"ImageObject","inLanguage":"pl-PL","@id":"https:\/\/selleetools.com\/#\/schema\/logo\/image\/","url":"https:\/\/selleetools.com\/wp-content\/uploads\/2021\/10\/logo-dark.png","contentUrl":"https:\/\/selleetools.com\/wp-content\/uploads\/2021\/10\/logo-dark.png","width":320,"height":76,"caption":"Selleetools"},"image":{"@id":"https:\/\/selleetools.com\/#\/schema\/logo\/image\/"}},{"@type":"WebSite","@id":"https:\/\/selleetools.com\/#website","url":"https:\/\/selleetools.com\/","name":"Selleetools.com","description":"","publisher":{"@id":"https:\/\/selleetools.com\/#organization"},"potentialAction":[{"@type":"SearchAction","target":{"@type":"EntryPoint","urlTemplate":"https:\/\/selleetools.com\/?s={search_term_string}"},"query-input":"required name=search_term_string"}],"inLanguage":"pl-PL"},{"@type":"WebPage","@id":"https:\/\/selleetools.com\/pl\/product\/kielkownica-bio-natura-naczynie-do-kielkow\/","url":"https:\/\/selleetools.com\/pl\/product\/kielkownica-bio-natura-naczynie-do-kielkow\/","name":"Kie\u0142kownica Bio-natura, naczynie do kie\u0142k\u00f3w - Selleetools.com","isPartOf":{"@id":"https:\/\/selleetools.com\/#website"},"datePublished":"2026-02-19T14:49:10+00:00","dateModified":"2026-04-18T13:57:20+00:00","breadcrumb":{"@id":"https:\/\/selleetools.com\/pl\/product\/kielkownica-bio-natura-naczynie-do-kielkow\/#breadcrumb"},"inLanguage":"pl-PL","potentialAction":[{"@type":"ReadAction","target":["https:\/\/selleetools.com\/pl\/product\/kielkownica-bio-natura-naczynie-do-kielkow\/"]}]},{"@type":"BreadcrumbList","@id":"https:\/\/selleetools.com\/pl\/product\/kielkownica-bio-natura-naczynie-do-kielkow\/#breadcrumb","itemListElement":[{"@type":"ListItem","position":1,"name":"Home","item":"https:\/\/selleetools.com\/pl\/"},{"@type":"ListItem","position":2,"name":"Katalog","item":"https:\/\/selleetools.com\/pl\/katalog\/"},{"@type":"ListItem","position":3,"name":"Kie\u0142kownica Bio-natura, naczynie do kie\u0142k\u00f3w"}]}]}},"_links":{"self":[{"href":"https:\/\/admincentral.selleetools.com\/pl\/wp-json\/wp\/v2\/product\/671620"}],"collection":[{"href":"https:\/\/admincentral.selleetools.com\/pl\/wp-json\/wp\/v2\/product"}],"about":[{"href":"https:\/\/admincentral.selleetools.com\/pl\/wp-json\/wp\/v2\/types\/product"}],"replies":[{"embeddable":true,"href":"https:\/\/admincentral.selleetools.com\/pl\/wp-json\/wp\/v2\/comments?post=671620"}],"wp:featuredmedia":[{"embeddable":true,"href":"https:\/\/admincentral.selleetools.com\/pl\/wp-json\/wp\/v2\/media\/671610"}],"wp:attachment":[{"href":"https:\/\/admincentral.selleetools.com\/pl\/wp-json\/wp\/v2\/media?parent=671620"}],"curies":[{"name":"wp","href":"https:\/\/api.w.org\/{rel}","templated":true}]}}