{"id":671640,"date":"2026-02-19T15:49:26","date_gmt":"2026-02-19T14:49:26","guid":{"rendered":"https:\/\/selleetools.com\/?post_type=product&#038;p=671640"},"modified":"2026-04-15T17:37:12","modified_gmt":"2026-04-15T15:37:12","slug":"nasiona-na-kielki-slonecznik-40g","status":"publish","type":"product","link":"https:\/\/admincentral.selleetools.com\/pl\/product\/nasiona-na-kielki-slonecznik-40g\/","title":{"rendered":"Nasiona na kie\u0142ki, s\u0142onecznik, 40g"},"content":{"rendered":"<p>Nasiona na kie\u0142ki &#8211; s\u0142onecznik 40 g<br \/>\nKie\u0142ki s\u0142onecznika s\u0105 m\u0142odymi ro\u015blinami wyrastaj\u0105cymi z nasion, kt\u00f3rych spo\u017cywanie niesie ze sob\u0105 szereg korzy\u015bci zdrowotnych. Dla organizmu jest to \u017ar\u00f3d\u0142o:<br \/>\n &#8211; witamina A, C, PP,<br \/>\n &#8211; magnez,<br \/>\n &#8211; cynk,<br \/>\n &#8211; potas,<br \/>\n &#8211; \u017celazo,<br \/>\n &#8211; sole wapnia, fosforu.<br \/>\nKie\u0142ki s\u0142onecznika dostarczaj\u0105 organizmowi fosforu i wapnia, kt\u00f3ry wzmacnia ko\u015bci i z\u0119by oraz niezb\u0119dnego w procesie krwiotw\u00f3rczym \u017celaza.Powinni je w\u0142\u0105czy\u0107 do diety nara\u017ceni na niedob\u00f3r tych pierwiastk\u00f3w wegetarianie. S\u0105 tak\u017ce bogatym \u017ar\u00f3d\u0142em witaminy D, oraz bia\u0142ka i nienasyconych kwas\u00f3w t\u0142uszczowych.<br \/>\nKie\u0142ki s\u0142onecznika \u015bwietnie nadaj\u0105 si\u0119 do sporz\u0105dzania:<br \/>\n &#8211; sur\u00f3wek,<br \/>\n &#8211; sa\u0142atek.<br \/>\n &#8211; kanapek.\u00a0<\/p>\n<p>Spos\u00f3b wysiewu:<br \/>\n &#8211; Produkcj\u0119 kie\u0142k\u00f3w naj\u0142atwiej prowadzi\u0107 na kie\u0142kownicy: wyp\u0142ukane nasiona zamoczy\u0107 na 3-6 godzin w ciep\u0142ej, przegotowanej wodzie, a nast\u0119pnie r\u00f3wnomiernie roz\u0142o\u017cy\u0107 na siatce naczynia na kie\u0142ki. Doda\u0107 wody do dolnego poziomu siatki i dba\u0107 o jej systematyczne uzupe\u0142nienie i wymian\u0119.<br \/>\n &#8211; Kie\u0142ki mo\u017cna tak\u017ce produkowa\u0107 w s\u0142oiku: wyp\u0142ukane nasiona do czystego s\u0142oika i zala\u0107 na kilka godzin wod\u0105. Nast\u0119pnie wod\u0119 zala\u0107, nasiona przep\u0142uka\u0107, nakry\u0107 s\u0142oik gaz\u0105 i ustawi\u0107 w ciep\u0142ym miejscu.<\/p>\n<p>W opakowaniu znajduje si\u0119\u00a0\u00a040 gram nasion\u00a0na kie\u0142ki &#8211;\u00a0s\u0142onecznik.\u00a0Na torebce znajduj\u0105 si\u0119 wskaz\u00f3wki na temat uprawy kie\u0142k\u00f3w i termin przydatno\u015bci do wysiewu.<\/p>\n<p>Nasiona na kie\u0142ki &#8211; s\u0142onecznik 40 g<br \/>\nKie\u0142ki s\u0142onecznika s\u0105 m\u0142odymi ro\u015blinami wyrastaj\u0105cymi z nasion, kt\u00f3rych spo\u017cywanie niesie ze sob\u0105 szereg korzy\u015bci zdrowotnych. Dla organizmu jest to \u017ar\u00f3d\u0142o:<br \/>\n &#8211; witamina A, C, PP,<br \/>\n &#8211; magnez,<br \/>\n &#8211; cynk,<br \/>\n &#8211; potas,<br \/>\n &#8211; \u017celazo,<br \/>\n &#8211; sole wapnia, fosforu.<br \/>\nKie\u0142ki s\u0142onecznika dostarczaj\u0105 organizmowi fosforu i wapnia, kt\u00f3ry wzmacnia ko\u015bci i z\u0119by oraz niezb\u0119dnego w procesie krwiotw\u00f3rczym \u017celaza.Powinni je w\u0142\u0105czy\u0107 do diety nara\u017ceni na niedob\u00f3r tych pierwiastk\u00f3w wegetarianie. S\u0105 tak\u017ce bogatym \u017ar\u00f3d\u0142em witaminy D, oraz bia\u0142ka i nienasyconych kwas\u00f3w t\u0142uszczowych.<br \/>\nKie\u0142ki s\u0142onecznika \u015bwietnie nadaj\u0105 si\u0119 do sporz\u0105dzania:<br \/>\n &#8211; sur\u00f3wek,<br \/>\n &#8211; sa\u0142atek.<br \/>\n &#8211; kanapek.\u00a0<\/p>\n<p>Spos\u00f3b wysiewu:<br \/>\n &#8211; Produkcj\u0119 kie\u0142k\u00f3w naj\u0142atwiej prowadzi\u0107 na kie\u0142kownicy: wyp\u0142ukane nasiona zamoczy\u0107 na 3-6 godzin w ciep\u0142ej, przegotowanej wodzie, a nast\u0119pnie r\u00f3wnomiernie roz\u0142o\u017cy\u0107 na siatce naczynia na kie\u0142ki. Doda\u0107 wody do dolnego poziomu siatki i dba\u0107 o jej systematyczne uzupe\u0142nienie i wymian\u0119.<br \/>\n &#8211; Kie\u0142ki mo\u017cna tak\u017ce produkowa\u0107 w s\u0142oiku: wyp\u0142ukane nasiona do czystego s\u0142oika i zala\u0107 na kilka godzin wod\u0105. Nast\u0119pnie wod\u0119 zala\u0107, nasiona przep\u0142uka\u0107, nakry\u0107 s\u0142oik gaz\u0105 i ustawi\u0107 w ciep\u0142ym miejscu.<\/p>\n<p>W opakowaniu znajduje si\u0119\u00a0\u00a040 gram nasion\u00a0na kie\u0142ki &#8211;\u00a0s\u0142onecznik.\u00a0Na torebce znajduj\u0105 si\u0119 wskaz\u00f3wki na temat uprawy kie\u0142k\u00f3w i termin przydatno\u015bci do wysiewu.<\/p>\n","protected":false},"excerpt":{"rendered":"<p>Nasiona na kie\u0142ki &#8211; s\u0142onecznik 40 g Kie\u0142ki s\u0142onecznika s\u0105 m\u0142odymi ro\u015blinami wyrastaj\u0105cymi z nasion, kt\u00f3rych spo\u017cywanie niesie ze sob\u0105 szereg korzy\u015bci zdrowotnych. Dla organizmu jest to \u017ar\u00f3d\u0142o: &#8211; witamina A, C, PP, &#8211; magnez, &#8211; cynk, &#8211; potas, &#8211; \u017celazo, &#8211; sole wapnia, fosforu. Kie\u0142ki s\u0142onecznika dostarczaj\u0105 organizmowi fosforu i wapnia, kt\u00f3ry wzmacnia ko\u015bci &#8230; <a title=\"Nasiona na kie\u0142ki, s\u0142onecznik, 40g\" class=\"read-more\" href=\"https:\/\/admincentral.selleetools.com\/pl\/product\/nasiona-na-kielki-slonecznik-40g\/\">Read more<span class=\"screen-reader-text\">Nasiona na kie\u0142ki, s\u0142onecznik, 40g<\/span><\/a><\/p>\n","protected":false},"featured_media":671636,"comment_status":"open","ping_status":"closed","template":"","meta":{"_links_to":"","_links_to_target":""},"yoast_head":"<!-- This site is optimized with the Yoast SEO plugin v19.4 - https:\/\/yoast.com\/wordpress\/plugins\/seo\/ -->\n<title>Nasiona na kie\u0142ki, s\u0142onecznik, 40g - Selleetools.com<\/title>\n<meta name=\"robots\" content=\"index, follow, max-snippet:-1, max-image-preview:large, max-video-preview:-1\" \/>\n<link rel=\"canonical\" href=\"https:\/\/selleetools.com\/pl\/product\/nasiona-na-kielki-slonecznik-40g\/\" \/>\n<meta property=\"og:locale\" content=\"pl_PL\" \/>\n<meta property=\"og:type\" content=\"article\" \/>\n<meta property=\"og:title\" content=\"Nasiona na kie\u0142ki, s\u0142onecznik, 40g - Selleetools.com\" \/>\n<meta property=\"og:description\" content=\"Nasiona na kie\u0142ki &#8211; s\u0142onecznik 40 g Kie\u0142ki s\u0142onecznika s\u0105 m\u0142odymi ro\u015blinami wyrastaj\u0105cymi z nasion, kt\u00f3rych spo\u017cywanie niesie ze sob\u0105 szereg korzy\u015bci zdrowotnych. Dla organizmu jest to \u017ar\u00f3d\u0142o: &#8211; witamina A, C, PP, &#8211; magnez, &#8211; cynk, &#8211; potas, &#8211; \u017celazo, &#8211; sole wapnia, fosforu. Kie\u0142ki s\u0142onecznika dostarczaj\u0105 organizmowi fosforu i wapnia, kt\u00f3ry wzmacnia ko\u015bci ... Read moreNasiona na kie\u0142ki, s\u0142onecznik, 40g\" \/>\n<meta property=\"og:url\" content=\"https:\/\/selleetools.com\/pl\/product\/nasiona-na-kielki-slonecznik-40g\/\" \/>\n<meta property=\"og:site_name\" content=\"Selleetools.com\" \/>\n<meta property=\"article:modified_time\" content=\"2026-04-15T15:37:12+00:00\" \/>\n<meta property=\"og:image\" content=\"https:\/\/selleetools.com\/wp-content\/uploads\/2026\/02\/1b093b58138a97b3e5a7ce6a31d62503.jpg\" \/>\n\t<meta property=\"og:image:width\" content=\"1347\" \/>\n\t<meta property=\"og:image:height\" content=\"1882\" \/>\n\t<meta property=\"og:image:type\" content=\"image\/jpeg\" \/>\n<meta name=\"twitter:card\" content=\"summary_large_image\" \/>\n<meta name=\"twitter:label1\" content=\"Est. reading time\" \/>\n\t<meta name=\"twitter:data1\" content=\"3 minuty\" \/>\n<!-- \/ Yoast SEO plugin. -->","yoast_head_json":{"title":"Nasiona na kie\u0142ki, s\u0142onecznik, 40g - Selleetools.com","robots":{"index":"index","follow":"follow","max-snippet":"max-snippet:-1","max-image-preview":"max-image-preview:large","max-video-preview":"max-video-preview:-1"},"canonical":"https:\/\/selleetools.com\/pl\/product\/nasiona-na-kielki-slonecznik-40g\/","og_locale":"pl_PL","og_type":"article","og_title":"Nasiona na kie\u0142ki, s\u0142onecznik, 40g - Selleetools.com","og_description":"Nasiona na kie\u0142ki &#8211; s\u0142onecznik 40 g Kie\u0142ki s\u0142onecznika s\u0105 m\u0142odymi ro\u015blinami wyrastaj\u0105cymi z nasion, kt\u00f3rych spo\u017cywanie niesie ze sob\u0105 szereg korzy\u015bci zdrowotnych. Dla organizmu jest to \u017ar\u00f3d\u0142o: &#8211; witamina A, C, PP, &#8211; magnez, &#8211; cynk, &#8211; potas, &#8211; \u017celazo, &#8211; sole wapnia, fosforu. Kie\u0142ki s\u0142onecznika dostarczaj\u0105 organizmowi fosforu i wapnia, kt\u00f3ry wzmacnia ko\u015bci ... Read moreNasiona na kie\u0142ki, s\u0142onecznik, 40g","og_url":"https:\/\/selleetools.com\/pl\/product\/nasiona-na-kielki-slonecznik-40g\/","og_site_name":"Selleetools.com","article_modified_time":"2026-04-15T15:37:12+00:00","og_image":[{"width":1347,"height":1882,"url":"https:\/\/selleetools.com\/wp-content\/uploads\/2026\/02\/1b093b58138a97b3e5a7ce6a31d62503.jpg","type":"image\/jpeg"}],"twitter_card":"summary_large_image","twitter_misc":{"Est. reading time":"3 minuty"},"schema":{"@context":"https:\/\/schema.org","@graph":[{"@type":"Organization","@id":"https:\/\/selleetools.com\/#organization","name":"Selleetools","url":"https:\/\/selleetools.com\/","sameAs":[],"logo":{"@type":"ImageObject","inLanguage":"pl-PL","@id":"https:\/\/selleetools.com\/#\/schema\/logo\/image\/","url":"https:\/\/selleetools.com\/wp-content\/uploads\/2021\/10\/logo-dark.png","contentUrl":"https:\/\/selleetools.com\/wp-content\/uploads\/2021\/10\/logo-dark.png","width":320,"height":76,"caption":"Selleetools"},"image":{"@id":"https:\/\/selleetools.com\/#\/schema\/logo\/image\/"}},{"@type":"WebSite","@id":"https:\/\/selleetools.com\/#website","url":"https:\/\/selleetools.com\/","name":"Selleetools.com","description":"","publisher":{"@id":"https:\/\/selleetools.com\/#organization"},"potentialAction":[{"@type":"SearchAction","target":{"@type":"EntryPoint","urlTemplate":"https:\/\/selleetools.com\/?s={search_term_string}"},"query-input":"required name=search_term_string"}],"inLanguage":"pl-PL"},{"@type":"WebPage","@id":"https:\/\/selleetools.com\/pl\/product\/nasiona-na-kielki-slonecznik-40g\/","url":"https:\/\/selleetools.com\/pl\/product\/nasiona-na-kielki-slonecznik-40g\/","name":"Nasiona na kie\u0142ki, s\u0142onecznik, 40g - Selleetools.com","isPartOf":{"@id":"https:\/\/selleetools.com\/#website"},"datePublished":"2026-02-19T14:49:26+00:00","dateModified":"2026-04-15T15:37:12+00:00","breadcrumb":{"@id":"https:\/\/selleetools.com\/pl\/product\/nasiona-na-kielki-slonecznik-40g\/#breadcrumb"},"inLanguage":"pl-PL","potentialAction":[{"@type":"ReadAction","target":["https:\/\/selleetools.com\/pl\/product\/nasiona-na-kielki-slonecznik-40g\/"]}]},{"@type":"BreadcrumbList","@id":"https:\/\/selleetools.com\/pl\/product\/nasiona-na-kielki-slonecznik-40g\/#breadcrumb","itemListElement":[{"@type":"ListItem","position":1,"name":"Home","item":"https:\/\/selleetools.com\/pl\/"},{"@type":"ListItem","position":2,"name":"Katalog","item":"https:\/\/selleetools.com\/pl\/katalog\/"},{"@type":"ListItem","position":3,"name":"Nasiona na kie\u0142ki, s\u0142onecznik, 40g"}]}]}},"_links":{"self":[{"href":"https:\/\/admincentral.selleetools.com\/pl\/wp-json\/wp\/v2\/product\/671640"}],"collection":[{"href":"https:\/\/admincentral.selleetools.com\/pl\/wp-json\/wp\/v2\/product"}],"about":[{"href":"https:\/\/admincentral.selleetools.com\/pl\/wp-json\/wp\/v2\/types\/product"}],"replies":[{"embeddable":true,"href":"https:\/\/admincentral.selleetools.com\/pl\/wp-json\/wp\/v2\/comments?post=671640"}],"wp:featuredmedia":[{"embeddable":true,"href":"https:\/\/admincentral.selleetools.com\/pl\/wp-json\/wp\/v2\/media\/671636"}],"wp:attachment":[{"href":"https:\/\/admincentral.selleetools.com\/pl\/wp-json\/wp\/v2\/media?parent=671640"}],"curies":[{"name":"wp","href":"https:\/\/api.w.org\/{rel}","templated":true}]}}