{"id":671645,"date":"2026-02-19T15:49:31","date_gmt":"2026-02-19T14:49:31","guid":{"rendered":"https:\/\/selleetools.com\/?post_type=product&#038;p=671645"},"modified":"2026-04-15T17:37:11","modified_gmt":"2026-04-15T15:37:11","slug":"nasiona-na-kielki-groch-50g","status":"publish","type":"product","link":"https:\/\/admincentral.selleetools.com\/pl\/product\/nasiona-na-kielki-groch-50g\/","title":{"rendered":"Nasiona na kie\u0142ki, groch, 50g"},"content":{"rendered":"<section class=\"section\">\n<div class=\"item item-6\">\n<section class=\"text-item\">\n<p>Nasiona na kie\u0142ki, groch, 50g<\/p>\n<ul>\n<li>Kie\u0142ki s\u0105 dla organizmu \u017ar\u00f3d\u0142em cennych sk\u0142adnik\u00f3w od\u017cywczych, witamin i soli mineralnych.<\/li>\n<li>Kie\u0142ki grochu zawieraj\u0105 liczne witaminy z A, B i E, oraz du\u017ce ilo\u015bci siarki, fosforu, manganu i kwau foliowego.<\/li>\n<li>Kie\u0142ki grochu koszystnie dzia\u0142aj\u0105 na odkwaszanie organizmu i wzmacniaj\u0105 jego odporno\u015b\u0107.<\/li>\n<li>Polecane s\u0105 do kanapek, sa\u0142atek, mi\u0119s i ryb. Produkcj\u0119 kie\u0142k\u00f3w naj\u0142atwiej prowadzi\u0107 na odpowiednim rozmiarez kie\u0142kownicy: op\u0142ukane nasiona zamoczy\u0107 na 2-3 godziny w przegotowanej letniej wodzie, a nast\u0119pnie r\u00f3wnomiernie roz\u0142o\u017cy\u0107 je na siatce naczynia na kie\u0142ki. Nala\u0107 wody do poziomu siatki i dba\u0107 o jej systematyczne uzupe\u0142nianie i wymian\u0119, jedocze\u015bnie zraczaj\u0105\u0107 nasiona w ci\u0105gu kilku nast\u0119pnych dni.<\/li>\n<li>Kie\u0142ki mo\u017cna tak\u017ce produkowa\u0107 w s\u0142oiku: op\u0142ukane nasiona wsypa\u0107 do czystego s\u0142oika i zala\u0107 na 1-2 godzin wod\u0105. Nast\u0119pie wod\u0119 zla\u0107, nasiona przep\u0142uka\u0107, nakry\u0107 s\u0142oik gaz\u0105, obwi\u0105za\u0107 i ustawi\u0107 w ciep\u0142ym, nienas\u0142onecznionym miejscu.<\/li>\n<li>Kie\u0142ki przep\u0142ukiwa\u0107 i zlewa\u0107 wod\u0119 dwa razy dziennie.<\/li>\n<li>Po 4-5 dniach kie\u0142ki s\u0105 gotowe do spo\u017cycia.<\/li>\n<\/ul>\n<\/section><\/div>\n<div class=\"item item-6\">\n<section class=\"image-item\">\n            <img src=\"https:\/\/upload.cdn.baselinker.com\/products\/3028621\/f34968d91a3e23673249ad368d91f744.jpg\" \/><br \/>\n        <\/section>\n<\/p><\/div>\n<\/section>\n<p>Nasiona na kie\u0142ki &#8211; groch 50 g<br \/>\nKie\u0142ki grochu stanowi\u0105 smaczn\u0105 i bardzo zdrow\u0105 przek\u0105sk\u0119. Zdrow\u0105, poniewa\u017c zawieraj\u0105 du\u017ce ilo\u015bci:<br \/>\n &#8211; witamin (g\u0142\u00f3wnie A i E oraz wi\u0119kszo\u015b\u0107 witamin z grupy B),<br \/>\n &#8211; soli mineralnych,<br \/>\n &#8211; lizyny.<br \/>\nKie\u0142ki wykazuj\u0105 ponadto dobre dzia\u0142anie:<br \/>\n &#8211; zasadotw\u00f3rcze, z ich pomoc\u0105 \u0142atwiej utrzyma\u0107 r\u00f3wnowag\u0119 kwasowo-zasadow\u0105,<br \/>\n &#8211; dzia\u0142aj\u0105 antymia\u017cd\u017cycowo dzi\u0119ki\u00a0lizynie \u2013 aminokwasu, kt\u00f3ry rozbija z\u0142ogi cholesterolu.<br \/>\nZawarte w nich sk\u0142adniki pokarmowe s\u0105 o wiele lepiej przyswajane przez nasz organizm. Kie\u0142ki grochu mog\u0105 stanowi\u0107 dodatek do:<br \/>\n &#8211; sa\u0142atek,<br \/>\n &#8211; sur\u00f3wek,<br \/>\n &#8211; kanapek,<br \/>\n &#8211; wielu innych potraw,<br \/>\n &#8211; odgrywaj\u0105 w kuchni rol\u0119 dekoracyjn\u0105.<\/p>\n<p>Spos\u00f3b wysiewu:<br \/>\n &#8211; Produkcj\u0119 kie\u0142k\u00f3w naj\u0142atwiej prowadzi\u0107 na kie\u0142kownicy: wyp\u0142ukane nasiona zamoczy\u0107 na 3-6 godzin w ciep\u0142ej, przegotowanej wodzie, a nast\u0119pnie r\u00f3wnomiernie roz\u0142o\u017cy\u0107 na siatce naczynia na kie\u0142ki. Doda\u0107 wody do dolnego poziomu siatki i dba\u0107 o jej systematyczne uzupe\u0142nienie i wymian\u0119.<br \/>\n &#8211; Kie\u0142ki mo\u017cna tak\u017ce produkowa\u0107 w s\u0142oiku: wyp\u0142ukane nasiona do czystego s\u0142oika i zala\u0107 na kilka godzin wod\u0105. Nast\u0119pnie wod\u0119 zala\u0107, nasiona przep\u0142uka\u0107, nakry\u0107 s\u0142oik gaz\u0105 i ustawi\u0107 w ciep\u0142ym miejscu.<\/p>\n<p>W opakowaniu znajduje si\u0119\u00a050 gram nasion\u00a0na kie\u0142ki &#8211; groch. Na torebce znajduj\u0105 si\u0119 wskaz\u00f3wki na temat uprawy kie\u0142k\u00f3w i termin przydatno\u015bci do wysiewu.<\/p>\n","protected":false},"excerpt":{"rendered":"<p>Nasiona na kie\u0142ki, groch, 50g Kie\u0142ki s\u0105 dla organizmu \u017ar\u00f3d\u0142em cennych sk\u0142adnik\u00f3w od\u017cywczych, witamin i soli mineralnych. Kie\u0142ki grochu zawieraj\u0105 liczne witaminy z A, B i E, oraz du\u017ce ilo\u015bci siarki, fosforu, manganu i kwau foliowego. Kie\u0142ki grochu koszystnie dzia\u0142aj\u0105 na odkwaszanie organizmu i wzmacniaj\u0105 jego odporno\u015b\u0107. Polecane s\u0105 do kanapek, sa\u0142atek, mi\u0119s i ryb. &#8230; <a title=\"Nasiona na kie\u0142ki, groch, 50g\" class=\"read-more\" href=\"https:\/\/admincentral.selleetools.com\/pl\/product\/nasiona-na-kielki-groch-50g\/\">Read more<span class=\"screen-reader-text\">Nasiona na kie\u0142ki, groch, 50g<\/span><\/a><\/p>\n","protected":false},"featured_media":671641,"comment_status":"open","ping_status":"closed","template":"","meta":{"_links_to":"","_links_to_target":""},"yoast_head":"<!-- This site is optimized with the Yoast SEO plugin v19.4 - https:\/\/yoast.com\/wordpress\/plugins\/seo\/ -->\n<title>Nasiona na kie\u0142ki, groch, 50g - Selleetools.com<\/title>\n<meta name=\"robots\" content=\"index, follow, max-snippet:-1, max-image-preview:large, max-video-preview:-1\" \/>\n<link rel=\"canonical\" href=\"https:\/\/selleetools.com\/pl\/product\/nasiona-na-kielki-groch-50g\/\" \/>\n<meta property=\"og:locale\" content=\"pl_PL\" \/>\n<meta property=\"og:type\" content=\"article\" \/>\n<meta property=\"og:title\" content=\"Nasiona na kie\u0142ki, groch, 50g - Selleetools.com\" \/>\n<meta property=\"og:description\" content=\"Nasiona na kie\u0142ki, groch, 50g Kie\u0142ki s\u0105 dla organizmu \u017ar\u00f3d\u0142em cennych sk\u0142adnik\u00f3w od\u017cywczych, witamin i soli mineralnych. Kie\u0142ki grochu zawieraj\u0105 liczne witaminy z A, B i E, oraz du\u017ce ilo\u015bci siarki, fosforu, manganu i kwau foliowego. Kie\u0142ki grochu koszystnie dzia\u0142aj\u0105 na odkwaszanie organizmu i wzmacniaj\u0105 jego odporno\u015b\u0107. Polecane s\u0105 do kanapek, sa\u0142atek, mi\u0119s i ryb. ... Read moreNasiona na kie\u0142ki, groch, 50g\" \/>\n<meta property=\"og:url\" content=\"https:\/\/selleetools.com\/pl\/product\/nasiona-na-kielki-groch-50g\/\" \/>\n<meta property=\"og:site_name\" content=\"Selleetools.com\" \/>\n<meta property=\"article:modified_time\" content=\"2026-04-15T15:37:11+00:00\" \/>\n<meta property=\"og:image\" content=\"https:\/\/selleetools.com\/wp-content\/uploads\/2026\/02\/f34968d91a3e23673249ad368d91f744.jpg\" \/>\n\t<meta property=\"og:image:width\" content=\"1351\" \/>\n\t<meta property=\"og:image:height\" content=\"1881\" \/>\n\t<meta property=\"og:image:type\" content=\"image\/jpeg\" \/>\n<meta name=\"twitter:card\" content=\"summary_large_image\" \/>\n<meta name=\"twitter:label1\" content=\"Est. reading time\" \/>\n\t<meta name=\"twitter:data1\" content=\"2 minuty\" \/>\n<!-- \/ Yoast SEO plugin. -->","yoast_head_json":{"title":"Nasiona na kie\u0142ki, groch, 50g - Selleetools.com","robots":{"index":"index","follow":"follow","max-snippet":"max-snippet:-1","max-image-preview":"max-image-preview:large","max-video-preview":"max-video-preview:-1"},"canonical":"https:\/\/selleetools.com\/pl\/product\/nasiona-na-kielki-groch-50g\/","og_locale":"pl_PL","og_type":"article","og_title":"Nasiona na kie\u0142ki, groch, 50g - Selleetools.com","og_description":"Nasiona na kie\u0142ki, groch, 50g Kie\u0142ki s\u0105 dla organizmu \u017ar\u00f3d\u0142em cennych sk\u0142adnik\u00f3w od\u017cywczych, witamin i soli mineralnych. Kie\u0142ki grochu zawieraj\u0105 liczne witaminy z A, B i E, oraz du\u017ce ilo\u015bci siarki, fosforu, manganu i kwau foliowego. Kie\u0142ki grochu koszystnie dzia\u0142aj\u0105 na odkwaszanie organizmu i wzmacniaj\u0105 jego odporno\u015b\u0107. Polecane s\u0105 do kanapek, sa\u0142atek, mi\u0119s i ryb. ... Read moreNasiona na kie\u0142ki, groch, 50g","og_url":"https:\/\/selleetools.com\/pl\/product\/nasiona-na-kielki-groch-50g\/","og_site_name":"Selleetools.com","article_modified_time":"2026-04-15T15:37:11+00:00","og_image":[{"width":1351,"height":1881,"url":"https:\/\/selleetools.com\/wp-content\/uploads\/2026\/02\/f34968d91a3e23673249ad368d91f744.jpg","type":"image\/jpeg"}],"twitter_card":"summary_large_image","twitter_misc":{"Est. reading time":"2 minuty"},"schema":{"@context":"https:\/\/schema.org","@graph":[{"@type":"Organization","@id":"https:\/\/selleetools.com\/#organization","name":"Selleetools","url":"https:\/\/selleetools.com\/","sameAs":[],"logo":{"@type":"ImageObject","inLanguage":"pl-PL","@id":"https:\/\/selleetools.com\/#\/schema\/logo\/image\/","url":"https:\/\/selleetools.com\/wp-content\/uploads\/2021\/10\/logo-dark.png","contentUrl":"https:\/\/selleetools.com\/wp-content\/uploads\/2021\/10\/logo-dark.png","width":320,"height":76,"caption":"Selleetools"},"image":{"@id":"https:\/\/selleetools.com\/#\/schema\/logo\/image\/"}},{"@type":"WebSite","@id":"https:\/\/selleetools.com\/#website","url":"https:\/\/selleetools.com\/","name":"Selleetools.com","description":"","publisher":{"@id":"https:\/\/selleetools.com\/#organization"},"potentialAction":[{"@type":"SearchAction","target":{"@type":"EntryPoint","urlTemplate":"https:\/\/selleetools.com\/?s={search_term_string}"},"query-input":"required name=search_term_string"}],"inLanguage":"pl-PL"},{"@type":"WebPage","@id":"https:\/\/selleetools.com\/pl\/product\/nasiona-na-kielki-groch-50g\/","url":"https:\/\/selleetools.com\/pl\/product\/nasiona-na-kielki-groch-50g\/","name":"Nasiona na kie\u0142ki, groch, 50g - Selleetools.com","isPartOf":{"@id":"https:\/\/selleetools.com\/#website"},"datePublished":"2026-02-19T14:49:31+00:00","dateModified":"2026-04-15T15:37:11+00:00","breadcrumb":{"@id":"https:\/\/selleetools.com\/pl\/product\/nasiona-na-kielki-groch-50g\/#breadcrumb"},"inLanguage":"pl-PL","potentialAction":[{"@type":"ReadAction","target":["https:\/\/selleetools.com\/pl\/product\/nasiona-na-kielki-groch-50g\/"]}]},{"@type":"BreadcrumbList","@id":"https:\/\/selleetools.com\/pl\/product\/nasiona-na-kielki-groch-50g\/#breadcrumb","itemListElement":[{"@type":"ListItem","position":1,"name":"Home","item":"https:\/\/selleetools.com\/pl\/"},{"@type":"ListItem","position":2,"name":"Katalog","item":"https:\/\/selleetools.com\/pl\/katalog\/"},{"@type":"ListItem","position":3,"name":"Nasiona na kie\u0142ki, groch, 50g"}]}]}},"_links":{"self":[{"href":"https:\/\/admincentral.selleetools.com\/pl\/wp-json\/wp\/v2\/product\/671645"}],"collection":[{"href":"https:\/\/admincentral.selleetools.com\/pl\/wp-json\/wp\/v2\/product"}],"about":[{"href":"https:\/\/admincentral.selleetools.com\/pl\/wp-json\/wp\/v2\/types\/product"}],"replies":[{"embeddable":true,"href":"https:\/\/admincentral.selleetools.com\/pl\/wp-json\/wp\/v2\/comments?post=671645"}],"wp:featuredmedia":[{"embeddable":true,"href":"https:\/\/admincentral.selleetools.com\/pl\/wp-json\/wp\/v2\/media\/671641"}],"wp:attachment":[{"href":"https:\/\/admincentral.selleetools.com\/pl\/wp-json\/wp\/v2\/media?parent=671645"}],"curies":[{"name":"wp","href":"https:\/\/api.w.org\/{rel}","templated":true}]}}