{"id":671691,"date":"2026-02-19T15:49:57","date_gmt":"2026-02-19T14:49:57","guid":{"rendered":"https:\/\/selleetools.com\/?post_type=product&#038;p=671691"},"modified":"2026-04-18T14:10:56","modified_gmt":"2026-04-18T12:10:56","slug":"komposter-nawoz-kompostujacy-4-kg-zielonydom","status":"publish","type":"product","link":"https:\/\/admincentral.selleetools.com\/pl\/product\/komposter-nawoz-kompostujacy-4-kg-zielonydom\/","title":{"rendered":"Komposter, naw\u00f3z kompostuj\u0105cy 4 kg ZielonyDom"},"content":{"rendered":"<p>Komposter 4kg Zielony Dom<br \/>\nDo kompostowania nadaj\u0105 si\u0119:<br \/>\n &#8211; rozdrobnione ga\u0142\u0119zie,<br \/>\n &#8211; li\u015bcie,<br \/>\n &#8211; trawa,<br \/>\n &#8211; resztki warzyw,<br \/>\n &#8211; drobno podarty\u00a0 papier,<br \/>\n &#8211; ro\u015blinne odpady kuchenne,<br \/>\n &#8211; fusy po kawie, herbacie,<br \/>\n &#8211; skorupki jaj.<br \/>\nDo kompostowania nie nadaj\u0105 si\u0119:<br \/>\n &#8211; resztki mi\u0119sa,<br \/>\n &#8211; t\u0142uszcze,<br \/>\n &#8211; gruba tektura,<br \/>\n &#8211; ilustrowane czasopisma.<\/p>\n<p>Stosowanie:<br \/>\nKompostowane materia\u0142y uk\u0142adamy warstwami o grubo\u015bci 10-20 cm posypuj\u0105c ka\u017cd\u0105 z nich KOMPOSTEREM w ilo\u015bci ok 60g na 1 m2. U\u0142o\u017con\u0105 pryzm\u0119 kompostow\u0105 okrywamy warstw\u0105 ziemi 3-5 cm.<\/p>\n<p>KOMPOSTER (naw\u00f3z kompostuj\u0105cy) jest po\u017cywk\u0105 dla bakterii i grzyb\u00f3w fermentacyjnych znajduj\u0105cych si\u0119 w kompo\u015bcie, dzi\u0119ki czemu przy\u015bpiesza proces naturalnej fermentacji resztek organicznych.<br \/>\nDzi\u0119ki KOMPOSTEROWI kompost zostanie wzbogacony w magnez (pierwiastek \u017cycia) oraz mikroelementy. Nieprzyjemny zapach zniknie, a powsta\u0142y po intensywnej fermentacji naturalny naw\u00f3z dostarczy ro\u015blinom niezb\u0119dnych do \u017cycia sk\u0142adnik\u00f3w. Mo\u017cna stosowa\u0107 przez ca\u0142y rok.<\/p>\n<p>Producent:<\/p>\n<p>Komposter 4kg Zielony Dom<br \/>\nDo kompostowania nadaj\u0105 si\u0119:<br \/>\n &#8211; rozdrobnione ga\u0142\u0119zie,<br \/>\n &#8211; li\u015bcie,<br \/>\n &#8211; trawa,<br \/>\n &#8211; resztki warzyw,<br \/>\n &#8211; drobno podarty\u00a0 papier,<br \/>\n &#8211; ro\u015blinne odpady kuchenne,<br \/>\n &#8211; fusy po kawie, herbacie,<br \/>\n &#8211; skorupki jaj.<br \/>\nDo kompostowania nie nadaj\u0105 si\u0119:<br \/>\n &#8211; resztki mi\u0119sa,<br \/>\n &#8211; t\u0142uszcze,<br \/>\n &#8211; gruba tektura,<br \/>\n &#8211; ilustrowane czasopisma.<\/p>\n<p>Stosowanie:<br \/>\nKompostowane materia\u0142y uk\u0142adamy warstwami o grubo\u015bci 10-20 cm posypuj\u0105c ka\u017cd\u0105 z nich KOMPOSTEREM w ilo\u015bci ok 60g na 1 m2. U\u0142o\u017con\u0105 pryzm\u0119 kompostow\u0105 okrywamy warstw\u0105 ziemi 3-5 cm.<\/p>\n<p>KOMPOSTER (naw\u00f3z kompostuj\u0105cy) jest po\u017cywk\u0105 dla bakterii i grzyb\u00f3w fermentacyjnych znajduj\u0105cych si\u0119 w kompo\u015bcie, dzi\u0119ki czemu przy\u015bpiesza proces naturalnej fermentacji resztek organicznych.<br \/>\nDzi\u0119ki KOMPOSTEROWI kompost zostanie wzbogacony w magnez (pierwiastek \u017cycia) oraz mikroelementy. Nieprzyjemny zapach zniknie, a powsta\u0142y po intensywnej fermentacji naturalny naw\u00f3z dostarczy ro\u015blinom niezb\u0119dnych do \u017cycia sk\u0142adnik\u00f3w. Mo\u017cna stosowa\u0107 przez ca\u0142y rok.<\/p>\n<p>Producent:<\/p>\n","protected":false},"excerpt":{"rendered":"<p>Komposter 4kg Zielony Dom Do kompostowania nadaj\u0105 si\u0119: &#8211; rozdrobnione ga\u0142\u0119zie, &#8211; li\u015bcie, &#8211; trawa, &#8211; resztki warzyw, &#8211; drobno podarty\u00a0 papier, &#8211; ro\u015blinne odpady kuchenne, &#8211; fusy po kawie, herbacie, &#8211; skorupki jaj. Do kompostowania nie nadaj\u0105 si\u0119: &#8211; resztki mi\u0119sa, &#8211; t\u0142uszcze, &#8211; gruba tektura, &#8211; ilustrowane czasopisma. Stosowanie: Kompostowane materia\u0142y uk\u0142adamy warstwami &#8230; <a title=\"Komposter, naw\u00f3z kompostuj\u0105cy 4 kg ZielonyDom\" class=\"read-more\" href=\"https:\/\/admincentral.selleetools.com\/pl\/product\/komposter-nawoz-kompostujacy-4-kg-zielonydom\/\">Read more<span class=\"screen-reader-text\">Komposter, naw\u00f3z kompostuj\u0105cy 4 kg ZielonyDom<\/span><\/a><\/p>\n","protected":false},"featured_media":671685,"comment_status":"open","ping_status":"closed","template":"","meta":{"_links_to":"","_links_to_target":""},"yoast_head":"<!-- This site is optimized with the Yoast SEO plugin v19.4 - https:\/\/yoast.com\/wordpress\/plugins\/seo\/ -->\n<title>Komposter, naw\u00f3z kompostuj\u0105cy 4 kg ZielonyDom - Selleetools.com<\/title>\n<meta name=\"robots\" content=\"index, follow, max-snippet:-1, max-image-preview:large, max-video-preview:-1\" \/>\n<link rel=\"canonical\" href=\"https:\/\/selleetools.com\/pl\/product\/komposter-nawoz-kompostujacy-4-kg-zielonydom\/\" \/>\n<meta property=\"og:locale\" content=\"pl_PL\" \/>\n<meta property=\"og:type\" content=\"article\" \/>\n<meta property=\"og:title\" content=\"Komposter, naw\u00f3z kompostuj\u0105cy 4 kg ZielonyDom - Selleetools.com\" \/>\n<meta property=\"og:description\" content=\"Komposter 4kg Zielony Dom Do kompostowania nadaj\u0105 si\u0119: &#8211; rozdrobnione ga\u0142\u0119zie, &#8211; li\u015bcie, &#8211; trawa, &#8211; resztki warzyw, &#8211; drobno podarty\u00a0 papier, &#8211; ro\u015blinne odpady kuchenne, &#8211; fusy po kawie, herbacie, &#8211; skorupki jaj. Do kompostowania nie nadaj\u0105 si\u0119: &#8211; resztki mi\u0119sa, &#8211; t\u0142uszcze, &#8211; gruba tektura, &#8211; ilustrowane czasopisma. Stosowanie: Kompostowane materia\u0142y uk\u0142adamy warstwami ... Read moreKomposter, naw\u00f3z kompostuj\u0105cy 4 kg ZielonyDom\" \/>\n<meta property=\"og:url\" content=\"https:\/\/selleetools.com\/pl\/product\/komposter-nawoz-kompostujacy-4-kg-zielonydom\/\" \/>\n<meta property=\"og:site_name\" content=\"Selleetools.com\" \/>\n<meta property=\"article:modified_time\" content=\"2026-04-18T12:10:56+00:00\" \/>\n<meta property=\"og:image\" content=\"https:\/\/selleetools.com\/wp-content\/uploads\/2026\/02\/c4355aa5f17c21b440491ab252bc7f3c.jpg\" \/>\n\t<meta property=\"og:image:width\" content=\"1000\" \/>\n\t<meta property=\"og:image:height\" content=\"1000\" \/>\n\t<meta property=\"og:image:type\" content=\"image\/jpeg\" \/>\n<meta name=\"twitter:card\" content=\"summary_large_image\" \/>\n<meta name=\"twitter:label1\" content=\"Est. reading time\" \/>\n\t<meta name=\"twitter:data1\" content=\"2 minuty\" \/>\n<!-- \/ Yoast SEO plugin. -->","yoast_head_json":{"title":"Komposter, naw\u00f3z kompostuj\u0105cy 4 kg ZielonyDom - Selleetools.com","robots":{"index":"index","follow":"follow","max-snippet":"max-snippet:-1","max-image-preview":"max-image-preview:large","max-video-preview":"max-video-preview:-1"},"canonical":"https:\/\/selleetools.com\/pl\/product\/komposter-nawoz-kompostujacy-4-kg-zielonydom\/","og_locale":"pl_PL","og_type":"article","og_title":"Komposter, naw\u00f3z kompostuj\u0105cy 4 kg ZielonyDom - Selleetools.com","og_description":"Komposter 4kg Zielony Dom Do kompostowania nadaj\u0105 si\u0119: &#8211; rozdrobnione ga\u0142\u0119zie, &#8211; li\u015bcie, &#8211; trawa, &#8211; resztki warzyw, &#8211; drobno podarty\u00a0 papier, &#8211; ro\u015blinne odpady kuchenne, &#8211; fusy po kawie, herbacie, &#8211; skorupki jaj. Do kompostowania nie nadaj\u0105 si\u0119: &#8211; resztki mi\u0119sa, &#8211; t\u0142uszcze, &#8211; gruba tektura, &#8211; ilustrowane czasopisma. Stosowanie: Kompostowane materia\u0142y uk\u0142adamy warstwami ... Read moreKomposter, naw\u00f3z kompostuj\u0105cy 4 kg ZielonyDom","og_url":"https:\/\/selleetools.com\/pl\/product\/komposter-nawoz-kompostujacy-4-kg-zielonydom\/","og_site_name":"Selleetools.com","article_modified_time":"2026-04-18T12:10:56+00:00","og_image":[{"width":1000,"height":1000,"url":"https:\/\/selleetools.com\/wp-content\/uploads\/2026\/02\/c4355aa5f17c21b440491ab252bc7f3c.jpg","type":"image\/jpeg"}],"twitter_card":"summary_large_image","twitter_misc":{"Est. reading time":"2 minuty"},"schema":{"@context":"https:\/\/schema.org","@graph":[{"@type":"Organization","@id":"https:\/\/selleetools.com\/#organization","name":"Selleetools","url":"https:\/\/selleetools.com\/","sameAs":[],"logo":{"@type":"ImageObject","inLanguage":"pl-PL","@id":"https:\/\/selleetools.com\/#\/schema\/logo\/image\/","url":"https:\/\/selleetools.com\/wp-content\/uploads\/2021\/10\/logo-dark.png","contentUrl":"https:\/\/selleetools.com\/wp-content\/uploads\/2021\/10\/logo-dark.png","width":320,"height":76,"caption":"Selleetools"},"image":{"@id":"https:\/\/selleetools.com\/#\/schema\/logo\/image\/"}},{"@type":"WebSite","@id":"https:\/\/selleetools.com\/#website","url":"https:\/\/selleetools.com\/","name":"Selleetools.com","description":"","publisher":{"@id":"https:\/\/selleetools.com\/#organization"},"potentialAction":[{"@type":"SearchAction","target":{"@type":"EntryPoint","urlTemplate":"https:\/\/selleetools.com\/?s={search_term_string}"},"query-input":"required name=search_term_string"}],"inLanguage":"pl-PL"},{"@type":"WebPage","@id":"https:\/\/selleetools.com\/pl\/product\/komposter-nawoz-kompostujacy-4-kg-zielonydom\/","url":"https:\/\/selleetools.com\/pl\/product\/komposter-nawoz-kompostujacy-4-kg-zielonydom\/","name":"Komposter, naw\u00f3z kompostuj\u0105cy 4 kg ZielonyDom - Selleetools.com","isPartOf":{"@id":"https:\/\/selleetools.com\/#website"},"datePublished":"2026-02-19T14:49:57+00:00","dateModified":"2026-04-18T12:10:56+00:00","breadcrumb":{"@id":"https:\/\/selleetools.com\/pl\/product\/komposter-nawoz-kompostujacy-4-kg-zielonydom\/#breadcrumb"},"inLanguage":"pl-PL","potentialAction":[{"@type":"ReadAction","target":["https:\/\/selleetools.com\/pl\/product\/komposter-nawoz-kompostujacy-4-kg-zielonydom\/"]}]},{"@type":"BreadcrumbList","@id":"https:\/\/selleetools.com\/pl\/product\/komposter-nawoz-kompostujacy-4-kg-zielonydom\/#breadcrumb","itemListElement":[{"@type":"ListItem","position":1,"name":"Home","item":"https:\/\/selleetools.com\/pl\/"},{"@type":"ListItem","position":2,"name":"Katalog","item":"https:\/\/selleetools.com\/pl\/katalog\/"},{"@type":"ListItem","position":3,"name":"Komposter, naw\u00f3z kompostuj\u0105cy 4 kg ZielonyDom"}]}]}},"_links":{"self":[{"href":"https:\/\/admincentral.selleetools.com\/pl\/wp-json\/wp\/v2\/product\/671691"}],"collection":[{"href":"https:\/\/admincentral.selleetools.com\/pl\/wp-json\/wp\/v2\/product"}],"about":[{"href":"https:\/\/admincentral.selleetools.com\/pl\/wp-json\/wp\/v2\/types\/product"}],"replies":[{"embeddable":true,"href":"https:\/\/admincentral.selleetools.com\/pl\/wp-json\/wp\/v2\/comments?post=671691"}],"wp:featuredmedia":[{"embeddable":true,"href":"https:\/\/admincentral.selleetools.com\/pl\/wp-json\/wp\/v2\/media\/671685"}],"wp:attachment":[{"href":"https:\/\/admincentral.selleetools.com\/pl\/wp-json\/wp\/v2\/media?parent=671691"}],"curies":[{"name":"wp","href":"https:\/\/api.w.org\/{rel}","templated":true}]}}