{"id":671700,"date":"2026-02-19T15:50:03","date_gmt":"2026-02-19T14:50:03","guid":{"rendered":"https:\/\/selleetools.com\/?post_type=product&#038;p=671700"},"modified":"2026-04-18T15:57:35","modified_gmt":"2026-04-18T13:57:35","slug":"kratka-chodnikowa-ies40-czarna","status":"publish","type":"product","link":"https:\/\/admincentral.selleetools.com\/pl\/product\/kratka-chodnikowa-ies40-czarna\/","title":{"rendered":"Kratka chodnikowa IES40 Czarna"},"content":{"rendered":"<p>Kratka chodnikowa IES40 Czarna<br \/>\nSpecyfikacja:<br \/>\n &#8211; d\u0142ugo\u015b\u0107 jednego elementu &#8211; 40 cm<br \/>\n &#8211; szeroko\u015b\u0107 jednego elementu &#8211; 40 cm<br \/>\n &#8211; wysoko\u015b\u0107 &#8211; 2 cm<br \/>\n &#8211; powierzchnia ca\u0142kowita &#8211; 1,5m2<br \/>\n &#8211; opakowanie &#8211; 9 element\u00f3w<\/p>\n<p>Kratka chodnikowa Easy Square to uniwersalny produkt o niesko\u0144czonej ilo\u015bci zastosowa\u0144. Chroni powierzchnie przed zniszczeniem, zarysowaniami, wp\u0142ywem wilgoci itd. Przyda si\u0119 tak\u017ce na nier\u00f3wnym terenie \u2013 postawione na nim przedmioty b\u0119d\u0105 bardziej stabilne. Poszczeg\u00f3lne modu\u0142y mo\u017cna \u0142atwo ze sob\u0105 \u0142\u0105czy\u0107 i rozdziela\u0107, dlatego w ka\u017cdej chwili mo\u017cesz sam zdecydowa\u0107, jak\u0105 powierzchni\u0119 ma zajmowa\u0107 Easy Square.<\/p>\n<p>Kratka chodnikowa IES40 Czarna<br \/>\nSpecyfikacja:<br \/>\n &#8211; d\u0142ugo\u015b\u0107 jednego elementu &#8211; 40 cm<br \/>\n &#8211; szeroko\u015b\u0107 jednego elementu &#8211; 40 cm<br \/>\n &#8211; wysoko\u015b\u0107 &#8211; 2 cm<br \/>\n &#8211; powierzchnia ca\u0142kowita &#8211; 1,5m2<br \/>\n &#8211; opakowanie &#8211; 9 element\u00f3w<\/p>\n<p>Kratka chodnikowa Easy Square to uniwersalny produkt o niesko\u0144czonej ilo\u015bci zastosowa\u0144. Chroni powierzchnie przed zniszczeniem, zarysowaniami, wp\u0142ywem wilgoci itd. Przyda si\u0119 tak\u017ce na nier\u00f3wnym terenie \u2013 postawione na nim przedmioty b\u0119d\u0105 bardziej stabilne. Poszczeg\u00f3lne modu\u0142y mo\u017cna \u0142atwo ze sob\u0105 \u0142\u0105czy\u0107 i rozdziela\u0107, dlatego w ka\u017cdej chwili mo\u017cesz sam zdecydowa\u0107, jak\u0105 powierzchni\u0119 ma zajmowa\u0107 Easy Square.<\/p>\n","protected":false},"excerpt":{"rendered":"<p>Kratka chodnikowa IES40 Czarna Specyfikacja: &#8211; d\u0142ugo\u015b\u0107 jednego elementu &#8211; 40 cm &#8211; szeroko\u015b\u0107 jednego elementu &#8211; 40 cm &#8211; wysoko\u015b\u0107 &#8211; 2 cm &#8211; powierzchnia ca\u0142kowita &#8211; 1,5m2 &#8211; opakowanie &#8211; 9 element\u00f3w Kratka chodnikowa Easy Square to uniwersalny produkt o niesko\u0144czonej ilo\u015bci zastosowa\u0144. Chroni powierzchnie przed zniszczeniem, zarysowaniami, wp\u0142ywem wilgoci itd. Przyda si\u0119 &#8230; <a title=\"Kratka chodnikowa IES40 Czarna\" class=\"read-more\" href=\"https:\/\/admincentral.selleetools.com\/pl\/product\/kratka-chodnikowa-ies40-czarna\/\">Read more<span class=\"screen-reader-text\">Kratka chodnikowa IES40 Czarna<\/span><\/a><\/p>\n","protected":false},"featured_media":671692,"comment_status":"open","ping_status":"closed","template":"","meta":{"_links_to":"","_links_to_target":""},"yoast_head":"<!-- This site is optimized with the Yoast SEO plugin v19.4 - https:\/\/yoast.com\/wordpress\/plugins\/seo\/ -->\n<title>Kratka chodnikowa IES40 Czarna - Selleetools.com<\/title>\n<meta name=\"robots\" content=\"index, follow, max-snippet:-1, max-image-preview:large, max-video-preview:-1\" \/>\n<link rel=\"canonical\" href=\"https:\/\/selleetools.com\/pl\/product\/kratka-chodnikowa-ies40-czarna\/\" \/>\n<meta property=\"og:locale\" content=\"pl_PL\" \/>\n<meta property=\"og:type\" content=\"article\" \/>\n<meta property=\"og:title\" content=\"Kratka chodnikowa IES40 Czarna - Selleetools.com\" \/>\n<meta property=\"og:description\" content=\"Kratka chodnikowa IES40 Czarna Specyfikacja: &#8211; d\u0142ugo\u015b\u0107 jednego elementu &#8211; 40 cm &#8211; szeroko\u015b\u0107 jednego elementu &#8211; 40 cm &#8211; wysoko\u015b\u0107 &#8211; 2 cm &#8211; powierzchnia ca\u0142kowita &#8211; 1,5m2 &#8211; opakowanie &#8211; 9 element\u00f3w Kratka chodnikowa Easy Square to uniwersalny produkt o niesko\u0144czonej ilo\u015bci zastosowa\u0144. Chroni powierzchnie przed zniszczeniem, zarysowaniami, wp\u0142ywem wilgoci itd. Przyda si\u0119 ... Read moreKratka chodnikowa IES40 Czarna\" \/>\n<meta property=\"og:url\" content=\"https:\/\/selleetools.com\/pl\/product\/kratka-chodnikowa-ies40-czarna\/\" \/>\n<meta property=\"og:site_name\" content=\"Selleetools.com\" \/>\n<meta property=\"article:modified_time\" content=\"2026-04-18T13:57:35+00:00\" \/>\n<meta property=\"og:image\" content=\"https:\/\/selleetools.com\/wp-content\/uploads\/2026\/02\/5039c97b0e6b9be503a63f37e3d23737.jpg\" \/>\n\t<meta property=\"og:image:width\" content=\"1190\" \/>\n\t<meta property=\"og:image:height\" content=\"1181\" \/>\n\t<meta property=\"og:image:type\" content=\"image\/jpeg\" \/>\n<meta name=\"twitter:card\" content=\"summary_large_image\" \/>\n<meta name=\"twitter:label1\" content=\"Est. reading time\" \/>\n\t<meta name=\"twitter:data1\" content=\"1 minuta\" \/>\n<!-- \/ Yoast SEO plugin. -->","yoast_head_json":{"title":"Kratka chodnikowa IES40 Czarna - Selleetools.com","robots":{"index":"index","follow":"follow","max-snippet":"max-snippet:-1","max-image-preview":"max-image-preview:large","max-video-preview":"max-video-preview:-1"},"canonical":"https:\/\/selleetools.com\/pl\/product\/kratka-chodnikowa-ies40-czarna\/","og_locale":"pl_PL","og_type":"article","og_title":"Kratka chodnikowa IES40 Czarna - Selleetools.com","og_description":"Kratka chodnikowa IES40 Czarna Specyfikacja: &#8211; d\u0142ugo\u015b\u0107 jednego elementu &#8211; 40 cm &#8211; szeroko\u015b\u0107 jednego elementu &#8211; 40 cm &#8211; wysoko\u015b\u0107 &#8211; 2 cm &#8211; powierzchnia ca\u0142kowita &#8211; 1,5m2 &#8211; opakowanie &#8211; 9 element\u00f3w Kratka chodnikowa Easy Square to uniwersalny produkt o niesko\u0144czonej ilo\u015bci zastosowa\u0144. Chroni powierzchnie przed zniszczeniem, zarysowaniami, wp\u0142ywem wilgoci itd. Przyda si\u0119 ... Read moreKratka chodnikowa IES40 Czarna","og_url":"https:\/\/selleetools.com\/pl\/product\/kratka-chodnikowa-ies40-czarna\/","og_site_name":"Selleetools.com","article_modified_time":"2026-04-18T13:57:35+00:00","og_image":[{"width":1190,"height":1181,"url":"https:\/\/selleetools.com\/wp-content\/uploads\/2026\/02\/5039c97b0e6b9be503a63f37e3d23737.jpg","type":"image\/jpeg"}],"twitter_card":"summary_large_image","twitter_misc":{"Est. reading time":"1 minuta"},"schema":{"@context":"https:\/\/schema.org","@graph":[{"@type":"Organization","@id":"https:\/\/selleetools.com\/#organization","name":"Selleetools","url":"https:\/\/selleetools.com\/","sameAs":[],"logo":{"@type":"ImageObject","inLanguage":"pl-PL","@id":"https:\/\/selleetools.com\/#\/schema\/logo\/image\/","url":"https:\/\/selleetools.com\/wp-content\/uploads\/2021\/10\/logo-dark.png","contentUrl":"https:\/\/selleetools.com\/wp-content\/uploads\/2021\/10\/logo-dark.png","width":320,"height":76,"caption":"Selleetools"},"image":{"@id":"https:\/\/selleetools.com\/#\/schema\/logo\/image\/"}},{"@type":"WebSite","@id":"https:\/\/selleetools.com\/#website","url":"https:\/\/selleetools.com\/","name":"Selleetools.com","description":"","publisher":{"@id":"https:\/\/selleetools.com\/#organization"},"potentialAction":[{"@type":"SearchAction","target":{"@type":"EntryPoint","urlTemplate":"https:\/\/selleetools.com\/?s={search_term_string}"},"query-input":"required name=search_term_string"}],"inLanguage":"pl-PL"},{"@type":"WebPage","@id":"https:\/\/selleetools.com\/pl\/product\/kratka-chodnikowa-ies40-czarna\/","url":"https:\/\/selleetools.com\/pl\/product\/kratka-chodnikowa-ies40-czarna\/","name":"Kratka chodnikowa IES40 Czarna - Selleetools.com","isPartOf":{"@id":"https:\/\/selleetools.com\/#website"},"datePublished":"2026-02-19T14:50:03+00:00","dateModified":"2026-04-18T13:57:35+00:00","breadcrumb":{"@id":"https:\/\/selleetools.com\/pl\/product\/kratka-chodnikowa-ies40-czarna\/#breadcrumb"},"inLanguage":"pl-PL","potentialAction":[{"@type":"ReadAction","target":["https:\/\/selleetools.com\/pl\/product\/kratka-chodnikowa-ies40-czarna\/"]}]},{"@type":"BreadcrumbList","@id":"https:\/\/selleetools.com\/pl\/product\/kratka-chodnikowa-ies40-czarna\/#breadcrumb","itemListElement":[{"@type":"ListItem","position":1,"name":"Home","item":"https:\/\/selleetools.com\/pl\/"},{"@type":"ListItem","position":2,"name":"Katalog","item":"https:\/\/selleetools.com\/pl\/katalog\/"},{"@type":"ListItem","position":3,"name":"Kratka chodnikowa IES40 Czarna"}]}]}},"_links":{"self":[{"href":"https:\/\/admincentral.selleetools.com\/pl\/wp-json\/wp\/v2\/product\/671700"}],"collection":[{"href":"https:\/\/admincentral.selleetools.com\/pl\/wp-json\/wp\/v2\/product"}],"about":[{"href":"https:\/\/admincentral.selleetools.com\/pl\/wp-json\/wp\/v2\/types\/product"}],"replies":[{"embeddable":true,"href":"https:\/\/admincentral.selleetools.com\/pl\/wp-json\/wp\/v2\/comments?post=671700"}],"wp:featuredmedia":[{"embeddable":true,"href":"https:\/\/admincentral.selleetools.com\/pl\/wp-json\/wp\/v2\/media\/671692"}],"wp:attachment":[{"href":"https:\/\/admincentral.selleetools.com\/pl\/wp-json\/wp\/v2\/media?parent=671700"}],"curies":[{"name":"wp","href":"https:\/\/api.w.org\/{rel}","templated":true}]}}