{"id":671725,"date":"2026-02-19T15:50:18","date_gmt":"2026-02-19T14:50:18","guid":{"rendered":"https:\/\/selleetools.com\/?post_type=product&#038;p=671725"},"modified":"2026-04-18T13:41:27","modified_gmt":"2026-04-18T11:41:27","slug":"zbieracz-wody-rynnowy-do-deszczownicy-icans3","status":"publish","type":"product","link":"https:\/\/admincentral.selleetools.com\/pl\/product\/zbieracz-wody-rynnowy-do-deszczownicy-icans3\/","title":{"rendered":"Zbieracz wody rynnowy do deszczownicy &#8211; ICANS3"},"content":{"rendered":"<p>Zbieracz wody rynnowy do deszczownicy &#8211; ICANS3<br \/>\nRynnowy zbieracz wody ICANS jest idealnym uzupe\u0142nieniem do deszczownicy. Prosty w monta\u017cu, pozwala w bardzo \u0142atwy spos\u00f3b gromadzi\u0107 wod\u0119 z rynny. Odpowiedni do rynien o \u015brednicy od 80 do 120 mm.<br \/>\nZestaw zawiera:<br \/>\n1. Uszczelka do deszczownicy<br \/>\n2. Reduktor \u0142\u0105cz\u0105cy w\u0105\u017c z uszczelk\u0105<br \/>\n3. Reduktor \u0142\u0105cz\u0105cy w\u0105\u017c ze zbieraczem wody<br \/>\n4. Rynnowy zbieracz wody<br \/>\nW\u0142a\u015bciwe wykonanie przy\u0142\u0105cza, pozwala na uzyskanie r\u00f3wnie\u017c funkcji &#8220;przelewu&#8221;. Gdy beczka uzupe\u0142ni si\u0119 wod\u0105 powy\u017cej poziomu otworu w rynnie, woda przestanie nap\u0142ywa\u0107 do deszczownicy. Dzi\u0119ki temu deszcz\u00f3wka nigdy nie przeleje si\u0119 wieczkiem deszczownicy. Szczeg\u00f3\u0142owa instrukcja na opakowaniu.<\/p>\n<p>Instrukcja monta\u017cu:<br \/>\n &#8211; krok 1. Zamontuj otwornic\u0119 (1) w wiertarce<br \/>\n &#8211; krok 2. Wykonaj otw\u00f3r w deszczownicy, miejsce otworu powinno by\u0107 zgodne z wyt\u0142oczeniem na bocznej \u015bcianie beczki<br \/>\n &#8211; krok 3. Postaw beczk\u0119 przy rynnie i odmierz miejsce wykonania otworu. Otw\u00f3r w rynnie powinien znajdowa\u0107 si\u0119 od 80 do 90 mm powy\u017cej wykonanego otworu w deszczownicy<br \/>\n &#8211; krok 4. Wykonaj otw\u00f3r w rynnie<br \/>\n &#8211; krok 5. Wsu\u0144 reduktor (3) w w\u0105\u017c (4), na reduktor nale\u017cy za\u0142o\u017cy\u0107 uszczelk\u0119 (2) i ca\u0142o\u015b\u0107 wsun\u0105\u0107 w otw\u00f3r w deszczownicy<br \/>\n &#8211; krok 6. Wsu\u0144 drugi reduktor(5) w w\u0105\u017c (4), na reduktor nale\u017cy za\u0142o\u017cy\u0107 gumowy zbieracz wody (6). \u015aci\u015bnij zbieracz oraz wsu\u0144 w otw\u00f3r w rynnie<\/p>\n<p>W\u0142a\u015bciwe wykonanie przy\u0142\u0105cza, pozwala na uzyskanie r\u00f3wnie\u017c funkcji &#8220;przelewu&#8221;. Gdy beczka uzupe\u0142ni si\u0119 wod\u0105 powy\u017cej poziomu otworu w rynnie, woda przestanie nap\u0142ywa\u0107 do deszczownicy. Dzi\u0119ki temu deszcz\u00f3wka nigdy nie przeleje si\u0119 wieczkiem deszczownicy.<br \/>\nNa innej naszej aukcji mo\u017cesz dokupi\u0107 w\u0105\u017c ssawno-t\u0142oczny na metry.<\/p>\n<p>Zbieracz wody rynnowy do deszczownicy &#8211; ICANS3<br \/>\nRynnowy zbieracz wody ICANS jest idealnym uzupe\u0142nieniem do deszczownicy. Prosty w monta\u017cu, pozwala w bardzo \u0142atwy spos\u00f3b gromadzi\u0107 wod\u0119 z rynny. Odpowiedni do rynien o \u015brednicy od 80 do 120 mm.<br \/>\nZestaw zawiera:<br \/>\n1. Uszczelka do deszczownicy<br \/>\n2. Reduktor \u0142\u0105cz\u0105cy w\u0105\u017c z uszczelk\u0105<br \/>\n3. Reduktor \u0142\u0105cz\u0105cy w\u0105\u017c ze zbieraczem wody<br \/>\n4. Rynnowy zbieracz wody<br \/>\nW\u0142a\u015bciwe wykonanie przy\u0142\u0105cza, pozwala na uzyskanie r\u00f3wnie\u017c funkcji &#8220;przelewu&#8221;. Gdy beczka uzupe\u0142ni si\u0119 wod\u0105 powy\u017cej poziomu otworu w rynnie, woda przestanie nap\u0142ywa\u0107 do deszczownicy. Dzi\u0119ki temu deszcz\u00f3wka nigdy nie przeleje si\u0119 wieczkiem deszczownicy. Szczeg\u00f3\u0142owa instrukcja na opakowaniu.<\/p>\n<p>Instrukcja monta\u017cu:<br \/>\n &#8211; krok 1. Zamontuj otwornic\u0119 (1) w wiertarce<br \/>\n &#8211; krok 2. Wykonaj otw\u00f3r w deszczownicy, miejsce otworu powinno by\u0107 zgodne z wyt\u0142oczeniem na bocznej \u015bcianie beczki<br \/>\n &#8211; krok 3. Postaw beczk\u0119 przy rynnie i odmierz miejsce wykonania otworu. Otw\u00f3r w rynnie powinien znajdowa\u0107 si\u0119 od 80 do 90 mm powy\u017cej wykonanego otworu w deszczownicy<br \/>\n &#8211; krok 4. Wykonaj otw\u00f3r w rynnie<br \/>\n &#8211; krok 5. Wsu\u0144 reduktor (3) w w\u0105\u017c (4), na reduktor nale\u017cy za\u0142o\u017cy\u0107 uszczelk\u0119 (2) i ca\u0142o\u015b\u0107 wsun\u0105\u0107 w otw\u00f3r w deszczownicy<br \/>\n &#8211; krok 6. Wsu\u0144 drugi reduktor(5) w w\u0105\u017c (4), na reduktor nale\u017cy za\u0142o\u017cy\u0107 gumowy zbieracz wody (6). \u015aci\u015bnij zbieracz oraz wsu\u0144 w otw\u00f3r w rynnie<\/p>\n<p>W\u0142a\u015bciwe wykonanie przy\u0142\u0105cza, pozwala na uzyskanie r\u00f3wnie\u017c funkcji &#8220;przelewu&#8221;. Gdy beczka uzupe\u0142ni si\u0119 wod\u0105 powy\u017cej poziomu otworu w rynnie, woda przestanie nap\u0142ywa\u0107 do deszczownicy. Dzi\u0119ki temu deszcz\u00f3wka nigdy nie przeleje si\u0119 wieczkiem deszczownicy.<br \/>\nNa innej naszej aukcji mo\u017cesz dokupi\u0107 w\u0105\u017c ssawno-t\u0142oczny na metry.<\/p>\n","protected":false},"excerpt":{"rendered":"<p>Zbieracz wody rynnowy do deszczownicy &#8211; ICANS3 Rynnowy zbieracz wody ICANS jest idealnym uzupe\u0142nieniem do deszczownicy. Prosty w monta\u017cu, pozwala w bardzo \u0142atwy spos\u00f3b gromadzi\u0107 wod\u0119 z rynny. Odpowiedni do rynien o \u015brednicy od 80 do 120 mm. Zestaw zawiera: 1. Uszczelka do deszczownicy 2. Reduktor \u0142\u0105cz\u0105cy w\u0105\u017c z uszczelk\u0105 3. Reduktor \u0142\u0105cz\u0105cy w\u0105\u017c ze &#8230; <a title=\"Zbieracz wody rynnowy do deszczownicy &#8211; ICANS3\" class=\"read-more\" href=\"https:\/\/admincentral.selleetools.com\/pl\/product\/zbieracz-wody-rynnowy-do-deszczownicy-icans3\/\">Read more<span class=\"screen-reader-text\">Zbieracz wody rynnowy do deszczownicy &#8211; ICANS3<\/span><\/a><\/p>\n","protected":false},"featured_media":671717,"comment_status":"open","ping_status":"closed","template":"","meta":{"_links_to":"","_links_to_target":""},"yoast_head":"<!-- This site is optimized with the Yoast SEO plugin v19.4 - https:\/\/yoast.com\/wordpress\/plugins\/seo\/ -->\n<title>Zbieracz wody rynnowy do deszczownicy - ICANS3 - Selleetools.com<\/title>\n<meta name=\"robots\" content=\"index, follow, max-snippet:-1, max-image-preview:large, max-video-preview:-1\" \/>\n<link rel=\"canonical\" href=\"https:\/\/selleetools.com\/pl\/product\/zbieracz-wody-rynnowy-do-deszczownicy-icans3\/\" \/>\n<meta property=\"og:locale\" content=\"pl_PL\" \/>\n<meta property=\"og:type\" content=\"article\" \/>\n<meta property=\"og:title\" content=\"Zbieracz wody rynnowy do deszczownicy - ICANS3 - Selleetools.com\" \/>\n<meta property=\"og:description\" content=\"Zbieracz wody rynnowy do deszczownicy &#8211; ICANS3 Rynnowy zbieracz wody ICANS jest idealnym uzupe\u0142nieniem do deszczownicy. Prosty w monta\u017cu, pozwala w bardzo \u0142atwy spos\u00f3b gromadzi\u0107 wod\u0119 z rynny. Odpowiedni do rynien o \u015brednicy od 80 do 120 mm. Zestaw zawiera: 1. Uszczelka do deszczownicy 2. Reduktor \u0142\u0105cz\u0105cy w\u0105\u017c z uszczelk\u0105 3. Reduktor \u0142\u0105cz\u0105cy w\u0105\u017c ze ... Read moreZbieracz wody rynnowy do deszczownicy &#8211; ICANS3\" \/>\n<meta property=\"og:url\" content=\"https:\/\/selleetools.com\/pl\/product\/zbieracz-wody-rynnowy-do-deszczownicy-icans3\/\" \/>\n<meta property=\"og:site_name\" content=\"Selleetools.com\" \/>\n<meta property=\"article:modified_time\" content=\"2026-04-18T11:41:27+00:00\" \/>\n<meta property=\"og:image\" content=\"https:\/\/selleetools.com\/wp-content\/uploads\/2026\/02\/87086bc037ced6df4f4a10e57c5c096e.jpg\" \/>\n\t<meta property=\"og:image:width\" content=\"871\" \/>\n\t<meta property=\"og:image:height\" content=\"554\" \/>\n\t<meta property=\"og:image:type\" content=\"image\/jpeg\" \/>\n<meta name=\"twitter:card\" content=\"summary_large_image\" \/>\n<meta name=\"twitter:label1\" content=\"Est. reading time\" \/>\n\t<meta name=\"twitter:data1\" content=\"3 minuty\" \/>\n<!-- \/ Yoast SEO plugin. -->","yoast_head_json":{"title":"Zbieracz wody rynnowy do deszczownicy - ICANS3 - Selleetools.com","robots":{"index":"index","follow":"follow","max-snippet":"max-snippet:-1","max-image-preview":"max-image-preview:large","max-video-preview":"max-video-preview:-1"},"canonical":"https:\/\/selleetools.com\/pl\/product\/zbieracz-wody-rynnowy-do-deszczownicy-icans3\/","og_locale":"pl_PL","og_type":"article","og_title":"Zbieracz wody rynnowy do deszczownicy - ICANS3 - Selleetools.com","og_description":"Zbieracz wody rynnowy do deszczownicy &#8211; ICANS3 Rynnowy zbieracz wody ICANS jest idealnym uzupe\u0142nieniem do deszczownicy. Prosty w monta\u017cu, pozwala w bardzo \u0142atwy spos\u00f3b gromadzi\u0107 wod\u0119 z rynny. Odpowiedni do rynien o \u015brednicy od 80 do 120 mm. Zestaw zawiera: 1. Uszczelka do deszczownicy 2. Reduktor \u0142\u0105cz\u0105cy w\u0105\u017c z uszczelk\u0105 3. Reduktor \u0142\u0105cz\u0105cy w\u0105\u017c ze ... Read moreZbieracz wody rynnowy do deszczownicy &#8211; ICANS3","og_url":"https:\/\/selleetools.com\/pl\/product\/zbieracz-wody-rynnowy-do-deszczownicy-icans3\/","og_site_name":"Selleetools.com","article_modified_time":"2026-04-18T11:41:27+00:00","og_image":[{"width":871,"height":554,"url":"https:\/\/selleetools.com\/wp-content\/uploads\/2026\/02\/87086bc037ced6df4f4a10e57c5c096e.jpg","type":"image\/jpeg"}],"twitter_card":"summary_large_image","twitter_misc":{"Est. reading time":"3 minuty"},"schema":{"@context":"https:\/\/schema.org","@graph":[{"@type":"Organization","@id":"https:\/\/selleetools.com\/#organization","name":"Selleetools","url":"https:\/\/selleetools.com\/","sameAs":[],"logo":{"@type":"ImageObject","inLanguage":"pl-PL","@id":"https:\/\/selleetools.com\/#\/schema\/logo\/image\/","url":"https:\/\/selleetools.com\/wp-content\/uploads\/2021\/10\/logo-dark.png","contentUrl":"https:\/\/selleetools.com\/wp-content\/uploads\/2021\/10\/logo-dark.png","width":320,"height":76,"caption":"Selleetools"},"image":{"@id":"https:\/\/selleetools.com\/#\/schema\/logo\/image\/"}},{"@type":"WebSite","@id":"https:\/\/selleetools.com\/#website","url":"https:\/\/selleetools.com\/","name":"Selleetools.com","description":"","publisher":{"@id":"https:\/\/selleetools.com\/#organization"},"potentialAction":[{"@type":"SearchAction","target":{"@type":"EntryPoint","urlTemplate":"https:\/\/selleetools.com\/?s={search_term_string}"},"query-input":"required name=search_term_string"}],"inLanguage":"pl-PL"},{"@type":"WebPage","@id":"https:\/\/selleetools.com\/pl\/product\/zbieracz-wody-rynnowy-do-deszczownicy-icans3\/","url":"https:\/\/selleetools.com\/pl\/product\/zbieracz-wody-rynnowy-do-deszczownicy-icans3\/","name":"Zbieracz wody rynnowy do deszczownicy - ICANS3 - Selleetools.com","isPartOf":{"@id":"https:\/\/selleetools.com\/#website"},"datePublished":"2026-02-19T14:50:18+00:00","dateModified":"2026-04-18T11:41:27+00:00","breadcrumb":{"@id":"https:\/\/selleetools.com\/pl\/product\/zbieracz-wody-rynnowy-do-deszczownicy-icans3\/#breadcrumb"},"inLanguage":"pl-PL","potentialAction":[{"@type":"ReadAction","target":["https:\/\/selleetools.com\/pl\/product\/zbieracz-wody-rynnowy-do-deszczownicy-icans3\/"]}]},{"@type":"BreadcrumbList","@id":"https:\/\/selleetools.com\/pl\/product\/zbieracz-wody-rynnowy-do-deszczownicy-icans3\/#breadcrumb","itemListElement":[{"@type":"ListItem","position":1,"name":"Home","item":"https:\/\/selleetools.com\/pl\/"},{"@type":"ListItem","position":2,"name":"Katalog","item":"https:\/\/selleetools.com\/pl\/katalog\/"},{"@type":"ListItem","position":3,"name":"Zbieracz wody rynnowy do deszczownicy &#8211; ICANS3"}]}]}},"_links":{"self":[{"href":"https:\/\/admincentral.selleetools.com\/pl\/wp-json\/wp\/v2\/product\/671725"}],"collection":[{"href":"https:\/\/admincentral.selleetools.com\/pl\/wp-json\/wp\/v2\/product"}],"about":[{"href":"https:\/\/admincentral.selleetools.com\/pl\/wp-json\/wp\/v2\/types\/product"}],"replies":[{"embeddable":true,"href":"https:\/\/admincentral.selleetools.com\/pl\/wp-json\/wp\/v2\/comments?post=671725"}],"wp:featuredmedia":[{"embeddable":true,"href":"https:\/\/admincentral.selleetools.com\/pl\/wp-json\/wp\/v2\/media\/671717"}],"wp:attachment":[{"href":"https:\/\/admincentral.selleetools.com\/pl\/wp-json\/wp\/v2\/media?parent=671725"}],"curies":[{"name":"wp","href":"https:\/\/api.w.org\/{rel}","templated":true}]}}