{"id":671781,"date":"2026-02-19T15:50:55","date_gmt":"2026-02-19T14:50:55","guid":{"rendered":"https:\/\/selleetools.com\/?post_type=product&#038;p=671781"},"modified":"2026-04-18T15:58:20","modified_gmt":"2026-04-18T13:58:20","slug":"podstawa-pod-deszczownice-ibas","status":"publish","type":"product","link":"https:\/\/admincentral.selleetools.com\/pl\/product\/podstawa-pod-deszczownice-ibas\/","title":{"rendered":"Podstawa pod deszczownice IBAS"},"content":{"rendered":"<p>Podstawa IBAS pod deszczownic\u0119<br \/>\nPodstawka Basecan pasuje do deszczownic Woodcan oraz Raincan. Jest odporna na uszkodzenia mechaniczne, dzi\u0119ki specjalnej pow\u0142oce nie blaknie pod wp\u0142ywem s\u0142o\u0144ca.<br \/>\nPodstawa pasuje do beczek:<br \/>\n &#8211; AQUACAN 210l, 360l<br \/>\n &#8211; WOODCAN 265l<br \/>\n &#8211; RAINCAN 210l<br \/>\n &#8211; CANYON 300l, 310l<br \/>\n &#8211; WALLYCAN 270l<\/p>\n<p>Dane techniczne podstawy:<br \/>\n &#8211; \u015brednica g\u00f3ry &#8211; 47 cm<br \/>\n &#8211; \u015brednica podstawy &#8211; 50 cm<br \/>\n &#8211; wysoko\u015b\u0107 &#8211; 22 cm<br \/>\n &#8211; materia\u0142 &#8211; tworzywo sztuczne<br \/>\n &#8211; waga &#8211; 1,65 kg<\/p>\n<p>Podstawa IBAS pod deszczownic\u0119<br \/>\nPodstawka Basecan pasuje do deszczownic Woodcan oraz Raincan. Jest odporna na uszkodzenia mechaniczne, dzi\u0119ki specjalnej pow\u0142oce nie blaknie pod wp\u0142ywem s\u0142o\u0144ca.<br \/>\nPodstawa pasuje do beczek:<br \/>\n &#8211; AQUACAN 210l, 360l<br \/>\n &#8211; WOODCAN 265l<br \/>\n &#8211; RAINCAN 210l<br \/>\n &#8211; CANYON 300l, 310l<br \/>\n &#8211; WALLYCAN 270l<\/p>\n<p>Dane techniczne podstawy:<br \/>\n &#8211; \u015brednica g\u00f3ry &#8211; 47 cm<br \/>\n &#8211; \u015brednica podstawy &#8211; 50 cm<br \/>\n &#8211; wysoko\u015b\u0107 &#8211; 22 cm<br \/>\n &#8211; materia\u0142 &#8211; tworzywo sztuczne<br \/>\n &#8211; waga &#8211; 1,65 kg<\/p>\n","protected":false},"excerpt":{"rendered":"<p>Podstawa IBAS pod deszczownic\u0119 Podstawka Basecan pasuje do deszczownic Woodcan oraz Raincan. Jest odporna na uszkodzenia mechaniczne, dzi\u0119ki specjalnej pow\u0142oce nie blaknie pod wp\u0142ywem s\u0142o\u0144ca. Podstawa pasuje do beczek: &#8211; AQUACAN 210l, 360l &#8211; WOODCAN 265l &#8211; RAINCAN 210l &#8211; CANYON 300l, 310l &#8211; WALLYCAN 270l Dane techniczne podstawy: &#8211; \u015brednica g\u00f3ry &#8211; 47 cm &#8230; <a title=\"Podstawa pod deszczownice IBAS\" class=\"read-more\" href=\"https:\/\/admincentral.selleetools.com\/pl\/product\/podstawa-pod-deszczownice-ibas\/\">Read more<span class=\"screen-reader-text\">Podstawa pod deszczownice IBAS<\/span><\/a><\/p>\n","protected":false},"featured_media":671769,"comment_status":"open","ping_status":"closed","template":"","meta":{"_links_to":"","_links_to_target":""},"yoast_head":"<!-- This site is optimized with the Yoast SEO plugin v19.4 - https:\/\/yoast.com\/wordpress\/plugins\/seo\/ -->\n<title>Podstawa pod deszczownice IBAS - Selleetools.com<\/title>\n<meta name=\"robots\" content=\"index, follow, max-snippet:-1, max-image-preview:large, max-video-preview:-1\" \/>\n<link rel=\"canonical\" href=\"https:\/\/selleetools.com\/pl\/product\/podstawa-pod-deszczownice-ibas\/\" \/>\n<meta property=\"og:locale\" content=\"pl_PL\" \/>\n<meta property=\"og:type\" content=\"article\" \/>\n<meta property=\"og:title\" content=\"Podstawa pod deszczownice IBAS - Selleetools.com\" \/>\n<meta property=\"og:description\" content=\"Podstawa IBAS pod deszczownic\u0119 Podstawka Basecan pasuje do deszczownic Woodcan oraz Raincan. Jest odporna na uszkodzenia mechaniczne, dzi\u0119ki specjalnej pow\u0142oce nie blaknie pod wp\u0142ywem s\u0142o\u0144ca. Podstawa pasuje do beczek: &#8211; AQUACAN 210l, 360l &#8211; WOODCAN 265l &#8211; RAINCAN 210l &#8211; CANYON 300l, 310l &#8211; WALLYCAN 270l Dane techniczne podstawy: &#8211; \u015brednica g\u00f3ry &#8211; 47 cm ... Read morePodstawa pod deszczownice IBAS\" \/>\n<meta property=\"og:url\" content=\"https:\/\/selleetools.com\/pl\/product\/podstawa-pod-deszczownice-ibas\/\" \/>\n<meta property=\"og:site_name\" content=\"Selleetools.com\" \/>\n<meta property=\"article:modified_time\" content=\"2026-04-18T13:58:20+00:00\" \/>\n<meta property=\"og:image\" content=\"https:\/\/selleetools.com\/wp-content\/uploads\/2026\/02\/df896d47d71e5ea75b790695850443c3.jpg\" \/>\n\t<meta property=\"og:image:width\" content=\"800\" \/>\n\t<meta property=\"og:image:height\" content=\"600\" \/>\n\t<meta property=\"og:image:type\" content=\"image\/jpeg\" \/>\n<meta name=\"twitter:card\" content=\"summary_large_image\" \/>\n<meta name=\"twitter:label1\" content=\"Est. reading time\" \/>\n\t<meta name=\"twitter:data1\" content=\"1 minuta\" \/>\n<!-- \/ Yoast SEO plugin. -->","yoast_head_json":{"title":"Podstawa pod deszczownice IBAS - Selleetools.com","robots":{"index":"index","follow":"follow","max-snippet":"max-snippet:-1","max-image-preview":"max-image-preview:large","max-video-preview":"max-video-preview:-1"},"canonical":"https:\/\/selleetools.com\/pl\/product\/podstawa-pod-deszczownice-ibas\/","og_locale":"pl_PL","og_type":"article","og_title":"Podstawa pod deszczownice IBAS - Selleetools.com","og_description":"Podstawa IBAS pod deszczownic\u0119 Podstawka Basecan pasuje do deszczownic Woodcan oraz Raincan. Jest odporna na uszkodzenia mechaniczne, dzi\u0119ki specjalnej pow\u0142oce nie blaknie pod wp\u0142ywem s\u0142o\u0144ca. Podstawa pasuje do beczek: &#8211; AQUACAN 210l, 360l &#8211; WOODCAN 265l &#8211; RAINCAN 210l &#8211; CANYON 300l, 310l &#8211; WALLYCAN 270l Dane techniczne podstawy: &#8211; \u015brednica g\u00f3ry &#8211; 47 cm ... Read morePodstawa pod deszczownice IBAS","og_url":"https:\/\/selleetools.com\/pl\/product\/podstawa-pod-deszczownice-ibas\/","og_site_name":"Selleetools.com","article_modified_time":"2026-04-18T13:58:20+00:00","og_image":[{"width":800,"height":600,"url":"https:\/\/selleetools.com\/wp-content\/uploads\/2026\/02\/df896d47d71e5ea75b790695850443c3.jpg","type":"image\/jpeg"}],"twitter_card":"summary_large_image","twitter_misc":{"Est. reading time":"1 minuta"},"schema":{"@context":"https:\/\/schema.org","@graph":[{"@type":"Organization","@id":"https:\/\/selleetools.com\/#organization","name":"Selleetools","url":"https:\/\/selleetools.com\/","sameAs":[],"logo":{"@type":"ImageObject","inLanguage":"pl-PL","@id":"https:\/\/selleetools.com\/#\/schema\/logo\/image\/","url":"https:\/\/selleetools.com\/wp-content\/uploads\/2021\/10\/logo-dark.png","contentUrl":"https:\/\/selleetools.com\/wp-content\/uploads\/2021\/10\/logo-dark.png","width":320,"height":76,"caption":"Selleetools"},"image":{"@id":"https:\/\/selleetools.com\/#\/schema\/logo\/image\/"}},{"@type":"WebSite","@id":"https:\/\/selleetools.com\/#website","url":"https:\/\/selleetools.com\/","name":"Selleetools.com","description":"","publisher":{"@id":"https:\/\/selleetools.com\/#organization"},"potentialAction":[{"@type":"SearchAction","target":{"@type":"EntryPoint","urlTemplate":"https:\/\/selleetools.com\/?s={search_term_string}"},"query-input":"required name=search_term_string"}],"inLanguage":"pl-PL"},{"@type":"WebPage","@id":"https:\/\/selleetools.com\/pl\/product\/podstawa-pod-deszczownice-ibas\/","url":"https:\/\/selleetools.com\/pl\/product\/podstawa-pod-deszczownice-ibas\/","name":"Podstawa pod deszczownice IBAS - Selleetools.com","isPartOf":{"@id":"https:\/\/selleetools.com\/#website"},"datePublished":"2026-02-19T14:50:55+00:00","dateModified":"2026-04-18T13:58:20+00:00","breadcrumb":{"@id":"https:\/\/selleetools.com\/pl\/product\/podstawa-pod-deszczownice-ibas\/#breadcrumb"},"inLanguage":"pl-PL","potentialAction":[{"@type":"ReadAction","target":["https:\/\/selleetools.com\/pl\/product\/podstawa-pod-deszczownice-ibas\/"]}]},{"@type":"BreadcrumbList","@id":"https:\/\/selleetools.com\/pl\/product\/podstawa-pod-deszczownice-ibas\/#breadcrumb","itemListElement":[{"@type":"ListItem","position":1,"name":"Home","item":"https:\/\/selleetools.com\/pl\/"},{"@type":"ListItem","position":2,"name":"Katalog","item":"https:\/\/selleetools.com\/pl\/katalog\/"},{"@type":"ListItem","position":3,"name":"Podstawa pod deszczownice IBAS"}]}]}},"_links":{"self":[{"href":"https:\/\/admincentral.selleetools.com\/pl\/wp-json\/wp\/v2\/product\/671781"}],"collection":[{"href":"https:\/\/admincentral.selleetools.com\/pl\/wp-json\/wp\/v2\/product"}],"about":[{"href":"https:\/\/admincentral.selleetools.com\/pl\/wp-json\/wp\/v2\/types\/product"}],"replies":[{"embeddable":true,"href":"https:\/\/admincentral.selleetools.com\/pl\/wp-json\/wp\/v2\/comments?post=671781"}],"wp:featuredmedia":[{"embeddable":true,"href":"https:\/\/admincentral.selleetools.com\/pl\/wp-json\/wp\/v2\/media\/671769"}],"wp:attachment":[{"href":"https:\/\/admincentral.selleetools.com\/pl\/wp-json\/wp\/v2\/media?parent=671781"}],"curies":[{"name":"wp","href":"https:\/\/api.w.org\/{rel}","templated":true}]}}