{"id":671803,"date":"2026-02-19T15:51:14","date_gmt":"2026-02-19T14:51:14","guid":{"rendered":"https:\/\/selleetools.com\/?post_type=product&#038;p=671803"},"modified":"2026-04-18T15:58:25","modified_gmt":"2026-04-18T13:58:25","slug":"biopon-nawoz-do-roslin-cebulowych-1kg","status":"publish","type":"product","link":"https:\/\/admincentral.selleetools.com\/pl\/product\/biopon-nawoz-do-roslin-cebulowych-1kg\/","title":{"rendered":"BIOPON Naw\u00f3z do ro\u015blin cebulowych 1kg"},"content":{"rendered":"<p>BIOPON Naw\u00f3z do ro\u015blin cebulowych 1kg (BI-044050)<br \/>\nWielosk\u0142adnikowy naw\u00f3z granulowany przeznaczony do piel\u0119gnacji ro\u015blin cebulowych, takich jak tulipany, hiacynty, narcyzy, lilie, krokusy i inne. Odpowiednio zbilansowane sk\u0142adniki intensywnie od\u017cywiaj\u0105 cebule w okresie ich ukorzeniania oraz dalszego wzrostu i kwitnienia. Zawarte w nawozie potas i fosfor zapewniaj\u0105 du\u017ce i pi\u0119knie wybarwione kwiaty. Nawo\u017cone ro\u015bliny maj\u0119 zwi\u0119kszon\u0105 odporno\u015b\u0107 na przemarzanie.<br \/>\nSK\u0141AD:<br \/>\n &#8211; AZOT 11%,<br \/>\n &#8211; FOSFOR 5%,<br \/>\n &#8211; POTAS 9,5% + mikroelementy.<\/p>\n<p>BIOPON Naw\u00f3z do ro\u015blin cebulowych 1kg (BI-044050)<br \/>\nWielosk\u0142adnikowy naw\u00f3z granulowany przeznaczony do piel\u0119gnacji ro\u015blin cebulowych, takich jak tulipany, hiacynty, narcyzy, lilie, krokusy i inne. Odpowiednio zbilansowane sk\u0142adniki intensywnie od\u017cywiaj\u0105 cebule w okresie ich ukorzeniania oraz dalszego wzrostu i kwitnienia. Zawarte w nawozie potas i fosfor zapewniaj\u0105 du\u017ce i pi\u0119knie wybarwione kwiaty. Nawo\u017cone ro\u015bliny maj\u0119 zwi\u0119kszon\u0105 odporno\u015b\u0107 na przemarzanie.<br \/>\nSK\u0141AD:<br \/>\n &#8211; AZOT 11%,<br \/>\n &#8211; FOSFOR 5%,<br \/>\n &#8211; POTAS 9,5% + mikroelementy.<\/p>\n","protected":false},"excerpt":{"rendered":"<p>BIOPON Naw\u00f3z do ro\u015blin cebulowych 1kg (BI-044050) Wielosk\u0142adnikowy naw\u00f3z granulowany przeznaczony do piel\u0119gnacji ro\u015blin cebulowych, takich jak tulipany, hiacynty, narcyzy, lilie, krokusy i inne. Odpowiednio zbilansowane sk\u0142adniki intensywnie od\u017cywiaj\u0105 cebule w okresie ich ukorzeniania oraz dalszego wzrostu i kwitnienia. Zawarte w nawozie potas i fosfor zapewniaj\u0105 du\u017ce i pi\u0119knie wybarwione kwiaty. Nawo\u017cone ro\u015bliny maj\u0119 zwi\u0119kszon\u0105 &#8230; <a title=\"BIOPON Naw\u00f3z do ro\u015blin cebulowych 1kg\" class=\"read-more\" href=\"https:\/\/admincentral.selleetools.com\/pl\/product\/biopon-nawoz-do-roslin-cebulowych-1kg\/\">Read more<span class=\"screen-reader-text\">BIOPON Naw\u00f3z do ro\u015blin cebulowych 1kg<\/span><\/a><\/p>\n","protected":false},"featured_media":671801,"comment_status":"open","ping_status":"closed","template":"","meta":{"_links_to":"","_links_to_target":""},"yoast_head":"<!-- This site is optimized with the Yoast SEO plugin v19.4 - https:\/\/yoast.com\/wordpress\/plugins\/seo\/ -->\n<title>BIOPON Naw\u00f3z do ro\u015blin cebulowych 1kg - Selleetools.com<\/title>\n<meta name=\"robots\" content=\"index, follow, max-snippet:-1, max-image-preview:large, max-video-preview:-1\" \/>\n<link rel=\"canonical\" href=\"https:\/\/selleetools.com\/pl\/product\/biopon-nawoz-do-roslin-cebulowych-1kg\/\" \/>\n<meta property=\"og:locale\" content=\"pl_PL\" \/>\n<meta property=\"og:type\" content=\"article\" \/>\n<meta property=\"og:title\" content=\"BIOPON Naw\u00f3z do ro\u015blin cebulowych 1kg - Selleetools.com\" \/>\n<meta property=\"og:description\" content=\"BIOPON Naw\u00f3z do ro\u015blin cebulowych 1kg (BI-044050) Wielosk\u0142adnikowy naw\u00f3z granulowany przeznaczony do piel\u0119gnacji ro\u015blin cebulowych, takich jak tulipany, hiacynty, narcyzy, lilie, krokusy i inne. Odpowiednio zbilansowane sk\u0142adniki intensywnie od\u017cywiaj\u0105 cebule w okresie ich ukorzeniania oraz dalszego wzrostu i kwitnienia. Zawarte w nawozie potas i fosfor zapewniaj\u0105 du\u017ce i pi\u0119knie wybarwione kwiaty. Nawo\u017cone ro\u015bliny maj\u0119 zwi\u0119kszon\u0105 ... Read moreBIOPON Naw\u00f3z do ro\u015blin cebulowych 1kg\" \/>\n<meta property=\"og:url\" content=\"https:\/\/selleetools.com\/pl\/product\/biopon-nawoz-do-roslin-cebulowych-1kg\/\" \/>\n<meta property=\"og:site_name\" content=\"Selleetools.com\" \/>\n<meta property=\"article:modified_time\" content=\"2026-04-18T13:58:25+00:00\" \/>\n<meta property=\"og:image\" content=\"https:\/\/selleetools.com\/wp-content\/uploads\/2026\/02\/02e79e2421079c301d0c8805f2e0bd59.jpg\" \/>\n\t<meta property=\"og:image:width\" content=\"835\" \/>\n\t<meta property=\"og:image:height\" content=\"1200\" \/>\n\t<meta property=\"og:image:type\" content=\"image\/jpeg\" \/>\n<meta name=\"twitter:card\" content=\"summary_large_image\" \/>\n<meta name=\"twitter:label1\" content=\"Est. reading time\" \/>\n\t<meta name=\"twitter:data1\" content=\"1 minuta\" \/>\n<!-- \/ Yoast SEO plugin. -->","yoast_head_json":{"title":"BIOPON Naw\u00f3z do ro\u015blin cebulowych 1kg - Selleetools.com","robots":{"index":"index","follow":"follow","max-snippet":"max-snippet:-1","max-image-preview":"max-image-preview:large","max-video-preview":"max-video-preview:-1"},"canonical":"https:\/\/selleetools.com\/pl\/product\/biopon-nawoz-do-roslin-cebulowych-1kg\/","og_locale":"pl_PL","og_type":"article","og_title":"BIOPON Naw\u00f3z do ro\u015blin cebulowych 1kg - Selleetools.com","og_description":"BIOPON Naw\u00f3z do ro\u015blin cebulowych 1kg (BI-044050) Wielosk\u0142adnikowy naw\u00f3z granulowany przeznaczony do piel\u0119gnacji ro\u015blin cebulowych, takich jak tulipany, hiacynty, narcyzy, lilie, krokusy i inne. Odpowiednio zbilansowane sk\u0142adniki intensywnie od\u017cywiaj\u0105 cebule w okresie ich ukorzeniania oraz dalszego wzrostu i kwitnienia. Zawarte w nawozie potas i fosfor zapewniaj\u0105 du\u017ce i pi\u0119knie wybarwione kwiaty. Nawo\u017cone ro\u015bliny maj\u0119 zwi\u0119kszon\u0105 ... Read moreBIOPON Naw\u00f3z do ro\u015blin cebulowych 1kg","og_url":"https:\/\/selleetools.com\/pl\/product\/biopon-nawoz-do-roslin-cebulowych-1kg\/","og_site_name":"Selleetools.com","article_modified_time":"2026-04-18T13:58:25+00:00","og_image":[{"width":835,"height":1200,"url":"https:\/\/selleetools.com\/wp-content\/uploads\/2026\/02\/02e79e2421079c301d0c8805f2e0bd59.jpg","type":"image\/jpeg"}],"twitter_card":"summary_large_image","twitter_misc":{"Est. reading time":"1 minuta"},"schema":{"@context":"https:\/\/schema.org","@graph":[{"@type":"Organization","@id":"https:\/\/selleetools.com\/#organization","name":"Selleetools","url":"https:\/\/selleetools.com\/","sameAs":[],"logo":{"@type":"ImageObject","inLanguage":"pl-PL","@id":"https:\/\/selleetools.com\/#\/schema\/logo\/image\/","url":"https:\/\/selleetools.com\/wp-content\/uploads\/2021\/10\/logo-dark.png","contentUrl":"https:\/\/selleetools.com\/wp-content\/uploads\/2021\/10\/logo-dark.png","width":320,"height":76,"caption":"Selleetools"},"image":{"@id":"https:\/\/selleetools.com\/#\/schema\/logo\/image\/"}},{"@type":"WebSite","@id":"https:\/\/selleetools.com\/#website","url":"https:\/\/selleetools.com\/","name":"Selleetools.com","description":"","publisher":{"@id":"https:\/\/selleetools.com\/#organization"},"potentialAction":[{"@type":"SearchAction","target":{"@type":"EntryPoint","urlTemplate":"https:\/\/selleetools.com\/?s={search_term_string}"},"query-input":"required name=search_term_string"}],"inLanguage":"pl-PL"},{"@type":"WebPage","@id":"https:\/\/selleetools.com\/pl\/product\/biopon-nawoz-do-roslin-cebulowych-1kg\/","url":"https:\/\/selleetools.com\/pl\/product\/biopon-nawoz-do-roslin-cebulowych-1kg\/","name":"BIOPON Naw\u00f3z do ro\u015blin cebulowych 1kg - Selleetools.com","isPartOf":{"@id":"https:\/\/selleetools.com\/#website"},"datePublished":"2026-02-19T14:51:14+00:00","dateModified":"2026-04-18T13:58:25+00:00","breadcrumb":{"@id":"https:\/\/selleetools.com\/pl\/product\/biopon-nawoz-do-roslin-cebulowych-1kg\/#breadcrumb"},"inLanguage":"pl-PL","potentialAction":[{"@type":"ReadAction","target":["https:\/\/selleetools.com\/pl\/product\/biopon-nawoz-do-roslin-cebulowych-1kg\/"]}]},{"@type":"BreadcrumbList","@id":"https:\/\/selleetools.com\/pl\/product\/biopon-nawoz-do-roslin-cebulowych-1kg\/#breadcrumb","itemListElement":[{"@type":"ListItem","position":1,"name":"Home","item":"https:\/\/selleetools.com\/pl\/"},{"@type":"ListItem","position":2,"name":"Katalog","item":"https:\/\/selleetools.com\/pl\/katalog\/"},{"@type":"ListItem","position":3,"name":"BIOPON Naw\u00f3z do ro\u015blin cebulowych 1kg"}]}]}},"_links":{"self":[{"href":"https:\/\/admincentral.selleetools.com\/pl\/wp-json\/wp\/v2\/product\/671803"}],"collection":[{"href":"https:\/\/admincentral.selleetools.com\/pl\/wp-json\/wp\/v2\/product"}],"about":[{"href":"https:\/\/admincentral.selleetools.com\/pl\/wp-json\/wp\/v2\/types\/product"}],"replies":[{"embeddable":true,"href":"https:\/\/admincentral.selleetools.com\/pl\/wp-json\/wp\/v2\/comments?post=671803"}],"wp:featuredmedia":[{"embeddable":true,"href":"https:\/\/admincentral.selleetools.com\/pl\/wp-json\/wp\/v2\/media\/671801"}],"wp:attachment":[{"href":"https:\/\/admincentral.selleetools.com\/pl\/wp-json\/wp\/v2\/media?parent=671803"}],"curies":[{"name":"wp","href":"https:\/\/api.w.org\/{rel}","templated":true}]}}