{"id":671814,"date":"2026-02-19T15:51:20","date_gmt":"2026-02-19T14:51:20","guid":{"rendered":"https:\/\/selleetools.com\/?post_type=product&#038;p=671814"},"modified":"2026-04-09T17:38:53","modified_gmt":"2026-04-09T15:38:53","slug":"doniczka-wysoka-effect-tubus-dtus250e-wklad-beton","status":"publish","type":"product","link":"https:\/\/admincentral.selleetools.com\/pl\/product\/doniczka-wysoka-effect-tubus-dtus250e-wklad-beton\/","title":{"rendered":"Doniczka wysoka Effect Tubus DTUS250E + wk\u0142ad | Beton"},"content":{"rendered":"<section class=\"section\">\n<div class=\"item item-12\">\n<section class=\"text-item\">\n<h2>Doniczka wysoka Tubus DTUS250E Donica + wk\u0142ad<\/h2>\n<p>Prosperplast<\/p>\n<\/section><\/div>\n<\/section>\n<section class=\"section\">\n<div class=\"item item-6\">\n<section class=\"text-item\">\n<h1>Doniczka wysoka Effect Tubus DTUS250E z wk\u0142adem &#8211; Beton<\/h1>\n<h2>Specyfikacja doniczki:<\/h2>\n<ul>\n<li>\u015brednica g\u00f3ry &#8211; 25 cm<\/li>\n<li>\u015brednica podstawy &#8211; 16,5 cm<\/li>\n<li>wysoko\u015b\u0107 &#8211; 47,5 cm<\/li>\n<li>pojemno\u015b\u0107 &#8211; 15,5 l<\/li>\n<li>materia\u0142 &#8211; tworzywo sztuczne<\/li>\n<\/ul>\n<p><b>Zestaw zawiera:<\/b><\/p>\n<ul>\n<li>os\u0142onk\u0119 Beton Tubus<\/li>\n<li>wk\u0142ad wewn\u0119trzny<\/li>\n<\/ul>\n<\/section><\/div>\n<div class=\"item item-6\">\n<section class=\"image-item\"><img src=\"https:\/\/upload.cdn.baselinker.com\/products\/3028621\/d6ede9493d392ae2115fd64698fedd1f.jpg\"><\/section>\n<\/p><\/div>\n<\/section>\n<section class=\"section\">\n<div class=\"item item-6\">\n<section class=\"image-item\"><img src=\"https:\/\/upload.cdn.baselinker.com\/products\/3028621\/53746de761d185dca3074dfc17e8d292.jpg\"><\/section>\n<\/p><\/div>\n<div class=\"item item-6\">\n<section class=\"text-item\">\n<p>Wk\u0142ad wewn\u0119trzny do doniczek pozwala na zmniejszenie przestrzeni wewn\u0119trznej a tym samy wykorzystanie mniejszej ilo\u015bci ziemi.<\/p>\n<p>Specyfikacja wk\u0142adu:<\/p>\n<ul>\n<li>\u015brednica g\u00f3ry &#8211; 25 cm<\/li>\n<li>\u015brednica podstawy &#8211; 21 cm<\/li>\n<li>wysoko\u015b\u0107 &#8211; 21,5 cm<\/li>\n<li>pojemno\u015b\u0107 &#8211; 8,2 l<\/li>\n<li>materia\u0142 &#8211; tworzywo sztuczne<\/li>\n<\/ul>\n<\/section><\/div>\n<\/section>\n<section class=\"section\">\n<div class=\"item item-6\">\n<section class=\"text-item\">\n<p><b>Producent:<\/b><\/p>\n<\/section><\/div>\n<div class=\"item item-6\">\n<section class=\"image-item\"><img src=\"https:\/\/upload.cdn.baselinker.com\/products\/3028621\/a5ca62f297b54b66e2e5c4fd1097fd2a.jpg\"><\/section>\n<\/p><\/div>\n<\/section>\n<section class=\"section\">\n<div class=\"item item-12\">\n<section class=\"text-item\">\n<p>Doniczki wykonane z trwa\u0142ego plastiku, kt\u00f3ry imituje beton. Nowoczesny design, doda ka\u017cdemu wn\u0119trzu stylu i elegancji. Mog\u0105 s\u0142u\u017cy\u0107 jako os\u0142onki, ale tak\u017ce jako doniczki.<\/p>\n<ul>\n<li>Charakteryzuje si\u0119 zgrabn\u0105, form\u0105 zw\u0119\u017can\u0105 ku do\u0142owi.<\/li>\n<li>Lekka i nowoczesna,<\/li>\n<li>Stanowi elegancki i stylowy element zar\u00f3wno we wn\u0119trzach nowoczesnych, jak i tradycyjnych.<\/li>\n<li>\u0141atwa w utrzymaniu czysto\u015bci.<\/li>\n<li>Odporna na dzia\u0142anie warunk\u00f3w atmosferycznych i promieni UV.<\/li>\n<\/ul>\n<p><b>Mo\u017cemy j\u0105 umie\u015bci\u0107:<\/b><\/p>\n<ul>\n<li>w domu<\/li>\n<li>przestronnym wn\u0119trzu<\/li>\n<li>na tarasie<\/li>\n<li>na balkonie<\/li>\n<li>w ogrodzie<\/li>\n<\/ul>\n<\/section><\/div>\n<\/section>\n<section class=\"section\">\n<div class=\"item item-12\">\n<section class=\"image-item\"><img src=\"https:\/\/upload.cdn.baselinker.com\/products\/3028621\/650c8b78824f9d6eca1379c2adfc8115.jpg\"><\/section>\n<\/p><\/div>\n<\/section>\n<section class=\"section\">\n<div class=\"item item-12\">\n<section class=\"image-item\"><img src=\"https:\/\/upload.cdn.baselinker.com\/products\/3028621\/0e459695c9a30b4b28b88ee11c39a6ae.jpg\"><\/section>\n<\/p><\/div>\n<\/section>\n<section class=\"section\">\n<div class=\"item item-6\">\n<section class=\"image-item\"><img src=\"https:\/\/upload.cdn.baselinker.com\/products\/3028621\/d6ede9493d392ae2115fd64698fedd1f.jpg\"><\/section>\n<\/p><\/div>\n<div class=\"item item-6\">\n<section class=\"text-item\">\n<ul>\n<li><b>Stan:<\/b> Nowy<\/li>\n<li><b>Kolor:<\/b> szary<\/li>\n<li><b>\u015arednica:<\/b> 20<\/li>\n<li><b>Kszta\u0142t:<\/b> Okr\u0105g\u0142y<\/li>\n<li><b>Waga produktu z opakowaniem jednostkowym:<\/b> 0.8<\/li>\n<li><b>Materia\u0142 wykonania:<\/b> tworzywo sztuczne<\/li>\n<li><b>Kod producenta:<\/b> DTUS200E-422U<\/li>\n<li><b>EAN:<\/b> 5905197896670<\/li>\n<li><b>Wysoko\u015b\u0107:<\/b> 38.1<\/li>\n<li><b>Producent:<\/b> Prosperplast<\/li>\n<li><b>Szeroko\u015b\u0107 produktu:<\/b> 25<\/li>\n<li><b>D\u0142ugo\u015b\u0107 produktu:<\/b> 47.5<\/li>\n<\/ul>\n<\/section><\/div>\n<\/section>\n<section class=\"section\">\n<div class=\"item item-12\">\n<section class=\"image-item\"><img src=\"https:\/\/upload.cdn.baselinker.com\/products\/3028621\/53746de761d185dca3074dfc17e8d292.jpg\"><\/section>\n<\/p><\/div>\n<\/section>\n<section class=\"section\">\n<div class=\"item item-6\">\n<section class=\"image-item\"><img src=\"https:\/\/upload.cdn.baselinker.com\/products\/3028621\/a5ca62f297b54b66e2e5c4fd1097fd2a.jpg\"><\/section>\n<\/p><\/div>\n<div class=\"item item-6\">\n<section class=\"image-item\"><img src=\"https:\/\/upload.cdn.baselinker.com\/products\/3028621\/650c8b78824f9d6eca1379c2adfc8115.jpg\"><\/section>\n<\/p><\/div>\n<\/section>\n<section class=\"section\">\n<div class=\"item item-12\">\n<section class=\"image-item\"><img src=\"https:\/\/upload.cdn.baselinker.com\/products\/3028621\/0e459695c9a30b4b28b88ee11c39a6ae.jpg\"><\/section>\n<\/p><\/div>\n<\/section>\n","protected":false},"excerpt":{"rendered":"<p>Doniczka wysoka Tubus DTUS250E Donica + wk\u0142ad Prosperplast Doniczka wysoka Effect Tubus DTUS250E z wk\u0142adem &#8211; Beton Specyfikacja doniczki: \u015brednica g\u00f3ry &#8211; 25 cm \u015brednica podstawy &#8211; 16,5 cm wysoko\u015b\u0107 &#8211; 47,5 cm pojemno\u015b\u0107 &#8211; 15,5 l materia\u0142 &#8211; tworzywo sztuczne Zestaw zawiera: os\u0142onk\u0119 Beton Tubus wk\u0142ad wewn\u0119trzny Wk\u0142ad wewn\u0119trzny do doniczek pozwala na zmniejszenie &#8230; <a title=\"Doniczka wysoka Effect Tubus DTUS250E + wk\u0142ad | Beton\" class=\"read-more\" href=\"https:\/\/admincentral.selleetools.com\/pl\/product\/doniczka-wysoka-effect-tubus-dtus250e-wklad-beton\/\">Read more<span class=\"screen-reader-text\">Doniczka wysoka Effect Tubus DTUS250E + wk\u0142ad | Beton<\/span><\/a><\/p>\n","protected":false},"featured_media":671804,"comment_status":"open","ping_status":"closed","template":"","meta":{"_links_to":"","_links_to_target":""},"yoast_head":"<!-- This site is optimized with the Yoast SEO plugin v19.4 - https:\/\/yoast.com\/wordpress\/plugins\/seo\/ -->\n<title>Doniczka wysoka Effect Tubus DTUS250E + wk\u0142ad | Beton - Selleetools.com<\/title>\n<meta name=\"robots\" content=\"index, follow, max-snippet:-1, max-image-preview:large, max-video-preview:-1\" \/>\n<link rel=\"canonical\" href=\"https:\/\/admincentral.selleetools.com\/pl\/product\/doniczka-wysoka-effect-tubus-dtus250e-wklad-beton\/\" \/>\n<meta property=\"og:locale\" content=\"pl_PL\" \/>\n<meta property=\"og:type\" content=\"article\" \/>\n<meta property=\"og:title\" content=\"Doniczka wysoka Effect Tubus DTUS250E + wk\u0142ad | Beton - Selleetools.com\" \/>\n<meta property=\"og:description\" content=\"Doniczka wysoka Tubus DTUS250E Donica + wk\u0142ad Prosperplast Doniczka wysoka Effect Tubus DTUS250E z wk\u0142adem &#8211; Beton Specyfikacja doniczki: \u015brednica g\u00f3ry &#8211; 25 cm \u015brednica podstawy &#8211; 16,5 cm wysoko\u015b\u0107 &#8211; 47,5 cm pojemno\u015b\u0107 &#8211; 15,5 l materia\u0142 &#8211; tworzywo sztuczne Zestaw zawiera: os\u0142onk\u0119 Beton Tubus wk\u0142ad wewn\u0119trzny Wk\u0142ad wewn\u0119trzny do doniczek pozwala na zmniejszenie ... Read moreDoniczka wysoka Effect Tubus DTUS250E + wk\u0142ad | Beton\" \/>\n<meta property=\"og:url\" content=\"https:\/\/admincentral.selleetools.com\/pl\/product\/doniczka-wysoka-effect-tubus-dtus250e-wklad-beton\/\" \/>\n<meta property=\"og:site_name\" content=\"Selleetools.com\" \/>\n<meta property=\"article:modified_time\" content=\"2026-04-09T15:38:53+00:00\" \/>\n<meta property=\"og:image\" content=\"https:\/\/selleetools.com\/wp-content\/uploads\/2026\/02\/d6ede9493d392ae2115fd64698fedd1f.jpg\" \/>\n\t<meta property=\"og:image:width\" content=\"993\" \/>\n\t<meta property=\"og:image:height\" content=\"1000\" \/>\n\t<meta property=\"og:image:type\" content=\"image\/jpeg\" \/>\n<meta name=\"twitter:card\" content=\"summary_large_image\" \/>\n<meta name=\"twitter:label1\" content=\"Est. reading time\" \/>\n\t<meta name=\"twitter:data1\" content=\"1 minuta\" \/>\n<!-- \/ Yoast SEO plugin. -->","yoast_head_json":{"title":"Doniczka wysoka Effect Tubus DTUS250E + wk\u0142ad | Beton - Selleetools.com","robots":{"index":"index","follow":"follow","max-snippet":"max-snippet:-1","max-image-preview":"max-image-preview:large","max-video-preview":"max-video-preview:-1"},"canonical":"https:\/\/admincentral.selleetools.com\/pl\/product\/doniczka-wysoka-effect-tubus-dtus250e-wklad-beton\/","og_locale":"pl_PL","og_type":"article","og_title":"Doniczka wysoka Effect Tubus DTUS250E + wk\u0142ad | Beton - Selleetools.com","og_description":"Doniczka wysoka Tubus DTUS250E Donica + wk\u0142ad Prosperplast Doniczka wysoka Effect Tubus DTUS250E z wk\u0142adem &#8211; Beton Specyfikacja doniczki: \u015brednica g\u00f3ry &#8211; 25 cm \u015brednica podstawy &#8211; 16,5 cm wysoko\u015b\u0107 &#8211; 47,5 cm pojemno\u015b\u0107 &#8211; 15,5 l materia\u0142 &#8211; tworzywo sztuczne Zestaw zawiera: os\u0142onk\u0119 Beton Tubus wk\u0142ad wewn\u0119trzny Wk\u0142ad wewn\u0119trzny do doniczek pozwala na zmniejszenie ... Read moreDoniczka wysoka Effect Tubus DTUS250E + wk\u0142ad | Beton","og_url":"https:\/\/admincentral.selleetools.com\/pl\/product\/doniczka-wysoka-effect-tubus-dtus250e-wklad-beton\/","og_site_name":"Selleetools.com","article_modified_time":"2026-04-09T15:38:53+00:00","og_image":[{"width":993,"height":1000,"url":"https:\/\/selleetools.com\/wp-content\/uploads\/2026\/02\/d6ede9493d392ae2115fd64698fedd1f.jpg","type":"image\/jpeg"}],"twitter_card":"summary_large_image","twitter_misc":{"Est. reading time":"1 minuta"},"schema":{"@context":"https:\/\/schema.org","@graph":[{"@type":"Organization","@id":"https:\/\/selleetools.com\/#organization","name":"Selleetools","url":"https:\/\/selleetools.com\/","sameAs":[],"logo":{"@type":"ImageObject","inLanguage":"pl-PL","@id":"https:\/\/selleetools.com\/#\/schema\/logo\/image\/","url":"https:\/\/selleetools.com\/wp-content\/uploads\/2021\/10\/logo-dark.png","contentUrl":"https:\/\/selleetools.com\/wp-content\/uploads\/2021\/10\/logo-dark.png","width":320,"height":76,"caption":"Selleetools"},"image":{"@id":"https:\/\/selleetools.com\/#\/schema\/logo\/image\/"}},{"@type":"WebSite","@id":"https:\/\/selleetools.com\/#website","url":"https:\/\/selleetools.com\/","name":"Selleetools.com","description":"","publisher":{"@id":"https:\/\/selleetools.com\/#organization"},"potentialAction":[{"@type":"SearchAction","target":{"@type":"EntryPoint","urlTemplate":"https:\/\/selleetools.com\/?s={search_term_string}"},"query-input":"required name=search_term_string"}],"inLanguage":"pl-PL"},{"@type":"WebPage","@id":"https:\/\/admincentral.selleetools.com\/pl\/product\/doniczka-wysoka-effect-tubus-dtus250e-wklad-beton\/","url":"https:\/\/admincentral.selleetools.com\/pl\/product\/doniczka-wysoka-effect-tubus-dtus250e-wklad-beton\/","name":"Doniczka wysoka Effect Tubus DTUS250E + wk\u0142ad | Beton - Selleetools.com","isPartOf":{"@id":"https:\/\/selleetools.com\/#website"},"datePublished":"2026-02-19T14:51:20+00:00","dateModified":"2026-04-09T15:38:53+00:00","breadcrumb":{"@id":"https:\/\/admincentral.selleetools.com\/pl\/product\/doniczka-wysoka-effect-tubus-dtus250e-wklad-beton\/#breadcrumb"},"inLanguage":"pl-PL","potentialAction":[{"@type":"ReadAction","target":["https:\/\/admincentral.selleetools.com\/pl\/product\/doniczka-wysoka-effect-tubus-dtus250e-wklad-beton\/"]}]},{"@type":"BreadcrumbList","@id":"https:\/\/admincentral.selleetools.com\/pl\/product\/doniczka-wysoka-effect-tubus-dtus250e-wklad-beton\/#breadcrumb","itemListElement":[{"@type":"ListItem","position":1,"name":"Home","item":"https:\/\/selleetools.com\/pl\/"},{"@type":"ListItem","position":2,"name":"Katalog","item":"https:\/\/selleetools.com\/pl\/katalog\/"},{"@type":"ListItem","position":3,"name":"Doniczka wysoka Effect Tubus DTUS250E + wk\u0142ad | Beton"}]}]}},"_links":{"self":[{"href":"https:\/\/admincentral.selleetools.com\/pl\/wp-json\/wp\/v2\/product\/671814"}],"collection":[{"href":"https:\/\/admincentral.selleetools.com\/pl\/wp-json\/wp\/v2\/product"}],"about":[{"href":"https:\/\/admincentral.selleetools.com\/pl\/wp-json\/wp\/v2\/types\/product"}],"replies":[{"embeddable":true,"href":"https:\/\/admincentral.selleetools.com\/pl\/wp-json\/wp\/v2\/comments?post=671814"}],"wp:featuredmedia":[{"embeddable":true,"href":"https:\/\/admincentral.selleetools.com\/pl\/wp-json\/wp\/v2\/media\/671804"}],"wp:attachment":[{"href":"https:\/\/admincentral.selleetools.com\/pl\/wp-json\/wp\/v2\/media?parent=671814"}],"curies":[{"name":"wp","href":"https:\/\/api.w.org\/{rel}","templated":true}]}}