{"id":671838,"date":"2026-02-19T15:51:31","date_gmt":"2026-02-19T14:51:31","guid":{"rendered":"https:\/\/selleetools.com\/?post_type=product&#038;p=671838"},"modified":"2026-04-18T15:58:30","modified_gmt":"2026-04-18T13:58:30","slug":"podstawka-wielofunkcyjna-ociekacz-pod-buty-patrol","status":"publish","type":"product","link":"https:\/\/admincentral.selleetools.com\/pl\/product\/podstawka-wielofunkcyjna-ociekacz-pod-buty-patrol\/","title":{"rendered":"Podstawka wielofunkcyjna, ociekacz pod buty PATROL"},"content":{"rendered":"<p>Podstawka wielofunkcyjna &#8211; ociekacz pod buty &#8211; PG45759<br \/>\nSpecyfikacja:<br \/>\n &#8211; d\u0142ugo\u015b\u0107 &#8211; 76 cm<br \/>\n &#8211; szeroko\u015b\u0107 &#8211; 38,4 cm<br \/>\n &#8211; wysoko\u015b\u0107 &#8211;\u00a0 3,2 cm<br \/>\nInformacje dodatkowe:<br \/>\n &#8211; sztywna<br \/>\n &#8211; bardzo wytrzyma\u0142a<br \/>\n &#8211; wysoka kraw\u0119d\u017a chroni pod\u0142og\u0119 przed nadmiarem nagromadzonej wody oraz bezpiecznie pozwala opr\u00f3\u017cni\u0107 nagromadzon\u0105 wod\u0119, ziemi\u0119, farb\u0119 i inne<br \/>\n &#8211; \u0142atwa w utrzymaniu czysto\u015bci<br \/>\n &#8211; specjalne wypustki na spodzie zapewniaj\u0105 lepsz\u0105 stabilno\u015b\u0107 oraz zapobiegaj\u0105 \u015blizganiu si\u0119 podstawki w baga\u017cniku czy na wyk\u0142adzinie<br \/>\nDo u\u017cytku wewn\u0105trz i na zewn\u0105trz pomieszcze\u0144:<br \/>\n &#8211; korytarz,<br \/>\n &#8211; pok\u00f3j dzieci\u0119cy,<br \/>\n &#8211; biuro,<br \/>\n &#8211; pracownia,<br \/>\n &#8211; balkon,<br \/>\n &#8211; gara\u017c,<br \/>\n &#8211; warsztat,<br \/>\n &#8211; piwnica,<br \/>\n &#8211; cmentarz,<br \/>\n &#8211; baga\u017cnik\u00a0<br \/>\n &#8211; inne.<\/p>\n<p>Z \u0142atwo\u015bci\u0105 pomie\u015bci:<br \/>\n &#8211; kilka par but\u00f3w,<br \/>\n &#8211; doniczki z kwiatami,<br \/>\n &#8211; wiaderka farby,<br \/>\n &#8211; worki z\u00a0warzywami,<br \/>\n &#8211; miski z wod\u0105\u00a0<br \/>\n &#8211; przek\u0105ski dla zwierzak\u00f3w<\/p>\n<p>Producent:<\/p>\n<p>Podstawka wielofunkcyjna &#8211; ociekacz pod buty &#8211; PG45759<br \/>\nSpecyfikacja:<br \/>\n &#8211; d\u0142ugo\u015b\u0107 &#8211; 76 cm<br \/>\n &#8211; szeroko\u015b\u0107 &#8211; 38,4 cm<br \/>\n &#8211; wysoko\u015b\u0107 &#8211;\u00a0 3,2 cm<br \/>\nInformacje dodatkowe:<br \/>\n &#8211; sztywna<br \/>\n &#8211; bardzo wytrzyma\u0142a<br \/>\n &#8211; wysoka kraw\u0119d\u017a chroni pod\u0142og\u0119 przed nadmiarem nagromadzonej wody oraz bezpiecznie pozwala opr\u00f3\u017cni\u0107 nagromadzon\u0105 wod\u0119, ziemi\u0119, farb\u0119 i inne<br \/>\n &#8211; \u0142atwa w utrzymaniu czysto\u015bci<br \/>\n &#8211; specjalne wypustki na spodzie zapewniaj\u0105 lepsz\u0105 stabilno\u015b\u0107 oraz zapobiegaj\u0105 \u015blizganiu si\u0119 podstawki w baga\u017cniku czy na wyk\u0142adzinie<br \/>\nDo u\u017cytku wewn\u0105trz i na zewn\u0105trz pomieszcze\u0144:<br \/>\n &#8211; korytarz,<br \/>\n &#8211; pok\u00f3j dzieci\u0119cy,<br \/>\n &#8211; biuro,<br \/>\n &#8211; pracownia,<br \/>\n &#8211; balkon,<br \/>\n &#8211; gara\u017c,<br \/>\n &#8211; warsztat,<br \/>\n &#8211; piwnica,<br \/>\n &#8211; cmentarz,<br \/>\n &#8211; baga\u017cnik\u00a0<br \/>\n &#8211; inne.<\/p>\n<p>Z \u0142atwo\u015bci\u0105 pomie\u015bci:<br \/>\n &#8211; kilka par but\u00f3w,<br \/>\n &#8211; doniczki z kwiatami,<br \/>\n &#8211; wiaderka farby,<br \/>\n &#8211; worki z\u00a0warzywami,<br \/>\n &#8211; miski z wod\u0105\u00a0<br \/>\n &#8211; przek\u0105ski dla zwierzak\u00f3w<\/p>\n<p>Producent:<\/p>\n","protected":false},"excerpt":{"rendered":"<p>Podstawka wielofunkcyjna &#8211; ociekacz pod buty &#8211; PG45759 Specyfikacja: &#8211; d\u0142ugo\u015b\u0107 &#8211; 76 cm &#8211; szeroko\u015b\u0107 &#8211; 38,4 cm &#8211; wysoko\u015b\u0107 &#8211;\u00a0 3,2 cm Informacje dodatkowe: &#8211; sztywna &#8211; bardzo wytrzyma\u0142a &#8211; wysoka kraw\u0119d\u017a chroni pod\u0142og\u0119 przed nadmiarem nagromadzonej wody oraz bezpiecznie pozwala opr\u00f3\u017cni\u0107 nagromadzon\u0105 wod\u0119, ziemi\u0119, farb\u0119 i inne &#8211; \u0142atwa w utrzymaniu czysto\u015bci &#8230; <a title=\"Podstawka wielofunkcyjna, ociekacz pod buty PATROL\" class=\"read-more\" href=\"https:\/\/admincentral.selleetools.com\/pl\/product\/podstawka-wielofunkcyjna-ociekacz-pod-buty-patrol\/\">Read more<span class=\"screen-reader-text\">Podstawka wielofunkcyjna, ociekacz pod buty PATROL<\/span><\/a><\/p>\n","protected":false},"featured_media":671826,"comment_status":"open","ping_status":"closed","template":"","meta":{"_links_to":"","_links_to_target":""},"yoast_head":"<!-- This site is optimized with the Yoast SEO plugin v19.4 - https:\/\/yoast.com\/wordpress\/plugins\/seo\/ -->\n<title>Podstawka wielofunkcyjna, ociekacz pod buty PATROL - Selleetools.com<\/title>\n<meta name=\"robots\" content=\"index, follow, max-snippet:-1, max-image-preview:large, max-video-preview:-1\" \/>\n<link rel=\"canonical\" href=\"https:\/\/selleetools.com\/pl\/product\/podstawka-wielofunkcyjna-ociekacz-pod-buty-patrol\/\" \/>\n<meta property=\"og:locale\" content=\"pl_PL\" \/>\n<meta property=\"og:type\" content=\"article\" \/>\n<meta property=\"og:title\" content=\"Podstawka wielofunkcyjna, ociekacz pod buty PATROL - Selleetools.com\" \/>\n<meta property=\"og:description\" content=\"Podstawka wielofunkcyjna &#8211; ociekacz pod buty &#8211; PG45759 Specyfikacja: &#8211; d\u0142ugo\u015b\u0107 &#8211; 76 cm &#8211; szeroko\u015b\u0107 &#8211; 38,4 cm &#8211; wysoko\u015b\u0107 &#8211;\u00a0 3,2 cm Informacje dodatkowe: &#8211; sztywna &#8211; bardzo wytrzyma\u0142a &#8211; wysoka kraw\u0119d\u017a chroni pod\u0142og\u0119 przed nadmiarem nagromadzonej wody oraz bezpiecznie pozwala opr\u00f3\u017cni\u0107 nagromadzon\u0105 wod\u0119, ziemi\u0119, farb\u0119 i inne &#8211; \u0142atwa w utrzymaniu czysto\u015bci ... Read morePodstawka wielofunkcyjna, ociekacz pod buty PATROL\" \/>\n<meta property=\"og:url\" content=\"https:\/\/selleetools.com\/pl\/product\/podstawka-wielofunkcyjna-ociekacz-pod-buty-patrol\/\" \/>\n<meta property=\"og:site_name\" content=\"Selleetools.com\" \/>\n<meta property=\"article:modified_time\" content=\"2026-04-18T13:58:30+00:00\" \/>\n<meta property=\"og:image\" content=\"https:\/\/selleetools.com\/wp-content\/uploads\/2026\/02\/574552cdce27461e58a6324e3d4666b8.jpg\" \/>\n\t<meta property=\"og:image:width\" content=\"1500\" \/>\n\t<meta property=\"og:image:height\" content=\"1500\" \/>\n\t<meta property=\"og:image:type\" content=\"image\/jpeg\" \/>\n<meta name=\"twitter:card\" content=\"summary_large_image\" \/>\n<meta name=\"twitter:label1\" content=\"Est. reading time\" \/>\n\t<meta name=\"twitter:data1\" content=\"1 minuta\" \/>\n<!-- \/ Yoast SEO plugin. -->","yoast_head_json":{"title":"Podstawka wielofunkcyjna, ociekacz pod buty PATROL - Selleetools.com","robots":{"index":"index","follow":"follow","max-snippet":"max-snippet:-1","max-image-preview":"max-image-preview:large","max-video-preview":"max-video-preview:-1"},"canonical":"https:\/\/selleetools.com\/pl\/product\/podstawka-wielofunkcyjna-ociekacz-pod-buty-patrol\/","og_locale":"pl_PL","og_type":"article","og_title":"Podstawka wielofunkcyjna, ociekacz pod buty PATROL - Selleetools.com","og_description":"Podstawka wielofunkcyjna &#8211; ociekacz pod buty &#8211; PG45759 Specyfikacja: &#8211; d\u0142ugo\u015b\u0107 &#8211; 76 cm &#8211; szeroko\u015b\u0107 &#8211; 38,4 cm &#8211; wysoko\u015b\u0107 &#8211;\u00a0 3,2 cm Informacje dodatkowe: &#8211; sztywna &#8211; bardzo wytrzyma\u0142a &#8211; wysoka kraw\u0119d\u017a chroni pod\u0142og\u0119 przed nadmiarem nagromadzonej wody oraz bezpiecznie pozwala opr\u00f3\u017cni\u0107 nagromadzon\u0105 wod\u0119, ziemi\u0119, farb\u0119 i inne &#8211; \u0142atwa w utrzymaniu czysto\u015bci ... Read morePodstawka wielofunkcyjna, ociekacz pod buty PATROL","og_url":"https:\/\/selleetools.com\/pl\/product\/podstawka-wielofunkcyjna-ociekacz-pod-buty-patrol\/","og_site_name":"Selleetools.com","article_modified_time":"2026-04-18T13:58:30+00:00","og_image":[{"width":1500,"height":1500,"url":"https:\/\/selleetools.com\/wp-content\/uploads\/2026\/02\/574552cdce27461e58a6324e3d4666b8.jpg","type":"image\/jpeg"}],"twitter_card":"summary_large_image","twitter_misc":{"Est. reading time":"1 minuta"},"schema":{"@context":"https:\/\/schema.org","@graph":[{"@type":"Organization","@id":"https:\/\/selleetools.com\/#organization","name":"Selleetools","url":"https:\/\/selleetools.com\/","sameAs":[],"logo":{"@type":"ImageObject","inLanguage":"pl-PL","@id":"https:\/\/selleetools.com\/#\/schema\/logo\/image\/","url":"https:\/\/selleetools.com\/wp-content\/uploads\/2021\/10\/logo-dark.png","contentUrl":"https:\/\/selleetools.com\/wp-content\/uploads\/2021\/10\/logo-dark.png","width":320,"height":76,"caption":"Selleetools"},"image":{"@id":"https:\/\/selleetools.com\/#\/schema\/logo\/image\/"}},{"@type":"WebSite","@id":"https:\/\/selleetools.com\/#website","url":"https:\/\/selleetools.com\/","name":"Selleetools.com","description":"","publisher":{"@id":"https:\/\/selleetools.com\/#organization"},"potentialAction":[{"@type":"SearchAction","target":{"@type":"EntryPoint","urlTemplate":"https:\/\/selleetools.com\/?s={search_term_string}"},"query-input":"required name=search_term_string"}],"inLanguage":"pl-PL"},{"@type":"WebPage","@id":"https:\/\/selleetools.com\/pl\/product\/podstawka-wielofunkcyjna-ociekacz-pod-buty-patrol\/","url":"https:\/\/selleetools.com\/pl\/product\/podstawka-wielofunkcyjna-ociekacz-pod-buty-patrol\/","name":"Podstawka wielofunkcyjna, ociekacz pod buty PATROL - Selleetools.com","isPartOf":{"@id":"https:\/\/selleetools.com\/#website"},"datePublished":"2026-02-19T14:51:31+00:00","dateModified":"2026-04-18T13:58:30+00:00","breadcrumb":{"@id":"https:\/\/selleetools.com\/pl\/product\/podstawka-wielofunkcyjna-ociekacz-pod-buty-patrol\/#breadcrumb"},"inLanguage":"pl-PL","potentialAction":[{"@type":"ReadAction","target":["https:\/\/selleetools.com\/pl\/product\/podstawka-wielofunkcyjna-ociekacz-pod-buty-patrol\/"]}]},{"@type":"BreadcrumbList","@id":"https:\/\/selleetools.com\/pl\/product\/podstawka-wielofunkcyjna-ociekacz-pod-buty-patrol\/#breadcrumb","itemListElement":[{"@type":"ListItem","position":1,"name":"Home","item":"https:\/\/selleetools.com\/pl\/"},{"@type":"ListItem","position":2,"name":"Katalog","item":"https:\/\/selleetools.com\/pl\/katalog\/"},{"@type":"ListItem","position":3,"name":"Podstawka wielofunkcyjna, ociekacz pod buty PATROL"}]}]}},"_links":{"self":[{"href":"https:\/\/admincentral.selleetools.com\/pl\/wp-json\/wp\/v2\/product\/671838"}],"collection":[{"href":"https:\/\/admincentral.selleetools.com\/pl\/wp-json\/wp\/v2\/product"}],"about":[{"href":"https:\/\/admincentral.selleetools.com\/pl\/wp-json\/wp\/v2\/types\/product"}],"replies":[{"embeddable":true,"href":"https:\/\/admincentral.selleetools.com\/pl\/wp-json\/wp\/v2\/comments?post=671838"}],"wp:featuredmedia":[{"embeddable":true,"href":"https:\/\/admincentral.selleetools.com\/pl\/wp-json\/wp\/v2\/media\/671826"}],"wp:attachment":[{"href":"https:\/\/admincentral.selleetools.com\/pl\/wp-json\/wp\/v2\/media?parent=671838"}],"curies":[{"name":"wp","href":"https:\/\/api.w.org\/{rel}","templated":true}]}}