{"id":672062,"date":"2026-02-19T15:53:38","date_gmt":"2026-02-19T14:53:38","guid":{"rendered":"https:\/\/selleetools.com\/?post_type=product&#038;p=672062"},"modified":"2026-04-18T15:53:50","modified_gmt":"2026-04-18T13:53:50","slug":"doniczka-okragla-tomato-grower-400","status":"publish","type":"product","link":"https:\/\/admincentral.selleetools.com\/pl\/product\/doniczka-okragla-tomato-grower-400\/","title":{"rendered":"Doniczka okr\u0105g\u0142a Tomato Grower 400"},"content":{"rendered":"<p>Doniczka okr\u0105g\u0142a Tomato Grower 400 &#8211; Antracyt<br \/>\nSpecyfikacja:<br \/>\n &#8211; \u015brednica &#8211; 39,2cm<br \/>\n &#8211; wysoko\u015b\u0107 &#8211; 31,5cm<br \/>\n &#8211; wysoko\u015b\u0107 ca\u0142kowita &#8211; 153cm<br \/>\n &#8211; pojemno\u015b\u0107 &#8211; 28l<br \/>\n &#8211; materia\u0142 &#8211; tworzywo sztuczne<br \/>\nDoniczka, kt\u00f3ra zapewnia optymalne warunki wzrostu pomidorowych krzew\u00f3w. Stela\u017c wyposa\u017cony zosta\u0142 w pier\u015bcienie, kt\u00f3re otaczaj\u0105c ro\u015blin\u0119, stabilizuj\u0105 plon.<\/p>\n<p>W sk\u0142ad zestawu wchodzi:<br \/>\n &#8211; doniczka wykonana z wysokiej jako\u015bci tworzywa sztucznego z otworem umo\u017cliwiaj\u0105cym bezpo\u015brednie podlewanie bry\u0142y korzennej,<br \/>\n &#8211; cztery pier\u015bcienie stabilizuj\u0105ce,<br \/>\n &#8211; trzy pr\u0119ty do mocowania pier\u015bcieni,<br \/>\n &#8211; trzy klipsy do mocowania pr\u0119t\u00f3w<br \/>\n &#8211; zasobnik na wod\u0119 .<\/p>\n<p>Producent:<\/p>\n<p>Wymagania\u00a0pomidor\u00f3w doniczkowych<br \/>\nS\u0142oneczne stanowisko jest niezb\u0119dne, aby pomidory rodzi\u0142y du\u017ce, czerwone i s\u0142odkie.<br \/>\nNajwi\u0119cej s\u0142o\u0144ca b\u0119dzie na balkonie po\u0142udniowym.<br \/>\nZ uwagi na d\u0142ugi okres wegetacyjny oraz dlatego, \u017ce pomidory to ro\u015bliny ciep\u0142olubne, uprawia si\u0119 je jedynie z rozsady przygotowywanej ju\u017c od lutego w ogrzewanych pomieszczeniach. Gotow\u0105 rozsad\u0119 (tzw. sadzonki) mo\u017cna kupi\u0107 ju\u017c od pocz\u0105tku maja w wi\u0119kszo\u015bci sklep\u00f3w ogrodniczych lub na bazarach. Na miejsce sta\u0142e pomidory w doniczkach wystawiamy dopiero po 15 maja, kiedy to minie ryzyko przymrozk\u00f3w.<\/p>\n<p>Doniczka okr\u0105g\u0142a Tomato Grower 400 &#8211; Antracyt<br \/>\nSpecyfikacja:<br \/>\n &#8211; \u015brednica &#8211; 39,2cm<br \/>\n &#8211; wysoko\u015b\u0107 &#8211; 31,5cm<br \/>\n &#8211; wysoko\u015b\u0107 ca\u0142kowita &#8211; 153cm<br \/>\n &#8211; pojemno\u015b\u0107 &#8211; 28l<br \/>\n &#8211; materia\u0142 &#8211; tworzywo sztuczne<br \/>\nDoniczka, kt\u00f3ra zapewnia optymalne warunki wzrostu pomidorowych krzew\u00f3w. Stela\u017c wyposa\u017cony zosta\u0142 w pier\u015bcienie, kt\u00f3re otaczaj\u0105c ro\u015blin\u0119, stabilizuj\u0105 plon.<\/p>\n<p>W sk\u0142ad zestawu wchodzi:<br \/>\n &#8211; doniczka wykonana z wysokiej jako\u015bci tworzywa sztucznego z otworem umo\u017cliwiaj\u0105cym bezpo\u015brednie podlewanie bry\u0142y korzennej,<br \/>\n &#8211; cztery pier\u015bcienie stabilizuj\u0105ce,<br \/>\n &#8211; trzy pr\u0119ty do mocowania pier\u015bcieni,<br \/>\n &#8211; trzy klipsy do mocowania pr\u0119t\u00f3w<br \/>\n &#8211; zasobnik na wod\u0119 .<\/p>\n<p>Producent:<\/p>\n<p>Wymagania\u00a0pomidor\u00f3w doniczkowych<br \/>\nS\u0142oneczne stanowisko jest niezb\u0119dne, aby pomidory rodzi\u0142y du\u017ce, czerwone i s\u0142odkie.<br \/>\nNajwi\u0119cej s\u0142o\u0144ca b\u0119dzie na balkonie po\u0142udniowym.<br \/>\nZ uwagi na d\u0142ugi okres wegetacyjny oraz dlatego, \u017ce pomidory to ro\u015bliny ciep\u0142olubne, uprawia si\u0119 je jedynie z rozsady przygotowywanej ju\u017c od lutego w ogrzewanych pomieszczeniach. Gotow\u0105 rozsad\u0119 (tzw. sadzonki) mo\u017cna kupi\u0107 ju\u017c od pocz\u0105tku maja w wi\u0119kszo\u015bci sklep\u00f3w ogrodniczych lub na bazarach. Na miejsce sta\u0142e pomidory w doniczkach wystawiamy dopiero po 15 maja, kiedy to minie ryzyko przymrozk\u00f3w.<\/p>\n","protected":false},"excerpt":{"rendered":"<p>Doniczka okr\u0105g\u0142a Tomato Grower 400 &#8211; Antracyt Specyfikacja: &#8211; \u015brednica &#8211; 39,2cm &#8211; wysoko\u015b\u0107 &#8211; 31,5cm &#8211; wysoko\u015b\u0107 ca\u0142kowita &#8211; 153cm &#8211; pojemno\u015b\u0107 &#8211; 28l &#8211; materia\u0142 &#8211; tworzywo sztuczne Doniczka, kt\u00f3ra zapewnia optymalne warunki wzrostu pomidorowych krzew\u00f3w. Stela\u017c wyposa\u017cony zosta\u0142 w pier\u015bcienie, kt\u00f3re otaczaj\u0105c ro\u015blin\u0119, stabilizuj\u0105 plon. W sk\u0142ad zestawu wchodzi: &#8211; doniczka wykonana &#8230; <a title=\"Doniczka okr\u0105g\u0142a Tomato Grower 400\" class=\"read-more\" href=\"https:\/\/admincentral.selleetools.com\/pl\/product\/doniczka-okragla-tomato-grower-400\/\">Read more<span class=\"screen-reader-text\">Doniczka okr\u0105g\u0142a Tomato Grower 400<\/span><\/a><\/p>\n","protected":false},"featured_media":672052,"comment_status":"open","ping_status":"closed","template":"","meta":{"_links_to":"","_links_to_target":""},"yoast_head":"<!-- This site is optimized with the Yoast SEO plugin v19.4 - https:\/\/yoast.com\/wordpress\/plugins\/seo\/ -->\n<title>Doniczka okr\u0105g\u0142a Tomato Grower 400 - Selleetools.com<\/title>\n<meta name=\"robots\" content=\"index, follow, max-snippet:-1, max-image-preview:large, max-video-preview:-1\" \/>\n<link rel=\"canonical\" href=\"https:\/\/selleetools.com\/pl\/product\/doniczka-okragla-tomato-grower-400\/\" \/>\n<meta property=\"og:locale\" content=\"pl_PL\" \/>\n<meta property=\"og:type\" content=\"article\" \/>\n<meta property=\"og:title\" content=\"Doniczka okr\u0105g\u0142a Tomato Grower 400 - Selleetools.com\" \/>\n<meta property=\"og:description\" content=\"Doniczka okr\u0105g\u0142a Tomato Grower 400 &#8211; Antracyt Specyfikacja: &#8211; \u015brednica &#8211; 39,2cm &#8211; wysoko\u015b\u0107 &#8211; 31,5cm &#8211; wysoko\u015b\u0107 ca\u0142kowita &#8211; 153cm &#8211; pojemno\u015b\u0107 &#8211; 28l &#8211; materia\u0142 &#8211; tworzywo sztuczne Doniczka, kt\u00f3ra zapewnia optymalne warunki wzrostu pomidorowych krzew\u00f3w. Stela\u017c wyposa\u017cony zosta\u0142 w pier\u015bcienie, kt\u00f3re otaczaj\u0105c ro\u015blin\u0119, stabilizuj\u0105 plon. W sk\u0142ad zestawu wchodzi: &#8211; doniczka wykonana ... Read moreDoniczka okr\u0105g\u0142a Tomato Grower 400\" \/>\n<meta property=\"og:url\" content=\"https:\/\/selleetools.com\/pl\/product\/doniczka-okragla-tomato-grower-400\/\" \/>\n<meta property=\"og:site_name\" content=\"Selleetools.com\" \/>\n<meta property=\"article:modified_time\" content=\"2026-04-18T13:53:50+00:00\" \/>\n<meta property=\"og:image\" content=\"https:\/\/selleetools.com\/wp-content\/uploads\/2026\/02\/84276b7b32c31da3114cb9211e226576.jpg\" \/>\n\t<meta property=\"og:image:width\" content=\"1290\" \/>\n\t<meta property=\"og:image:height\" content=\"2400\" \/>\n\t<meta property=\"og:image:type\" content=\"image\/jpeg\" \/>\n<meta name=\"twitter:card\" content=\"summary_large_image\" \/>\n<meta name=\"twitter:label1\" content=\"Est. reading time\" \/>\n\t<meta name=\"twitter:data1\" content=\"2 minuty\" \/>\n<!-- \/ Yoast SEO plugin. -->","yoast_head_json":{"title":"Doniczka okr\u0105g\u0142a Tomato Grower 400 - Selleetools.com","robots":{"index":"index","follow":"follow","max-snippet":"max-snippet:-1","max-image-preview":"max-image-preview:large","max-video-preview":"max-video-preview:-1"},"canonical":"https:\/\/selleetools.com\/pl\/product\/doniczka-okragla-tomato-grower-400\/","og_locale":"pl_PL","og_type":"article","og_title":"Doniczka okr\u0105g\u0142a Tomato Grower 400 - Selleetools.com","og_description":"Doniczka okr\u0105g\u0142a Tomato Grower 400 &#8211; Antracyt Specyfikacja: &#8211; \u015brednica &#8211; 39,2cm &#8211; wysoko\u015b\u0107 &#8211; 31,5cm &#8211; wysoko\u015b\u0107 ca\u0142kowita &#8211; 153cm &#8211; pojemno\u015b\u0107 &#8211; 28l &#8211; materia\u0142 &#8211; tworzywo sztuczne Doniczka, kt\u00f3ra zapewnia optymalne warunki wzrostu pomidorowych krzew\u00f3w. Stela\u017c wyposa\u017cony zosta\u0142 w pier\u015bcienie, kt\u00f3re otaczaj\u0105c ro\u015blin\u0119, stabilizuj\u0105 plon. W sk\u0142ad zestawu wchodzi: &#8211; doniczka wykonana ... Read moreDoniczka okr\u0105g\u0142a Tomato Grower 400","og_url":"https:\/\/selleetools.com\/pl\/product\/doniczka-okragla-tomato-grower-400\/","og_site_name":"Selleetools.com","article_modified_time":"2026-04-18T13:53:50+00:00","og_image":[{"width":1290,"height":2400,"url":"https:\/\/selleetools.com\/wp-content\/uploads\/2026\/02\/84276b7b32c31da3114cb9211e226576.jpg","type":"image\/jpeg"}],"twitter_card":"summary_large_image","twitter_misc":{"Est. reading time":"2 minuty"},"schema":{"@context":"https:\/\/schema.org","@graph":[{"@type":"Organization","@id":"https:\/\/selleetools.com\/#organization","name":"Selleetools","url":"https:\/\/selleetools.com\/","sameAs":[],"logo":{"@type":"ImageObject","inLanguage":"pl-PL","@id":"https:\/\/selleetools.com\/#\/schema\/logo\/image\/","url":"https:\/\/selleetools.com\/wp-content\/uploads\/2021\/10\/logo-dark.png","contentUrl":"https:\/\/selleetools.com\/wp-content\/uploads\/2021\/10\/logo-dark.png","width":320,"height":76,"caption":"Selleetools"},"image":{"@id":"https:\/\/selleetools.com\/#\/schema\/logo\/image\/"}},{"@type":"WebSite","@id":"https:\/\/selleetools.com\/#website","url":"https:\/\/selleetools.com\/","name":"Selleetools.com","description":"","publisher":{"@id":"https:\/\/selleetools.com\/#organization"},"potentialAction":[{"@type":"SearchAction","target":{"@type":"EntryPoint","urlTemplate":"https:\/\/selleetools.com\/?s={search_term_string}"},"query-input":"required name=search_term_string"}],"inLanguage":"pl-PL"},{"@type":"WebPage","@id":"https:\/\/selleetools.com\/pl\/product\/doniczka-okragla-tomato-grower-400\/","url":"https:\/\/selleetools.com\/pl\/product\/doniczka-okragla-tomato-grower-400\/","name":"Doniczka okr\u0105g\u0142a Tomato Grower 400 - Selleetools.com","isPartOf":{"@id":"https:\/\/selleetools.com\/#website"},"datePublished":"2026-02-19T14:53:38+00:00","dateModified":"2026-04-18T13:53:50+00:00","breadcrumb":{"@id":"https:\/\/selleetools.com\/pl\/product\/doniczka-okragla-tomato-grower-400\/#breadcrumb"},"inLanguage":"pl-PL","potentialAction":[{"@type":"ReadAction","target":["https:\/\/selleetools.com\/pl\/product\/doniczka-okragla-tomato-grower-400\/"]}]},{"@type":"BreadcrumbList","@id":"https:\/\/selleetools.com\/pl\/product\/doniczka-okragla-tomato-grower-400\/#breadcrumb","itemListElement":[{"@type":"ListItem","position":1,"name":"Home","item":"https:\/\/selleetools.com\/pl\/"},{"@type":"ListItem","position":2,"name":"Katalog","item":"https:\/\/selleetools.com\/pl\/katalog\/"},{"@type":"ListItem","position":3,"name":"Doniczka okr\u0105g\u0142a Tomato Grower 400"}]}]}},"_links":{"self":[{"href":"https:\/\/admincentral.selleetools.com\/pl\/wp-json\/wp\/v2\/product\/672062"}],"collection":[{"href":"https:\/\/admincentral.selleetools.com\/pl\/wp-json\/wp\/v2\/product"}],"about":[{"href":"https:\/\/admincentral.selleetools.com\/pl\/wp-json\/wp\/v2\/types\/product"}],"replies":[{"embeddable":true,"href":"https:\/\/admincentral.selleetools.com\/pl\/wp-json\/wp\/v2\/comments?post=672062"}],"wp:featuredmedia":[{"embeddable":true,"href":"https:\/\/admincentral.selleetools.com\/pl\/wp-json\/wp\/v2\/media\/672052"}],"wp:attachment":[{"href":"https:\/\/admincentral.selleetools.com\/pl\/wp-json\/wp\/v2\/media?parent=672062"}],"curies":[{"name":"wp","href":"https:\/\/api.w.org\/{rel}","templated":true}]}}