{"id":672094,"date":"2026-02-19T15:54:03","date_gmt":"2026-02-19T14:54:03","guid":{"rendered":"https:\/\/selleetools.com\/?post_type=product&#038;p=672094"},"modified":"2026-04-18T15:53:54","modified_gmt":"2026-04-18T13:53:54","slug":"biopon-obornik-granulowany-bydlecy-5l","status":"publish","type":"product","link":"https:\/\/admincentral.selleetools.com\/pl\/product\/biopon-obornik-granulowany-bydlecy-5l\/","title":{"rendered":"BIOPON Obornik granulowany bydl\u0119cy 5L"},"content":{"rendered":"<p>BIOPON Obornik granulowany bydl\u0119cy 5L (BI-105485)<br \/>\nPe\u0142nowarto\u015bciowy, naturalny i \u0142atwo przyswajalny naw\u00f3z produkowany z czystego obornika bydl\u0119cego, przeznaczony do nawo\u017cenia warzyw, drzew i krzew\u00f3w owocowych, trawnik\u00f3w, iglak\u00f3w i innych ro\u015blin ogrodowych. Ma posta\u0107 trwa\u0142ego granulatu, dzi\u0119ki czemu uwalnianie sk\u0142adnik\u00f3w pokarmowych jest stopniowe i roz\u0142o\u017cone w czasie. Skutecznie poprawia w\u0142a\u015bciwo\u015bci fizyczne i chemiczne gleby. Jest w pe\u0142ni bezpieczny dla ro\u015blin, a przy tym 4 razy wydajniejszy od tradycyjnego obornika.<\/p>\n<p>BIOPON Obornik granulowany bydl\u0119cy 5L (BI-105485)<br \/>\nPe\u0142nowarto\u015bciowy, naturalny i \u0142atwo przyswajalny naw\u00f3z produkowany z czystego obornika bydl\u0119cego, przeznaczony do nawo\u017cenia warzyw, drzew i krzew\u00f3w owocowych, trawnik\u00f3w, iglak\u00f3w i innych ro\u015blin ogrodowych. Ma posta\u0107 trwa\u0142ego granulatu, dzi\u0119ki czemu uwalnianie sk\u0142adnik\u00f3w pokarmowych jest stopniowe i roz\u0142o\u017cone w czasie. Skutecznie poprawia w\u0142a\u015bciwo\u015bci fizyczne i chemiczne gleby. Jest w pe\u0142ni bezpieczny dla ro\u015blin, a przy tym 4 razy wydajniejszy od tradycyjnego obornika.<\/p>\n","protected":false},"excerpt":{"rendered":"<p>BIOPON Obornik granulowany bydl\u0119cy 5L (BI-105485) Pe\u0142nowarto\u015bciowy, naturalny i \u0142atwo przyswajalny naw\u00f3z produkowany z czystego obornika bydl\u0119cego, przeznaczony do nawo\u017cenia warzyw, drzew i krzew\u00f3w owocowych, trawnik\u00f3w, iglak\u00f3w i innych ro\u015blin ogrodowych. Ma posta\u0107 trwa\u0142ego granulatu, dzi\u0119ki czemu uwalnianie sk\u0142adnik\u00f3w pokarmowych jest stopniowe i roz\u0142o\u017cone w czasie. Skutecznie poprawia w\u0142a\u015bciwo\u015bci fizyczne i chemiczne gleby. Jest w &#8230; <a title=\"BIOPON Obornik granulowany bydl\u0119cy 5L\" class=\"read-more\" href=\"https:\/\/admincentral.selleetools.com\/pl\/product\/biopon-obornik-granulowany-bydlecy-5l\/\">Read more<span class=\"screen-reader-text\">BIOPON Obornik granulowany bydl\u0119cy 5L<\/span><\/a><\/p>\n","protected":false},"featured_media":672092,"comment_status":"open","ping_status":"closed","template":"","meta":{"_links_to":"","_links_to_target":""},"yoast_head":"<!-- This site is optimized with the Yoast SEO plugin v19.4 - https:\/\/yoast.com\/wordpress\/plugins\/seo\/ -->\n<title>BIOPON Obornik granulowany bydl\u0119cy 5L - Selleetools.com<\/title>\n<meta name=\"robots\" content=\"index, follow, max-snippet:-1, max-image-preview:large, max-video-preview:-1\" \/>\n<link rel=\"canonical\" href=\"https:\/\/selleetools.com\/pl\/product\/biopon-obornik-granulowany-bydlecy-5l\/\" \/>\n<meta property=\"og:locale\" content=\"pl_PL\" \/>\n<meta property=\"og:type\" content=\"article\" \/>\n<meta property=\"og:title\" content=\"BIOPON Obornik granulowany bydl\u0119cy 5L - Selleetools.com\" \/>\n<meta property=\"og:description\" content=\"BIOPON Obornik granulowany bydl\u0119cy 5L (BI-105485) Pe\u0142nowarto\u015bciowy, naturalny i \u0142atwo przyswajalny naw\u00f3z produkowany z czystego obornika bydl\u0119cego, przeznaczony do nawo\u017cenia warzyw, drzew i krzew\u00f3w owocowych, trawnik\u00f3w, iglak\u00f3w i innych ro\u015blin ogrodowych. Ma posta\u0107 trwa\u0142ego granulatu, dzi\u0119ki czemu uwalnianie sk\u0142adnik\u00f3w pokarmowych jest stopniowe i roz\u0142o\u017cone w czasie. Skutecznie poprawia w\u0142a\u015bciwo\u015bci fizyczne i chemiczne gleby. Jest w ... Read moreBIOPON Obornik granulowany bydl\u0119cy 5L\" \/>\n<meta property=\"og:url\" content=\"https:\/\/selleetools.com\/pl\/product\/biopon-obornik-granulowany-bydlecy-5l\/\" \/>\n<meta property=\"og:site_name\" content=\"Selleetools.com\" \/>\n<meta property=\"article:modified_time\" content=\"2026-04-18T13:53:54+00:00\" \/>\n<meta property=\"og:image\" content=\"https:\/\/selleetools.com\/wp-content\/uploads\/2026\/02\/2427916d2bb99eaf546dc937412caf08.jpg\" \/>\n\t<meta property=\"og:image:width\" content=\"646\" \/>\n\t<meta property=\"og:image:height\" content=\"1200\" \/>\n\t<meta property=\"og:image:type\" content=\"image\/jpeg\" \/>\n<meta name=\"twitter:card\" content=\"summary_large_image\" \/>\n<meta name=\"twitter:label1\" content=\"Est. reading time\" \/>\n\t<meta name=\"twitter:data1\" content=\"1 minuta\" \/>\n<!-- \/ Yoast SEO plugin. -->","yoast_head_json":{"title":"BIOPON Obornik granulowany bydl\u0119cy 5L - Selleetools.com","robots":{"index":"index","follow":"follow","max-snippet":"max-snippet:-1","max-image-preview":"max-image-preview:large","max-video-preview":"max-video-preview:-1"},"canonical":"https:\/\/selleetools.com\/pl\/product\/biopon-obornik-granulowany-bydlecy-5l\/","og_locale":"pl_PL","og_type":"article","og_title":"BIOPON Obornik granulowany bydl\u0119cy 5L - Selleetools.com","og_description":"BIOPON Obornik granulowany bydl\u0119cy 5L (BI-105485) Pe\u0142nowarto\u015bciowy, naturalny i \u0142atwo przyswajalny naw\u00f3z produkowany z czystego obornika bydl\u0119cego, przeznaczony do nawo\u017cenia warzyw, drzew i krzew\u00f3w owocowych, trawnik\u00f3w, iglak\u00f3w i innych ro\u015blin ogrodowych. Ma posta\u0107 trwa\u0142ego granulatu, dzi\u0119ki czemu uwalnianie sk\u0142adnik\u00f3w pokarmowych jest stopniowe i roz\u0142o\u017cone w czasie. Skutecznie poprawia w\u0142a\u015bciwo\u015bci fizyczne i chemiczne gleby. Jest w ... Read moreBIOPON Obornik granulowany bydl\u0119cy 5L","og_url":"https:\/\/selleetools.com\/pl\/product\/biopon-obornik-granulowany-bydlecy-5l\/","og_site_name":"Selleetools.com","article_modified_time":"2026-04-18T13:53:54+00:00","og_image":[{"width":646,"height":1200,"url":"https:\/\/selleetools.com\/wp-content\/uploads\/2026\/02\/2427916d2bb99eaf546dc937412caf08.jpg","type":"image\/jpeg"}],"twitter_card":"summary_large_image","twitter_misc":{"Est. reading time":"1 minuta"},"schema":{"@context":"https:\/\/schema.org","@graph":[{"@type":"Organization","@id":"https:\/\/selleetools.com\/#organization","name":"Selleetools","url":"https:\/\/selleetools.com\/","sameAs":[],"logo":{"@type":"ImageObject","inLanguage":"pl-PL","@id":"https:\/\/selleetools.com\/#\/schema\/logo\/image\/","url":"https:\/\/selleetools.com\/wp-content\/uploads\/2021\/10\/logo-dark.png","contentUrl":"https:\/\/selleetools.com\/wp-content\/uploads\/2021\/10\/logo-dark.png","width":320,"height":76,"caption":"Selleetools"},"image":{"@id":"https:\/\/selleetools.com\/#\/schema\/logo\/image\/"}},{"@type":"WebSite","@id":"https:\/\/selleetools.com\/#website","url":"https:\/\/selleetools.com\/","name":"Selleetools.com","description":"","publisher":{"@id":"https:\/\/selleetools.com\/#organization"},"potentialAction":[{"@type":"SearchAction","target":{"@type":"EntryPoint","urlTemplate":"https:\/\/selleetools.com\/?s={search_term_string}"},"query-input":"required name=search_term_string"}],"inLanguage":"pl-PL"},{"@type":"WebPage","@id":"https:\/\/selleetools.com\/pl\/product\/biopon-obornik-granulowany-bydlecy-5l\/","url":"https:\/\/selleetools.com\/pl\/product\/biopon-obornik-granulowany-bydlecy-5l\/","name":"BIOPON Obornik granulowany bydl\u0119cy 5L - Selleetools.com","isPartOf":{"@id":"https:\/\/selleetools.com\/#website"},"datePublished":"2026-02-19T14:54:03+00:00","dateModified":"2026-04-18T13:53:54+00:00","breadcrumb":{"@id":"https:\/\/selleetools.com\/pl\/product\/biopon-obornik-granulowany-bydlecy-5l\/#breadcrumb"},"inLanguage":"pl-PL","potentialAction":[{"@type":"ReadAction","target":["https:\/\/selleetools.com\/pl\/product\/biopon-obornik-granulowany-bydlecy-5l\/"]}]},{"@type":"BreadcrumbList","@id":"https:\/\/selleetools.com\/pl\/product\/biopon-obornik-granulowany-bydlecy-5l\/#breadcrumb","itemListElement":[{"@type":"ListItem","position":1,"name":"Home","item":"https:\/\/selleetools.com\/pl\/"},{"@type":"ListItem","position":2,"name":"Katalog","item":"https:\/\/selleetools.com\/pl\/katalog\/"},{"@type":"ListItem","position":3,"name":"BIOPON Obornik granulowany bydl\u0119cy 5L"}]}]}},"_links":{"self":[{"href":"https:\/\/admincentral.selleetools.com\/pl\/wp-json\/wp\/v2\/product\/672094"}],"collection":[{"href":"https:\/\/admincentral.selleetools.com\/pl\/wp-json\/wp\/v2\/product"}],"about":[{"href":"https:\/\/admincentral.selleetools.com\/pl\/wp-json\/wp\/v2\/types\/product"}],"replies":[{"embeddable":true,"href":"https:\/\/admincentral.selleetools.com\/pl\/wp-json\/wp\/v2\/comments?post=672094"}],"wp:featuredmedia":[{"embeddable":true,"href":"https:\/\/admincentral.selleetools.com\/pl\/wp-json\/wp\/v2\/media\/672092"}],"wp:attachment":[{"href":"https:\/\/admincentral.selleetools.com\/pl\/wp-json\/wp\/v2\/media?parent=672094"}],"curies":[{"name":"wp","href":"https:\/\/api.w.org\/{rel}","templated":true}]}}