{"id":672173,"date":"2026-02-19T15:54:48","date_gmt":"2026-02-19T14:54:48","guid":{"rendered":"https:\/\/selleetools.com\/?post_type=product&#038;p=672173"},"modified":"2026-04-18T13:09:23","modified_gmt":"2026-04-18T11:09:23","slug":"rekawice-robocze-ogrodowe-zielone-r-8","status":"publish","type":"product","link":"https:\/\/admincentral.selleetools.com\/pl\/product\/rekawice-robocze-ogrodowe-zielone-r-8\/","title":{"rendered":"R\u0119kawice robocze, ogrodowe zielone | R.8"},"content":{"rendered":"<p>R\u0119kawice robocze, ogrodowe zielone &#8211; rozmiar 8, M<br \/>\nR\u0119kawice powlekane bezbarwnym poliuretanem na artystycznie zdobionej podszewce. Jedyne w swoim rodzaju, funkcjonalne i ciesz\u0105ce oko.<br \/>\nR\u0119kawice s\u0105 elastyczne dzi\u0119ki czemu \u015bwietnie dopasowuj\u0105 si\u0119 do d\u0142oni.<br \/>\nSprawdz\u0105 si\u0119 one podczas r\u00f3\u017cnych prac ogrodowych i domowych.<br \/>\nNiezb\u0119dne dla ka\u017cdej wielbicielki zieleni oraz kwiat\u00f3w na balkonie, tarasie i w ogrodzie.<\/p>\n<p>R\u0119kawice robocze, ogrodowe zielone &#8211; rozmiar 8, M<br \/>\nR\u0119kawice powlekane bezbarwnym poliuretanem na artystycznie zdobionej podszewce. Jedyne w swoim rodzaju, funkcjonalne i ciesz\u0105ce oko.<br \/>\nR\u0119kawice s\u0105 elastyczne dzi\u0119ki czemu \u015bwietnie dopasowuj\u0105 si\u0119 do d\u0142oni.<br \/>\nSprawdz\u0105 si\u0119 one podczas r\u00f3\u017cnych prac ogrodowych i domowych.<br \/>\nNiezb\u0119dne dla ka\u017cdej wielbicielki zieleni oraz kwiat\u00f3w na balkonie, tarasie i w ogrodzie.<\/p>\n","protected":false},"excerpt":{"rendered":"<p>R\u0119kawice robocze, ogrodowe zielone &#8211; rozmiar 8, M R\u0119kawice powlekane bezbarwnym poliuretanem na artystycznie zdobionej podszewce. Jedyne w swoim rodzaju, funkcjonalne i ciesz\u0105ce oko. R\u0119kawice s\u0105 elastyczne dzi\u0119ki czemu \u015bwietnie dopasowuj\u0105 si\u0119 do d\u0142oni. Sprawdz\u0105 si\u0119 one podczas r\u00f3\u017cnych prac ogrodowych i domowych. Niezb\u0119dne dla ka\u017cdej wielbicielki zieleni oraz kwiat\u00f3w na balkonie, tarasie i w &#8230; <a title=\"R\u0119kawice robocze, ogrodowe zielone | R.8\" class=\"read-more\" href=\"https:\/\/admincentral.selleetools.com\/pl\/product\/rekawice-robocze-ogrodowe-zielone-r-8\/\">Read more<span class=\"screen-reader-text\">R\u0119kawice robocze, ogrodowe zielone | R.8<\/span><\/a><\/p>\n","protected":false},"featured_media":672169,"comment_status":"open","ping_status":"closed","template":"","meta":{"_links_to":"","_links_to_target":""},"yoast_head":"<!-- This site is optimized with the Yoast SEO plugin v19.4 - https:\/\/yoast.com\/wordpress\/plugins\/seo\/ -->\n<title>R\u0119kawice robocze, ogrodowe zielone | R.8 - Selleetools.com<\/title>\n<meta name=\"robots\" content=\"index, follow, max-snippet:-1, max-image-preview:large, max-video-preview:-1\" \/>\n<link rel=\"canonical\" href=\"https:\/\/selleetools.com\/pl\/product\/rekawice-robocze-ogrodowe-zielone-r-8\/\" \/>\n<meta property=\"og:locale\" content=\"pl_PL\" \/>\n<meta property=\"og:type\" content=\"article\" \/>\n<meta property=\"og:title\" content=\"R\u0119kawice robocze, ogrodowe zielone | R.8 - Selleetools.com\" \/>\n<meta property=\"og:description\" content=\"R\u0119kawice robocze, ogrodowe zielone &#8211; rozmiar 8, M R\u0119kawice powlekane bezbarwnym poliuretanem na artystycznie zdobionej podszewce. Jedyne w swoim rodzaju, funkcjonalne i ciesz\u0105ce oko. R\u0119kawice s\u0105 elastyczne dzi\u0119ki czemu \u015bwietnie dopasowuj\u0105 si\u0119 do d\u0142oni. Sprawdz\u0105 si\u0119 one podczas r\u00f3\u017cnych prac ogrodowych i domowych. Niezb\u0119dne dla ka\u017cdej wielbicielki zieleni oraz kwiat\u00f3w na balkonie, tarasie i w ... Read moreR\u0119kawice robocze, ogrodowe zielone | R.8\" \/>\n<meta property=\"og:url\" content=\"https:\/\/selleetools.com\/pl\/product\/rekawice-robocze-ogrodowe-zielone-r-8\/\" \/>\n<meta property=\"og:site_name\" content=\"Selleetools.com\" \/>\n<meta property=\"article:modified_time\" content=\"2026-04-18T11:09:23+00:00\" \/>\n<meta property=\"og:image\" content=\"https:\/\/selleetools.com\/wp-content\/uploads\/2026\/02\/23ab28ae2637bc185879a926b1a04d9f.jpg\" \/>\n\t<meta property=\"og:image:width\" content=\"332\" \/>\n\t<meta property=\"og:image:height\" content=\"300\" \/>\n\t<meta property=\"og:image:type\" content=\"image\/jpeg\" \/>\n<meta name=\"twitter:card\" content=\"summary_large_image\" \/>\n<meta name=\"twitter:label1\" content=\"Est. reading time\" \/>\n\t<meta name=\"twitter:data1\" content=\"1 minuta\" \/>\n<!-- \/ Yoast SEO plugin. -->","yoast_head_json":{"title":"R\u0119kawice robocze, ogrodowe zielone | R.8 - Selleetools.com","robots":{"index":"index","follow":"follow","max-snippet":"max-snippet:-1","max-image-preview":"max-image-preview:large","max-video-preview":"max-video-preview:-1"},"canonical":"https:\/\/selleetools.com\/pl\/product\/rekawice-robocze-ogrodowe-zielone-r-8\/","og_locale":"pl_PL","og_type":"article","og_title":"R\u0119kawice robocze, ogrodowe zielone | R.8 - Selleetools.com","og_description":"R\u0119kawice robocze, ogrodowe zielone &#8211; rozmiar 8, M R\u0119kawice powlekane bezbarwnym poliuretanem na artystycznie zdobionej podszewce. Jedyne w swoim rodzaju, funkcjonalne i ciesz\u0105ce oko. R\u0119kawice s\u0105 elastyczne dzi\u0119ki czemu \u015bwietnie dopasowuj\u0105 si\u0119 do d\u0142oni. Sprawdz\u0105 si\u0119 one podczas r\u00f3\u017cnych prac ogrodowych i domowych. Niezb\u0119dne dla ka\u017cdej wielbicielki zieleni oraz kwiat\u00f3w na balkonie, tarasie i w ... Read moreR\u0119kawice robocze, ogrodowe zielone | R.8","og_url":"https:\/\/selleetools.com\/pl\/product\/rekawice-robocze-ogrodowe-zielone-r-8\/","og_site_name":"Selleetools.com","article_modified_time":"2026-04-18T11:09:23+00:00","og_image":[{"width":332,"height":300,"url":"https:\/\/selleetools.com\/wp-content\/uploads\/2026\/02\/23ab28ae2637bc185879a926b1a04d9f.jpg","type":"image\/jpeg"}],"twitter_card":"summary_large_image","twitter_misc":{"Est. reading time":"1 minuta"},"schema":{"@context":"https:\/\/schema.org","@graph":[{"@type":"Organization","@id":"https:\/\/selleetools.com\/#organization","name":"Selleetools","url":"https:\/\/selleetools.com\/","sameAs":[],"logo":{"@type":"ImageObject","inLanguage":"pl-PL","@id":"https:\/\/selleetools.com\/#\/schema\/logo\/image\/","url":"https:\/\/selleetools.com\/wp-content\/uploads\/2021\/10\/logo-dark.png","contentUrl":"https:\/\/selleetools.com\/wp-content\/uploads\/2021\/10\/logo-dark.png","width":320,"height":76,"caption":"Selleetools"},"image":{"@id":"https:\/\/selleetools.com\/#\/schema\/logo\/image\/"}},{"@type":"WebSite","@id":"https:\/\/selleetools.com\/#website","url":"https:\/\/selleetools.com\/","name":"Selleetools.com","description":"","publisher":{"@id":"https:\/\/selleetools.com\/#organization"},"potentialAction":[{"@type":"SearchAction","target":{"@type":"EntryPoint","urlTemplate":"https:\/\/selleetools.com\/?s={search_term_string}"},"query-input":"required name=search_term_string"}],"inLanguage":"pl-PL"},{"@type":"WebPage","@id":"https:\/\/selleetools.com\/pl\/product\/rekawice-robocze-ogrodowe-zielone-r-8\/","url":"https:\/\/selleetools.com\/pl\/product\/rekawice-robocze-ogrodowe-zielone-r-8\/","name":"R\u0119kawice robocze, ogrodowe zielone | R.8 - Selleetools.com","isPartOf":{"@id":"https:\/\/selleetools.com\/#website"},"datePublished":"2026-02-19T14:54:48+00:00","dateModified":"2026-04-18T11:09:23+00:00","breadcrumb":{"@id":"https:\/\/selleetools.com\/pl\/product\/rekawice-robocze-ogrodowe-zielone-r-8\/#breadcrumb"},"inLanguage":"pl-PL","potentialAction":[{"@type":"ReadAction","target":["https:\/\/selleetools.com\/pl\/product\/rekawice-robocze-ogrodowe-zielone-r-8\/"]}]},{"@type":"BreadcrumbList","@id":"https:\/\/selleetools.com\/pl\/product\/rekawice-robocze-ogrodowe-zielone-r-8\/#breadcrumb","itemListElement":[{"@type":"ListItem","position":1,"name":"Home","item":"https:\/\/selleetools.com\/pl\/"},{"@type":"ListItem","position":2,"name":"Katalog","item":"https:\/\/selleetools.com\/pl\/katalog\/"},{"@type":"ListItem","position":3,"name":"R\u0119kawice robocze, ogrodowe zielone | R.8"}]}]}},"_links":{"self":[{"href":"https:\/\/admincentral.selleetools.com\/pl\/wp-json\/wp\/v2\/product\/672173"}],"collection":[{"href":"https:\/\/admincentral.selleetools.com\/pl\/wp-json\/wp\/v2\/product"}],"about":[{"href":"https:\/\/admincentral.selleetools.com\/pl\/wp-json\/wp\/v2\/types\/product"}],"replies":[{"embeddable":true,"href":"https:\/\/admincentral.selleetools.com\/pl\/wp-json\/wp\/v2\/comments?post=672173"}],"wp:featuredmedia":[{"embeddable":true,"href":"https:\/\/admincentral.selleetools.com\/pl\/wp-json\/wp\/v2\/media\/672169"}],"wp:attachment":[{"href":"https:\/\/admincentral.selleetools.com\/pl\/wp-json\/wp\/v2\/media?parent=672173"}],"curies":[{"name":"wp","href":"https:\/\/api.w.org\/{rel}","templated":true}]}}