{"id":672252,"date":"2026-02-19T15:55:38","date_gmt":"2026-02-19T14:55:38","guid":{"rendered":"https:\/\/selleetools.com\/?post_type=product&#038;p=672252"},"modified":"2026-04-18T15:54:33","modified_gmt":"2026-04-18T13:54:33","slug":"biopon-nawoz-koncentrat-do-pelargonii-250g","status":"publish","type":"product","link":"https:\/\/admincentral.selleetools.com\/pl\/product\/biopon-nawoz-koncentrat-do-pelargonii-250g\/","title":{"rendered":"BIOPON Naw\u00f3z Koncentrat do pelargonii 250g"},"content":{"rendered":"<p>BIOPON Naw\u00f3z Koncentrat do pelargonii 250g<br \/>\n\u0141atwo przyswajalny, doskonale rozpuszczalny w wodzie naw\u00f3z krystaliczny opracowany specjalnie do nawo\u017cenia wszystkich odmian pelargonii. Odpowiednio zbilansowane sk\u0142adniki pokarmowe stymuluj\u0105 prawid\u0142owy wzrost ro\u015blin oraz intensywne wybarwienie li\u015bci i kwiat\u00f3w. Podwy\u017cszona zawarto\u015b\u0107 potasu powoduje \u0142atwiejsze zawi\u0105zywanie si\u0119 p\u0105k\u00f3w kwiatowych, dzi\u0119ki czemu ro\u015bliny kwitn\u0105 obficie przez ca\u0142y sezon. Jest bardzo wydajny. Opakowanie wystarczy do sporz\u0105dzenia 250 l gotowego do u\u017cycia nawozu.<br \/>\nSK\u0141AD: :<br \/>\n &#8211; 14%, FOSFOR<br \/>\n &#8211; 11%, POTAS<br \/>\n &#8211; 24%, MAGNEZ<br \/>\n &#8211; 2%, SIARKA<br \/>\n &#8211; 20% + mikroelementy<\/p>\n<p>Producent:<\/p>\n<p>BIOPON Naw\u00f3z Koncentrat do pelargonii 250g<br \/>\n\u0141atwo przyswajalny, doskonale rozpuszczalny w wodzie naw\u00f3z krystaliczny opracowany specjalnie do nawo\u017cenia wszystkich odmian pelargonii. Odpowiednio zbilansowane sk\u0142adniki pokarmowe stymuluj\u0105 prawid\u0142owy wzrost ro\u015blin oraz intensywne wybarwienie li\u015bci i kwiat\u00f3w. Podwy\u017cszona zawarto\u015b\u0107 potasu powoduje \u0142atwiejsze zawi\u0105zywanie si\u0119 p\u0105k\u00f3w kwiatowych, dzi\u0119ki czemu ro\u015bliny kwitn\u0105 obficie przez ca\u0142y sezon. Jest bardzo wydajny. Opakowanie wystarczy do sporz\u0105dzenia 250 l gotowego do u\u017cycia nawozu.<br \/>\nSK\u0141AD: :<br \/>\n &#8211; 14%, FOSFOR<br \/>\n &#8211; 11%, POTAS<br \/>\n &#8211; 24%, MAGNEZ<br \/>\n &#8211; 2%, SIARKA<br \/>\n &#8211; 20% + mikroelementy<\/p>\n<p>Producent:<\/p>\n","protected":false},"excerpt":{"rendered":"<p>BIOPON Naw\u00f3z Koncentrat do pelargonii 250g \u0141atwo przyswajalny, doskonale rozpuszczalny w wodzie naw\u00f3z krystaliczny opracowany specjalnie do nawo\u017cenia wszystkich odmian pelargonii. Odpowiednio zbilansowane sk\u0142adniki pokarmowe stymuluj\u0105 prawid\u0142owy wzrost ro\u015blin oraz intensywne wybarwienie li\u015bci i kwiat\u00f3w. Podwy\u017cszona zawarto\u015b\u0107 potasu powoduje \u0142atwiejsze zawi\u0105zywanie si\u0119 p\u0105k\u00f3w kwiatowych, dzi\u0119ki czemu ro\u015bliny kwitn\u0105 obficie przez ca\u0142y sezon. Jest bardzo wydajny. &#8230; <a title=\"BIOPON Naw\u00f3z Koncentrat do pelargonii 250g\" class=\"read-more\" href=\"https:\/\/admincentral.selleetools.com\/pl\/product\/biopon-nawoz-koncentrat-do-pelargonii-250g\/\">Read more<span class=\"screen-reader-text\">BIOPON Naw\u00f3z Koncentrat do pelargonii 250g<\/span><\/a><\/p>\n","protected":false},"featured_media":672248,"comment_status":"open","ping_status":"closed","template":"","meta":{"_links_to":"","_links_to_target":""},"yoast_head":"<!-- This site is optimized with the Yoast SEO plugin v19.4 - https:\/\/yoast.com\/wordpress\/plugins\/seo\/ -->\n<title>BIOPON Naw\u00f3z Koncentrat do pelargonii 250g - Selleetools.com<\/title>\n<meta name=\"robots\" content=\"index, follow, max-snippet:-1, max-image-preview:large, max-video-preview:-1\" \/>\n<link rel=\"canonical\" href=\"https:\/\/selleetools.com\/pl\/product\/biopon-nawoz-koncentrat-do-pelargonii-250g\/\" \/>\n<meta property=\"og:locale\" content=\"pl_PL\" \/>\n<meta property=\"og:type\" content=\"article\" \/>\n<meta property=\"og:title\" content=\"BIOPON Naw\u00f3z Koncentrat do pelargonii 250g - Selleetools.com\" \/>\n<meta property=\"og:description\" content=\"BIOPON Naw\u00f3z Koncentrat do pelargonii 250g \u0141atwo przyswajalny, doskonale rozpuszczalny w wodzie naw\u00f3z krystaliczny opracowany specjalnie do nawo\u017cenia wszystkich odmian pelargonii. Odpowiednio zbilansowane sk\u0142adniki pokarmowe stymuluj\u0105 prawid\u0142owy wzrost ro\u015blin oraz intensywne wybarwienie li\u015bci i kwiat\u00f3w. Podwy\u017cszona zawarto\u015b\u0107 potasu powoduje \u0142atwiejsze zawi\u0105zywanie si\u0119 p\u0105k\u00f3w kwiatowych, dzi\u0119ki czemu ro\u015bliny kwitn\u0105 obficie przez ca\u0142y sezon. Jest bardzo wydajny. ... Read moreBIOPON Naw\u00f3z Koncentrat do pelargonii 250g\" \/>\n<meta property=\"og:url\" content=\"https:\/\/selleetools.com\/pl\/product\/biopon-nawoz-koncentrat-do-pelargonii-250g\/\" \/>\n<meta property=\"og:site_name\" content=\"Selleetools.com\" \/>\n<meta property=\"article:modified_time\" content=\"2026-04-18T13:54:33+00:00\" \/>\n<meta property=\"og:image\" content=\"https:\/\/selleetools.com\/wp-content\/uploads\/2026\/02\/af1ff3ae35b8b332082aadd994af49c4.jpg\" \/>\n\t<meta property=\"og:image:width\" content=\"791\" \/>\n\t<meta property=\"og:image:height\" content=\"1200\" \/>\n\t<meta property=\"og:image:type\" content=\"image\/jpeg\" \/>\n<meta name=\"twitter:card\" content=\"summary_large_image\" \/>\n<meta name=\"twitter:label1\" content=\"Est. reading time\" \/>\n\t<meta name=\"twitter:data1\" content=\"1 minuta\" \/>\n<!-- \/ Yoast SEO plugin. -->","yoast_head_json":{"title":"BIOPON Naw\u00f3z Koncentrat do pelargonii 250g - Selleetools.com","robots":{"index":"index","follow":"follow","max-snippet":"max-snippet:-1","max-image-preview":"max-image-preview:large","max-video-preview":"max-video-preview:-1"},"canonical":"https:\/\/selleetools.com\/pl\/product\/biopon-nawoz-koncentrat-do-pelargonii-250g\/","og_locale":"pl_PL","og_type":"article","og_title":"BIOPON Naw\u00f3z Koncentrat do pelargonii 250g - Selleetools.com","og_description":"BIOPON Naw\u00f3z Koncentrat do pelargonii 250g \u0141atwo przyswajalny, doskonale rozpuszczalny w wodzie naw\u00f3z krystaliczny opracowany specjalnie do nawo\u017cenia wszystkich odmian pelargonii. Odpowiednio zbilansowane sk\u0142adniki pokarmowe stymuluj\u0105 prawid\u0142owy wzrost ro\u015blin oraz intensywne wybarwienie li\u015bci i kwiat\u00f3w. Podwy\u017cszona zawarto\u015b\u0107 potasu powoduje \u0142atwiejsze zawi\u0105zywanie si\u0119 p\u0105k\u00f3w kwiatowych, dzi\u0119ki czemu ro\u015bliny kwitn\u0105 obficie przez ca\u0142y sezon. Jest bardzo wydajny. ... Read moreBIOPON Naw\u00f3z Koncentrat do pelargonii 250g","og_url":"https:\/\/selleetools.com\/pl\/product\/biopon-nawoz-koncentrat-do-pelargonii-250g\/","og_site_name":"Selleetools.com","article_modified_time":"2026-04-18T13:54:33+00:00","og_image":[{"width":791,"height":1200,"url":"https:\/\/selleetools.com\/wp-content\/uploads\/2026\/02\/af1ff3ae35b8b332082aadd994af49c4.jpg","type":"image\/jpeg"}],"twitter_card":"summary_large_image","twitter_misc":{"Est. reading time":"1 minuta"},"schema":{"@context":"https:\/\/schema.org","@graph":[{"@type":"Organization","@id":"https:\/\/selleetools.com\/#organization","name":"Selleetools","url":"https:\/\/selleetools.com\/","sameAs":[],"logo":{"@type":"ImageObject","inLanguage":"pl-PL","@id":"https:\/\/selleetools.com\/#\/schema\/logo\/image\/","url":"https:\/\/selleetools.com\/wp-content\/uploads\/2021\/10\/logo-dark.png","contentUrl":"https:\/\/selleetools.com\/wp-content\/uploads\/2021\/10\/logo-dark.png","width":320,"height":76,"caption":"Selleetools"},"image":{"@id":"https:\/\/selleetools.com\/#\/schema\/logo\/image\/"}},{"@type":"WebSite","@id":"https:\/\/selleetools.com\/#website","url":"https:\/\/selleetools.com\/","name":"Selleetools.com","description":"","publisher":{"@id":"https:\/\/selleetools.com\/#organization"},"potentialAction":[{"@type":"SearchAction","target":{"@type":"EntryPoint","urlTemplate":"https:\/\/selleetools.com\/?s={search_term_string}"},"query-input":"required name=search_term_string"}],"inLanguage":"pl-PL"},{"@type":"WebPage","@id":"https:\/\/selleetools.com\/pl\/product\/biopon-nawoz-koncentrat-do-pelargonii-250g\/","url":"https:\/\/selleetools.com\/pl\/product\/biopon-nawoz-koncentrat-do-pelargonii-250g\/","name":"BIOPON Naw\u00f3z Koncentrat do pelargonii 250g - Selleetools.com","isPartOf":{"@id":"https:\/\/selleetools.com\/#website"},"datePublished":"2026-02-19T14:55:38+00:00","dateModified":"2026-04-18T13:54:33+00:00","breadcrumb":{"@id":"https:\/\/selleetools.com\/pl\/product\/biopon-nawoz-koncentrat-do-pelargonii-250g\/#breadcrumb"},"inLanguage":"pl-PL","potentialAction":[{"@type":"ReadAction","target":["https:\/\/selleetools.com\/pl\/product\/biopon-nawoz-koncentrat-do-pelargonii-250g\/"]}]},{"@type":"BreadcrumbList","@id":"https:\/\/selleetools.com\/pl\/product\/biopon-nawoz-koncentrat-do-pelargonii-250g\/#breadcrumb","itemListElement":[{"@type":"ListItem","position":1,"name":"Home","item":"https:\/\/selleetools.com\/pl\/"},{"@type":"ListItem","position":2,"name":"Katalog","item":"https:\/\/selleetools.com\/pl\/katalog\/"},{"@type":"ListItem","position":3,"name":"BIOPON Naw\u00f3z Koncentrat do pelargonii 250g"}]}]}},"_links":{"self":[{"href":"https:\/\/admincentral.selleetools.com\/pl\/wp-json\/wp\/v2\/product\/672252"}],"collection":[{"href":"https:\/\/admincentral.selleetools.com\/pl\/wp-json\/wp\/v2\/product"}],"about":[{"href":"https:\/\/admincentral.selleetools.com\/pl\/wp-json\/wp\/v2\/types\/product"}],"replies":[{"embeddable":true,"href":"https:\/\/admincentral.selleetools.com\/pl\/wp-json\/wp\/v2\/comments?post=672252"}],"wp:featuredmedia":[{"embeddable":true,"href":"https:\/\/admincentral.selleetools.com\/pl\/wp-json\/wp\/v2\/media\/672248"}],"wp:attachment":[{"href":"https:\/\/admincentral.selleetools.com\/pl\/wp-json\/wp\/v2\/media?parent=672252"}],"curies":[{"name":"wp","href":"https:\/\/api.w.org\/{rel}","templated":true}]}}