{"id":672276,"date":"2026-02-19T15:55:51","date_gmt":"2026-02-19T14:55:51","guid":{"rendered":"https:\/\/selleetools.com\/?post_type=product&#038;p=672276"},"modified":"2026-04-18T15:54:44","modified_gmt":"2026-04-18T13:54:44","slug":"bros-lep-na-szkodniki-do-szklarni-zolty-10-szt","status":"publish","type":"product","link":"https:\/\/admincentral.selleetools.com\/pl\/product\/bros-lep-na-szkodniki-do-szklarni-zolty-10-szt\/","title":{"rendered":"BROS Lep na szkodniki do szklarni \u017c\u00f3\u0142ty 10 szt."},"content":{"rendered":"<p>BROS Lep na szkodniki do szklarni \u017c\u00f3\u0142ty 10szt (BR-025110)<br \/>\nPu\u0142apka klejowa do monitorowania obecno\u015bci szkodnik\u00f3w \u017ceruj\u0105cych na ro\u015blinach uprawianych pod os\u0142onami (szklarnie, tunele foliowe itp.) oraz drzew owocowych. \u017b\u00f3\u0142ty kolor tabliczek przyci\u0105ga owady \u017ceruj\u0105ce na ro\u015blinach. Zwabione owady przyklejaj\u0105 si\u0119 do pu\u0142apki i w ten spos\u00f3b zostaj\u0105 unieruchomione, co pozwala zaobserwowa\u0107 moment ich pojawienia si\u0119 oraz liczebno\u015b\u0107. Preparat nie zawiera chemicznych \u015brodk\u00f3w owadob\u00f3jczych, nie jest \u015brodkiem ochrony ro\u015blin.<\/p>\n<p>BROS Lep na szkodniki do szklarni \u017c\u00f3\u0142ty 10szt (BR-025110)<br \/>\nPu\u0142apka klejowa do monitorowania obecno\u015bci szkodnik\u00f3w \u017ceruj\u0105cych na ro\u015blinach uprawianych pod os\u0142onami (szklarnie, tunele foliowe itp.) oraz drzew owocowych. \u017b\u00f3\u0142ty kolor tabliczek przyci\u0105ga owady \u017ceruj\u0105ce na ro\u015blinach. Zwabione owady przyklejaj\u0105 si\u0119 do pu\u0142apki i w ten spos\u00f3b zostaj\u0105 unieruchomione, co pozwala zaobserwowa\u0107 moment ich pojawienia si\u0119 oraz liczebno\u015b\u0107. Preparat nie zawiera chemicznych \u015brodk\u00f3w owadob\u00f3jczych, nie jest \u015brodkiem ochrony ro\u015blin.<\/p>\n","protected":false},"excerpt":{"rendered":"<p>BROS Lep na szkodniki do szklarni \u017c\u00f3\u0142ty 10szt (BR-025110) Pu\u0142apka klejowa do monitorowania obecno\u015bci szkodnik\u00f3w \u017ceruj\u0105cych na ro\u015blinach uprawianych pod os\u0142onami (szklarnie, tunele foliowe itp.) oraz drzew owocowych. \u017b\u00f3\u0142ty kolor tabliczek przyci\u0105ga owady \u017ceruj\u0105ce na ro\u015blinach. Zwabione owady przyklejaj\u0105 si\u0119 do pu\u0142apki i w ten spos\u00f3b zostaj\u0105 unieruchomione, co pozwala zaobserwowa\u0107 moment ich pojawienia si\u0119 &#8230; <a title=\"BROS Lep na szkodniki do szklarni \u017c\u00f3\u0142ty 10 szt.\" class=\"read-more\" href=\"https:\/\/admincentral.selleetools.com\/pl\/product\/bros-lep-na-szkodniki-do-szklarni-zolty-10-szt\/\">Read more<span class=\"screen-reader-text\">BROS Lep na szkodniki do szklarni \u017c\u00f3\u0142ty 10 szt.<\/span><\/a><\/p>\n","protected":false},"featured_media":672274,"comment_status":"open","ping_status":"closed","template":"","meta":{"_links_to":"","_links_to_target":""},"yoast_head":"<!-- This site is optimized with the Yoast SEO plugin v19.4 - https:\/\/yoast.com\/wordpress\/plugins\/seo\/ -->\n<title>BROS Lep na szkodniki do szklarni \u017c\u00f3\u0142ty 10 szt. - Selleetools.com<\/title>\n<meta name=\"robots\" content=\"index, follow, max-snippet:-1, max-image-preview:large, max-video-preview:-1\" \/>\n<link rel=\"canonical\" href=\"https:\/\/selleetools.com\/pl\/product\/bros-lep-na-szkodniki-do-szklarni-zolty-10-szt\/\" \/>\n<meta property=\"og:locale\" content=\"pl_PL\" \/>\n<meta property=\"og:type\" content=\"article\" \/>\n<meta property=\"og:title\" content=\"BROS Lep na szkodniki do szklarni \u017c\u00f3\u0142ty 10 szt. - Selleetools.com\" \/>\n<meta property=\"og:description\" content=\"BROS Lep na szkodniki do szklarni \u017c\u00f3\u0142ty 10szt (BR-025110) Pu\u0142apka klejowa do monitorowania obecno\u015bci szkodnik\u00f3w \u017ceruj\u0105cych na ro\u015blinach uprawianych pod os\u0142onami (szklarnie, tunele foliowe itp.) oraz drzew owocowych. \u017b\u00f3\u0142ty kolor tabliczek przyci\u0105ga owady \u017ceruj\u0105ce na ro\u015blinach. Zwabione owady przyklejaj\u0105 si\u0119 do pu\u0142apki i w ten spos\u00f3b zostaj\u0105 unieruchomione, co pozwala zaobserwowa\u0107 moment ich pojawienia si\u0119 ... Read moreBROS Lep na szkodniki do szklarni \u017c\u00f3\u0142ty 10 szt.\" \/>\n<meta property=\"og:url\" content=\"https:\/\/selleetools.com\/pl\/product\/bros-lep-na-szkodniki-do-szklarni-zolty-10-szt\/\" \/>\n<meta property=\"og:site_name\" content=\"Selleetools.com\" \/>\n<meta property=\"article:modified_time\" content=\"2026-04-18T13:54:44+00:00\" \/>\n<meta property=\"og:image\" content=\"https:\/\/selleetools.com\/wp-content\/uploads\/2026\/02\/24fca3dc8f5d950699e47cd8977e6061.jpg\" \/>\n\t<meta property=\"og:image:width\" content=\"566\" \/>\n\t<meta property=\"og:image:height\" content=\"1200\" \/>\n\t<meta property=\"og:image:type\" content=\"image\/jpeg\" \/>\n<meta name=\"twitter:card\" content=\"summary_large_image\" \/>\n<meta name=\"twitter:label1\" content=\"Est. reading time\" \/>\n\t<meta name=\"twitter:data1\" content=\"1 minuta\" \/>\n<!-- \/ Yoast SEO plugin. -->","yoast_head_json":{"title":"BROS Lep na szkodniki do szklarni \u017c\u00f3\u0142ty 10 szt. - Selleetools.com","robots":{"index":"index","follow":"follow","max-snippet":"max-snippet:-1","max-image-preview":"max-image-preview:large","max-video-preview":"max-video-preview:-1"},"canonical":"https:\/\/selleetools.com\/pl\/product\/bros-lep-na-szkodniki-do-szklarni-zolty-10-szt\/","og_locale":"pl_PL","og_type":"article","og_title":"BROS Lep na szkodniki do szklarni \u017c\u00f3\u0142ty 10 szt. - Selleetools.com","og_description":"BROS Lep na szkodniki do szklarni \u017c\u00f3\u0142ty 10szt (BR-025110) Pu\u0142apka klejowa do monitorowania obecno\u015bci szkodnik\u00f3w \u017ceruj\u0105cych na ro\u015blinach uprawianych pod os\u0142onami (szklarnie, tunele foliowe itp.) oraz drzew owocowych. \u017b\u00f3\u0142ty kolor tabliczek przyci\u0105ga owady \u017ceruj\u0105ce na ro\u015blinach. Zwabione owady przyklejaj\u0105 si\u0119 do pu\u0142apki i w ten spos\u00f3b zostaj\u0105 unieruchomione, co pozwala zaobserwowa\u0107 moment ich pojawienia si\u0119 ... Read moreBROS Lep na szkodniki do szklarni \u017c\u00f3\u0142ty 10 szt.","og_url":"https:\/\/selleetools.com\/pl\/product\/bros-lep-na-szkodniki-do-szklarni-zolty-10-szt\/","og_site_name":"Selleetools.com","article_modified_time":"2026-04-18T13:54:44+00:00","og_image":[{"width":566,"height":1200,"url":"https:\/\/selleetools.com\/wp-content\/uploads\/2026\/02\/24fca3dc8f5d950699e47cd8977e6061.jpg","type":"image\/jpeg"}],"twitter_card":"summary_large_image","twitter_misc":{"Est. reading time":"1 minuta"},"schema":{"@context":"https:\/\/schema.org","@graph":[{"@type":"Organization","@id":"https:\/\/selleetools.com\/#organization","name":"Selleetools","url":"https:\/\/selleetools.com\/","sameAs":[],"logo":{"@type":"ImageObject","inLanguage":"pl-PL","@id":"https:\/\/selleetools.com\/#\/schema\/logo\/image\/","url":"https:\/\/selleetools.com\/wp-content\/uploads\/2021\/10\/logo-dark.png","contentUrl":"https:\/\/selleetools.com\/wp-content\/uploads\/2021\/10\/logo-dark.png","width":320,"height":76,"caption":"Selleetools"},"image":{"@id":"https:\/\/selleetools.com\/#\/schema\/logo\/image\/"}},{"@type":"WebSite","@id":"https:\/\/selleetools.com\/#website","url":"https:\/\/selleetools.com\/","name":"Selleetools.com","description":"","publisher":{"@id":"https:\/\/selleetools.com\/#organization"},"potentialAction":[{"@type":"SearchAction","target":{"@type":"EntryPoint","urlTemplate":"https:\/\/selleetools.com\/?s={search_term_string}"},"query-input":"required name=search_term_string"}],"inLanguage":"pl-PL"},{"@type":"WebPage","@id":"https:\/\/selleetools.com\/pl\/product\/bros-lep-na-szkodniki-do-szklarni-zolty-10-szt\/","url":"https:\/\/selleetools.com\/pl\/product\/bros-lep-na-szkodniki-do-szklarni-zolty-10-szt\/","name":"BROS Lep na szkodniki do szklarni \u017c\u00f3\u0142ty 10 szt. - Selleetools.com","isPartOf":{"@id":"https:\/\/selleetools.com\/#website"},"datePublished":"2026-02-19T14:55:51+00:00","dateModified":"2026-04-18T13:54:44+00:00","breadcrumb":{"@id":"https:\/\/selleetools.com\/pl\/product\/bros-lep-na-szkodniki-do-szklarni-zolty-10-szt\/#breadcrumb"},"inLanguage":"pl-PL","potentialAction":[{"@type":"ReadAction","target":["https:\/\/selleetools.com\/pl\/product\/bros-lep-na-szkodniki-do-szklarni-zolty-10-szt\/"]}]},{"@type":"BreadcrumbList","@id":"https:\/\/selleetools.com\/pl\/product\/bros-lep-na-szkodniki-do-szklarni-zolty-10-szt\/#breadcrumb","itemListElement":[{"@type":"ListItem","position":1,"name":"Home","item":"https:\/\/selleetools.com\/pl\/"},{"@type":"ListItem","position":2,"name":"Katalog","item":"https:\/\/selleetools.com\/pl\/katalog\/"},{"@type":"ListItem","position":3,"name":"BROS Lep na szkodniki do szklarni \u017c\u00f3\u0142ty 10 szt."}]}]}},"_links":{"self":[{"href":"https:\/\/admincentral.selleetools.com\/pl\/wp-json\/wp\/v2\/product\/672276"}],"collection":[{"href":"https:\/\/admincentral.selleetools.com\/pl\/wp-json\/wp\/v2\/product"}],"about":[{"href":"https:\/\/admincentral.selleetools.com\/pl\/wp-json\/wp\/v2\/types\/product"}],"replies":[{"embeddable":true,"href":"https:\/\/admincentral.selleetools.com\/pl\/wp-json\/wp\/v2\/comments?post=672276"}],"wp:featuredmedia":[{"embeddable":true,"href":"https:\/\/admincentral.selleetools.com\/pl\/wp-json\/wp\/v2\/media\/672274"}],"wp:attachment":[{"href":"https:\/\/admincentral.selleetools.com\/pl\/wp-json\/wp\/v2\/media?parent=672276"}],"curies":[{"name":"wp","href":"https:\/\/api.w.org\/{rel}","templated":true}]}}