{"id":672286,"date":"2026-02-19T15:55:59","date_gmt":"2026-02-19T14:55:59","guid":{"rendered":"https:\/\/selleetools.com\/?post_type=product&#038;p=672286"},"modified":"2026-04-18T15:54:53","modified_gmt":"2026-04-18T13:54:53","slug":"biopon-paleczki-nawozowe-z-biohumusem-30-szt","status":"publish","type":"product","link":"https:\/\/admincentral.selleetools.com\/pl\/product\/biopon-paleczki-nawozowe-z-biohumusem-30-szt\/","title":{"rendered":"BIOPON Pa\u0142eczki nawozowe z biohumusem 30 szt."},"content":{"rendered":"<p>BIOPON Pa\u0142eczki nawozowe z biohumusem 30szt (BI-204324)<br \/>\nOrganiczny, w 100% naturalny naw\u00f3z w postaci pa\u0142eczek, przeznaczony do zasilania wszystkich ro\u015blin domowych i balkonowych. Wyprodukowany z odchod\u00f3w d\u017cd\u017cownic kalifornijskich, kt\u00f3re podczas trawienia gleby nasycaj\u0105 j\u0105 po\u017cytecznymi mikroorganizmami, uwalniaj\u0105cymi zwi\u0105zane w pod\u0142o\u017cu sk\u0142adniki od\u017cywcze. Pa\u0142eczki s\u0105 wyj\u0105tkowo bogate w pr\u00f3chnic\u0119 pokarmow\u0105, dzi\u0119ki czemu poprawiaj\u0105 w\u0142a\u015bciwo\u015bci i struktur\u0119 pod\u0142o\u017ca, zwi\u0119kszaj\u0105 jego zdolno\u015b\u0107 do zatrzymywania wody i ograniczaj\u0105 wymywanie sk\u0142adnik\u00f3w pokarmowych. Pobudzaj\u0105 \u017cycie biologiczne gleby i zapewniaj\u0105 optymalne warunki do rozwoju systemu korzeniowego. Pa\u0142eczki stopniowo ulegaj\u0105 rozpuszczeniu, dzi\u0119ki czemu od\u017cywiaj\u0105 ro\u015bliny w spos\u00f3b ci\u0105g\u0142y, przez d\u0142ugi okres czasu. Ich regularne stosowanie zapewnia ro\u015blinom odpowiednie od\u017cywienie, optymalny wzrost oraz zdrowy i pi\u0119kny wygl\u0105d.<\/p>\n<p>BIOPON Pa\u0142eczki nawozowe z biohumusem 30szt (BI-204324)<br \/>\nOrganiczny, w 100% naturalny naw\u00f3z w postaci pa\u0142eczek, przeznaczony do zasilania wszystkich ro\u015blin domowych i balkonowych. Wyprodukowany z odchod\u00f3w d\u017cd\u017cownic kalifornijskich, kt\u00f3re podczas trawienia gleby nasycaj\u0105 j\u0105 po\u017cytecznymi mikroorganizmami, uwalniaj\u0105cymi zwi\u0105zane w pod\u0142o\u017cu sk\u0142adniki od\u017cywcze. Pa\u0142eczki s\u0105 wyj\u0105tkowo bogate w pr\u00f3chnic\u0119 pokarmow\u0105, dzi\u0119ki czemu poprawiaj\u0105 w\u0142a\u015bciwo\u015bci i struktur\u0119 pod\u0142o\u017ca, zwi\u0119kszaj\u0105 jego zdolno\u015b\u0107 do zatrzymywania wody i ograniczaj\u0105 wymywanie sk\u0142adnik\u00f3w pokarmowych. Pobudzaj\u0105 \u017cycie biologiczne gleby i zapewniaj\u0105 optymalne warunki do rozwoju systemu korzeniowego. Pa\u0142eczki stopniowo ulegaj\u0105 rozpuszczeniu, dzi\u0119ki czemu od\u017cywiaj\u0105 ro\u015bliny w spos\u00f3b ci\u0105g\u0142y, przez d\u0142ugi okres czasu. Ich regularne stosowanie zapewnia ro\u015blinom odpowiednie od\u017cywienie, optymalny wzrost oraz zdrowy i pi\u0119kny wygl\u0105d.<\/p>\n","protected":false},"excerpt":{"rendered":"<p>BIOPON Pa\u0142eczki nawozowe z biohumusem 30szt (BI-204324) Organiczny, w 100% naturalny naw\u00f3z w postaci pa\u0142eczek, przeznaczony do zasilania wszystkich ro\u015blin domowych i balkonowych. Wyprodukowany z odchod\u00f3w d\u017cd\u017cownic kalifornijskich, kt\u00f3re podczas trawienia gleby nasycaj\u0105 j\u0105 po\u017cytecznymi mikroorganizmami, uwalniaj\u0105cymi zwi\u0105zane w pod\u0142o\u017cu sk\u0142adniki od\u017cywcze. Pa\u0142eczki s\u0105 wyj\u0105tkowo bogate w pr\u00f3chnic\u0119 pokarmow\u0105, dzi\u0119ki czemu poprawiaj\u0105 w\u0142a\u015bciwo\u015bci i struktur\u0119 &#8230; <a title=\"BIOPON Pa\u0142eczki nawozowe z biohumusem 30 szt.\" class=\"read-more\" href=\"https:\/\/admincentral.selleetools.com\/pl\/product\/biopon-paleczki-nawozowe-z-biohumusem-30-szt\/\">Read more<span class=\"screen-reader-text\">BIOPON Pa\u0142eczki nawozowe z biohumusem 30 szt.<\/span><\/a><\/p>\n","protected":false},"featured_media":672284,"comment_status":"open","ping_status":"closed","template":"","meta":{"_links_to":"","_links_to_target":""},"yoast_head":"<!-- This site is optimized with the Yoast SEO plugin v19.4 - https:\/\/yoast.com\/wordpress\/plugins\/seo\/ -->\n<title>BIOPON Pa\u0142eczki nawozowe z biohumusem 30 szt. - Selleetools.com<\/title>\n<meta name=\"robots\" content=\"index, follow, max-snippet:-1, max-image-preview:large, max-video-preview:-1\" \/>\n<link rel=\"canonical\" href=\"https:\/\/selleetools.com\/pl\/product\/biopon-paleczki-nawozowe-z-biohumusem-30-szt\/\" \/>\n<meta property=\"og:locale\" content=\"pl_PL\" \/>\n<meta property=\"og:type\" content=\"article\" \/>\n<meta property=\"og:title\" content=\"BIOPON Pa\u0142eczki nawozowe z biohumusem 30 szt. - Selleetools.com\" \/>\n<meta property=\"og:description\" content=\"BIOPON Pa\u0142eczki nawozowe z biohumusem 30szt (BI-204324) Organiczny, w 100% naturalny naw\u00f3z w postaci pa\u0142eczek, przeznaczony do zasilania wszystkich ro\u015blin domowych i balkonowych. Wyprodukowany z odchod\u00f3w d\u017cd\u017cownic kalifornijskich, kt\u00f3re podczas trawienia gleby nasycaj\u0105 j\u0105 po\u017cytecznymi mikroorganizmami, uwalniaj\u0105cymi zwi\u0105zane w pod\u0142o\u017cu sk\u0142adniki od\u017cywcze. Pa\u0142eczki s\u0105 wyj\u0105tkowo bogate w pr\u00f3chnic\u0119 pokarmow\u0105, dzi\u0119ki czemu poprawiaj\u0105 w\u0142a\u015bciwo\u015bci i struktur\u0119 ... Read moreBIOPON Pa\u0142eczki nawozowe z biohumusem 30 szt.\" \/>\n<meta property=\"og:url\" content=\"https:\/\/selleetools.com\/pl\/product\/biopon-paleczki-nawozowe-z-biohumusem-30-szt\/\" \/>\n<meta property=\"og:site_name\" content=\"Selleetools.com\" \/>\n<meta property=\"article:modified_time\" content=\"2026-04-18T13:54:53+00:00\" \/>\n<meta property=\"og:image\" content=\"https:\/\/selleetools.com\/wp-content\/uploads\/2026\/02\/675a934c211f2e968dee7df87a6487a4.jpg\" \/>\n\t<meta property=\"og:image:width\" content=\"700\" \/>\n\t<meta property=\"og:image:height\" content=\"1298\" \/>\n\t<meta property=\"og:image:type\" content=\"image\/jpeg\" \/>\n<meta name=\"twitter:card\" content=\"summary_large_image\" \/>\n<meta name=\"twitter:label1\" content=\"Est. reading time\" \/>\n\t<meta name=\"twitter:data1\" content=\"1 minuta\" \/>\n<!-- \/ Yoast SEO plugin. -->","yoast_head_json":{"title":"BIOPON Pa\u0142eczki nawozowe z biohumusem 30 szt. - Selleetools.com","robots":{"index":"index","follow":"follow","max-snippet":"max-snippet:-1","max-image-preview":"max-image-preview:large","max-video-preview":"max-video-preview:-1"},"canonical":"https:\/\/selleetools.com\/pl\/product\/biopon-paleczki-nawozowe-z-biohumusem-30-szt\/","og_locale":"pl_PL","og_type":"article","og_title":"BIOPON Pa\u0142eczki nawozowe z biohumusem 30 szt. - Selleetools.com","og_description":"BIOPON Pa\u0142eczki nawozowe z biohumusem 30szt (BI-204324) Organiczny, w 100% naturalny naw\u00f3z w postaci pa\u0142eczek, przeznaczony do zasilania wszystkich ro\u015blin domowych i balkonowych. Wyprodukowany z odchod\u00f3w d\u017cd\u017cownic kalifornijskich, kt\u00f3re podczas trawienia gleby nasycaj\u0105 j\u0105 po\u017cytecznymi mikroorganizmami, uwalniaj\u0105cymi zwi\u0105zane w pod\u0142o\u017cu sk\u0142adniki od\u017cywcze. Pa\u0142eczki s\u0105 wyj\u0105tkowo bogate w pr\u00f3chnic\u0119 pokarmow\u0105, dzi\u0119ki czemu poprawiaj\u0105 w\u0142a\u015bciwo\u015bci i struktur\u0119 ... Read moreBIOPON Pa\u0142eczki nawozowe z biohumusem 30 szt.","og_url":"https:\/\/selleetools.com\/pl\/product\/biopon-paleczki-nawozowe-z-biohumusem-30-szt\/","og_site_name":"Selleetools.com","article_modified_time":"2026-04-18T13:54:53+00:00","og_image":[{"width":700,"height":1298,"url":"https:\/\/selleetools.com\/wp-content\/uploads\/2026\/02\/675a934c211f2e968dee7df87a6487a4.jpg","type":"image\/jpeg"}],"twitter_card":"summary_large_image","twitter_misc":{"Est. reading time":"1 minuta"},"schema":{"@context":"https:\/\/schema.org","@graph":[{"@type":"Organization","@id":"https:\/\/selleetools.com\/#organization","name":"Selleetools","url":"https:\/\/selleetools.com\/","sameAs":[],"logo":{"@type":"ImageObject","inLanguage":"pl-PL","@id":"https:\/\/selleetools.com\/#\/schema\/logo\/image\/","url":"https:\/\/selleetools.com\/wp-content\/uploads\/2021\/10\/logo-dark.png","contentUrl":"https:\/\/selleetools.com\/wp-content\/uploads\/2021\/10\/logo-dark.png","width":320,"height":76,"caption":"Selleetools"},"image":{"@id":"https:\/\/selleetools.com\/#\/schema\/logo\/image\/"}},{"@type":"WebSite","@id":"https:\/\/selleetools.com\/#website","url":"https:\/\/selleetools.com\/","name":"Selleetools.com","description":"","publisher":{"@id":"https:\/\/selleetools.com\/#organization"},"potentialAction":[{"@type":"SearchAction","target":{"@type":"EntryPoint","urlTemplate":"https:\/\/selleetools.com\/?s={search_term_string}"},"query-input":"required name=search_term_string"}],"inLanguage":"pl-PL"},{"@type":"WebPage","@id":"https:\/\/selleetools.com\/pl\/product\/biopon-paleczki-nawozowe-z-biohumusem-30-szt\/","url":"https:\/\/selleetools.com\/pl\/product\/biopon-paleczki-nawozowe-z-biohumusem-30-szt\/","name":"BIOPON Pa\u0142eczki nawozowe z biohumusem 30 szt. - Selleetools.com","isPartOf":{"@id":"https:\/\/selleetools.com\/#website"},"datePublished":"2026-02-19T14:55:59+00:00","dateModified":"2026-04-18T13:54:53+00:00","breadcrumb":{"@id":"https:\/\/selleetools.com\/pl\/product\/biopon-paleczki-nawozowe-z-biohumusem-30-szt\/#breadcrumb"},"inLanguage":"pl-PL","potentialAction":[{"@type":"ReadAction","target":["https:\/\/selleetools.com\/pl\/product\/biopon-paleczki-nawozowe-z-biohumusem-30-szt\/"]}]},{"@type":"BreadcrumbList","@id":"https:\/\/selleetools.com\/pl\/product\/biopon-paleczki-nawozowe-z-biohumusem-30-szt\/#breadcrumb","itemListElement":[{"@type":"ListItem","position":1,"name":"Home","item":"https:\/\/selleetools.com\/pl\/"},{"@type":"ListItem","position":2,"name":"Katalog","item":"https:\/\/selleetools.com\/pl\/katalog\/"},{"@type":"ListItem","position":3,"name":"BIOPON Pa\u0142eczki nawozowe z biohumusem 30 szt."}]}]}},"_links":{"self":[{"href":"https:\/\/admincentral.selleetools.com\/pl\/wp-json\/wp\/v2\/product\/672286"}],"collection":[{"href":"https:\/\/admincentral.selleetools.com\/pl\/wp-json\/wp\/v2\/product"}],"about":[{"href":"https:\/\/admincentral.selleetools.com\/pl\/wp-json\/wp\/v2\/types\/product"}],"replies":[{"embeddable":true,"href":"https:\/\/admincentral.selleetools.com\/pl\/wp-json\/wp\/v2\/comments?post=672286"}],"wp:featuredmedia":[{"embeddable":true,"href":"https:\/\/admincentral.selleetools.com\/pl\/wp-json\/wp\/v2\/media\/672284"}],"wp:attachment":[{"href":"https:\/\/admincentral.selleetools.com\/pl\/wp-json\/wp\/v2\/media?parent=672286"}],"curies":[{"name":"wp","href":"https:\/\/api.w.org\/{rel}","templated":true}]}}