{"id":672462,"date":"2026-02-19T15:57:27","date_gmt":"2026-02-19T14:57:27","guid":{"rendered":"https:\/\/selleetools.com\/?post_type=product&#038;p=672462"},"modified":"2026-04-18T15:51:41","modified_gmt":"2026-04-18T13:51:41","slug":"bros-lep-okragly-na-muchy-4-pak","status":"publish","type":"product","link":"https:\/\/admincentral.selleetools.com\/pl\/product\/bros-lep-okragly-na-muchy-4-pak\/","title":{"rendered":"BROS Lep okr\u0105g\u0142y na muchy 4-pak"},"content":{"rendered":"<p>BROS Lep okr\u0105g\u0142y na muchy 4-pak\u00a0 (BR-001985)<br \/>\nTradycyjna posta\u0107 rozwijanej ta\u015bmy pokrytej klejem. Receptura kleju zapewnia skuteczno\u015b\u0107 lepu w r\u00f3\u017cnej temperaturze i wilgotno\u015bci przez bardzo d\u0142ugi czas.<\/p>\n<p>BROS Lep okr\u0105g\u0142y na muchy 4-pak\u00a0 (BR-001985)<br \/>\nTradycyjna posta\u0107 rozwijanej ta\u015bmy pokrytej klejem. Receptura kleju zapewnia skuteczno\u015b\u0107 lepu w r\u00f3\u017cnej temperaturze i wilgotno\u015bci przez bardzo d\u0142ugi czas.<\/p>\n","protected":false},"excerpt":{"rendered":"<p>BROS Lep okr\u0105g\u0142y na muchy 4-pak\u00a0 (BR-001985) Tradycyjna posta\u0107 rozwijanej ta\u015bmy pokrytej klejem. Receptura kleju zapewnia skuteczno\u015b\u0107 lepu w r\u00f3\u017cnej temperaturze i wilgotno\u015bci przez bardzo d\u0142ugi czas. BROS Lep okr\u0105g\u0142y na muchy 4-pak\u00a0 (BR-001985) Tradycyjna posta\u0107 rozwijanej ta\u015bmy pokrytej klejem. Receptura kleju zapewnia skuteczno\u015b\u0107 lepu w r\u00f3\u017cnej temperaturze i wilgotno\u015bci przez bardzo d\u0142ugi czas.<\/p>\n","protected":false},"featured_media":672460,"comment_status":"open","ping_status":"closed","template":"","meta":{"_links_to":"","_links_to_target":""},"yoast_head":"<!-- This site is optimized with the Yoast SEO plugin v19.4 - https:\/\/yoast.com\/wordpress\/plugins\/seo\/ -->\n<title>BROS Lep okr\u0105g\u0142y na muchy 4-pak - Selleetools.com<\/title>\n<meta name=\"robots\" content=\"index, follow, max-snippet:-1, max-image-preview:large, max-video-preview:-1\" \/>\n<link rel=\"canonical\" href=\"https:\/\/selleetools.com\/pl\/product\/bros-lep-okragly-na-muchy-4-pak\/\" \/>\n<meta property=\"og:locale\" content=\"pl_PL\" \/>\n<meta property=\"og:type\" content=\"article\" \/>\n<meta property=\"og:title\" content=\"BROS Lep okr\u0105g\u0142y na muchy 4-pak - Selleetools.com\" \/>\n<meta property=\"og:description\" content=\"BROS Lep okr\u0105g\u0142y na muchy 4-pak\u00a0 (BR-001985) Tradycyjna posta\u0107 rozwijanej ta\u015bmy pokrytej klejem. Receptura kleju zapewnia skuteczno\u015b\u0107 lepu w r\u00f3\u017cnej temperaturze i wilgotno\u015bci przez bardzo d\u0142ugi czas. BROS Lep okr\u0105g\u0142y na muchy 4-pak\u00a0 (BR-001985) Tradycyjna posta\u0107 rozwijanej ta\u015bmy pokrytej klejem. Receptura kleju zapewnia skuteczno\u015b\u0107 lepu w r\u00f3\u017cnej temperaturze i wilgotno\u015bci przez bardzo d\u0142ugi czas.\" \/>\n<meta property=\"og:url\" content=\"https:\/\/selleetools.com\/pl\/product\/bros-lep-okragly-na-muchy-4-pak\/\" \/>\n<meta property=\"og:site_name\" content=\"Selleetools.com\" \/>\n<meta property=\"article:modified_time\" content=\"2026-04-18T13:51:41+00:00\" \/>\n<meta property=\"og:image\" content=\"https:\/\/selleetools.com\/wp-content\/uploads\/2026\/02\/b53dc1f33af31ae439c113c047d33c87.jpg\" \/>\n\t<meta property=\"og:image:width\" content=\"1200\" \/>\n\t<meta property=\"og:image:height\" content=\"1025\" \/>\n\t<meta property=\"og:image:type\" content=\"image\/jpeg\" \/>\n<meta name=\"twitter:card\" content=\"summary_large_image\" \/>\n<!-- \/ Yoast SEO plugin. -->","yoast_head_json":{"title":"BROS Lep okr\u0105g\u0142y na muchy 4-pak - Selleetools.com","robots":{"index":"index","follow":"follow","max-snippet":"max-snippet:-1","max-image-preview":"max-image-preview:large","max-video-preview":"max-video-preview:-1"},"canonical":"https:\/\/selleetools.com\/pl\/product\/bros-lep-okragly-na-muchy-4-pak\/","og_locale":"pl_PL","og_type":"article","og_title":"BROS Lep okr\u0105g\u0142y na muchy 4-pak - Selleetools.com","og_description":"BROS Lep okr\u0105g\u0142y na muchy 4-pak\u00a0 (BR-001985) Tradycyjna posta\u0107 rozwijanej ta\u015bmy pokrytej klejem. Receptura kleju zapewnia skuteczno\u015b\u0107 lepu w r\u00f3\u017cnej temperaturze i wilgotno\u015bci przez bardzo d\u0142ugi czas. BROS Lep okr\u0105g\u0142y na muchy 4-pak\u00a0 (BR-001985) Tradycyjna posta\u0107 rozwijanej ta\u015bmy pokrytej klejem. Receptura kleju zapewnia skuteczno\u015b\u0107 lepu w r\u00f3\u017cnej temperaturze i wilgotno\u015bci przez bardzo d\u0142ugi czas.","og_url":"https:\/\/selleetools.com\/pl\/product\/bros-lep-okragly-na-muchy-4-pak\/","og_site_name":"Selleetools.com","article_modified_time":"2026-04-18T13:51:41+00:00","og_image":[{"width":1200,"height":1025,"url":"https:\/\/selleetools.com\/wp-content\/uploads\/2026\/02\/b53dc1f33af31ae439c113c047d33c87.jpg","type":"image\/jpeg"}],"twitter_card":"summary_large_image","schema":{"@context":"https:\/\/schema.org","@graph":[{"@type":"Organization","@id":"https:\/\/selleetools.com\/#organization","name":"Selleetools","url":"https:\/\/selleetools.com\/","sameAs":[],"logo":{"@type":"ImageObject","inLanguage":"pl-PL","@id":"https:\/\/selleetools.com\/#\/schema\/logo\/image\/","url":"https:\/\/selleetools.com\/wp-content\/uploads\/2021\/10\/logo-dark.png","contentUrl":"https:\/\/selleetools.com\/wp-content\/uploads\/2021\/10\/logo-dark.png","width":320,"height":76,"caption":"Selleetools"},"image":{"@id":"https:\/\/selleetools.com\/#\/schema\/logo\/image\/"}},{"@type":"WebSite","@id":"https:\/\/selleetools.com\/#website","url":"https:\/\/selleetools.com\/","name":"Selleetools.com","description":"","publisher":{"@id":"https:\/\/selleetools.com\/#organization"},"potentialAction":[{"@type":"SearchAction","target":{"@type":"EntryPoint","urlTemplate":"https:\/\/selleetools.com\/?s={search_term_string}"},"query-input":"required name=search_term_string"}],"inLanguage":"pl-PL"},{"@type":"WebPage","@id":"https:\/\/selleetools.com\/pl\/product\/bros-lep-okragly-na-muchy-4-pak\/","url":"https:\/\/selleetools.com\/pl\/product\/bros-lep-okragly-na-muchy-4-pak\/","name":"BROS Lep okr\u0105g\u0142y na muchy 4-pak - Selleetools.com","isPartOf":{"@id":"https:\/\/selleetools.com\/#website"},"datePublished":"2026-02-19T14:57:27+00:00","dateModified":"2026-04-18T13:51:41+00:00","breadcrumb":{"@id":"https:\/\/selleetools.com\/pl\/product\/bros-lep-okragly-na-muchy-4-pak\/#breadcrumb"},"inLanguage":"pl-PL","potentialAction":[{"@type":"ReadAction","target":["https:\/\/selleetools.com\/pl\/product\/bros-lep-okragly-na-muchy-4-pak\/"]}]},{"@type":"BreadcrumbList","@id":"https:\/\/selleetools.com\/pl\/product\/bros-lep-okragly-na-muchy-4-pak\/#breadcrumb","itemListElement":[{"@type":"ListItem","position":1,"name":"Home","item":"https:\/\/selleetools.com\/pl\/"},{"@type":"ListItem","position":2,"name":"Katalog","item":"https:\/\/selleetools.com\/pl\/katalog\/"},{"@type":"ListItem","position":3,"name":"BROS Lep okr\u0105g\u0142y na muchy 4-pak"}]}]}},"_links":{"self":[{"href":"https:\/\/admincentral.selleetools.com\/pl\/wp-json\/wp\/v2\/product\/672462"}],"collection":[{"href":"https:\/\/admincentral.selleetools.com\/pl\/wp-json\/wp\/v2\/product"}],"about":[{"href":"https:\/\/admincentral.selleetools.com\/pl\/wp-json\/wp\/v2\/types\/product"}],"replies":[{"embeddable":true,"href":"https:\/\/admincentral.selleetools.com\/pl\/wp-json\/wp\/v2\/comments?post=672462"}],"wp:featuredmedia":[{"embeddable":true,"href":"https:\/\/admincentral.selleetools.com\/pl\/wp-json\/wp\/v2\/media\/672460"}],"wp:attachment":[{"href":"https:\/\/admincentral.selleetools.com\/pl\/wp-json\/wp\/v2\/media?parent=672462"}],"curies":[{"name":"wp","href":"https:\/\/api.w.org\/{rel}","templated":true}]}}