{"id":672471,"date":"2026-02-19T15:57:37","date_gmt":"2026-02-19T14:57:37","guid":{"rendered":"https:\/\/selleetools.com\/?post_type=product&#038;p=672471"},"modified":"2026-04-18T15:51:48","modified_gmt":"2026-04-18T13:51:48","slug":"morus-proszek-do-usuwania-sadzy-z-kominkow-50g","status":"publish","type":"product","link":"https:\/\/admincentral.selleetools.com\/pl\/product\/morus-proszek-do-usuwania-sadzy-z-kominkow-50g\/","title":{"rendered":"MORUS Proszek do usuwania sadzy z komink\u00f3w 50g"},"content":{"rendered":"<p>MORUS Proszek do usuwania sadzy z komink\u00f3w 50g (MO-164031)<br \/>\nPreparat do usuwania powsta\u0142ej w paleniskach i przewodach kominowych sadzy. Zawarte w nim sole mineralne pod wp\u0142ywem wysokiej temperatury ulegaj\u0105 rozk\u0142adowi na substancje o w\u0142a\u015bciwo\u015bciach katalitycznych, kt\u00f3re znacznie przyspieszaj\u0105 proces spalania sadzy i osad\u00f3w smo\u0142owych. Mo\u017ce by\u0107 stosowany we wszystkich kominkach i piecach na paliwo sta\u0142e (np. drewno, ekogroszek).<\/p>\n<p>Produkt\u00f3w biob\u00f3jczych nale\u017cy u\u017cywa\u0107 z zachowaniem \u015brodk\u00f3w ostro\u017cno\u015bci.\u00a0Przed ka\u017cdym u\u017cyciem nale\u017cy przeczyta\u0107 etykiet\u0119 i informacje dotycz\u0105ce produktu.<\/p>\n<p>MORUS Proszek do usuwania sadzy z komink\u00f3w 50g (MO-164031)<br \/>\nPreparat do usuwania powsta\u0142ej w paleniskach i przewodach kominowych sadzy. Zawarte w nim sole mineralne pod wp\u0142ywem wysokiej temperatury ulegaj\u0105 rozk\u0142adowi na substancje o w\u0142a\u015bciwo\u015bciach katalitycznych, kt\u00f3re znacznie przyspieszaj\u0105 proces spalania sadzy i osad\u00f3w smo\u0142owych. Mo\u017ce by\u0107 stosowany we wszystkich kominkach i piecach na paliwo sta\u0142e (np. drewno, ekogroszek).<\/p>\n<p>Produkt\u00f3w biob\u00f3jczych nale\u017cy u\u017cywa\u0107 z zachowaniem \u015brodk\u00f3w ostro\u017cno\u015bci.\u00a0Przed ka\u017cdym u\u017cyciem nale\u017cy przeczyta\u0107 etykiet\u0119 i informacje dotycz\u0105ce produktu.<\/p>\n","protected":false},"excerpt":{"rendered":"<p>MORUS Proszek do usuwania sadzy z komink\u00f3w 50g (MO-164031) Preparat do usuwania powsta\u0142ej w paleniskach i przewodach kominowych sadzy. Zawarte w nim sole mineralne pod wp\u0142ywem wysokiej temperatury ulegaj\u0105 rozk\u0142adowi na substancje o w\u0142a\u015bciwo\u015bciach katalitycznych, kt\u00f3re znacznie przyspieszaj\u0105 proces spalania sadzy i osad\u00f3w smo\u0142owych. Mo\u017ce by\u0107 stosowany we wszystkich kominkach i piecach na paliwo sta\u0142e &#8230; <a title=\"MORUS Proszek do usuwania sadzy z komink\u00f3w 50g\" class=\"read-more\" href=\"https:\/\/admincentral.selleetools.com\/pl\/product\/morus-proszek-do-usuwania-sadzy-z-kominkow-50g\/\">Read more<span class=\"screen-reader-text\">MORUS Proszek do usuwania sadzy z komink\u00f3w 50g<\/span><\/a><\/p>\n","protected":false},"featured_media":672469,"comment_status":"open","ping_status":"closed","template":"","meta":{"_links_to":"","_links_to_target":""},"yoast_head":"<!-- This site is optimized with the Yoast SEO plugin v19.4 - https:\/\/yoast.com\/wordpress\/plugins\/seo\/ -->\n<title>MORUS Proszek do usuwania sadzy z komink\u00f3w 50g - Selleetools.com<\/title>\n<meta name=\"robots\" content=\"index, follow, max-snippet:-1, max-image-preview:large, max-video-preview:-1\" \/>\n<link rel=\"canonical\" href=\"https:\/\/selleetools.com\/pl\/product\/morus-proszek-do-usuwania-sadzy-z-kominkow-50g\/\" \/>\n<meta property=\"og:locale\" content=\"pl_PL\" \/>\n<meta property=\"og:type\" content=\"article\" \/>\n<meta property=\"og:title\" content=\"MORUS Proszek do usuwania sadzy z komink\u00f3w 50g - Selleetools.com\" \/>\n<meta property=\"og:description\" content=\"MORUS Proszek do usuwania sadzy z komink\u00f3w 50g (MO-164031) Preparat do usuwania powsta\u0142ej w paleniskach i przewodach kominowych sadzy. Zawarte w nim sole mineralne pod wp\u0142ywem wysokiej temperatury ulegaj\u0105 rozk\u0142adowi na substancje o w\u0142a\u015bciwo\u015bciach katalitycznych, kt\u00f3re znacznie przyspieszaj\u0105 proces spalania sadzy i osad\u00f3w smo\u0142owych. Mo\u017ce by\u0107 stosowany we wszystkich kominkach i piecach na paliwo sta\u0142e ... Read moreMORUS Proszek do usuwania sadzy z komink\u00f3w 50g\" \/>\n<meta property=\"og:url\" content=\"https:\/\/selleetools.com\/pl\/product\/morus-proszek-do-usuwania-sadzy-z-kominkow-50g\/\" \/>\n<meta property=\"og:site_name\" content=\"Selleetools.com\" \/>\n<meta property=\"article:modified_time\" content=\"2026-04-18T13:51:48+00:00\" \/>\n<meta property=\"og:image\" content=\"https:\/\/selleetools.com\/wp-content\/uploads\/2026\/02\/95d128fd6f43efdd331dc1b7d13eeaf5.jpg\" \/>\n\t<meta property=\"og:image:width\" content=\"2480\" \/>\n\t<meta property=\"og:image:height\" content=\"2560\" \/>\n\t<meta property=\"og:image:type\" content=\"image\/jpeg\" \/>\n<meta name=\"twitter:card\" content=\"summary_large_image\" \/>\n<meta name=\"twitter:label1\" content=\"Est. reading time\" \/>\n\t<meta name=\"twitter:data1\" content=\"1 minuta\" \/>\n<!-- \/ Yoast SEO plugin. -->","yoast_head_json":{"title":"MORUS Proszek do usuwania sadzy z komink\u00f3w 50g - Selleetools.com","robots":{"index":"index","follow":"follow","max-snippet":"max-snippet:-1","max-image-preview":"max-image-preview:large","max-video-preview":"max-video-preview:-1"},"canonical":"https:\/\/selleetools.com\/pl\/product\/morus-proszek-do-usuwania-sadzy-z-kominkow-50g\/","og_locale":"pl_PL","og_type":"article","og_title":"MORUS Proszek do usuwania sadzy z komink\u00f3w 50g - Selleetools.com","og_description":"MORUS Proszek do usuwania sadzy z komink\u00f3w 50g (MO-164031) Preparat do usuwania powsta\u0142ej w paleniskach i przewodach kominowych sadzy. Zawarte w nim sole mineralne pod wp\u0142ywem wysokiej temperatury ulegaj\u0105 rozk\u0142adowi na substancje o w\u0142a\u015bciwo\u015bciach katalitycznych, kt\u00f3re znacznie przyspieszaj\u0105 proces spalania sadzy i osad\u00f3w smo\u0142owych. Mo\u017ce by\u0107 stosowany we wszystkich kominkach i piecach na paliwo sta\u0142e ... Read moreMORUS Proszek do usuwania sadzy z komink\u00f3w 50g","og_url":"https:\/\/selleetools.com\/pl\/product\/morus-proszek-do-usuwania-sadzy-z-kominkow-50g\/","og_site_name":"Selleetools.com","article_modified_time":"2026-04-18T13:51:48+00:00","og_image":[{"width":2480,"height":2560,"url":"https:\/\/selleetools.com\/wp-content\/uploads\/2026\/02\/95d128fd6f43efdd331dc1b7d13eeaf5.jpg","type":"image\/jpeg"}],"twitter_card":"summary_large_image","twitter_misc":{"Est. reading time":"1 minuta"},"schema":{"@context":"https:\/\/schema.org","@graph":[{"@type":"Organization","@id":"https:\/\/selleetools.com\/#organization","name":"Selleetools","url":"https:\/\/selleetools.com\/","sameAs":[],"logo":{"@type":"ImageObject","inLanguage":"pl-PL","@id":"https:\/\/selleetools.com\/#\/schema\/logo\/image\/","url":"https:\/\/selleetools.com\/wp-content\/uploads\/2021\/10\/logo-dark.png","contentUrl":"https:\/\/selleetools.com\/wp-content\/uploads\/2021\/10\/logo-dark.png","width":320,"height":76,"caption":"Selleetools"},"image":{"@id":"https:\/\/selleetools.com\/#\/schema\/logo\/image\/"}},{"@type":"WebSite","@id":"https:\/\/selleetools.com\/#website","url":"https:\/\/selleetools.com\/","name":"Selleetools.com","description":"","publisher":{"@id":"https:\/\/selleetools.com\/#organization"},"potentialAction":[{"@type":"SearchAction","target":{"@type":"EntryPoint","urlTemplate":"https:\/\/selleetools.com\/?s={search_term_string}"},"query-input":"required name=search_term_string"}],"inLanguage":"pl-PL"},{"@type":"WebPage","@id":"https:\/\/selleetools.com\/pl\/product\/morus-proszek-do-usuwania-sadzy-z-kominkow-50g\/","url":"https:\/\/selleetools.com\/pl\/product\/morus-proszek-do-usuwania-sadzy-z-kominkow-50g\/","name":"MORUS Proszek do usuwania sadzy z komink\u00f3w 50g - Selleetools.com","isPartOf":{"@id":"https:\/\/selleetools.com\/#website"},"datePublished":"2026-02-19T14:57:37+00:00","dateModified":"2026-04-18T13:51:48+00:00","breadcrumb":{"@id":"https:\/\/selleetools.com\/pl\/product\/morus-proszek-do-usuwania-sadzy-z-kominkow-50g\/#breadcrumb"},"inLanguage":"pl-PL","potentialAction":[{"@type":"ReadAction","target":["https:\/\/selleetools.com\/pl\/product\/morus-proszek-do-usuwania-sadzy-z-kominkow-50g\/"]}]},{"@type":"BreadcrumbList","@id":"https:\/\/selleetools.com\/pl\/product\/morus-proszek-do-usuwania-sadzy-z-kominkow-50g\/#breadcrumb","itemListElement":[{"@type":"ListItem","position":1,"name":"Home","item":"https:\/\/selleetools.com\/pl\/"},{"@type":"ListItem","position":2,"name":"Katalog","item":"https:\/\/selleetools.com\/pl\/katalog\/"},{"@type":"ListItem","position":3,"name":"MORUS Proszek do usuwania sadzy z komink\u00f3w 50g"}]}]}},"_links":{"self":[{"href":"https:\/\/admincentral.selleetools.com\/pl\/wp-json\/wp\/v2\/product\/672471"}],"collection":[{"href":"https:\/\/admincentral.selleetools.com\/pl\/wp-json\/wp\/v2\/product"}],"about":[{"href":"https:\/\/admincentral.selleetools.com\/pl\/wp-json\/wp\/v2\/types\/product"}],"replies":[{"embeddable":true,"href":"https:\/\/admincentral.selleetools.com\/pl\/wp-json\/wp\/v2\/comments?post=672471"}],"wp:featuredmedia":[{"embeddable":true,"href":"https:\/\/admincentral.selleetools.com\/pl\/wp-json\/wp\/v2\/media\/672469"}],"wp:attachment":[{"href":"https:\/\/admincentral.selleetools.com\/pl\/wp-json\/wp\/v2\/media?parent=672471"}],"curies":[{"name":"wp","href":"https:\/\/api.w.org\/{rel}","templated":true}]}}