{"id":672497,"date":"2026-02-19T15:57:59","date_gmt":"2026-02-19T14:57:59","guid":{"rendered":"https:\/\/selleetools.com\/?post_type=product&#038;p=672497"},"modified":"2026-04-18T15:52:05","modified_gmt":"2026-04-18T13:52:05","slug":"bros-naklejka-na-muchy-2-szt","status":"publish","type":"product","link":"https:\/\/admincentral.selleetools.com\/pl\/product\/bros-naklejka-na-muchy-2-szt\/","title":{"rendered":"BROS Naklejka na muchy 2 szt."},"content":{"rendered":"<p>Bros naklejka na muchy przyklejana na okno 2 szt. (BROS-SG148)<br \/>\nBROS naklejka na muchy. Produkt do zwalczania much i innych owad\u00f3w lataj\u0105cych w postaci estetycznej naklejki pokrytej substancj\u0105 czynn\u0105. Produkt jest idealn\u0105 alternatyw\u0105 dla lep\u00f3w.Produkt biob\u00f3jczy nale\u017cy u\u017cywa\u0107 z zachowaniem szczeg\u00f3lnych \u015brodk\u00f3w ostro\u017cno\u015bci. Przed u\u017cyciem nale\u017cy przeczyta\u0107 etykiet\u0119 i ulotk\u0119 informacyjn\u0105. Opakowanie zawiera 2szt. naklejek.<\/p>\n<p>Produkt\u00f3w biob\u00f3jczych nale\u017cy u\u017cywa\u0107 z zachowaniem \u015brodk\u00f3w ostro\u017cno\u015bci.\u00a0Przed ka\u017cdym u\u017cyciem nale\u017cy przeczyta\u0107 etykiet\u0119 i informacje dotycz\u0105ce produktu.<\/p>\n<p>Bros naklejka na muchy przyklejana na okno 2 szt. (BROS-SG148)<br \/>\nBROS naklejka na muchy. Produkt do zwalczania much i innych owad\u00f3w lataj\u0105cych w postaci estetycznej naklejki pokrytej substancj\u0105 czynn\u0105. Produkt jest idealn\u0105 alternatyw\u0105 dla lep\u00f3w.Produkt biob\u00f3jczy nale\u017cy u\u017cywa\u0107 z zachowaniem szczeg\u00f3lnych \u015brodk\u00f3w ostro\u017cno\u015bci. Przed u\u017cyciem nale\u017cy przeczyta\u0107 etykiet\u0119 i ulotk\u0119 informacyjn\u0105. Opakowanie zawiera 2szt. naklejek.<\/p>\n<p>Produkt\u00f3w biob\u00f3jczych nale\u017cy u\u017cywa\u0107 z zachowaniem \u015brodk\u00f3w ostro\u017cno\u015bci.\u00a0Przed ka\u017cdym u\u017cyciem nale\u017cy przeczyta\u0107 etykiet\u0119 i informacje dotycz\u0105ce produktu.<\/p>\n","protected":false},"excerpt":{"rendered":"<p>Bros naklejka na muchy przyklejana na okno 2 szt. (BROS-SG148) BROS naklejka na muchy. Produkt do zwalczania much i innych owad\u00f3w lataj\u0105cych w postaci estetycznej naklejki pokrytej substancj\u0105 czynn\u0105. Produkt jest idealn\u0105 alternatyw\u0105 dla lep\u00f3w.Produkt biob\u00f3jczy nale\u017cy u\u017cywa\u0107 z zachowaniem szczeg\u00f3lnych \u015brodk\u00f3w ostro\u017cno\u015bci. Przed u\u017cyciem nale\u017cy przeczyta\u0107 etykiet\u0119 i ulotk\u0119 informacyjn\u0105. Opakowanie zawiera 2szt. naklejek. &#8230; <a title=\"BROS Naklejka na muchy 2 szt.\" class=\"read-more\" href=\"https:\/\/admincentral.selleetools.com\/pl\/product\/bros-naklejka-na-muchy-2-szt\/\">Read more<span class=\"screen-reader-text\">BROS Naklejka na muchy 2 szt.<\/span><\/a><\/p>\n","protected":false},"featured_media":672495,"comment_status":"open","ping_status":"closed","template":"","meta":{"_links_to":"","_links_to_target":""},"yoast_head":"<!-- This site is optimized with the Yoast SEO plugin v19.4 - https:\/\/yoast.com\/wordpress\/plugins\/seo\/ -->\n<title>BROS Naklejka na muchy 2 szt. - Selleetools.com<\/title>\n<meta name=\"robots\" content=\"index, follow, max-snippet:-1, max-image-preview:large, max-video-preview:-1\" \/>\n<link rel=\"canonical\" href=\"https:\/\/selleetools.com\/pl\/product\/bros-naklejka-na-muchy-2-szt\/\" \/>\n<meta property=\"og:locale\" content=\"pl_PL\" \/>\n<meta property=\"og:type\" content=\"article\" \/>\n<meta property=\"og:title\" content=\"BROS Naklejka na muchy 2 szt. - Selleetools.com\" \/>\n<meta property=\"og:description\" content=\"Bros naklejka na muchy przyklejana na okno 2 szt. (BROS-SG148) BROS naklejka na muchy. Produkt do zwalczania much i innych owad\u00f3w lataj\u0105cych w postaci estetycznej naklejki pokrytej substancj\u0105 czynn\u0105. Produkt jest idealn\u0105 alternatyw\u0105 dla lep\u00f3w.Produkt biob\u00f3jczy nale\u017cy u\u017cywa\u0107 z zachowaniem szczeg\u00f3lnych \u015brodk\u00f3w ostro\u017cno\u015bci. Przed u\u017cyciem nale\u017cy przeczyta\u0107 etykiet\u0119 i ulotk\u0119 informacyjn\u0105. Opakowanie zawiera 2szt. naklejek. ... Read moreBROS Naklejka na muchy 2 szt.\" \/>\n<meta property=\"og:url\" content=\"https:\/\/selleetools.com\/pl\/product\/bros-naklejka-na-muchy-2-szt\/\" \/>\n<meta property=\"og:site_name\" content=\"Selleetools.com\" \/>\n<meta property=\"article:modified_time\" content=\"2026-04-18T13:52:05+00:00\" \/>\n<meta property=\"og:image\" content=\"https:\/\/selleetools.com\/wp-content\/uploads\/2026\/02\/832f50388d963e68fb754ca5d2486a7a.jpg\" \/>\n\t<meta property=\"og:image:width\" content=\"458\" \/>\n\t<meta property=\"og:image:height\" content=\"1200\" \/>\n\t<meta property=\"og:image:type\" content=\"image\/jpeg\" \/>\n<meta name=\"twitter:card\" content=\"summary_large_image\" \/>\n<meta name=\"twitter:label1\" content=\"Est. reading time\" \/>\n\t<meta name=\"twitter:data1\" content=\"1 minuta\" \/>\n<!-- \/ Yoast SEO plugin. -->","yoast_head_json":{"title":"BROS Naklejka na muchy 2 szt. - Selleetools.com","robots":{"index":"index","follow":"follow","max-snippet":"max-snippet:-1","max-image-preview":"max-image-preview:large","max-video-preview":"max-video-preview:-1"},"canonical":"https:\/\/selleetools.com\/pl\/product\/bros-naklejka-na-muchy-2-szt\/","og_locale":"pl_PL","og_type":"article","og_title":"BROS Naklejka na muchy 2 szt. - Selleetools.com","og_description":"Bros naklejka na muchy przyklejana na okno 2 szt. (BROS-SG148) BROS naklejka na muchy. Produkt do zwalczania much i innych owad\u00f3w lataj\u0105cych w postaci estetycznej naklejki pokrytej substancj\u0105 czynn\u0105. Produkt jest idealn\u0105 alternatyw\u0105 dla lep\u00f3w.Produkt biob\u00f3jczy nale\u017cy u\u017cywa\u0107 z zachowaniem szczeg\u00f3lnych \u015brodk\u00f3w ostro\u017cno\u015bci. Przed u\u017cyciem nale\u017cy przeczyta\u0107 etykiet\u0119 i ulotk\u0119 informacyjn\u0105. Opakowanie zawiera 2szt. naklejek. ... Read moreBROS Naklejka na muchy 2 szt.","og_url":"https:\/\/selleetools.com\/pl\/product\/bros-naklejka-na-muchy-2-szt\/","og_site_name":"Selleetools.com","article_modified_time":"2026-04-18T13:52:05+00:00","og_image":[{"width":458,"height":1200,"url":"https:\/\/selleetools.com\/wp-content\/uploads\/2026\/02\/832f50388d963e68fb754ca5d2486a7a.jpg","type":"image\/jpeg"}],"twitter_card":"summary_large_image","twitter_misc":{"Est. reading time":"1 minuta"},"schema":{"@context":"https:\/\/schema.org","@graph":[{"@type":"Organization","@id":"https:\/\/selleetools.com\/#organization","name":"Selleetools","url":"https:\/\/selleetools.com\/","sameAs":[],"logo":{"@type":"ImageObject","inLanguage":"pl-PL","@id":"https:\/\/selleetools.com\/#\/schema\/logo\/image\/","url":"https:\/\/selleetools.com\/wp-content\/uploads\/2021\/10\/logo-dark.png","contentUrl":"https:\/\/selleetools.com\/wp-content\/uploads\/2021\/10\/logo-dark.png","width":320,"height":76,"caption":"Selleetools"},"image":{"@id":"https:\/\/selleetools.com\/#\/schema\/logo\/image\/"}},{"@type":"WebSite","@id":"https:\/\/selleetools.com\/#website","url":"https:\/\/selleetools.com\/","name":"Selleetools.com","description":"","publisher":{"@id":"https:\/\/selleetools.com\/#organization"},"potentialAction":[{"@type":"SearchAction","target":{"@type":"EntryPoint","urlTemplate":"https:\/\/selleetools.com\/?s={search_term_string}"},"query-input":"required name=search_term_string"}],"inLanguage":"pl-PL"},{"@type":"WebPage","@id":"https:\/\/selleetools.com\/pl\/product\/bros-naklejka-na-muchy-2-szt\/","url":"https:\/\/selleetools.com\/pl\/product\/bros-naklejka-na-muchy-2-szt\/","name":"BROS Naklejka na muchy 2 szt. - Selleetools.com","isPartOf":{"@id":"https:\/\/selleetools.com\/#website"},"datePublished":"2026-02-19T14:57:59+00:00","dateModified":"2026-04-18T13:52:05+00:00","breadcrumb":{"@id":"https:\/\/selleetools.com\/pl\/product\/bros-naklejka-na-muchy-2-szt\/#breadcrumb"},"inLanguage":"pl-PL","potentialAction":[{"@type":"ReadAction","target":["https:\/\/selleetools.com\/pl\/product\/bros-naklejka-na-muchy-2-szt\/"]}]},{"@type":"BreadcrumbList","@id":"https:\/\/selleetools.com\/pl\/product\/bros-naklejka-na-muchy-2-szt\/#breadcrumb","itemListElement":[{"@type":"ListItem","position":1,"name":"Home","item":"https:\/\/selleetools.com\/pl\/"},{"@type":"ListItem","position":2,"name":"Katalog","item":"https:\/\/selleetools.com\/pl\/katalog\/"},{"@type":"ListItem","position":3,"name":"BROS Naklejka na muchy 2 szt."}]}]}},"_links":{"self":[{"href":"https:\/\/admincentral.selleetools.com\/pl\/wp-json\/wp\/v2\/product\/672497"}],"collection":[{"href":"https:\/\/admincentral.selleetools.com\/pl\/wp-json\/wp\/v2\/product"}],"about":[{"href":"https:\/\/admincentral.selleetools.com\/pl\/wp-json\/wp\/v2\/types\/product"}],"replies":[{"embeddable":true,"href":"https:\/\/admincentral.selleetools.com\/pl\/wp-json\/wp\/v2\/comments?post=672497"}],"wp:featuredmedia":[{"embeddable":true,"href":"https:\/\/admincentral.selleetools.com\/pl\/wp-json\/wp\/v2\/media\/672495"}],"wp:attachment":[{"href":"https:\/\/admincentral.selleetools.com\/pl\/wp-json\/wp\/v2\/media?parent=672497"}],"curies":[{"name":"wp","href":"https:\/\/api.w.org\/{rel}","templated":true}]}}