{"id":672500,"date":"2026-02-19T15:58:02","date_gmt":"2026-02-19T14:58:02","guid":{"rendered":"https:\/\/selleetools.com\/?post_type=product&#038;p=672500"},"modified":"2026-04-18T15:52:07","modified_gmt":"2026-04-18T13:52:07","slug":"bros-lep-na-okno-4-pak","status":"publish","type":"product","link":"https:\/\/admincentral.selleetools.com\/pl\/product\/bros-lep-na-okno-4-pak\/","title":{"rendered":"BROS Lep na okno 4-pak"},"content":{"rendered":"<p>Bros naklejka na muchy na okno w kwiaty 4szt. (BROS-SG408)<br \/>\nBROS lep na okno 4-pak. Estetyczna forma lepu z kolorowym nadrukiem. Nadaje si\u0119 do stosowania w miejscach widocznych, w kuchni i wsz\u0119dzie tam, gdzie ze wzgl\u0119d\u00f3w estetycznych nie chcemy stosowa\u0107 tradycyjnego lepu. Mo\u017cna umie\u015bci\u0107 go na szybie, kafelkach, doniczkach, w miejscu przechowywania owoc\u00f3w itp. Skutecznie wy\u0142apuje muchy, muszki owoc\u00f3wki i inne owady lataj\u0105ce. Specjalna receptura kleju wyd\u0142u\u017ca jego dzia\u0142anie do kilku miesi\u0119cy.<\/p>\n<p>Bros naklejka na muchy na okno w kwiaty 4szt. (BROS-SG408)<br \/>\nBROS lep na okno 4-pak. Estetyczna forma lepu z kolorowym nadrukiem. Nadaje si\u0119 do stosowania w miejscach widocznych, w kuchni i wsz\u0119dzie tam, gdzie ze wzgl\u0119d\u00f3w estetycznych nie chcemy stosowa\u0107 tradycyjnego lepu. Mo\u017cna umie\u015bci\u0107 go na szybie, kafelkach, doniczkach, w miejscu przechowywania owoc\u00f3w itp. Skutecznie wy\u0142apuje muchy, muszki owoc\u00f3wki i inne owady lataj\u0105ce. Specjalna receptura kleju wyd\u0142u\u017ca jego dzia\u0142anie do kilku miesi\u0119cy.<\/p>\n","protected":false},"excerpt":{"rendered":"<p>Bros naklejka na muchy na okno w kwiaty 4szt. (BROS-SG408) BROS lep na okno 4-pak. Estetyczna forma lepu z kolorowym nadrukiem. Nadaje si\u0119 do stosowania w miejscach widocznych, w kuchni i wsz\u0119dzie tam, gdzie ze wzgl\u0119d\u00f3w estetycznych nie chcemy stosowa\u0107 tradycyjnego lepu. Mo\u017cna umie\u015bci\u0107 go na szybie, kafelkach, doniczkach, w miejscu przechowywania owoc\u00f3w itp. Skutecznie &#8230; <a title=\"BROS Lep na okno 4-pak\" class=\"read-more\" href=\"https:\/\/admincentral.selleetools.com\/pl\/product\/bros-lep-na-okno-4-pak\/\">Read more<span class=\"screen-reader-text\">BROS Lep na okno 4-pak<\/span><\/a><\/p>\n","protected":false},"featured_media":672498,"comment_status":"open","ping_status":"closed","template":"","meta":{"_links_to":"","_links_to_target":""},"yoast_head":"<!-- This site is optimized with the Yoast SEO plugin v19.4 - https:\/\/yoast.com\/wordpress\/plugins\/seo\/ -->\n<title>BROS Lep na okno 4-pak - Selleetools.com<\/title>\n<meta name=\"robots\" content=\"index, follow, max-snippet:-1, max-image-preview:large, max-video-preview:-1\" \/>\n<link rel=\"canonical\" href=\"https:\/\/selleetools.com\/pl\/product\/bros-lep-na-okno-4-pak\/\" \/>\n<meta property=\"og:locale\" content=\"pl_PL\" \/>\n<meta property=\"og:type\" content=\"article\" \/>\n<meta property=\"og:title\" content=\"BROS Lep na okno 4-pak - Selleetools.com\" \/>\n<meta property=\"og:description\" content=\"Bros naklejka na muchy na okno w kwiaty 4szt. (BROS-SG408) BROS lep na okno 4-pak. Estetyczna forma lepu z kolorowym nadrukiem. Nadaje si\u0119 do stosowania w miejscach widocznych, w kuchni i wsz\u0119dzie tam, gdzie ze wzgl\u0119d\u00f3w estetycznych nie chcemy stosowa\u0107 tradycyjnego lepu. Mo\u017cna umie\u015bci\u0107 go na szybie, kafelkach, doniczkach, w miejscu przechowywania owoc\u00f3w itp. Skutecznie ... Read moreBROS Lep na okno 4-pak\" \/>\n<meta property=\"og:url\" content=\"https:\/\/selleetools.com\/pl\/product\/bros-lep-na-okno-4-pak\/\" \/>\n<meta property=\"og:site_name\" content=\"Selleetools.com\" \/>\n<meta property=\"article:modified_time\" content=\"2026-04-18T13:52:07+00:00\" \/>\n<meta property=\"og:image\" content=\"https:\/\/selleetools.com\/wp-content\/uploads\/2026\/02\/8ccd04d13370f8dda1a9ac16ede8ade8.jpg\" \/>\n\t<meta property=\"og:image:width\" content=\"434\" \/>\n\t<meta property=\"og:image:height\" content=\"1200\" \/>\n\t<meta property=\"og:image:type\" content=\"image\/jpeg\" \/>\n<meta name=\"twitter:card\" content=\"summary_large_image\" \/>\n<meta name=\"twitter:label1\" content=\"Est. reading time\" \/>\n\t<meta name=\"twitter:data1\" content=\"1 minuta\" \/>\n<!-- \/ Yoast SEO plugin. -->","yoast_head_json":{"title":"BROS Lep na okno 4-pak - Selleetools.com","robots":{"index":"index","follow":"follow","max-snippet":"max-snippet:-1","max-image-preview":"max-image-preview:large","max-video-preview":"max-video-preview:-1"},"canonical":"https:\/\/selleetools.com\/pl\/product\/bros-lep-na-okno-4-pak\/","og_locale":"pl_PL","og_type":"article","og_title":"BROS Lep na okno 4-pak - Selleetools.com","og_description":"Bros naklejka na muchy na okno w kwiaty 4szt. (BROS-SG408) BROS lep na okno 4-pak. Estetyczna forma lepu z kolorowym nadrukiem. Nadaje si\u0119 do stosowania w miejscach widocznych, w kuchni i wsz\u0119dzie tam, gdzie ze wzgl\u0119d\u00f3w estetycznych nie chcemy stosowa\u0107 tradycyjnego lepu. Mo\u017cna umie\u015bci\u0107 go na szybie, kafelkach, doniczkach, w miejscu przechowywania owoc\u00f3w itp. Skutecznie ... Read moreBROS Lep na okno 4-pak","og_url":"https:\/\/selleetools.com\/pl\/product\/bros-lep-na-okno-4-pak\/","og_site_name":"Selleetools.com","article_modified_time":"2026-04-18T13:52:07+00:00","og_image":[{"width":434,"height":1200,"url":"https:\/\/selleetools.com\/wp-content\/uploads\/2026\/02\/8ccd04d13370f8dda1a9ac16ede8ade8.jpg","type":"image\/jpeg"}],"twitter_card":"summary_large_image","twitter_misc":{"Est. reading time":"1 minuta"},"schema":{"@context":"https:\/\/schema.org","@graph":[{"@type":"Organization","@id":"https:\/\/selleetools.com\/#organization","name":"Selleetools","url":"https:\/\/selleetools.com\/","sameAs":[],"logo":{"@type":"ImageObject","inLanguage":"pl-PL","@id":"https:\/\/selleetools.com\/#\/schema\/logo\/image\/","url":"https:\/\/selleetools.com\/wp-content\/uploads\/2021\/10\/logo-dark.png","contentUrl":"https:\/\/selleetools.com\/wp-content\/uploads\/2021\/10\/logo-dark.png","width":320,"height":76,"caption":"Selleetools"},"image":{"@id":"https:\/\/selleetools.com\/#\/schema\/logo\/image\/"}},{"@type":"WebSite","@id":"https:\/\/selleetools.com\/#website","url":"https:\/\/selleetools.com\/","name":"Selleetools.com","description":"","publisher":{"@id":"https:\/\/selleetools.com\/#organization"},"potentialAction":[{"@type":"SearchAction","target":{"@type":"EntryPoint","urlTemplate":"https:\/\/selleetools.com\/?s={search_term_string}"},"query-input":"required name=search_term_string"}],"inLanguage":"pl-PL"},{"@type":"WebPage","@id":"https:\/\/selleetools.com\/pl\/product\/bros-lep-na-okno-4-pak\/","url":"https:\/\/selleetools.com\/pl\/product\/bros-lep-na-okno-4-pak\/","name":"BROS Lep na okno 4-pak - Selleetools.com","isPartOf":{"@id":"https:\/\/selleetools.com\/#website"},"datePublished":"2026-02-19T14:58:02+00:00","dateModified":"2026-04-18T13:52:07+00:00","breadcrumb":{"@id":"https:\/\/selleetools.com\/pl\/product\/bros-lep-na-okno-4-pak\/#breadcrumb"},"inLanguage":"pl-PL","potentialAction":[{"@type":"ReadAction","target":["https:\/\/selleetools.com\/pl\/product\/bros-lep-na-okno-4-pak\/"]}]},{"@type":"BreadcrumbList","@id":"https:\/\/selleetools.com\/pl\/product\/bros-lep-na-okno-4-pak\/#breadcrumb","itemListElement":[{"@type":"ListItem","position":1,"name":"Home","item":"https:\/\/selleetools.com\/pl\/"},{"@type":"ListItem","position":2,"name":"Katalog","item":"https:\/\/selleetools.com\/pl\/katalog\/"},{"@type":"ListItem","position":3,"name":"BROS Lep na okno 4-pak"}]}]}},"_links":{"self":[{"href":"https:\/\/admincentral.selleetools.com\/pl\/wp-json\/wp\/v2\/product\/672500"}],"collection":[{"href":"https:\/\/admincentral.selleetools.com\/pl\/wp-json\/wp\/v2\/product"}],"about":[{"href":"https:\/\/admincentral.selleetools.com\/pl\/wp-json\/wp\/v2\/types\/product"}],"replies":[{"embeddable":true,"href":"https:\/\/admincentral.selleetools.com\/pl\/wp-json\/wp\/v2\/comments?post=672500"}],"wp:featuredmedia":[{"embeddable":true,"href":"https:\/\/admincentral.selleetools.com\/pl\/wp-json\/wp\/v2\/media\/672498"}],"wp:attachment":[{"href":"https:\/\/admincentral.selleetools.com\/pl\/wp-json\/wp\/v2\/media?parent=672500"}],"curies":[{"name":"wp","href":"https:\/\/api.w.org\/{rel}","templated":true}]}}