{"id":672513,"date":"2026-02-19T15:58:07","date_gmt":"2026-02-19T14:58:07","guid":{"rendered":"https:\/\/selleetools.com\/?post_type=product&#038;p=672513"},"modified":"2026-04-18T15:52:13","modified_gmt":"2026-04-18T13:52:13","slug":"organizer-na-buty-5w1-spacyshoe-30-38-antracyt","status":"publish","type":"product","link":"https:\/\/admincentral.selleetools.com\/pl\/product\/organizer-na-buty-5w1-spacyshoe-30-38-antracyt\/","title":{"rendered":"Organizer na buty 5w1 Spacyshoe 30-38 | Antracyt"},"content":{"rendered":"<p>Organizer na buty 5w1 Spacyshoe 30-38 | Antracyt<br \/>\nOrganizer do but\u00f3w Spacyshoe to praktyczne i u\u017cyteczne rozwi\u0105zanie, zapewniaj\u0105ce porz\u0105dek w garderobie i szafie. Jeste\u015b mi\u0142o\u015bnikiem but\u00f3w, ale nie masz wystarczaj\u0105cej ilo\u015bci miejsca na kolejne pary? Dzi\u0119ki Spacyshoe mo\u017cesz uzyska\u0107 a\u017c o 50% przestrzeni wi\u0119cej!<br \/>\nElastyczna struktura pozwala przechowywa\u0107 obuwie o maksymalnej wysoko\u015bci 12 cm. Antypo\u015blizgowa konstrukcja Spacyshoe polecana jest do przechowywania prawie wszytkich rodzaj\u00f3w obuwia: sanda\u0142\u00f3w, trampek, mokasyn\u00f3w, a nawet szpilek. Organizer jest bardzo \u0142atwy w czyszczeniu. Otrzymujesz wi\u0119c solidny produkt wykonany z wysokiej jako\u015bci tworzywa sztucznego, oszcz\u0119dzaj\u0105c przy tym miejsce, a dzi\u0119ki organizacji garderoby r\u00f3wnie\u017c czas potrzebny do odnalezienia ulubionej pary but\u00f3w.<br \/>\nDane techniczne zestawu:<br \/>\n &#8211; d\u0142ugo\u015b\u0107: 42 cm<br \/>\n &#8211; szeroko\u015b\u0107:\u00a09 cm<br \/>\n &#8211; wysoko\u015b\u0107: 12,5 cm<br \/>\nDane techniczne pojedynczego organizera:<br \/>\n &#8211; d\u0142ugo\u015b\u0107: 23,5 cm<br \/>\n &#8211; szeroko\u015b\u0107:\u00a08,5 cm<br \/>\n &#8211; wysoko\u015b\u0107: 12,5 cm<\/p>\n<p>Organizer na buty 5w1 Spacyshoe 30-38 | Antracyt<br \/>\nOrganizer do but\u00f3w Spacyshoe to praktyczne i u\u017cyteczne rozwi\u0105zanie, zapewniaj\u0105ce porz\u0105dek w garderobie i szafie. Jeste\u015b mi\u0142o\u015bnikiem but\u00f3w, ale nie masz wystarczaj\u0105cej ilo\u015bci miejsca na kolejne pary? Dzi\u0119ki Spacyshoe mo\u017cesz uzyska\u0107 a\u017c o 50% przestrzeni wi\u0119cej!<br \/>\nElastyczna struktura pozwala przechowywa\u0107 obuwie o maksymalnej wysoko\u015bci 12 cm. Antypo\u015blizgowa konstrukcja Spacyshoe polecana jest do przechowywania prawie wszytkich rodzaj\u00f3w obuwia: sanda\u0142\u00f3w, trampek, mokasyn\u00f3w, a nawet szpilek. Organizer jest bardzo \u0142atwy w czyszczeniu. Otrzymujesz wi\u0119c solidny produkt wykonany z wysokiej jako\u015bci tworzywa sztucznego, oszcz\u0119dzaj\u0105c przy tym miejsce, a dzi\u0119ki organizacji garderoby r\u00f3wnie\u017c czas potrzebny do odnalezienia ulubionej pary but\u00f3w.<br \/>\nDane techniczne zestawu:<br \/>\n &#8211; d\u0142ugo\u015b\u0107: 42 cm<br \/>\n &#8211; szeroko\u015b\u0107:\u00a09 cm<br \/>\n &#8211; wysoko\u015b\u0107: 12,5 cm<br \/>\nDane techniczne pojedynczego organizera:<br \/>\n &#8211; d\u0142ugo\u015b\u0107: 23,5 cm<br \/>\n &#8211; szeroko\u015b\u0107:\u00a08,5 cm<br \/>\n &#8211; wysoko\u015b\u0107: 12,5 cm<\/p>\n","protected":false},"excerpt":{"rendered":"<p>Organizer na buty 5w1 Spacyshoe 30-38 | Antracyt Organizer do but\u00f3w Spacyshoe to praktyczne i u\u017cyteczne rozwi\u0105zanie, zapewniaj\u0105ce porz\u0105dek w garderobie i szafie. Jeste\u015b mi\u0142o\u015bnikiem but\u00f3w, ale nie masz wystarczaj\u0105cej ilo\u015bci miejsca na kolejne pary? Dzi\u0119ki Spacyshoe mo\u017cesz uzyska\u0107 a\u017c o 50% przestrzeni wi\u0119cej! Elastyczna struktura pozwala przechowywa\u0107 obuwie o maksymalnej wysoko\u015bci 12 cm. Antypo\u015blizgowa &#8230; <a title=\"Organizer na buty 5w1 Spacyshoe 30-38 | Antracyt\" class=\"read-more\" href=\"https:\/\/admincentral.selleetools.com\/pl\/product\/organizer-na-buty-5w1-spacyshoe-30-38-antracyt\/\">Read more<span class=\"screen-reader-text\">Organizer na buty 5w1 Spacyshoe 30-38 | Antracyt<\/span><\/a><\/p>\n","protected":false},"featured_media":672501,"comment_status":"open","ping_status":"closed","template":"","meta":{"_links_to":"","_links_to_target":""},"yoast_head":"<!-- This site is optimized with the Yoast SEO plugin v19.4 - https:\/\/yoast.com\/wordpress\/plugins\/seo\/ -->\n<title>Organizer na buty 5w1 Spacyshoe 30-38 | Antracyt - Selleetools.com<\/title>\n<meta name=\"robots\" content=\"index, follow, max-snippet:-1, max-image-preview:large, max-video-preview:-1\" \/>\n<link rel=\"canonical\" href=\"https:\/\/selleetools.com\/pl\/product\/organizer-na-buty-5w1-spacyshoe-30-38-antracyt\/\" \/>\n<meta property=\"og:locale\" content=\"pl_PL\" \/>\n<meta property=\"og:type\" content=\"article\" \/>\n<meta property=\"og:title\" content=\"Organizer na buty 5w1 Spacyshoe 30-38 | Antracyt - Selleetools.com\" \/>\n<meta property=\"og:description\" content=\"Organizer na buty 5w1 Spacyshoe 30-38 | Antracyt Organizer do but\u00f3w Spacyshoe to praktyczne i u\u017cyteczne rozwi\u0105zanie, zapewniaj\u0105ce porz\u0105dek w garderobie i szafie. Jeste\u015b mi\u0142o\u015bnikiem but\u00f3w, ale nie masz wystarczaj\u0105cej ilo\u015bci miejsca na kolejne pary? Dzi\u0119ki Spacyshoe mo\u017cesz uzyska\u0107 a\u017c o 50% przestrzeni wi\u0119cej! Elastyczna struktura pozwala przechowywa\u0107 obuwie o maksymalnej wysoko\u015bci 12 cm. Antypo\u015blizgowa ... Read moreOrganizer na buty 5w1 Spacyshoe 30-38 | Antracyt\" \/>\n<meta property=\"og:url\" content=\"https:\/\/selleetools.com\/pl\/product\/organizer-na-buty-5w1-spacyshoe-30-38-antracyt\/\" \/>\n<meta property=\"og:site_name\" content=\"Selleetools.com\" \/>\n<meta property=\"article:modified_time\" content=\"2026-04-18T13:52:13+00:00\" \/>\n<meta property=\"og:image\" content=\"https:\/\/selleetools.com\/wp-content\/uploads\/2026\/02\/799c6ec31d92b93ff97cf975de8ca128.jpg\" \/>\n\t<meta property=\"og:image:width\" content=\"443\" \/>\n\t<meta property=\"og:image:height\" content=\"431\" \/>\n\t<meta property=\"og:image:type\" content=\"image\/jpeg\" \/>\n<meta name=\"twitter:card\" content=\"summary_large_image\" \/>\n<meta name=\"twitter:label1\" content=\"Est. reading time\" \/>\n\t<meta name=\"twitter:data1\" content=\"2 minuty\" \/>\n<!-- \/ Yoast SEO plugin. -->","yoast_head_json":{"title":"Organizer na buty 5w1 Spacyshoe 30-38 | Antracyt - Selleetools.com","robots":{"index":"index","follow":"follow","max-snippet":"max-snippet:-1","max-image-preview":"max-image-preview:large","max-video-preview":"max-video-preview:-1"},"canonical":"https:\/\/selleetools.com\/pl\/product\/organizer-na-buty-5w1-spacyshoe-30-38-antracyt\/","og_locale":"pl_PL","og_type":"article","og_title":"Organizer na buty 5w1 Spacyshoe 30-38 | Antracyt - Selleetools.com","og_description":"Organizer na buty 5w1 Spacyshoe 30-38 | Antracyt Organizer do but\u00f3w Spacyshoe to praktyczne i u\u017cyteczne rozwi\u0105zanie, zapewniaj\u0105ce porz\u0105dek w garderobie i szafie. Jeste\u015b mi\u0142o\u015bnikiem but\u00f3w, ale nie masz wystarczaj\u0105cej ilo\u015bci miejsca na kolejne pary? Dzi\u0119ki Spacyshoe mo\u017cesz uzyska\u0107 a\u017c o 50% przestrzeni wi\u0119cej! Elastyczna struktura pozwala przechowywa\u0107 obuwie o maksymalnej wysoko\u015bci 12 cm. Antypo\u015blizgowa ... Read moreOrganizer na buty 5w1 Spacyshoe 30-38 | Antracyt","og_url":"https:\/\/selleetools.com\/pl\/product\/organizer-na-buty-5w1-spacyshoe-30-38-antracyt\/","og_site_name":"Selleetools.com","article_modified_time":"2026-04-18T13:52:13+00:00","og_image":[{"width":443,"height":431,"url":"https:\/\/selleetools.com\/wp-content\/uploads\/2026\/02\/799c6ec31d92b93ff97cf975de8ca128.jpg","type":"image\/jpeg"}],"twitter_card":"summary_large_image","twitter_misc":{"Est. reading time":"2 minuty"},"schema":{"@context":"https:\/\/schema.org","@graph":[{"@type":"Organization","@id":"https:\/\/selleetools.com\/#organization","name":"Selleetools","url":"https:\/\/selleetools.com\/","sameAs":[],"logo":{"@type":"ImageObject","inLanguage":"pl-PL","@id":"https:\/\/selleetools.com\/#\/schema\/logo\/image\/","url":"https:\/\/selleetools.com\/wp-content\/uploads\/2021\/10\/logo-dark.png","contentUrl":"https:\/\/selleetools.com\/wp-content\/uploads\/2021\/10\/logo-dark.png","width":320,"height":76,"caption":"Selleetools"},"image":{"@id":"https:\/\/selleetools.com\/#\/schema\/logo\/image\/"}},{"@type":"WebSite","@id":"https:\/\/selleetools.com\/#website","url":"https:\/\/selleetools.com\/","name":"Selleetools.com","description":"","publisher":{"@id":"https:\/\/selleetools.com\/#organization"},"potentialAction":[{"@type":"SearchAction","target":{"@type":"EntryPoint","urlTemplate":"https:\/\/selleetools.com\/?s={search_term_string}"},"query-input":"required name=search_term_string"}],"inLanguage":"pl-PL"},{"@type":"WebPage","@id":"https:\/\/selleetools.com\/pl\/product\/organizer-na-buty-5w1-spacyshoe-30-38-antracyt\/","url":"https:\/\/selleetools.com\/pl\/product\/organizer-na-buty-5w1-spacyshoe-30-38-antracyt\/","name":"Organizer na buty 5w1 Spacyshoe 30-38 | Antracyt - Selleetools.com","isPartOf":{"@id":"https:\/\/selleetools.com\/#website"},"datePublished":"2026-02-19T14:58:07+00:00","dateModified":"2026-04-18T13:52:13+00:00","breadcrumb":{"@id":"https:\/\/selleetools.com\/pl\/product\/organizer-na-buty-5w1-spacyshoe-30-38-antracyt\/#breadcrumb"},"inLanguage":"pl-PL","potentialAction":[{"@type":"ReadAction","target":["https:\/\/selleetools.com\/pl\/product\/organizer-na-buty-5w1-spacyshoe-30-38-antracyt\/"]}]},{"@type":"BreadcrumbList","@id":"https:\/\/selleetools.com\/pl\/product\/organizer-na-buty-5w1-spacyshoe-30-38-antracyt\/#breadcrumb","itemListElement":[{"@type":"ListItem","position":1,"name":"Home","item":"https:\/\/selleetools.com\/pl\/"},{"@type":"ListItem","position":2,"name":"Katalog","item":"https:\/\/selleetools.com\/pl\/katalog\/"},{"@type":"ListItem","position":3,"name":"Organizer na buty 5w1 Spacyshoe 30-38 | Antracyt"}]}]}},"_links":{"self":[{"href":"https:\/\/admincentral.selleetools.com\/pl\/wp-json\/wp\/v2\/product\/672513"}],"collection":[{"href":"https:\/\/admincentral.selleetools.com\/pl\/wp-json\/wp\/v2\/product"}],"about":[{"href":"https:\/\/admincentral.selleetools.com\/pl\/wp-json\/wp\/v2\/types\/product"}],"replies":[{"embeddable":true,"href":"https:\/\/admincentral.selleetools.com\/pl\/wp-json\/wp\/v2\/comments?post=672513"}],"wp:featuredmedia":[{"embeddable":true,"href":"https:\/\/admincentral.selleetools.com\/pl\/wp-json\/wp\/v2\/media\/672501"}],"wp:attachment":[{"href":"https:\/\/admincentral.selleetools.com\/pl\/wp-json\/wp\/v2\/media?parent=672513"}],"curies":[{"name":"wp","href":"https:\/\/api.w.org\/{rel}","templated":true}]}}