{"id":672531,"date":"2026-02-19T15:58:15","date_gmt":"2026-02-19T14:58:15","guid":{"rendered":"https:\/\/selleetools.com\/?post_type=product&#038;p=672531"},"modified":"2026-04-18T10:21:29","modified_gmt":"2026-04-18T08:21:29","slug":"fartuch-ogrodniczy-na-narzedzia-roze","status":"publish","type":"product","link":"https:\/\/admincentral.selleetools.com\/pl\/product\/fartuch-ogrodniczy-na-narzedzia-roze\/","title":{"rendered":"Fartuch ogrodniczy na narz\u0119dzia r\u00f3\u017ce"},"content":{"rendered":"<section class=\"section\">\n<div class=\"item item-6\">\n<section class=\"text-item\">\n<h1>Fartuch ogrodniczy na narz\u0119dzie damski (AC-RD37)<\/h1>\n<p>Profesjonalny fartuch z praktycznymi, licznymi kieszeniami na niezb\u0119dne przybory ogrodnicze, czy telefon kom\u00f3rkowy. Zapinany na zatrzaski, dzi\u0119ki czemu mo\u017cemy dopasowa\u0107 do ka\u017cdej sylwetki. Wykonany z p\u0142\u00f3tna\/lnu. Najmodniejsze kolory i wzornictwo. Wymiary: 45,5&#215;4 cm.<\/p>\n<\/section><\/div>\n<div class=\"item item-6\">\n<section class=\"image-item\"><img src=\"https:\/\/upload.cdn.baselinker.com\/products\/3028621\/b9669a2ac22110d05bb3ff830f8134eb.jpg\"><\/section>\n<\/p><\/div>\n<\/section>\n<section class=\"section\">\n<div class=\"item item-12\">\n<section class=\"image-item\"><img src=\"https:\/\/upload.cdn.baselinker.com\/products\/3028621\/78e167cab63afb50e97d42a25243dda3.jpg\"><\/section>\n<\/p><\/div>\n<\/section>\n<p>Fartuch ogrodniczy na narz\u0119dzie damski (AC-RD37)<br \/>\nProfesjonalny fartuch z praktycznymi, licznymi kieszeniami na niezb\u0119dne przybory ogrodnicze, czy telefon kom\u00f3rkowy. Zapinany na zatrzaski, dzi\u0119ki czemu mo\u017cemy dopasowa\u0107 do ka\u017cdej sylwetki. Wykonany z p\u0142\u00f3tna\/lnu. Najmodniejsze kolory i wzornictwo. Wymiary: 45,5&#215;4 cm.<\/p>\n","protected":false},"excerpt":{"rendered":"<p>Fartuch ogrodniczy na narz\u0119dzie damski (AC-RD37) Profesjonalny fartuch z praktycznymi, licznymi kieszeniami na niezb\u0119dne przybory ogrodnicze, czy telefon kom\u00f3rkowy. Zapinany na zatrzaski, dzi\u0119ki czemu mo\u017cemy dopasowa\u0107 do ka\u017cdej sylwetki. Wykonany z p\u0142\u00f3tna\/lnu. Najmodniejsze kolory i wzornictwo. Wymiary: 45,5&#215;4 cm. Fartuch ogrodniczy na narz\u0119dzie damski (AC-RD37) Profesjonalny fartuch z praktycznymi, licznymi kieszeniami na niezb\u0119dne przybory ogrodnicze, &#8230; <a title=\"Fartuch ogrodniczy na narz\u0119dzia r\u00f3\u017ce\" class=\"read-more\" href=\"https:\/\/admincentral.selleetools.com\/pl\/product\/fartuch-ogrodniczy-na-narzedzia-roze\/\">Read more<span class=\"screen-reader-text\">Fartuch ogrodniczy na narz\u0119dzia r\u00f3\u017ce<\/span><\/a><\/p>\n","protected":false},"featured_media":672527,"comment_status":"open","ping_status":"closed","template":"","meta":{"_links_to":"","_links_to_target":""},"yoast_head":"<!-- This site is optimized with the Yoast SEO plugin v19.4 - https:\/\/yoast.com\/wordpress\/plugins\/seo\/ -->\n<title>Fartuch ogrodniczy na narz\u0119dzia r\u00f3\u017ce - Selleetools.com<\/title>\n<meta name=\"robots\" content=\"index, follow, max-snippet:-1, max-image-preview:large, max-video-preview:-1\" \/>\n<link rel=\"canonical\" href=\"https:\/\/selleetools.com\/pl\/product\/fartuch-ogrodniczy-na-narzedzia-roze\/\" \/>\n<meta property=\"og:locale\" content=\"pl_PL\" \/>\n<meta property=\"og:type\" content=\"article\" \/>\n<meta property=\"og:title\" content=\"Fartuch ogrodniczy na narz\u0119dzia r\u00f3\u017ce - Selleetools.com\" \/>\n<meta property=\"og:description\" content=\"Fartuch ogrodniczy na narz\u0119dzie damski (AC-RD37) Profesjonalny fartuch z praktycznymi, licznymi kieszeniami na niezb\u0119dne przybory ogrodnicze, czy telefon kom\u00f3rkowy. Zapinany na zatrzaski, dzi\u0119ki czemu mo\u017cemy dopasowa\u0107 do ka\u017cdej sylwetki. Wykonany z p\u0142\u00f3tna\/lnu. Najmodniejsze kolory i wzornictwo. Wymiary: 45,5&#215;4 cm. Fartuch ogrodniczy na narz\u0119dzie damski (AC-RD37) Profesjonalny fartuch z praktycznymi, licznymi kieszeniami na niezb\u0119dne przybory ogrodnicze, ... Read moreFartuch ogrodniczy na narz\u0119dzia r\u00f3\u017ce\" \/>\n<meta property=\"og:url\" content=\"https:\/\/selleetools.com\/pl\/product\/fartuch-ogrodniczy-na-narzedzia-roze\/\" \/>\n<meta property=\"og:site_name\" content=\"Selleetools.com\" \/>\n<meta property=\"article:modified_time\" content=\"2026-04-18T08:21:29+00:00\" \/>\n<meta property=\"og:image\" content=\"https:\/\/selleetools.com\/wp-content\/uploads\/2026\/02\/b9669a2ac22110d05bb3ff830f8134eb.jpg\" \/>\n\t<meta property=\"og:image:width\" content=\"600\" \/>\n\t<meta property=\"og:image:height\" content=\"600\" \/>\n\t<meta property=\"og:image:type\" content=\"image\/jpeg\" \/>\n<meta name=\"twitter:card\" content=\"summary_large_image\" \/>\n<!-- \/ Yoast SEO plugin. -->","yoast_head_json":{"title":"Fartuch ogrodniczy na narz\u0119dzia r\u00f3\u017ce - Selleetools.com","robots":{"index":"index","follow":"follow","max-snippet":"max-snippet:-1","max-image-preview":"max-image-preview:large","max-video-preview":"max-video-preview:-1"},"canonical":"https:\/\/selleetools.com\/pl\/product\/fartuch-ogrodniczy-na-narzedzia-roze\/","og_locale":"pl_PL","og_type":"article","og_title":"Fartuch ogrodniczy na narz\u0119dzia r\u00f3\u017ce - Selleetools.com","og_description":"Fartuch ogrodniczy na narz\u0119dzie damski (AC-RD37) Profesjonalny fartuch z praktycznymi, licznymi kieszeniami na niezb\u0119dne przybory ogrodnicze, czy telefon kom\u00f3rkowy. Zapinany na zatrzaski, dzi\u0119ki czemu mo\u017cemy dopasowa\u0107 do ka\u017cdej sylwetki. Wykonany z p\u0142\u00f3tna\/lnu. Najmodniejsze kolory i wzornictwo. Wymiary: 45,5&#215;4 cm. Fartuch ogrodniczy na narz\u0119dzie damski (AC-RD37) Profesjonalny fartuch z praktycznymi, licznymi kieszeniami na niezb\u0119dne przybory ogrodnicze, ... Read moreFartuch ogrodniczy na narz\u0119dzia r\u00f3\u017ce","og_url":"https:\/\/selleetools.com\/pl\/product\/fartuch-ogrodniczy-na-narzedzia-roze\/","og_site_name":"Selleetools.com","article_modified_time":"2026-04-18T08:21:29+00:00","og_image":[{"width":600,"height":600,"url":"https:\/\/selleetools.com\/wp-content\/uploads\/2026\/02\/b9669a2ac22110d05bb3ff830f8134eb.jpg","type":"image\/jpeg"}],"twitter_card":"summary_large_image","schema":{"@context":"https:\/\/schema.org","@graph":[{"@type":"Organization","@id":"https:\/\/selleetools.com\/#organization","name":"Selleetools","url":"https:\/\/selleetools.com\/","sameAs":[],"logo":{"@type":"ImageObject","inLanguage":"pl-PL","@id":"https:\/\/selleetools.com\/#\/schema\/logo\/image\/","url":"https:\/\/selleetools.com\/wp-content\/uploads\/2021\/10\/logo-dark.png","contentUrl":"https:\/\/selleetools.com\/wp-content\/uploads\/2021\/10\/logo-dark.png","width":320,"height":76,"caption":"Selleetools"},"image":{"@id":"https:\/\/selleetools.com\/#\/schema\/logo\/image\/"}},{"@type":"WebSite","@id":"https:\/\/selleetools.com\/#website","url":"https:\/\/selleetools.com\/","name":"Selleetools.com","description":"","publisher":{"@id":"https:\/\/selleetools.com\/#organization"},"potentialAction":[{"@type":"SearchAction","target":{"@type":"EntryPoint","urlTemplate":"https:\/\/selleetools.com\/?s={search_term_string}"},"query-input":"required name=search_term_string"}],"inLanguage":"pl-PL"},{"@type":"WebPage","@id":"https:\/\/selleetools.com\/pl\/product\/fartuch-ogrodniczy-na-narzedzia-roze\/","url":"https:\/\/selleetools.com\/pl\/product\/fartuch-ogrodniczy-na-narzedzia-roze\/","name":"Fartuch ogrodniczy na narz\u0119dzia r\u00f3\u017ce - Selleetools.com","isPartOf":{"@id":"https:\/\/selleetools.com\/#website"},"datePublished":"2026-02-19T14:58:15+00:00","dateModified":"2026-04-18T08:21:29+00:00","breadcrumb":{"@id":"https:\/\/selleetools.com\/pl\/product\/fartuch-ogrodniczy-na-narzedzia-roze\/#breadcrumb"},"inLanguage":"pl-PL","potentialAction":[{"@type":"ReadAction","target":["https:\/\/selleetools.com\/pl\/product\/fartuch-ogrodniczy-na-narzedzia-roze\/"]}]},{"@type":"BreadcrumbList","@id":"https:\/\/selleetools.com\/pl\/product\/fartuch-ogrodniczy-na-narzedzia-roze\/#breadcrumb","itemListElement":[{"@type":"ListItem","position":1,"name":"Home","item":"https:\/\/selleetools.com\/pl\/"},{"@type":"ListItem","position":2,"name":"Katalog","item":"https:\/\/selleetools.com\/pl\/katalog\/"},{"@type":"ListItem","position":3,"name":"Fartuch ogrodniczy na narz\u0119dzia r\u00f3\u017ce"}]}]}},"_links":{"self":[{"href":"https:\/\/admincentral.selleetools.com\/pl\/wp-json\/wp\/v2\/product\/672531"}],"collection":[{"href":"https:\/\/admincentral.selleetools.com\/pl\/wp-json\/wp\/v2\/product"}],"about":[{"href":"https:\/\/admincentral.selleetools.com\/pl\/wp-json\/wp\/v2\/types\/product"}],"replies":[{"embeddable":true,"href":"https:\/\/admincentral.selleetools.com\/pl\/wp-json\/wp\/v2\/comments?post=672531"}],"wp:featuredmedia":[{"embeddable":true,"href":"https:\/\/admincentral.selleetools.com\/pl\/wp-json\/wp\/v2\/media\/672527"}],"wp:attachment":[{"href":"https:\/\/admincentral.selleetools.com\/pl\/wp-json\/wp\/v2\/media?parent=672531"}],"curies":[{"name":"wp","href":"https:\/\/api.w.org\/{rel}","templated":true}]}}