{"id":672584,"date":"2026-02-19T15:58:38","date_gmt":"2026-02-19T14:58:38","guid":{"rendered":"https:\/\/selleetools.com\/?post_type=product&#038;p=672584"},"modified":"2026-04-14T19:06:53","modified_gmt":"2026-04-14T17:06:53","slug":"doniczka-na-balustrade-wave-60-antracyt","status":"publish","type":"product","link":"https:\/\/admincentral.selleetools.com\/pl\/product\/doniczka-na-balustrade-wave-60-antracyt\/","title":{"rendered":"Doniczka na balustrad\u0119 Wave 60 | Antracyt"},"content":{"rendered":"<p>Doniczka na balustrad\u0119 Wave 60 | Antracyt (FP-2489_014)<br \/>\nProstok\u0105tna skrzynka przeznaczona do zawieszania kompozycji kwiatowej na por\u0119czach ogrodowych i balkonowych. Idealnie nadaje si\u0119 r\u00f3wnie\u017c do dekoracji na tarasie lub w altanie. Monta\u017c za pomoc\u0105 zaczep\u00f3w do\u0142\u0105czonych do donicy. Wykonana z wysokiej jako\u015bci tworzywa sztucznego, odpornego na szkodliwe warunki atmosferyczne. Donice mo\u017cna \u0142\u0105czy\u0107 w jednym lub wielu kolorach, tworz\u0105c ciekawy efekt. Skrzynki nadaj\u0105 si\u0119 do mocowania na por\u0119czach o szeroko\u015bci do 6,5 cm.<br \/>\nDane techniczne:<br \/>\n &#8211; d\u0142ugo\u015b\u0107: 58,5 cm,<br \/>\n &#8211; szeroko\u015b\u0107: 29 cm,<br \/>\n &#8211; wysoko\u015b\u0107: 20 cm,<br \/>\n &#8211; materia\u0142: tworzywo sztuczne,<br \/>\n &#8211; efekt powierzchni: fala.<\/p>\n<p>Doniczka na balustrad\u0119 Wave 60 | Antracyt (FP-2489_014)<br \/>\nProstok\u0105tna skrzynka przeznaczona do zawieszania kompozycji kwiatowej na por\u0119czach ogrodowych i balkonowych. Idealnie nadaje si\u0119 r\u00f3wnie\u017c do dekoracji na tarasie lub w altanie. Monta\u017c za pomoc\u0105 zaczep\u00f3w do\u0142\u0105czonych do donicy. Wykonana z wysokiej jako\u015bci tworzywa sztucznego, odpornego na szkodliwe warunki atmosferyczne. Donice mo\u017cna \u0142\u0105czy\u0107 w jednym lub wielu kolorach, tworz\u0105c ciekawy efekt. Skrzynki nadaj\u0105 si\u0119 do mocowania na por\u0119czach o szeroko\u015bci do 6,5 cm.<br \/>\nDane techniczne:<br \/>\n &#8211; d\u0142ugo\u015b\u0107: 58,5 cm,<br \/>\n &#8211; szeroko\u015b\u0107: 29 cm,<br \/>\n &#8211; wysoko\u015b\u0107: 20 cm,<br \/>\n &#8211; materia\u0142: tworzywo sztuczne,<br \/>\n &#8211; efekt powierzchni: fala.<\/p>\n","protected":false},"excerpt":{"rendered":"<p>Doniczka na balustrad\u0119 Wave 60 | Antracyt (FP-2489_014) Prostok\u0105tna skrzynka przeznaczona do zawieszania kompozycji kwiatowej na por\u0119czach ogrodowych i balkonowych. Idealnie nadaje si\u0119 r\u00f3wnie\u017c do dekoracji na tarasie lub w altanie. Monta\u017c za pomoc\u0105 zaczep\u00f3w do\u0142\u0105czonych do donicy. Wykonana z wysokiej jako\u015bci tworzywa sztucznego, odpornego na szkodliwe warunki atmosferyczne. Donice mo\u017cna \u0142\u0105czy\u0107 w jednym lub &#8230; <a title=\"Doniczka na balustrad\u0119 Wave 60 | Antracyt\" class=\"read-more\" href=\"https:\/\/admincentral.selleetools.com\/pl\/product\/doniczka-na-balustrade-wave-60-antracyt\/\">Read more<span class=\"screen-reader-text\">Doniczka na balustrad\u0119 Wave 60 | Antracyt<\/span><\/a><\/p>\n","protected":false},"featured_media":672562,"comment_status":"open","ping_status":"closed","template":"","meta":{"_links_to":"","_links_to_target":""},"yoast_head":"<!-- This site is optimized with the Yoast SEO plugin v19.4 - https:\/\/yoast.com\/wordpress\/plugins\/seo\/ -->\n<title>Doniczka na balustrad\u0119 Wave 60 | Antracyt - Selleetools.com<\/title>\n<meta name=\"robots\" content=\"index, follow, max-snippet:-1, max-image-preview:large, max-video-preview:-1\" \/>\n<link rel=\"canonical\" href=\"https:\/\/selleetools.com\/pl\/product\/doniczka-na-balustrade-wave-60-antracyt\/\" \/>\n<meta property=\"og:locale\" content=\"pl_PL\" \/>\n<meta property=\"og:type\" content=\"article\" \/>\n<meta property=\"og:title\" content=\"Doniczka na balustrad\u0119 Wave 60 | Antracyt - Selleetools.com\" \/>\n<meta property=\"og:description\" content=\"Doniczka na balustrad\u0119 Wave 60 | Antracyt (FP-2489_014) Prostok\u0105tna skrzynka przeznaczona do zawieszania kompozycji kwiatowej na por\u0119czach ogrodowych i balkonowych. Idealnie nadaje si\u0119 r\u00f3wnie\u017c do dekoracji na tarasie lub w altanie. Monta\u017c za pomoc\u0105 zaczep\u00f3w do\u0142\u0105czonych do donicy. Wykonana z wysokiej jako\u015bci tworzywa sztucznego, odpornego na szkodliwe warunki atmosferyczne. Donice mo\u017cna \u0142\u0105czy\u0107 w jednym lub ... Read moreDoniczka na balustrad\u0119 Wave 60 | Antracyt\" \/>\n<meta property=\"og:url\" content=\"https:\/\/selleetools.com\/pl\/product\/doniczka-na-balustrade-wave-60-antracyt\/\" \/>\n<meta property=\"og:site_name\" content=\"Selleetools.com\" \/>\n<meta property=\"article:modified_time\" content=\"2026-04-14T17:06:53+00:00\" \/>\n<meta property=\"og:image\" content=\"https:\/\/selleetools.com\/wp-content\/uploads\/2026\/02\/6e35a6cdc05f2fe3de6a74e133cbb13c.jpg\" \/>\n\t<meta property=\"og:image:width\" content=\"2560\" \/>\n\t<meta property=\"og:image:height\" content=\"1209\" \/>\n\t<meta property=\"og:image:type\" content=\"image\/jpeg\" \/>\n<meta name=\"twitter:card\" content=\"summary_large_image\" \/>\n<meta name=\"twitter:label1\" content=\"Est. reading time\" \/>\n\t<meta name=\"twitter:data1\" content=\"1 minuta\" \/>\n<!-- \/ Yoast SEO plugin. -->","yoast_head_json":{"title":"Doniczka na balustrad\u0119 Wave 60 | Antracyt - Selleetools.com","robots":{"index":"index","follow":"follow","max-snippet":"max-snippet:-1","max-image-preview":"max-image-preview:large","max-video-preview":"max-video-preview:-1"},"canonical":"https:\/\/selleetools.com\/pl\/product\/doniczka-na-balustrade-wave-60-antracyt\/","og_locale":"pl_PL","og_type":"article","og_title":"Doniczka na balustrad\u0119 Wave 60 | Antracyt - Selleetools.com","og_description":"Doniczka na balustrad\u0119 Wave 60 | Antracyt (FP-2489_014) Prostok\u0105tna skrzynka przeznaczona do zawieszania kompozycji kwiatowej na por\u0119czach ogrodowych i balkonowych. Idealnie nadaje si\u0119 r\u00f3wnie\u017c do dekoracji na tarasie lub w altanie. Monta\u017c za pomoc\u0105 zaczep\u00f3w do\u0142\u0105czonych do donicy. Wykonana z wysokiej jako\u015bci tworzywa sztucznego, odpornego na szkodliwe warunki atmosferyczne. Donice mo\u017cna \u0142\u0105czy\u0107 w jednym lub ... Read moreDoniczka na balustrad\u0119 Wave 60 | Antracyt","og_url":"https:\/\/selleetools.com\/pl\/product\/doniczka-na-balustrade-wave-60-antracyt\/","og_site_name":"Selleetools.com","article_modified_time":"2026-04-14T17:06:53+00:00","og_image":[{"width":2560,"height":1209,"url":"https:\/\/selleetools.com\/wp-content\/uploads\/2026\/02\/6e35a6cdc05f2fe3de6a74e133cbb13c.jpg","type":"image\/jpeg"}],"twitter_card":"summary_large_image","twitter_misc":{"Est. reading time":"1 minuta"},"schema":{"@context":"https:\/\/schema.org","@graph":[{"@type":"Organization","@id":"https:\/\/selleetools.com\/#organization","name":"Selleetools","url":"https:\/\/selleetools.com\/","sameAs":[],"logo":{"@type":"ImageObject","inLanguage":"pl-PL","@id":"https:\/\/selleetools.com\/#\/schema\/logo\/image\/","url":"https:\/\/selleetools.com\/wp-content\/uploads\/2021\/10\/logo-dark.png","contentUrl":"https:\/\/selleetools.com\/wp-content\/uploads\/2021\/10\/logo-dark.png","width":320,"height":76,"caption":"Selleetools"},"image":{"@id":"https:\/\/selleetools.com\/#\/schema\/logo\/image\/"}},{"@type":"WebSite","@id":"https:\/\/selleetools.com\/#website","url":"https:\/\/selleetools.com\/","name":"Selleetools.com","description":"","publisher":{"@id":"https:\/\/selleetools.com\/#organization"},"potentialAction":[{"@type":"SearchAction","target":{"@type":"EntryPoint","urlTemplate":"https:\/\/selleetools.com\/?s={search_term_string}"},"query-input":"required name=search_term_string"}],"inLanguage":"pl-PL"},{"@type":"WebPage","@id":"https:\/\/selleetools.com\/pl\/product\/doniczka-na-balustrade-wave-60-antracyt\/","url":"https:\/\/selleetools.com\/pl\/product\/doniczka-na-balustrade-wave-60-antracyt\/","name":"Doniczka na balustrad\u0119 Wave 60 | Antracyt - Selleetools.com","isPartOf":{"@id":"https:\/\/selleetools.com\/#website"},"datePublished":"2026-02-19T14:58:38+00:00","dateModified":"2026-04-14T17:06:53+00:00","breadcrumb":{"@id":"https:\/\/selleetools.com\/pl\/product\/doniczka-na-balustrade-wave-60-antracyt\/#breadcrumb"},"inLanguage":"pl-PL","potentialAction":[{"@type":"ReadAction","target":["https:\/\/selleetools.com\/pl\/product\/doniczka-na-balustrade-wave-60-antracyt\/"]}]},{"@type":"BreadcrumbList","@id":"https:\/\/selleetools.com\/pl\/product\/doniczka-na-balustrade-wave-60-antracyt\/#breadcrumb","itemListElement":[{"@type":"ListItem","position":1,"name":"Home","item":"https:\/\/selleetools.com\/pl\/"},{"@type":"ListItem","position":2,"name":"Katalog","item":"https:\/\/selleetools.com\/pl\/katalog\/"},{"@type":"ListItem","position":3,"name":"Doniczka na balustrad\u0119 Wave 60 | Antracyt"}]}]}},"_links":{"self":[{"href":"https:\/\/admincentral.selleetools.com\/pl\/wp-json\/wp\/v2\/product\/672584"}],"collection":[{"href":"https:\/\/admincentral.selleetools.com\/pl\/wp-json\/wp\/v2\/product"}],"about":[{"href":"https:\/\/admincentral.selleetools.com\/pl\/wp-json\/wp\/v2\/types\/product"}],"replies":[{"embeddable":true,"href":"https:\/\/admincentral.selleetools.com\/pl\/wp-json\/wp\/v2\/comments?post=672584"}],"wp:featuredmedia":[{"embeddable":true,"href":"https:\/\/admincentral.selleetools.com\/pl\/wp-json\/wp\/v2\/media\/672562"}],"wp:attachment":[{"href":"https:\/\/admincentral.selleetools.com\/pl\/wp-json\/wp\/v2\/media?parent=672584"}],"curies":[{"name":"wp","href":"https:\/\/api.w.org\/{rel}","templated":true}]}}