{"id":672691,"date":"2026-02-19T15:59:48","date_gmt":"2026-02-19T14:59:48","guid":{"rendered":"https:\/\/selleetools.com\/?post_type=product&#038;p=672691"},"modified":"2026-04-14T19:08:38","modified_gmt":"2026-04-14T17:08:38","slug":"wklad-wewnetrzny-iwko460-do-doniczek-massive","status":"publish","type":"product","link":"https:\/\/admincentral.selleetools.com\/pl\/product\/wklad-wewnetrzny-iwko460-do-doniczek-massive\/","title":{"rendered":"Wk\u0142ad wewn\u0119trzny IWKO460 do doniczek MASSIVE"},"content":{"rendered":"<p>Wk\u0142ady dystansowe do doniczek z serii MASSIVE. Wk\u0142ady pozwalaj\u0105 zaoszcz\u0119dzi\u0107 ilo\u015b\u0107 ziemi jak\u0105 nale\u017cy wsypa\u0107 do doniczki, mo\u017cna r\u00f3wnie\u017c w \u0142atwy spos\u00f3b dokona\u0107 prze\u0142o\u017cenia kwiat\u00f3w do innej doniczki poprzez przeniesienie ca\u0142ego wk\u0142adu.<\/p>\n<p>Wk\u0142ad pasuje do doniczek:<br \/>\n &#8211; DBMA490<br \/>\n &#8211; DBWA490<br \/>\n &#8211; DPC48<br \/>\n &#8211; DBR490<\/p>\n<p>Dane techniczne:<br \/>\n &#8211; \u015brednica g\u00f3ry &#8211; 46 cm<br \/>\n &#8211; \u015brednica podstawy &#8211; 32 cm<br \/>\n &#8211; wysoko\u015b\u0107 &#8211; 29 cm<br \/>\n &#8211; pojemno\u015b\u0107 &#8211; 40 l<br \/>\n &#8211; materia\u0142 &#8211; tworzywo sztuczne<br \/>\n &#8211; waga &#8211; 1,20 kg<\/p>\n<p>Wk\u0142ady dystansowe do doniczek z serii MASSIVE. Wk\u0142ady pozwalaj\u0105 zaoszcz\u0119dzi\u0107 ilo\u015b\u0107 ziemi jak\u0105 nale\u017cy wsypa\u0107 do doniczki, mo\u017cna r\u00f3wnie\u017c w \u0142atwy spos\u00f3b dokona\u0107 prze\u0142o\u017cenia kwiat\u00f3w do innej doniczki poprzez przeniesienie ca\u0142ego wk\u0142adu.<\/p>\n<p>Wk\u0142ad pasuje do doniczek:<br \/>\n &#8211; DBMA490<br \/>\n &#8211; DBWA490<br \/>\n &#8211; DPC48<br \/>\n &#8211; DBR490<\/p>\n<p>Dane techniczne:<br \/>\n &#8211; \u015brednica g\u00f3ry &#8211; 46 cm<br \/>\n &#8211; \u015brednica podstawy &#8211; 32 cm<br \/>\n &#8211; wysoko\u015b\u0107 &#8211; 29 cm<br \/>\n &#8211; pojemno\u015b\u0107 &#8211; 40 l<br \/>\n &#8211; materia\u0142 &#8211; tworzywo sztuczne<br \/>\n &#8211; waga &#8211; 1,20 kg<\/p>\n","protected":false},"excerpt":{"rendered":"<p>Wk\u0142ady dystansowe do doniczek z serii MASSIVE. Wk\u0142ady pozwalaj\u0105 zaoszcz\u0119dzi\u0107 ilo\u015b\u0107 ziemi jak\u0105 nale\u017cy wsypa\u0107 do doniczki, mo\u017cna r\u00f3wnie\u017c w \u0142atwy spos\u00f3b dokona\u0107 prze\u0142o\u017cenia kwiat\u00f3w do innej doniczki poprzez przeniesienie ca\u0142ego wk\u0142adu. Wk\u0142ad pasuje do doniczek: &#8211; DBMA490 &#8211; DBWA490 &#8211; DPC48 &#8211; DBR490 Dane techniczne: &#8211; \u015brednica g\u00f3ry &#8211; 46 cm &#8211; \u015brednica podstawy &#8230; <a title=\"Wk\u0142ad wewn\u0119trzny IWKO460 do doniczek MASSIVE\" class=\"read-more\" href=\"https:\/\/admincentral.selleetools.com\/pl\/product\/wklad-wewnetrzny-iwko460-do-doniczek-massive\/\">Read more<span class=\"screen-reader-text\">Wk\u0142ad wewn\u0119trzny IWKO460 do doniczek MASSIVE<\/span><\/a><\/p>\n","protected":false},"featured_media":672689,"comment_status":"open","ping_status":"closed","template":"","meta":{"_links_to":"","_links_to_target":""},"yoast_head":"<!-- This site is optimized with the Yoast SEO plugin v19.4 - https:\/\/yoast.com\/wordpress\/plugins\/seo\/ -->\n<title>Wk\u0142ad wewn\u0119trzny IWKO460 do doniczek MASSIVE - Selleetools.com<\/title>\n<meta name=\"robots\" content=\"index, follow, max-snippet:-1, max-image-preview:large, max-video-preview:-1\" \/>\n<link rel=\"canonical\" href=\"https:\/\/selleetools.com\/pl\/product\/wklad-wewnetrzny-iwko460-do-doniczek-massive\/\" \/>\n<meta property=\"og:locale\" content=\"pl_PL\" \/>\n<meta property=\"og:type\" content=\"article\" \/>\n<meta property=\"og:title\" content=\"Wk\u0142ad wewn\u0119trzny IWKO460 do doniczek MASSIVE - Selleetools.com\" \/>\n<meta property=\"og:description\" content=\"Wk\u0142ady dystansowe do doniczek z serii MASSIVE. Wk\u0142ady pozwalaj\u0105 zaoszcz\u0119dzi\u0107 ilo\u015b\u0107 ziemi jak\u0105 nale\u017cy wsypa\u0107 do doniczki, mo\u017cna r\u00f3wnie\u017c w \u0142atwy spos\u00f3b dokona\u0107 prze\u0142o\u017cenia kwiat\u00f3w do innej doniczki poprzez przeniesienie ca\u0142ego wk\u0142adu. Wk\u0142ad pasuje do doniczek: &#8211; DBMA490 &#8211; DBWA490 &#8211; DPC48 &#8211; DBR490 Dane techniczne: &#8211; \u015brednica g\u00f3ry &#8211; 46 cm &#8211; \u015brednica podstawy ... Read moreWk\u0142ad wewn\u0119trzny IWKO460 do doniczek MASSIVE\" \/>\n<meta property=\"og:url\" content=\"https:\/\/selleetools.com\/pl\/product\/wklad-wewnetrzny-iwko460-do-doniczek-massive\/\" \/>\n<meta property=\"og:site_name\" content=\"Selleetools.com\" \/>\n<meta property=\"article:modified_time\" content=\"2026-04-14T17:08:38+00:00\" \/>\n<meta property=\"og:image\" content=\"https:\/\/selleetools.com\/wp-content\/uploads\/2026\/02\/4b6ed9a036e770bc07799ba37736eb70.jpg\" \/>\n\t<meta property=\"og:image:width\" content=\"1000\" \/>\n\t<meta property=\"og:image:height\" content=\"750\" \/>\n\t<meta property=\"og:image:type\" content=\"image\/jpeg\" \/>\n<meta name=\"twitter:card\" content=\"summary_large_image\" \/>\n<meta name=\"twitter:label1\" content=\"Est. reading time\" \/>\n\t<meta name=\"twitter:data1\" content=\"1 minuta\" \/>\n<!-- \/ Yoast SEO plugin. -->","yoast_head_json":{"title":"Wk\u0142ad wewn\u0119trzny IWKO460 do doniczek MASSIVE - Selleetools.com","robots":{"index":"index","follow":"follow","max-snippet":"max-snippet:-1","max-image-preview":"max-image-preview:large","max-video-preview":"max-video-preview:-1"},"canonical":"https:\/\/selleetools.com\/pl\/product\/wklad-wewnetrzny-iwko460-do-doniczek-massive\/","og_locale":"pl_PL","og_type":"article","og_title":"Wk\u0142ad wewn\u0119trzny IWKO460 do doniczek MASSIVE - Selleetools.com","og_description":"Wk\u0142ady dystansowe do doniczek z serii MASSIVE. Wk\u0142ady pozwalaj\u0105 zaoszcz\u0119dzi\u0107 ilo\u015b\u0107 ziemi jak\u0105 nale\u017cy wsypa\u0107 do doniczki, mo\u017cna r\u00f3wnie\u017c w \u0142atwy spos\u00f3b dokona\u0107 prze\u0142o\u017cenia kwiat\u00f3w do innej doniczki poprzez przeniesienie ca\u0142ego wk\u0142adu. Wk\u0142ad pasuje do doniczek: &#8211; DBMA490 &#8211; DBWA490 &#8211; DPC48 &#8211; DBR490 Dane techniczne: &#8211; \u015brednica g\u00f3ry &#8211; 46 cm &#8211; \u015brednica podstawy ... Read moreWk\u0142ad wewn\u0119trzny IWKO460 do doniczek MASSIVE","og_url":"https:\/\/selleetools.com\/pl\/product\/wklad-wewnetrzny-iwko460-do-doniczek-massive\/","og_site_name":"Selleetools.com","article_modified_time":"2026-04-14T17:08:38+00:00","og_image":[{"width":1000,"height":750,"url":"https:\/\/selleetools.com\/wp-content\/uploads\/2026\/02\/4b6ed9a036e770bc07799ba37736eb70.jpg","type":"image\/jpeg"}],"twitter_card":"summary_large_image","twitter_misc":{"Est. reading time":"1 minuta"},"schema":{"@context":"https:\/\/schema.org","@graph":[{"@type":"Organization","@id":"https:\/\/selleetools.com\/#organization","name":"Selleetools","url":"https:\/\/selleetools.com\/","sameAs":[],"logo":{"@type":"ImageObject","inLanguage":"pl-PL","@id":"https:\/\/selleetools.com\/#\/schema\/logo\/image\/","url":"https:\/\/selleetools.com\/wp-content\/uploads\/2021\/10\/logo-dark.png","contentUrl":"https:\/\/selleetools.com\/wp-content\/uploads\/2021\/10\/logo-dark.png","width":320,"height":76,"caption":"Selleetools"},"image":{"@id":"https:\/\/selleetools.com\/#\/schema\/logo\/image\/"}},{"@type":"WebSite","@id":"https:\/\/selleetools.com\/#website","url":"https:\/\/selleetools.com\/","name":"Selleetools.com","description":"","publisher":{"@id":"https:\/\/selleetools.com\/#organization"},"potentialAction":[{"@type":"SearchAction","target":{"@type":"EntryPoint","urlTemplate":"https:\/\/selleetools.com\/?s={search_term_string}"},"query-input":"required name=search_term_string"}],"inLanguage":"pl-PL"},{"@type":"WebPage","@id":"https:\/\/selleetools.com\/pl\/product\/wklad-wewnetrzny-iwko460-do-doniczek-massive\/","url":"https:\/\/selleetools.com\/pl\/product\/wklad-wewnetrzny-iwko460-do-doniczek-massive\/","name":"Wk\u0142ad wewn\u0119trzny IWKO460 do doniczek MASSIVE - Selleetools.com","isPartOf":{"@id":"https:\/\/selleetools.com\/#website"},"datePublished":"2026-02-19T14:59:48+00:00","dateModified":"2026-04-14T17:08:38+00:00","breadcrumb":{"@id":"https:\/\/selleetools.com\/pl\/product\/wklad-wewnetrzny-iwko460-do-doniczek-massive\/#breadcrumb"},"inLanguage":"pl-PL","potentialAction":[{"@type":"ReadAction","target":["https:\/\/selleetools.com\/pl\/product\/wklad-wewnetrzny-iwko460-do-doniczek-massive\/"]}]},{"@type":"BreadcrumbList","@id":"https:\/\/selleetools.com\/pl\/product\/wklad-wewnetrzny-iwko460-do-doniczek-massive\/#breadcrumb","itemListElement":[{"@type":"ListItem","position":1,"name":"Home","item":"https:\/\/selleetools.com\/pl\/"},{"@type":"ListItem","position":2,"name":"Katalog","item":"https:\/\/selleetools.com\/pl\/katalog\/"},{"@type":"ListItem","position":3,"name":"Wk\u0142ad wewn\u0119trzny IWKO460 do doniczek MASSIVE"}]}]}},"_links":{"self":[{"href":"https:\/\/admincentral.selleetools.com\/pl\/wp-json\/wp\/v2\/product\/672691"}],"collection":[{"href":"https:\/\/admincentral.selleetools.com\/pl\/wp-json\/wp\/v2\/product"}],"about":[{"href":"https:\/\/admincentral.selleetools.com\/pl\/wp-json\/wp\/v2\/types\/product"}],"replies":[{"embeddable":true,"href":"https:\/\/admincentral.selleetools.com\/pl\/wp-json\/wp\/v2\/comments?post=672691"}],"wp:featuredmedia":[{"embeddable":true,"href":"https:\/\/admincentral.selleetools.com\/pl\/wp-json\/wp\/v2\/media\/672689"}],"wp:attachment":[{"href":"https:\/\/admincentral.selleetools.com\/pl\/wp-json\/wp\/v2\/media?parent=672691"}],"curies":[{"name":"wp","href":"https:\/\/api.w.org\/{rel}","templated":true}]}}