{"id":672915,"date":"2026-02-19T16:02:30","date_gmt":"2026-02-19T15:02:30","guid":{"rendered":"https:\/\/selleetools.com\/?post_type=product&#038;p=672915"},"modified":"2026-04-14T19:15:44","modified_gmt":"2026-04-14T17:15:44","slug":"doniczka-samonawadniajaca-rato-case-drtc600h-antracyt","status":"publish","type":"product","link":"https:\/\/admincentral.selleetools.com\/pl\/product\/doniczka-samonawadniajaca-rato-case-drtc600h-antracyt\/","title":{"rendered":"Doniczka samonawadniaj\u0105ca RATO Case DRTC600H | Antracyt"},"content":{"rendered":"<p>Doniczka samonawadniaj\u0105ca RATO Case DRTC600H &#8211; antracyt<br \/>\nSkrzynka Rato Case High Can wsparta na stabilnych nogach doskonale prezentuje si\u0119 w otoczeniu domu, na tarasach i balkonach. Niebanalny dodatek w strefie publicznej. Skrzynki o fakturze wiernie imituj\u0105cej plecionk\u0119 z naturalnego rattanu. Uzupe\u0142nienie dla stylowej dekoracji wn\u0119trz. W zestawie system nawadniaj\u0105cy. Zalety systemu nawadniania:<br \/>\n &#8211; wygodny spos\u00f3b prawid\u0142owego nawadniania ro\u015blin<br \/>\n &#8211; wyd\u0142u\u017ca czas, w kt\u00f3rym ziemia jest wilgotna<br \/>\n &#8211; zmniejsza cz\u0119stotliwo\u015b\u0107 podlewania<br \/>\n &#8211; pozwala kontrolowa\u0107 poziom wody w doniczce<br \/>\n &#8211; pozwala zaoszcz\u0119dzi\u0107 do 50% wody przez mniejsze odparowanie<br \/>\n &#8211; wyje\u017cd\u017caj\u0105c zostawiasz ro\u015blin\u0119 w dobrych r\u0119kach systemu nawadniania<br \/>\nZestaw zawiera:<br \/>\n &#8211; os\u0142onk\u0119 RATO CASE HIGH<br \/>\n &#8211; system do nawadniania<br \/>\nDane techniczne:<br \/>\n &#8211; d\u0142ugo\u015b\u0107 &#8211; 60 cm<br \/>\n &#8211; szeroko\u015b\u0107 &#8211; 25 cm<br \/>\n &#8211; wysoko\u015b\u0107 &#8211; 46 cm<br \/>\n &#8211; pojemno\u015b\u0107 &#8211; 30 l<br \/>\n &#8211; materia\u0142 &#8211; tworzywo sztuczne<br \/>\n &#8211; waga &#8211; 3,5 kg<\/p>\n<p>Doniczka samonawadniaj\u0105ca RATO Case DRTC600H &#8211; antracyt<br \/>\nSkrzynka Rato Case High Can wsparta na stabilnych nogach doskonale prezentuje si\u0119 w otoczeniu domu, na tarasach i balkonach. Niebanalny dodatek w strefie publicznej. Skrzynki o fakturze wiernie imituj\u0105cej plecionk\u0119 z naturalnego rattanu. Uzupe\u0142nienie dla stylowej dekoracji wn\u0119trz. W zestawie system nawadniaj\u0105cy. Zalety systemu nawadniania:<br \/>\n &#8211; wygodny spos\u00f3b prawid\u0142owego nawadniania ro\u015blin<br \/>\n &#8211; wyd\u0142u\u017ca czas, w kt\u00f3rym ziemia jest wilgotna<br \/>\n &#8211; zmniejsza cz\u0119stotliwo\u015b\u0107 podlewania<br \/>\n &#8211; pozwala kontrolowa\u0107 poziom wody w doniczce<br \/>\n &#8211; pozwala zaoszcz\u0119dzi\u0107 do 50% wody przez mniejsze odparowanie<br \/>\n &#8211; wyje\u017cd\u017caj\u0105c zostawiasz ro\u015blin\u0119 w dobrych r\u0119kach systemu nawadniania<br \/>\nZestaw zawiera:<br \/>\n &#8211; os\u0142onk\u0119 RATO CASE HIGH<br \/>\n &#8211; system do nawadniania<br \/>\nDane techniczne:<br \/>\n &#8211; d\u0142ugo\u015b\u0107 &#8211; 60 cm<br \/>\n &#8211; szeroko\u015b\u0107 &#8211; 25 cm<br \/>\n &#8211; wysoko\u015b\u0107 &#8211; 46 cm<br \/>\n &#8211; pojemno\u015b\u0107 &#8211; 30 l<br \/>\n &#8211; materia\u0142 &#8211; tworzywo sztuczne<br \/>\n &#8211; waga &#8211; 3,5 kg<\/p>\n","protected":false},"excerpt":{"rendered":"<p>Doniczka samonawadniaj\u0105ca RATO Case DRTC600H &#8211; antracyt Skrzynka Rato Case High Can wsparta na stabilnych nogach doskonale prezentuje si\u0119 w otoczeniu domu, na tarasach i balkonach. Niebanalny dodatek w strefie publicznej. Skrzynki o fakturze wiernie imituj\u0105cej plecionk\u0119 z naturalnego rattanu. Uzupe\u0142nienie dla stylowej dekoracji wn\u0119trz. W zestawie system nawadniaj\u0105cy. Zalety systemu nawadniania: &#8211; wygodny spos\u00f3b &#8230; <a title=\"Doniczka samonawadniaj\u0105ca RATO Case DRTC600H | Antracyt\" class=\"read-more\" href=\"https:\/\/admincentral.selleetools.com\/pl\/product\/doniczka-samonawadniajaca-rato-case-drtc600h-antracyt\/\">Read more<span class=\"screen-reader-text\">Doniczka samonawadniaj\u0105ca RATO Case DRTC600H | Antracyt<\/span><\/a><\/p>\n","protected":false},"featured_media":672911,"comment_status":"open","ping_status":"closed","template":"","meta":{"_links_to":"","_links_to_target":""},"yoast_head":"<!-- This site is optimized with the Yoast SEO plugin v19.4 - https:\/\/yoast.com\/wordpress\/plugins\/seo\/ -->\n<title>Doniczka samonawadniaj\u0105ca RATO Case DRTC600H | Antracyt - Selleetools.com<\/title>\n<meta name=\"robots\" content=\"index, follow, max-snippet:-1, max-image-preview:large, max-video-preview:-1\" \/>\n<link rel=\"canonical\" href=\"https:\/\/selleetools.com\/pl\/product\/doniczka-samonawadniajaca-rato-case-drtc600h-antracyt\/\" \/>\n<meta property=\"og:locale\" content=\"pl_PL\" \/>\n<meta property=\"og:type\" content=\"article\" \/>\n<meta property=\"og:title\" content=\"Doniczka samonawadniaj\u0105ca RATO Case DRTC600H | Antracyt - Selleetools.com\" \/>\n<meta property=\"og:description\" content=\"Doniczka samonawadniaj\u0105ca RATO Case DRTC600H &#8211; antracyt Skrzynka Rato Case High Can wsparta na stabilnych nogach doskonale prezentuje si\u0119 w otoczeniu domu, na tarasach i balkonach. Niebanalny dodatek w strefie publicznej. Skrzynki o fakturze wiernie imituj\u0105cej plecionk\u0119 z naturalnego rattanu. Uzupe\u0142nienie dla stylowej dekoracji wn\u0119trz. W zestawie system nawadniaj\u0105cy. Zalety systemu nawadniania: &#8211; wygodny spos\u00f3b ... Read moreDoniczka samonawadniaj\u0105ca RATO Case DRTC600H | Antracyt\" \/>\n<meta property=\"og:url\" content=\"https:\/\/selleetools.com\/pl\/product\/doniczka-samonawadniajaca-rato-case-drtc600h-antracyt\/\" \/>\n<meta property=\"og:site_name\" content=\"Selleetools.com\" \/>\n<meta property=\"article:modified_time\" content=\"2026-04-14T17:15:44+00:00\" \/>\n<meta property=\"og:image\" content=\"https:\/\/selleetools.com\/wp-content\/uploads\/2026\/02\/72b387d0d5b7c20c69a6002f02a0cbb3.jpg\" \/>\n\t<meta property=\"og:image:width\" content=\"1772\" \/>\n\t<meta property=\"og:image:height\" content=\"1228\" \/>\n\t<meta property=\"og:image:type\" content=\"image\/jpeg\" \/>\n<meta name=\"twitter:card\" content=\"summary_large_image\" \/>\n<meta name=\"twitter:label1\" content=\"Est. reading time\" \/>\n\t<meta name=\"twitter:data1\" content=\"2 minuty\" \/>\n<!-- \/ Yoast SEO plugin. -->","yoast_head_json":{"title":"Doniczka samonawadniaj\u0105ca RATO Case DRTC600H | Antracyt - Selleetools.com","robots":{"index":"index","follow":"follow","max-snippet":"max-snippet:-1","max-image-preview":"max-image-preview:large","max-video-preview":"max-video-preview:-1"},"canonical":"https:\/\/selleetools.com\/pl\/product\/doniczka-samonawadniajaca-rato-case-drtc600h-antracyt\/","og_locale":"pl_PL","og_type":"article","og_title":"Doniczka samonawadniaj\u0105ca RATO Case DRTC600H | Antracyt - Selleetools.com","og_description":"Doniczka samonawadniaj\u0105ca RATO Case DRTC600H &#8211; antracyt Skrzynka Rato Case High Can wsparta na stabilnych nogach doskonale prezentuje si\u0119 w otoczeniu domu, na tarasach i balkonach. Niebanalny dodatek w strefie publicznej. Skrzynki o fakturze wiernie imituj\u0105cej plecionk\u0119 z naturalnego rattanu. Uzupe\u0142nienie dla stylowej dekoracji wn\u0119trz. W zestawie system nawadniaj\u0105cy. Zalety systemu nawadniania: &#8211; wygodny spos\u00f3b ... Read moreDoniczka samonawadniaj\u0105ca RATO Case DRTC600H | Antracyt","og_url":"https:\/\/selleetools.com\/pl\/product\/doniczka-samonawadniajaca-rato-case-drtc600h-antracyt\/","og_site_name":"Selleetools.com","article_modified_time":"2026-04-14T17:15:44+00:00","og_image":[{"width":1772,"height":1228,"url":"https:\/\/selleetools.com\/wp-content\/uploads\/2026\/02\/72b387d0d5b7c20c69a6002f02a0cbb3.jpg","type":"image\/jpeg"}],"twitter_card":"summary_large_image","twitter_misc":{"Est. reading time":"2 minuty"},"schema":{"@context":"https:\/\/schema.org","@graph":[{"@type":"Organization","@id":"https:\/\/selleetools.com\/#organization","name":"Selleetools","url":"https:\/\/selleetools.com\/","sameAs":[],"logo":{"@type":"ImageObject","inLanguage":"pl-PL","@id":"https:\/\/selleetools.com\/#\/schema\/logo\/image\/","url":"https:\/\/selleetools.com\/wp-content\/uploads\/2021\/10\/logo-dark.png","contentUrl":"https:\/\/selleetools.com\/wp-content\/uploads\/2021\/10\/logo-dark.png","width":320,"height":76,"caption":"Selleetools"},"image":{"@id":"https:\/\/selleetools.com\/#\/schema\/logo\/image\/"}},{"@type":"WebSite","@id":"https:\/\/selleetools.com\/#website","url":"https:\/\/selleetools.com\/","name":"Selleetools.com","description":"","publisher":{"@id":"https:\/\/selleetools.com\/#organization"},"potentialAction":[{"@type":"SearchAction","target":{"@type":"EntryPoint","urlTemplate":"https:\/\/selleetools.com\/?s={search_term_string}"},"query-input":"required name=search_term_string"}],"inLanguage":"pl-PL"},{"@type":"WebPage","@id":"https:\/\/selleetools.com\/pl\/product\/doniczka-samonawadniajaca-rato-case-drtc600h-antracyt\/","url":"https:\/\/selleetools.com\/pl\/product\/doniczka-samonawadniajaca-rato-case-drtc600h-antracyt\/","name":"Doniczka samonawadniaj\u0105ca RATO Case DRTC600H | Antracyt - Selleetools.com","isPartOf":{"@id":"https:\/\/selleetools.com\/#website"},"datePublished":"2026-02-19T15:02:30+00:00","dateModified":"2026-04-14T17:15:44+00:00","breadcrumb":{"@id":"https:\/\/selleetools.com\/pl\/product\/doniczka-samonawadniajaca-rato-case-drtc600h-antracyt\/#breadcrumb"},"inLanguage":"pl-PL","potentialAction":[{"@type":"ReadAction","target":["https:\/\/selleetools.com\/pl\/product\/doniczka-samonawadniajaca-rato-case-drtc600h-antracyt\/"]}]},{"@type":"BreadcrumbList","@id":"https:\/\/selleetools.com\/pl\/product\/doniczka-samonawadniajaca-rato-case-drtc600h-antracyt\/#breadcrumb","itemListElement":[{"@type":"ListItem","position":1,"name":"Home","item":"https:\/\/selleetools.com\/pl\/"},{"@type":"ListItem","position":2,"name":"Katalog","item":"https:\/\/selleetools.com\/pl\/katalog\/"},{"@type":"ListItem","position":3,"name":"Doniczka samonawadniaj\u0105ca RATO Case DRTC600H | Antracyt"}]}]}},"_links":{"self":[{"href":"https:\/\/admincentral.selleetools.com\/pl\/wp-json\/wp\/v2\/product\/672915"}],"collection":[{"href":"https:\/\/admincentral.selleetools.com\/pl\/wp-json\/wp\/v2\/product"}],"about":[{"href":"https:\/\/admincentral.selleetools.com\/pl\/wp-json\/wp\/v2\/types\/product"}],"replies":[{"embeddable":true,"href":"https:\/\/admincentral.selleetools.com\/pl\/wp-json\/wp\/v2\/comments?post=672915"}],"wp:featuredmedia":[{"embeddable":true,"href":"https:\/\/admincentral.selleetools.com\/pl\/wp-json\/wp\/v2\/media\/672911"}],"wp:attachment":[{"href":"https:\/\/admincentral.selleetools.com\/pl\/wp-json\/wp\/v2\/media?parent=672915"}],"curies":[{"name":"wp","href":"https:\/\/api.w.org\/{rel}","templated":true}]}}