{"id":673186,"date":"2026-02-19T16:05:12","date_gmt":"2026-02-19T15:05:12","guid":{"rendered":"https:\/\/selleetools.com\/?post_type=product&#038;p=673186"},"modified":"2026-04-18T15:52:59","modified_gmt":"2026-04-18T13:52:59","slug":"zestaw-do-laczenia-zbiornikow-ze-soba-icans-8","status":"publish","type":"product","link":"https:\/\/admincentral.selleetools.com\/pl\/product\/zestaw-do-laczenia-zbiornikow-ze-soba-icans-8\/","title":{"rendered":"Zestaw do \u0142\u0105czenia zbiornik\u00f3w ze sob\u0105 ICANS 8"},"content":{"rendered":"<p>Zestaw do \u0142\u0105czenia zbiornik\u00f3w ze sob\u0105 ICANS 8 (ICANS8)<br \/>\nZestaw \u0142\u0105cz\u0105cy zbiorniki ICANS 8. System przy\u0142\u0105czeniowy, kt\u00f3rego zadaniem jest dostarczenie wody ze zbiornika A do zbiornika B.<br \/>\nW sk\u0142ad zestawu wchodzi:<br \/>\n &#8211; otwornica &#8211; do wykonania otwor\u00f3w w zbiornikach<br \/>\n &#8211; dwa przy\u0142\u0105cza<br \/>\n &#8211; w\u0105\u017c &#8211; d\u0142ugo\u015b\u0107 60 cm<br \/>\n &#8211; Bardzo uniwersalny.<br \/>\n &#8211; Jego prosta konstrukcja zapewnia szybk\u0105 instalacj\u0119 i pozwala na \u0142atwy monta\u017c.<\/p>\n<p>Dzi\u0119ki temu zestawowy stworzysz system naczy\u0144 po\u0142aczonych, zwi\u0119kszaj\u0105c tym samym ilo\u015b\u0107 magazynowanej wody deszczowej.<\/p>\n<p>Uwaga: zestaw zawiera otwornic\u0119 z koronkami w dw\u00f3r rozmiarch. W przypadku tego zestawu, nalezy uzy\u0107 mniejszej otwornicy (\u015brednica 2,6 cm).<\/p>\n<p>Zestaw do \u0142\u0105czenia zbiornik\u00f3w ze sob\u0105 ICANS 8 (ICANS8)<br \/>\nZestaw \u0142\u0105cz\u0105cy zbiorniki ICANS 8. System przy\u0142\u0105czeniowy, kt\u00f3rego zadaniem jest dostarczenie wody ze zbiornika A do zbiornika B.<br \/>\nW sk\u0142ad zestawu wchodzi:<br \/>\n &#8211; otwornica &#8211; do wykonania otwor\u00f3w w zbiornikach<br \/>\n &#8211; dwa przy\u0142\u0105cza<br \/>\n &#8211; w\u0105\u017c &#8211; d\u0142ugo\u015b\u0107 60 cm<br \/>\n &#8211; Bardzo uniwersalny.<br \/>\n &#8211; Jego prosta konstrukcja zapewnia szybk\u0105 instalacj\u0119 i pozwala na \u0142atwy monta\u017c.<\/p>\n<p>Dzi\u0119ki temu zestawowy stworzysz system naczy\u0144 po\u0142aczonych, zwi\u0119kszaj\u0105c tym samym ilo\u015b\u0107 magazynowanej wody deszczowej.<\/p>\n<p>Uwaga: zestaw zawiera otwornic\u0119 z koronkami w dw\u00f3r rozmiarch. W przypadku tego zestawu, nalezy uzy\u0107 mniejszej otwornicy (\u015brednica 2,6 cm).<\/p>\n","protected":false},"excerpt":{"rendered":"<p>Zestaw do \u0142\u0105czenia zbiornik\u00f3w ze sob\u0105 ICANS 8 (ICANS8) Zestaw \u0142\u0105cz\u0105cy zbiorniki ICANS 8. System przy\u0142\u0105czeniowy, kt\u00f3rego zadaniem jest dostarczenie wody ze zbiornika A do zbiornika B. W sk\u0142ad zestawu wchodzi: &#8211; otwornica &#8211; do wykonania otwor\u00f3w w zbiornikach &#8211; dwa przy\u0142\u0105cza &#8211; w\u0105\u017c &#8211; d\u0142ugo\u015b\u0107 60 cm &#8211; Bardzo uniwersalny. &#8211; Jego prosta konstrukcja &#8230; <a title=\"Zestaw do \u0142\u0105czenia zbiornik\u00f3w ze sob\u0105 ICANS 8\" class=\"read-more\" href=\"https:\/\/admincentral.selleetools.com\/pl\/product\/zestaw-do-laczenia-zbiornikow-ze-soba-icans-8\/\">Read more<span class=\"screen-reader-text\">Zestaw do \u0142\u0105czenia zbiornik\u00f3w ze sob\u0105 ICANS 8<\/span><\/a><\/p>\n","protected":false},"featured_media":673178,"comment_status":"open","ping_status":"closed","template":"","meta":{"_links_to":"","_links_to_target":""},"yoast_head":"<!-- This site is optimized with the Yoast SEO plugin v19.4 - https:\/\/yoast.com\/wordpress\/plugins\/seo\/ -->\n<title>Zestaw do \u0142\u0105czenia zbiornik\u00f3w ze sob\u0105 ICANS 8 - Selleetools.com<\/title>\n<meta name=\"robots\" content=\"index, follow, max-snippet:-1, max-image-preview:large, max-video-preview:-1\" \/>\n<link rel=\"canonical\" href=\"https:\/\/selleetools.com\/pl\/product\/zestaw-do-laczenia-zbiornikow-ze-soba-icans-8\/\" \/>\n<meta property=\"og:locale\" content=\"pl_PL\" \/>\n<meta property=\"og:type\" content=\"article\" \/>\n<meta property=\"og:title\" content=\"Zestaw do \u0142\u0105czenia zbiornik\u00f3w ze sob\u0105 ICANS 8 - Selleetools.com\" \/>\n<meta property=\"og:description\" content=\"Zestaw do \u0142\u0105czenia zbiornik\u00f3w ze sob\u0105 ICANS 8 (ICANS8) Zestaw \u0142\u0105cz\u0105cy zbiorniki ICANS 8. System przy\u0142\u0105czeniowy, kt\u00f3rego zadaniem jest dostarczenie wody ze zbiornika A do zbiornika B. W sk\u0142ad zestawu wchodzi: &#8211; otwornica &#8211; do wykonania otwor\u00f3w w zbiornikach &#8211; dwa przy\u0142\u0105cza &#8211; w\u0105\u017c &#8211; d\u0142ugo\u015b\u0107 60 cm &#8211; Bardzo uniwersalny. &#8211; Jego prosta konstrukcja ... Read moreZestaw do \u0142\u0105czenia zbiornik\u00f3w ze sob\u0105 ICANS 8\" \/>\n<meta property=\"og:url\" content=\"https:\/\/selleetools.com\/pl\/product\/zestaw-do-laczenia-zbiornikow-ze-soba-icans-8\/\" \/>\n<meta property=\"og:site_name\" content=\"Selleetools.com\" \/>\n<meta property=\"article:modified_time\" content=\"2026-04-18T13:52:59+00:00\" \/>\n<meta property=\"og:image\" content=\"https:\/\/selleetools.com\/wp-content\/uploads\/2026\/02\/b33c94df3ccb41fc20fdb4a56f6d4779.jpg\" \/>\n\t<meta property=\"og:image:width\" content=\"2560\" \/>\n\t<meta property=\"og:image:height\" content=\"759\" \/>\n\t<meta property=\"og:image:type\" content=\"image\/jpeg\" \/>\n<meta name=\"twitter:card\" content=\"summary_large_image\" \/>\n<meta name=\"twitter:label1\" content=\"Est. reading time\" \/>\n\t<meta name=\"twitter:data1\" content=\"1 minuta\" \/>\n<!-- \/ Yoast SEO plugin. -->","yoast_head_json":{"title":"Zestaw do \u0142\u0105czenia zbiornik\u00f3w ze sob\u0105 ICANS 8 - Selleetools.com","robots":{"index":"index","follow":"follow","max-snippet":"max-snippet:-1","max-image-preview":"max-image-preview:large","max-video-preview":"max-video-preview:-1"},"canonical":"https:\/\/selleetools.com\/pl\/product\/zestaw-do-laczenia-zbiornikow-ze-soba-icans-8\/","og_locale":"pl_PL","og_type":"article","og_title":"Zestaw do \u0142\u0105czenia zbiornik\u00f3w ze sob\u0105 ICANS 8 - Selleetools.com","og_description":"Zestaw do \u0142\u0105czenia zbiornik\u00f3w ze sob\u0105 ICANS 8 (ICANS8) Zestaw \u0142\u0105cz\u0105cy zbiorniki ICANS 8. System przy\u0142\u0105czeniowy, kt\u00f3rego zadaniem jest dostarczenie wody ze zbiornika A do zbiornika B. W sk\u0142ad zestawu wchodzi: &#8211; otwornica &#8211; do wykonania otwor\u00f3w w zbiornikach &#8211; dwa przy\u0142\u0105cza &#8211; w\u0105\u017c &#8211; d\u0142ugo\u015b\u0107 60 cm &#8211; Bardzo uniwersalny. &#8211; Jego prosta konstrukcja ... Read moreZestaw do \u0142\u0105czenia zbiornik\u00f3w ze sob\u0105 ICANS 8","og_url":"https:\/\/selleetools.com\/pl\/product\/zestaw-do-laczenia-zbiornikow-ze-soba-icans-8\/","og_site_name":"Selleetools.com","article_modified_time":"2026-04-18T13:52:59+00:00","og_image":[{"width":2560,"height":759,"url":"https:\/\/selleetools.com\/wp-content\/uploads\/2026\/02\/b33c94df3ccb41fc20fdb4a56f6d4779.jpg","type":"image\/jpeg"}],"twitter_card":"summary_large_image","twitter_misc":{"Est. reading time":"1 minuta"},"schema":{"@context":"https:\/\/schema.org","@graph":[{"@type":"Organization","@id":"https:\/\/selleetools.com\/#organization","name":"Selleetools","url":"https:\/\/selleetools.com\/","sameAs":[],"logo":{"@type":"ImageObject","inLanguage":"pl-PL","@id":"https:\/\/selleetools.com\/#\/schema\/logo\/image\/","url":"https:\/\/selleetools.com\/wp-content\/uploads\/2021\/10\/logo-dark.png","contentUrl":"https:\/\/selleetools.com\/wp-content\/uploads\/2021\/10\/logo-dark.png","width":320,"height":76,"caption":"Selleetools"},"image":{"@id":"https:\/\/selleetools.com\/#\/schema\/logo\/image\/"}},{"@type":"WebSite","@id":"https:\/\/selleetools.com\/#website","url":"https:\/\/selleetools.com\/","name":"Selleetools.com","description":"","publisher":{"@id":"https:\/\/selleetools.com\/#organization"},"potentialAction":[{"@type":"SearchAction","target":{"@type":"EntryPoint","urlTemplate":"https:\/\/selleetools.com\/?s={search_term_string}"},"query-input":"required name=search_term_string"}],"inLanguage":"pl-PL"},{"@type":"WebPage","@id":"https:\/\/selleetools.com\/pl\/product\/zestaw-do-laczenia-zbiornikow-ze-soba-icans-8\/","url":"https:\/\/selleetools.com\/pl\/product\/zestaw-do-laczenia-zbiornikow-ze-soba-icans-8\/","name":"Zestaw do \u0142\u0105czenia zbiornik\u00f3w ze sob\u0105 ICANS 8 - Selleetools.com","isPartOf":{"@id":"https:\/\/selleetools.com\/#website"},"datePublished":"2026-02-19T15:05:12+00:00","dateModified":"2026-04-18T13:52:59+00:00","breadcrumb":{"@id":"https:\/\/selleetools.com\/pl\/product\/zestaw-do-laczenia-zbiornikow-ze-soba-icans-8\/#breadcrumb"},"inLanguage":"pl-PL","potentialAction":[{"@type":"ReadAction","target":["https:\/\/selleetools.com\/pl\/product\/zestaw-do-laczenia-zbiornikow-ze-soba-icans-8\/"]}]},{"@type":"BreadcrumbList","@id":"https:\/\/selleetools.com\/pl\/product\/zestaw-do-laczenia-zbiornikow-ze-soba-icans-8\/#breadcrumb","itemListElement":[{"@type":"ListItem","position":1,"name":"Home","item":"https:\/\/selleetools.com\/pl\/"},{"@type":"ListItem","position":2,"name":"Katalog","item":"https:\/\/selleetools.com\/pl\/katalog\/"},{"@type":"ListItem","position":3,"name":"Zestaw do \u0142\u0105czenia zbiornik\u00f3w ze sob\u0105 ICANS 8"}]}]}},"_links":{"self":[{"href":"https:\/\/admincentral.selleetools.com\/pl\/wp-json\/wp\/v2\/product\/673186"}],"collection":[{"href":"https:\/\/admincentral.selleetools.com\/pl\/wp-json\/wp\/v2\/product"}],"about":[{"href":"https:\/\/admincentral.selleetools.com\/pl\/wp-json\/wp\/v2\/types\/product"}],"replies":[{"embeddable":true,"href":"https:\/\/admincentral.selleetools.com\/pl\/wp-json\/wp\/v2\/comments?post=673186"}],"wp:featuredmedia":[{"embeddable":true,"href":"https:\/\/admincentral.selleetools.com\/pl\/wp-json\/wp\/v2\/media\/673178"}],"wp:attachment":[{"href":"https:\/\/admincentral.selleetools.com\/pl\/wp-json\/wp\/v2\/media?parent=673186"}],"curies":[{"name":"wp","href":"https:\/\/api.w.org\/{rel}","templated":true}]}}