{"id":673398,"date":"2026-02-19T16:07:22","date_gmt":"2026-02-19T15:07:22","guid":{"rendered":"https:\/\/selleetools.com\/?post_type=product&#038;p=673398"},"modified":"2026-04-15T17:27:29","modified_gmt":"2026-04-15T15:27:29","slug":"nasiona-cynia-wytworna-daliowa-mieszanka-15g","status":"publish","type":"product","link":"https:\/\/admincentral.selleetools.com\/pl\/product\/nasiona-cynia-wytworna-daliowa-mieszanka-15g\/","title":{"rendered":"Nasiona Cynia wytworna daliowa mieszanka, 1,5g"},"content":{"rendered":"<p>Ro\u015blina jednoroczna wys.60-80cm, o wzniesionych, g\u00f3r\u0105 rozga\u0142\u0119zionych p\u0119dach, zako\u0144czonych okaza\u0142ymi r\u00f3\u017cnobarwnymi kwiatostanami . Uprawiana na rabatach i na kwiat ci\u0119ty.<br \/>\nNasiona wysiewa\u0107 w marcu-kwietniu pod os\u0142onami lub w kwietniu do gruntu. W temp.16-20C wschody nast\u0119puj\u0105 po 10-14dniach. Rozsad\u0119 w fazie 3-5 par li\u015bci sadzi\u0107 do gruntu, w drugiej po\u0142owie maja w rozstawie 40x40cm. Kwitnie od po\u0142owy czerwca do jesiennych przymrozk\u00f3w. Uszczkni\u0119cie pierwszego p\u0105ka kwiatowego powoduje lepsze rozga\u0142\u0119zienie p\u0119d\u00f3w i obfitsze kwitnienie. Najlepiej ro\u015bnie na \u017cyznym, niezbyt suchym pod\u0142o\u017cu w miejscu s\u0142onecznym.<\/p>\n<p>Ro\u015blina jednoroczna wys.60-80cm, o wzniesionych, g\u00f3r\u0105 rozga\u0142\u0119zionych p\u0119dach, zako\u0144czonych okaza\u0142ymi r\u00f3\u017cnobarwnymi kwiatostanami . Uprawiana na rabatach i na kwiat ci\u0119ty.<br \/>\nNasiona wysiewa\u0107 w marcu-kwietniu pod os\u0142onami lub w kwietniu do gruntu. W temp.16-20C wschody nast\u0119puj\u0105 po 10-14dniach. Rozsad\u0119 w fazie 3-5 par li\u015bci sadzi\u0107 do gruntu, w drugiej po\u0142owie maja w rozstawie 40x40cm. Kwitnie od po\u0142owy czerwca do jesiennych przymrozk\u00f3w. Uszczkni\u0119cie pierwszego p\u0105ka kwiatowego powoduje lepsze rozga\u0142\u0119zienie p\u0119d\u00f3w i obfitsze kwitnienie. Najlepiej ro\u015bnie na \u017cyznym, niezbyt suchym pod\u0142o\u017cu w miejscu s\u0142onecznym.<\/p>\n","protected":false},"excerpt":{"rendered":"<p>Ro\u015blina jednoroczna wys.60-80cm, o wzniesionych, g\u00f3r\u0105 rozga\u0142\u0119zionych p\u0119dach, zako\u0144czonych okaza\u0142ymi r\u00f3\u017cnobarwnymi kwiatostanami . Uprawiana na rabatach i na kwiat ci\u0119ty. Nasiona wysiewa\u0107 w marcu-kwietniu pod os\u0142onami lub w kwietniu do gruntu. W temp.16-20C wschody nast\u0119puj\u0105 po 10-14dniach. Rozsad\u0119 w fazie 3-5 par li\u015bci sadzi\u0107 do gruntu, w drugiej po\u0142owie maja w rozstawie 40x40cm. Kwitnie od &#8230; <a title=\"Nasiona Cynia wytworna daliowa mieszanka, 1,5g\" class=\"read-more\" href=\"https:\/\/admincentral.selleetools.com\/pl\/product\/nasiona-cynia-wytworna-daliowa-mieszanka-15g\/\">Read more<span class=\"screen-reader-text\">Nasiona Cynia wytworna daliowa mieszanka, 1,5g<\/span><\/a><\/p>\n","protected":false},"featured_media":673396,"comment_status":"open","ping_status":"closed","template":"","meta":{"_links_to":"","_links_to_target":""},"yoast_head":"<!-- This site is optimized with the Yoast SEO plugin v19.4 - https:\/\/yoast.com\/wordpress\/plugins\/seo\/ -->\n<title>Nasiona Cynia wytworna daliowa mieszanka, 1,5g - Selleetools.com<\/title>\n<meta name=\"robots\" content=\"index, follow, max-snippet:-1, max-image-preview:large, max-video-preview:-1\" \/>\n<link rel=\"canonical\" href=\"https:\/\/selleetools.com\/pl\/product\/nasiona-cynia-wytworna-daliowa-mieszanka-15g\/\" \/>\n<meta property=\"og:locale\" content=\"pl_PL\" \/>\n<meta property=\"og:type\" content=\"article\" \/>\n<meta property=\"og:title\" content=\"Nasiona Cynia wytworna daliowa mieszanka, 1,5g - Selleetools.com\" \/>\n<meta property=\"og:description\" content=\"Ro\u015blina jednoroczna wys.60-80cm, o wzniesionych, g\u00f3r\u0105 rozga\u0142\u0119zionych p\u0119dach, zako\u0144czonych okaza\u0142ymi r\u00f3\u017cnobarwnymi kwiatostanami . Uprawiana na rabatach i na kwiat ci\u0119ty. Nasiona wysiewa\u0107 w marcu-kwietniu pod os\u0142onami lub w kwietniu do gruntu. W temp.16-20C wschody nast\u0119puj\u0105 po 10-14dniach. Rozsad\u0119 w fazie 3-5 par li\u015bci sadzi\u0107 do gruntu, w drugiej po\u0142owie maja w rozstawie 40x40cm. Kwitnie od ... Read moreNasiona Cynia wytworna daliowa mieszanka, 1,5g\" \/>\n<meta property=\"og:url\" content=\"https:\/\/selleetools.com\/pl\/product\/nasiona-cynia-wytworna-daliowa-mieszanka-15g\/\" \/>\n<meta property=\"og:site_name\" content=\"Selleetools.com\" \/>\n<meta property=\"article:modified_time\" content=\"2026-04-15T15:27:29+00:00\" \/>\n<meta property=\"og:image\" content=\"https:\/\/selleetools.com\/wp-content\/uploads\/2026\/02\/e0a72fcb98b2188c57121f3f566efde5.jpg\" \/>\n\t<meta property=\"og:image:width\" content=\"942\" \/>\n\t<meta property=\"og:image:height\" content=\"1767\" \/>\n\t<meta property=\"og:image:type\" content=\"image\/jpeg\" \/>\n<meta name=\"twitter:card\" content=\"summary_large_image\" \/>\n<meta name=\"twitter:label1\" content=\"Est. reading time\" \/>\n\t<meta name=\"twitter:data1\" content=\"1 minuta\" \/>\n<!-- \/ Yoast SEO plugin. -->","yoast_head_json":{"title":"Nasiona Cynia wytworna daliowa mieszanka, 1,5g - Selleetools.com","robots":{"index":"index","follow":"follow","max-snippet":"max-snippet:-1","max-image-preview":"max-image-preview:large","max-video-preview":"max-video-preview:-1"},"canonical":"https:\/\/selleetools.com\/pl\/product\/nasiona-cynia-wytworna-daliowa-mieszanka-15g\/","og_locale":"pl_PL","og_type":"article","og_title":"Nasiona Cynia wytworna daliowa mieszanka, 1,5g - Selleetools.com","og_description":"Ro\u015blina jednoroczna wys.60-80cm, o wzniesionych, g\u00f3r\u0105 rozga\u0142\u0119zionych p\u0119dach, zako\u0144czonych okaza\u0142ymi r\u00f3\u017cnobarwnymi kwiatostanami . Uprawiana na rabatach i na kwiat ci\u0119ty. Nasiona wysiewa\u0107 w marcu-kwietniu pod os\u0142onami lub w kwietniu do gruntu. W temp.16-20C wschody nast\u0119puj\u0105 po 10-14dniach. Rozsad\u0119 w fazie 3-5 par li\u015bci sadzi\u0107 do gruntu, w drugiej po\u0142owie maja w rozstawie 40x40cm. Kwitnie od ... Read moreNasiona Cynia wytworna daliowa mieszanka, 1,5g","og_url":"https:\/\/selleetools.com\/pl\/product\/nasiona-cynia-wytworna-daliowa-mieszanka-15g\/","og_site_name":"Selleetools.com","article_modified_time":"2026-04-15T15:27:29+00:00","og_image":[{"width":942,"height":1767,"url":"https:\/\/selleetools.com\/wp-content\/uploads\/2026\/02\/e0a72fcb98b2188c57121f3f566efde5.jpg","type":"image\/jpeg"}],"twitter_card":"summary_large_image","twitter_misc":{"Est. reading time":"1 minuta"},"schema":{"@context":"https:\/\/schema.org","@graph":[{"@type":"Organization","@id":"https:\/\/selleetools.com\/#organization","name":"Selleetools","url":"https:\/\/selleetools.com\/","sameAs":[],"logo":{"@type":"ImageObject","inLanguage":"pl-PL","@id":"https:\/\/selleetools.com\/#\/schema\/logo\/image\/","url":"https:\/\/selleetools.com\/wp-content\/uploads\/2021\/10\/logo-dark.png","contentUrl":"https:\/\/selleetools.com\/wp-content\/uploads\/2021\/10\/logo-dark.png","width":320,"height":76,"caption":"Selleetools"},"image":{"@id":"https:\/\/selleetools.com\/#\/schema\/logo\/image\/"}},{"@type":"WebSite","@id":"https:\/\/selleetools.com\/#website","url":"https:\/\/selleetools.com\/","name":"Selleetools.com","description":"","publisher":{"@id":"https:\/\/selleetools.com\/#organization"},"potentialAction":[{"@type":"SearchAction","target":{"@type":"EntryPoint","urlTemplate":"https:\/\/selleetools.com\/?s={search_term_string}"},"query-input":"required name=search_term_string"}],"inLanguage":"pl-PL"},{"@type":"WebPage","@id":"https:\/\/selleetools.com\/pl\/product\/nasiona-cynia-wytworna-daliowa-mieszanka-15g\/","url":"https:\/\/selleetools.com\/pl\/product\/nasiona-cynia-wytworna-daliowa-mieszanka-15g\/","name":"Nasiona Cynia wytworna daliowa mieszanka, 1,5g - Selleetools.com","isPartOf":{"@id":"https:\/\/selleetools.com\/#website"},"datePublished":"2026-02-19T15:07:22+00:00","dateModified":"2026-04-15T15:27:29+00:00","breadcrumb":{"@id":"https:\/\/selleetools.com\/pl\/product\/nasiona-cynia-wytworna-daliowa-mieszanka-15g\/#breadcrumb"},"inLanguage":"pl-PL","potentialAction":[{"@type":"ReadAction","target":["https:\/\/selleetools.com\/pl\/product\/nasiona-cynia-wytworna-daliowa-mieszanka-15g\/"]}]},{"@type":"BreadcrumbList","@id":"https:\/\/selleetools.com\/pl\/product\/nasiona-cynia-wytworna-daliowa-mieszanka-15g\/#breadcrumb","itemListElement":[{"@type":"ListItem","position":1,"name":"Home","item":"https:\/\/selleetools.com\/pl\/"},{"@type":"ListItem","position":2,"name":"Katalog","item":"https:\/\/selleetools.com\/pl\/katalog\/"},{"@type":"ListItem","position":3,"name":"Nasiona Cynia wytworna daliowa mieszanka, 1,5g"}]}]}},"_links":{"self":[{"href":"https:\/\/admincentral.selleetools.com\/pl\/wp-json\/wp\/v2\/product\/673398"}],"collection":[{"href":"https:\/\/admincentral.selleetools.com\/pl\/wp-json\/wp\/v2\/product"}],"about":[{"href":"https:\/\/admincentral.selleetools.com\/pl\/wp-json\/wp\/v2\/types\/product"}],"replies":[{"embeddable":true,"href":"https:\/\/admincentral.selleetools.com\/pl\/wp-json\/wp\/v2\/comments?post=673398"}],"wp:featuredmedia":[{"embeddable":true,"href":"https:\/\/admincentral.selleetools.com\/pl\/wp-json\/wp\/v2\/media\/673396"}],"wp:attachment":[{"href":"https:\/\/admincentral.selleetools.com\/pl\/wp-json\/wp\/v2\/media?parent=673398"}],"curies":[{"name":"wp","href":"https:\/\/api.w.org\/{rel}","templated":true}]}}