{"id":673470,"date":"2026-02-19T16:08:34","date_gmt":"2026-02-19T15:08:34","guid":{"rendered":"https:\/\/selleetools.com\/?post_type=product&#038;p=673470"},"modified":"2026-04-15T17:17:06","modified_gmt":"2026-04-15T15:17:06","slug":"nasiona-koper-ogrodowy-superducat-75g","status":"publish","type":"product","link":"https:\/\/admincentral.selleetools.com\/pl\/product\/nasiona-koper-ogrodowy-superducat-75g\/","title":{"rendered":"Nasiona Koper ogrodowy Superducat, 7,5g"},"content":{"rendered":"<p>Odmiana wczesna o obficie ulistnionych p\u0119dach. \u015awietna zar\u00f3wno we wczesnym stadium do zbioru &#8221;na zielono\u201d jak i do pozyskiwania dorodnych baldach\u00f3w kwiatowych. Ro\u015bliny charakteryzuj\u0105 si\u0119 intensywnie zielona barw\u0105 i silnym aromacie. Mo\u017cna uprawia\u0107 w czystym siewie lub wsp\u00f3\u0142rz\u0119dnie z innymi warzywami.<\/p>\n<p>Odmiana: Superducat<br \/>\nWczesno\u015b\u0107 kwitnienia: wczesna<br \/>\nBarwa li\u015bci: zielona<br \/>\nObfito\u015b\u0107 ulistnienia: dobra<br \/>\nUwagi: Du\u017ca zawarto\u015b\u0107 olejk\u00f3w eterycznych, przydatna do sa\u0142atek i do mro\u017cenia<\/p>\n<p>Uprawa:<br \/>\nNasiona wysiewa\u0107 wprost do gruntu od marca do ko\u0144ca sierpnia. Najlepiej plonuje na glebach \u017cyznych, zasobnych w wilgo\u0107.<\/p>\n<p>Opakowanie: 5g + gratis 2,5g = 7,5g nasion<\/p>\n<p>Odmiana wczesna o obficie ulistnionych p\u0119dach. \u015awietna zar\u00f3wno we wczesnym stadium do zbioru &#8221;na zielono\u201d jak i do pozyskiwania dorodnych baldach\u00f3w kwiatowych. Ro\u015bliny charakteryzuj\u0105 si\u0119 intensywnie zielona barw\u0105 i silnym aromacie. Mo\u017cna uprawia\u0107 w czystym siewie lub wsp\u00f3\u0142rz\u0119dnie z innymi warzywami.<\/p>\n<p>Odmiana: Superducat<br \/>\nWczesno\u015b\u0107 kwitnienia: wczesna<br \/>\nBarwa li\u015bci: zielona<br \/>\nObfito\u015b\u0107 ulistnienia: dobra<br \/>\nUwagi: Du\u017ca zawarto\u015b\u0107 olejk\u00f3w eterycznych, przydatna do sa\u0142atek i do mro\u017cenia<\/p>\n<p>Uprawa:<br \/>\nNasiona wysiewa\u0107 wprost do gruntu od marca do ko\u0144ca sierpnia. Najlepiej plonuje na glebach \u017cyznych, zasobnych w wilgo\u0107.<\/p>\n<p>Opakowanie: 5g + gratis 2,5g = 7,5g nasion<\/p>\n","protected":false},"excerpt":{"rendered":"<p>Odmiana wczesna o obficie ulistnionych p\u0119dach. \u015awietna zar\u00f3wno we wczesnym stadium do zbioru &#8221;na zielono\u201d jak i do pozyskiwania dorodnych baldach\u00f3w kwiatowych. Ro\u015bliny charakteryzuj\u0105 si\u0119 intensywnie zielona barw\u0105 i silnym aromacie. Mo\u017cna uprawia\u0107 w czystym siewie lub wsp\u00f3\u0142rz\u0119dnie z innymi warzywami. Odmiana: Superducat Wczesno\u015b\u0107 kwitnienia: wczesna Barwa li\u015bci: zielona Obfito\u015b\u0107 ulistnienia: dobra Uwagi: Du\u017ca zawarto\u015b\u0107 &#8230; <a title=\"Nasiona Koper ogrodowy Superducat, 7,5g\" class=\"read-more\" href=\"https:\/\/admincentral.selleetools.com\/pl\/product\/nasiona-koper-ogrodowy-superducat-75g\/\">Read more<span class=\"screen-reader-text\">Nasiona Koper ogrodowy Superducat, 7,5g<\/span><\/a><\/p>\n","protected":false},"featured_media":673468,"comment_status":"open","ping_status":"closed","template":"","meta":{"_links_to":"","_links_to_target":""},"yoast_head":"<!-- This site is optimized with the Yoast SEO plugin v19.4 - https:\/\/yoast.com\/wordpress\/plugins\/seo\/ -->\n<title>Nasiona Koper ogrodowy Superducat, 7,5g - Selleetools.com<\/title>\n<meta name=\"robots\" content=\"index, follow, max-snippet:-1, max-image-preview:large, max-video-preview:-1\" \/>\n<link rel=\"canonical\" href=\"https:\/\/selleetools.com\/pl\/product\/nasiona-koper-ogrodowy-superducat-75g\/\" \/>\n<meta property=\"og:locale\" content=\"pl_PL\" \/>\n<meta property=\"og:type\" content=\"article\" \/>\n<meta property=\"og:title\" content=\"Nasiona Koper ogrodowy Superducat, 7,5g - Selleetools.com\" \/>\n<meta property=\"og:description\" content=\"Odmiana wczesna o obficie ulistnionych p\u0119dach. \u015awietna zar\u00f3wno we wczesnym stadium do zbioru &#8221;na zielono\u201d jak i do pozyskiwania dorodnych baldach\u00f3w kwiatowych. Ro\u015bliny charakteryzuj\u0105 si\u0119 intensywnie zielona barw\u0105 i silnym aromacie. Mo\u017cna uprawia\u0107 w czystym siewie lub wsp\u00f3\u0142rz\u0119dnie z innymi warzywami. Odmiana: Superducat Wczesno\u015b\u0107 kwitnienia: wczesna Barwa li\u015bci: zielona Obfito\u015b\u0107 ulistnienia: dobra Uwagi: Du\u017ca zawarto\u015b\u0107 ... Read moreNasiona Koper ogrodowy Superducat, 7,5g\" \/>\n<meta property=\"og:url\" content=\"https:\/\/selleetools.com\/pl\/product\/nasiona-koper-ogrodowy-superducat-75g\/\" \/>\n<meta property=\"og:site_name\" content=\"Selleetools.com\" \/>\n<meta property=\"article:modified_time\" content=\"2026-04-15T15:17:06+00:00\" \/>\n<meta property=\"og:image\" content=\"https:\/\/selleetools.com\/wp-content\/uploads\/2026\/02\/e4fdd65c13e9b3888543299a09551d20.jpg\" \/>\n\t<meta property=\"og:image:width\" content=\"936\" \/>\n\t<meta property=\"og:image:height\" content=\"1764\" \/>\n\t<meta property=\"og:image:type\" content=\"image\/jpeg\" \/>\n<meta name=\"twitter:card\" content=\"summary_large_image\" \/>\n<meta name=\"twitter:label1\" content=\"Est. reading time\" \/>\n\t<meta name=\"twitter:data1\" content=\"1 minuta\" \/>\n<!-- \/ Yoast SEO plugin. -->","yoast_head_json":{"title":"Nasiona Koper ogrodowy Superducat, 7,5g - Selleetools.com","robots":{"index":"index","follow":"follow","max-snippet":"max-snippet:-1","max-image-preview":"max-image-preview:large","max-video-preview":"max-video-preview:-1"},"canonical":"https:\/\/selleetools.com\/pl\/product\/nasiona-koper-ogrodowy-superducat-75g\/","og_locale":"pl_PL","og_type":"article","og_title":"Nasiona Koper ogrodowy Superducat, 7,5g - Selleetools.com","og_description":"Odmiana wczesna o obficie ulistnionych p\u0119dach. \u015awietna zar\u00f3wno we wczesnym stadium do zbioru &#8221;na zielono\u201d jak i do pozyskiwania dorodnych baldach\u00f3w kwiatowych. Ro\u015bliny charakteryzuj\u0105 si\u0119 intensywnie zielona barw\u0105 i silnym aromacie. Mo\u017cna uprawia\u0107 w czystym siewie lub wsp\u00f3\u0142rz\u0119dnie z innymi warzywami. Odmiana: Superducat Wczesno\u015b\u0107 kwitnienia: wczesna Barwa li\u015bci: zielona Obfito\u015b\u0107 ulistnienia: dobra Uwagi: Du\u017ca zawarto\u015b\u0107 ... Read moreNasiona Koper ogrodowy Superducat, 7,5g","og_url":"https:\/\/selleetools.com\/pl\/product\/nasiona-koper-ogrodowy-superducat-75g\/","og_site_name":"Selleetools.com","article_modified_time":"2026-04-15T15:17:06+00:00","og_image":[{"width":936,"height":1764,"url":"https:\/\/selleetools.com\/wp-content\/uploads\/2026\/02\/e4fdd65c13e9b3888543299a09551d20.jpg","type":"image\/jpeg"}],"twitter_card":"summary_large_image","twitter_misc":{"Est. reading time":"1 minuta"},"schema":{"@context":"https:\/\/schema.org","@graph":[{"@type":"Organization","@id":"https:\/\/selleetools.com\/#organization","name":"Selleetools","url":"https:\/\/selleetools.com\/","sameAs":[],"logo":{"@type":"ImageObject","inLanguage":"pl-PL","@id":"https:\/\/selleetools.com\/#\/schema\/logo\/image\/","url":"https:\/\/selleetools.com\/wp-content\/uploads\/2021\/10\/logo-dark.png","contentUrl":"https:\/\/selleetools.com\/wp-content\/uploads\/2021\/10\/logo-dark.png","width":320,"height":76,"caption":"Selleetools"},"image":{"@id":"https:\/\/selleetools.com\/#\/schema\/logo\/image\/"}},{"@type":"WebSite","@id":"https:\/\/selleetools.com\/#website","url":"https:\/\/selleetools.com\/","name":"Selleetools.com","description":"","publisher":{"@id":"https:\/\/selleetools.com\/#organization"},"potentialAction":[{"@type":"SearchAction","target":{"@type":"EntryPoint","urlTemplate":"https:\/\/selleetools.com\/?s={search_term_string}"},"query-input":"required name=search_term_string"}],"inLanguage":"pl-PL"},{"@type":"WebPage","@id":"https:\/\/selleetools.com\/pl\/product\/nasiona-koper-ogrodowy-superducat-75g\/","url":"https:\/\/selleetools.com\/pl\/product\/nasiona-koper-ogrodowy-superducat-75g\/","name":"Nasiona Koper ogrodowy Superducat, 7,5g - Selleetools.com","isPartOf":{"@id":"https:\/\/selleetools.com\/#website"},"datePublished":"2026-02-19T15:08:34+00:00","dateModified":"2026-04-15T15:17:06+00:00","breadcrumb":{"@id":"https:\/\/selleetools.com\/pl\/product\/nasiona-koper-ogrodowy-superducat-75g\/#breadcrumb"},"inLanguage":"pl-PL","potentialAction":[{"@type":"ReadAction","target":["https:\/\/selleetools.com\/pl\/product\/nasiona-koper-ogrodowy-superducat-75g\/"]}]},{"@type":"BreadcrumbList","@id":"https:\/\/selleetools.com\/pl\/product\/nasiona-koper-ogrodowy-superducat-75g\/#breadcrumb","itemListElement":[{"@type":"ListItem","position":1,"name":"Home","item":"https:\/\/selleetools.com\/pl\/"},{"@type":"ListItem","position":2,"name":"Katalog","item":"https:\/\/selleetools.com\/pl\/katalog\/"},{"@type":"ListItem","position":3,"name":"Nasiona Koper ogrodowy Superducat, 7,5g"}]}]}},"_links":{"self":[{"href":"https:\/\/admincentral.selleetools.com\/pl\/wp-json\/wp\/v2\/product\/673470"}],"collection":[{"href":"https:\/\/admincentral.selleetools.com\/pl\/wp-json\/wp\/v2\/product"}],"about":[{"href":"https:\/\/admincentral.selleetools.com\/pl\/wp-json\/wp\/v2\/types\/product"}],"replies":[{"embeddable":true,"href":"https:\/\/admincentral.selleetools.com\/pl\/wp-json\/wp\/v2\/comments?post=673470"}],"wp:featuredmedia":[{"embeddable":true,"href":"https:\/\/admincentral.selleetools.com\/pl\/wp-json\/wp\/v2\/media\/673468"}],"wp:attachment":[{"href":"https:\/\/admincentral.selleetools.com\/pl\/wp-json\/wp\/v2\/media?parent=673470"}],"curies":[{"name":"wp","href":"https:\/\/api.w.org\/{rel}","templated":true}]}}