{"id":673505,"date":"2026-02-19T16:09:10","date_gmt":"2026-02-19T15:09:10","guid":{"rendered":"https:\/\/selleetools.com\/?post_type=product&#038;p=673505"},"modified":"2026-04-15T17:17:01","modified_gmt":"2026-04-15T15:17:01","slug":"nasiona-slonecznik-ogrodowy-20g","status":"publish","type":"product","link":"https:\/\/admincentral.selleetools.com\/pl\/product\/nasiona-slonecznik-ogrodowy-20g\/","title":{"rendered":"Nasiona S\u0142onecznik ogrodowy, 20g"},"content":{"rendered":"<p>Ro\u015blina jednoroczna wys.1,5-2,5 m, tworz\u0105ca latem okaza\u0142e koszyczkowate kwiatostany. Po przekwitni\u0119ciu koszyczki wype\u0142ni s\u0105 nie\u0142upkami o smacznych nasionach.<\/p>\n<p>Uprawa:<br \/>\nWysiew do gruntu w kwietniu, po 2-3 nasiona w punkty co 50-60 cm na g\u0142\u0119boko\u015b\u0107 3-4 cm. Ro\u015blina bardzo \u017car\u0142oczna, wymaga silnego nawo\u017cenia.<\/p>\n<p>Opakowanie: 20g nasion<\/p>\n<p>Ro\u015blina jednoroczna wys.1,5-2,5 m, tworz\u0105ca latem okaza\u0142e koszyczkowate kwiatostany. Po przekwitni\u0119ciu koszyczki wype\u0142ni s\u0105 nie\u0142upkami o smacznych nasionach.<\/p>\n<p>Uprawa:<br \/>\nWysiew do gruntu w kwietniu, po 2-3 nasiona w punkty co 50-60 cm na g\u0142\u0119boko\u015b\u0107 3-4 cm. Ro\u015blina bardzo \u017car\u0142oczna, wymaga silnego nawo\u017cenia.<\/p>\n<p>Opakowanie: 20g nasion<\/p>\n","protected":false},"excerpt":{"rendered":"<p>Ro\u015blina jednoroczna wys.1,5-2,5 m, tworz\u0105ca latem okaza\u0142e koszyczkowate kwiatostany. Po przekwitni\u0119ciu koszyczki wype\u0142ni s\u0105 nie\u0142upkami o smacznych nasionach. Uprawa: Wysiew do gruntu w kwietniu, po 2-3 nasiona w punkty co 50-60 cm na g\u0142\u0119boko\u015b\u0107 3-4 cm. Ro\u015blina bardzo \u017car\u0142oczna, wymaga silnego nawo\u017cenia. Opakowanie: 20g nasion Ro\u015blina jednoroczna wys.1,5-2,5 m, tworz\u0105ca latem okaza\u0142e koszyczkowate kwiatostany. Po &#8230; <a title=\"Nasiona S\u0142onecznik ogrodowy, 20g\" class=\"read-more\" href=\"https:\/\/admincentral.selleetools.com\/pl\/product\/nasiona-slonecznik-ogrodowy-20g\/\">Read more<span class=\"screen-reader-text\">Nasiona S\u0142onecznik ogrodowy, 20g<\/span><\/a><\/p>\n","protected":false},"featured_media":673503,"comment_status":"open","ping_status":"closed","template":"","meta":{"_links_to":"","_links_to_target":""},"yoast_head":"<!-- This site is optimized with the Yoast SEO plugin v19.4 - https:\/\/yoast.com\/wordpress\/plugins\/seo\/ -->\n<title>Nasiona S\u0142onecznik ogrodowy, 20g - Selleetools.com<\/title>\n<meta name=\"robots\" content=\"index, follow, max-snippet:-1, max-image-preview:large, max-video-preview:-1\" \/>\n<link rel=\"canonical\" href=\"https:\/\/selleetools.com\/pl\/product\/nasiona-slonecznik-ogrodowy-20g\/\" \/>\n<meta property=\"og:locale\" content=\"pl_PL\" \/>\n<meta property=\"og:type\" content=\"article\" \/>\n<meta property=\"og:title\" content=\"Nasiona S\u0142onecznik ogrodowy, 20g - Selleetools.com\" \/>\n<meta property=\"og:description\" content=\"Ro\u015blina jednoroczna wys.1,5-2,5 m, tworz\u0105ca latem okaza\u0142e koszyczkowate kwiatostany. Po przekwitni\u0119ciu koszyczki wype\u0142ni s\u0105 nie\u0142upkami o smacznych nasionach. Uprawa: Wysiew do gruntu w kwietniu, po 2-3 nasiona w punkty co 50-60 cm na g\u0142\u0119boko\u015b\u0107 3-4 cm. Ro\u015blina bardzo \u017car\u0142oczna, wymaga silnego nawo\u017cenia. Opakowanie: 20g nasion Ro\u015blina jednoroczna wys.1,5-2,5 m, tworz\u0105ca latem okaza\u0142e koszyczkowate kwiatostany. Po ... Read moreNasiona S\u0142onecznik ogrodowy, 20g\" \/>\n<meta property=\"og:url\" content=\"https:\/\/selleetools.com\/pl\/product\/nasiona-slonecznik-ogrodowy-20g\/\" \/>\n<meta property=\"og:site_name\" content=\"Selleetools.com\" \/>\n<meta property=\"article:modified_time\" content=\"2026-04-15T15:17:01+00:00\" \/>\n<meta property=\"og:image\" content=\"https:\/\/selleetools.com\/wp-content\/uploads\/2026\/02\/9d50ba1f02b49c214708cd8f038bd863.jpg\" \/>\n\t<meta property=\"og:image:width\" content=\"1349\" \/>\n\t<meta property=\"og:image:height\" content=\"1877\" \/>\n\t<meta property=\"og:image:type\" content=\"image\/jpeg\" \/>\n<meta name=\"twitter:card\" content=\"summary_large_image\" \/>\n<meta name=\"twitter:label1\" content=\"Est. reading time\" \/>\n\t<meta name=\"twitter:data1\" content=\"1 minuta\" \/>\n<!-- \/ Yoast SEO plugin. -->","yoast_head_json":{"title":"Nasiona S\u0142onecznik ogrodowy, 20g - Selleetools.com","robots":{"index":"index","follow":"follow","max-snippet":"max-snippet:-1","max-image-preview":"max-image-preview:large","max-video-preview":"max-video-preview:-1"},"canonical":"https:\/\/selleetools.com\/pl\/product\/nasiona-slonecznik-ogrodowy-20g\/","og_locale":"pl_PL","og_type":"article","og_title":"Nasiona S\u0142onecznik ogrodowy, 20g - Selleetools.com","og_description":"Ro\u015blina jednoroczna wys.1,5-2,5 m, tworz\u0105ca latem okaza\u0142e koszyczkowate kwiatostany. Po przekwitni\u0119ciu koszyczki wype\u0142ni s\u0105 nie\u0142upkami o smacznych nasionach. Uprawa: Wysiew do gruntu w kwietniu, po 2-3 nasiona w punkty co 50-60 cm na g\u0142\u0119boko\u015b\u0107 3-4 cm. Ro\u015blina bardzo \u017car\u0142oczna, wymaga silnego nawo\u017cenia. Opakowanie: 20g nasion Ro\u015blina jednoroczna wys.1,5-2,5 m, tworz\u0105ca latem okaza\u0142e koszyczkowate kwiatostany. Po ... Read moreNasiona S\u0142onecznik ogrodowy, 20g","og_url":"https:\/\/selleetools.com\/pl\/product\/nasiona-slonecznik-ogrodowy-20g\/","og_site_name":"Selleetools.com","article_modified_time":"2026-04-15T15:17:01+00:00","og_image":[{"width":1349,"height":1877,"url":"https:\/\/selleetools.com\/wp-content\/uploads\/2026\/02\/9d50ba1f02b49c214708cd8f038bd863.jpg","type":"image\/jpeg"}],"twitter_card":"summary_large_image","twitter_misc":{"Est. reading time":"1 minuta"},"schema":{"@context":"https:\/\/schema.org","@graph":[{"@type":"Organization","@id":"https:\/\/selleetools.com\/#organization","name":"Selleetools","url":"https:\/\/selleetools.com\/","sameAs":[],"logo":{"@type":"ImageObject","inLanguage":"pl-PL","@id":"https:\/\/selleetools.com\/#\/schema\/logo\/image\/","url":"https:\/\/selleetools.com\/wp-content\/uploads\/2021\/10\/logo-dark.png","contentUrl":"https:\/\/selleetools.com\/wp-content\/uploads\/2021\/10\/logo-dark.png","width":320,"height":76,"caption":"Selleetools"},"image":{"@id":"https:\/\/selleetools.com\/#\/schema\/logo\/image\/"}},{"@type":"WebSite","@id":"https:\/\/selleetools.com\/#website","url":"https:\/\/selleetools.com\/","name":"Selleetools.com","description":"","publisher":{"@id":"https:\/\/selleetools.com\/#organization"},"potentialAction":[{"@type":"SearchAction","target":{"@type":"EntryPoint","urlTemplate":"https:\/\/selleetools.com\/?s={search_term_string}"},"query-input":"required name=search_term_string"}],"inLanguage":"pl-PL"},{"@type":"WebPage","@id":"https:\/\/selleetools.com\/pl\/product\/nasiona-slonecznik-ogrodowy-20g\/","url":"https:\/\/selleetools.com\/pl\/product\/nasiona-slonecznik-ogrodowy-20g\/","name":"Nasiona S\u0142onecznik ogrodowy, 20g - Selleetools.com","isPartOf":{"@id":"https:\/\/selleetools.com\/#website"},"datePublished":"2026-02-19T15:09:10+00:00","dateModified":"2026-04-15T15:17:01+00:00","breadcrumb":{"@id":"https:\/\/selleetools.com\/pl\/product\/nasiona-slonecznik-ogrodowy-20g\/#breadcrumb"},"inLanguage":"pl-PL","potentialAction":[{"@type":"ReadAction","target":["https:\/\/selleetools.com\/pl\/product\/nasiona-slonecznik-ogrodowy-20g\/"]}]},{"@type":"BreadcrumbList","@id":"https:\/\/selleetools.com\/pl\/product\/nasiona-slonecznik-ogrodowy-20g\/#breadcrumb","itemListElement":[{"@type":"ListItem","position":1,"name":"Home","item":"https:\/\/selleetools.com\/pl\/"},{"@type":"ListItem","position":2,"name":"Katalog","item":"https:\/\/selleetools.com\/pl\/katalog\/"},{"@type":"ListItem","position":3,"name":"Nasiona S\u0142onecznik ogrodowy, 20g"}]}]}},"_links":{"self":[{"href":"https:\/\/admincentral.selleetools.com\/pl\/wp-json\/wp\/v2\/product\/673505"}],"collection":[{"href":"https:\/\/admincentral.selleetools.com\/pl\/wp-json\/wp\/v2\/product"}],"about":[{"href":"https:\/\/admincentral.selleetools.com\/pl\/wp-json\/wp\/v2\/types\/product"}],"replies":[{"embeddable":true,"href":"https:\/\/admincentral.selleetools.com\/pl\/wp-json\/wp\/v2\/comments?post=673505"}],"wp:featuredmedia":[{"embeddable":true,"href":"https:\/\/admincentral.selleetools.com\/pl\/wp-json\/wp\/v2\/media\/673503"}],"wp:attachment":[{"href":"https:\/\/admincentral.selleetools.com\/pl\/wp-json\/wp\/v2\/media?parent=673505"}],"curies":[{"name":"wp","href":"https:\/\/api.w.org\/{rel}","templated":true}]}}