{"id":673520,"date":"2026-02-19T16:09:26","date_gmt":"2026-02-19T15:09:26","guid":{"rendered":"https:\/\/selleetools.com\/?post_type=product&#038;p=673520"},"modified":"2026-04-15T17:16:59","modified_gmt":"2026-04-15T15:16:59","slug":"nasiona-maciejka-dwuroga-rozowolawendowa-5g","status":"publish","type":"product","link":"https:\/\/admincentral.selleetools.com\/pl\/product\/nasiona-maciejka-dwuroga-rozowolawendowa-5g\/","title":{"rendered":"Nasiona Maciejka dwuroga r\u00f3\u017cowolawendowa, 5g"},"content":{"rendered":"<p>Ro\u015blina jednoroczna wysoko\u015bci 30-40cm o drobnych, r\u00f3\u017cowolawendowych, pachn\u0105cych, zw\u0142aszcza wieczorem kwiatach. Stosowana na rabaty i obw\u00f3dki, kwitnie od czerwca do sierpnia. Wysiew nasion w kwietniu &#8211; maju do gruntu w rz\u0119dy co 20-30cm. Stanowisko s\u0142oneczne lub p\u00f3\u0142cie\u0144.<\/p>\n<p>Ro\u015blina jednoroczna wysoko\u015bci 30-40cm o drobnych, r\u00f3\u017cowolawendowych, pachn\u0105cych, zw\u0142aszcza wieczorem kwiatach. Stosowana na rabaty i obw\u00f3dki, kwitnie od czerwca do sierpnia. Wysiew nasion w kwietniu &#8211; maju do gruntu w rz\u0119dy co 20-30cm. Stanowisko s\u0142oneczne lub p\u00f3\u0142cie\u0144.<\/p>\n","protected":false},"excerpt":{"rendered":"<p>Ro\u015blina jednoroczna wysoko\u015bci 30-40cm o drobnych, r\u00f3\u017cowolawendowych, pachn\u0105cych, zw\u0142aszcza wieczorem kwiatach. Stosowana na rabaty i obw\u00f3dki, kwitnie od czerwca do sierpnia. Wysiew nasion w kwietniu &#8211; maju do gruntu w rz\u0119dy co 20-30cm. Stanowisko s\u0142oneczne lub p\u00f3\u0142cie\u0144. Ro\u015blina jednoroczna wysoko\u015bci 30-40cm o drobnych, r\u00f3\u017cowolawendowych, pachn\u0105cych, zw\u0142aszcza wieczorem kwiatach. Stosowana na rabaty i obw\u00f3dki, kwitnie od &#8230; <a title=\"Nasiona Maciejka dwuroga r\u00f3\u017cowolawendowa, 5g\" class=\"read-more\" href=\"https:\/\/admincentral.selleetools.com\/pl\/product\/nasiona-maciejka-dwuroga-rozowolawendowa-5g\/\">Read more<span class=\"screen-reader-text\">Nasiona Maciejka dwuroga r\u00f3\u017cowolawendowa, 5g<\/span><\/a><\/p>\n","protected":false},"featured_media":673518,"comment_status":"open","ping_status":"closed","template":"","meta":{"_links_to":"","_links_to_target":""},"yoast_head":"<!-- This site is optimized with the Yoast SEO plugin v19.4 - https:\/\/yoast.com\/wordpress\/plugins\/seo\/ -->\n<title>Nasiona Maciejka dwuroga r\u00f3\u017cowolawendowa, 5g - Selleetools.com<\/title>\n<meta name=\"robots\" content=\"index, follow, max-snippet:-1, max-image-preview:large, max-video-preview:-1\" \/>\n<link rel=\"canonical\" href=\"https:\/\/selleetools.com\/pl\/product\/nasiona-maciejka-dwuroga-rozowolawendowa-5g\/\" \/>\n<meta property=\"og:locale\" content=\"pl_PL\" \/>\n<meta property=\"og:type\" content=\"article\" \/>\n<meta property=\"og:title\" content=\"Nasiona Maciejka dwuroga r\u00f3\u017cowolawendowa, 5g - Selleetools.com\" \/>\n<meta property=\"og:description\" content=\"Ro\u015blina jednoroczna wysoko\u015bci 30-40cm o drobnych, r\u00f3\u017cowolawendowych, pachn\u0105cych, zw\u0142aszcza wieczorem kwiatach. Stosowana na rabaty i obw\u00f3dki, kwitnie od czerwca do sierpnia. Wysiew nasion w kwietniu &#8211; maju do gruntu w rz\u0119dy co 20-30cm. Stanowisko s\u0142oneczne lub p\u00f3\u0142cie\u0144. Ro\u015blina jednoroczna wysoko\u015bci 30-40cm o drobnych, r\u00f3\u017cowolawendowych, pachn\u0105cych, zw\u0142aszcza wieczorem kwiatach. Stosowana na rabaty i obw\u00f3dki, kwitnie od ... Read moreNasiona Maciejka dwuroga r\u00f3\u017cowolawendowa, 5g\" \/>\n<meta property=\"og:url\" content=\"https:\/\/selleetools.com\/pl\/product\/nasiona-maciejka-dwuroga-rozowolawendowa-5g\/\" \/>\n<meta property=\"og:site_name\" content=\"Selleetools.com\" \/>\n<meta property=\"article:modified_time\" content=\"2026-04-15T15:16:59+00:00\" \/>\n<meta property=\"og:image\" content=\"https:\/\/selleetools.com\/wp-content\/uploads\/2026\/02\/deda49a95da25a252988b87226d049cf.jpg\" \/>\n\t<meta property=\"og:image:width\" content=\"2500\" \/>\n\t<meta property=\"og:image:height\" content=\"2500\" \/>\n\t<meta property=\"og:image:type\" content=\"image\/jpeg\" \/>\n<meta name=\"twitter:card\" content=\"summary_large_image\" \/>\n<!-- \/ Yoast SEO plugin. -->","yoast_head_json":{"title":"Nasiona Maciejka dwuroga r\u00f3\u017cowolawendowa, 5g - Selleetools.com","robots":{"index":"index","follow":"follow","max-snippet":"max-snippet:-1","max-image-preview":"max-image-preview:large","max-video-preview":"max-video-preview:-1"},"canonical":"https:\/\/selleetools.com\/pl\/product\/nasiona-maciejka-dwuroga-rozowolawendowa-5g\/","og_locale":"pl_PL","og_type":"article","og_title":"Nasiona Maciejka dwuroga r\u00f3\u017cowolawendowa, 5g - Selleetools.com","og_description":"Ro\u015blina jednoroczna wysoko\u015bci 30-40cm o drobnych, r\u00f3\u017cowolawendowych, pachn\u0105cych, zw\u0142aszcza wieczorem kwiatach. Stosowana na rabaty i obw\u00f3dki, kwitnie od czerwca do sierpnia. Wysiew nasion w kwietniu &#8211; maju do gruntu w rz\u0119dy co 20-30cm. Stanowisko s\u0142oneczne lub p\u00f3\u0142cie\u0144. Ro\u015blina jednoroczna wysoko\u015bci 30-40cm o drobnych, r\u00f3\u017cowolawendowych, pachn\u0105cych, zw\u0142aszcza wieczorem kwiatach. Stosowana na rabaty i obw\u00f3dki, kwitnie od ... Read moreNasiona Maciejka dwuroga r\u00f3\u017cowolawendowa, 5g","og_url":"https:\/\/selleetools.com\/pl\/product\/nasiona-maciejka-dwuroga-rozowolawendowa-5g\/","og_site_name":"Selleetools.com","article_modified_time":"2026-04-15T15:16:59+00:00","og_image":[{"width":2500,"height":2500,"url":"https:\/\/selleetools.com\/wp-content\/uploads\/2026\/02\/deda49a95da25a252988b87226d049cf.jpg","type":"image\/jpeg"}],"twitter_card":"summary_large_image","schema":{"@context":"https:\/\/schema.org","@graph":[{"@type":"Organization","@id":"https:\/\/selleetools.com\/#organization","name":"Selleetools","url":"https:\/\/selleetools.com\/","sameAs":[],"logo":{"@type":"ImageObject","inLanguage":"pl-PL","@id":"https:\/\/selleetools.com\/#\/schema\/logo\/image\/","url":"https:\/\/selleetools.com\/wp-content\/uploads\/2021\/10\/logo-dark.png","contentUrl":"https:\/\/selleetools.com\/wp-content\/uploads\/2021\/10\/logo-dark.png","width":320,"height":76,"caption":"Selleetools"},"image":{"@id":"https:\/\/selleetools.com\/#\/schema\/logo\/image\/"}},{"@type":"WebSite","@id":"https:\/\/selleetools.com\/#website","url":"https:\/\/selleetools.com\/","name":"Selleetools.com","description":"","publisher":{"@id":"https:\/\/selleetools.com\/#organization"},"potentialAction":[{"@type":"SearchAction","target":{"@type":"EntryPoint","urlTemplate":"https:\/\/selleetools.com\/?s={search_term_string}"},"query-input":"required name=search_term_string"}],"inLanguage":"pl-PL"},{"@type":"WebPage","@id":"https:\/\/selleetools.com\/pl\/product\/nasiona-maciejka-dwuroga-rozowolawendowa-5g\/","url":"https:\/\/selleetools.com\/pl\/product\/nasiona-maciejka-dwuroga-rozowolawendowa-5g\/","name":"Nasiona Maciejka dwuroga r\u00f3\u017cowolawendowa, 5g - Selleetools.com","isPartOf":{"@id":"https:\/\/selleetools.com\/#website"},"datePublished":"2026-02-19T15:09:26+00:00","dateModified":"2026-04-15T15:16:59+00:00","breadcrumb":{"@id":"https:\/\/selleetools.com\/pl\/product\/nasiona-maciejka-dwuroga-rozowolawendowa-5g\/#breadcrumb"},"inLanguage":"pl-PL","potentialAction":[{"@type":"ReadAction","target":["https:\/\/selleetools.com\/pl\/product\/nasiona-maciejka-dwuroga-rozowolawendowa-5g\/"]}]},{"@type":"BreadcrumbList","@id":"https:\/\/selleetools.com\/pl\/product\/nasiona-maciejka-dwuroga-rozowolawendowa-5g\/#breadcrumb","itemListElement":[{"@type":"ListItem","position":1,"name":"Home","item":"https:\/\/selleetools.com\/pl\/"},{"@type":"ListItem","position":2,"name":"Katalog","item":"https:\/\/selleetools.com\/pl\/katalog\/"},{"@type":"ListItem","position":3,"name":"Nasiona Maciejka dwuroga r\u00f3\u017cowolawendowa, 5g"}]}]}},"_links":{"self":[{"href":"https:\/\/admincentral.selleetools.com\/pl\/wp-json\/wp\/v2\/product\/673520"}],"collection":[{"href":"https:\/\/admincentral.selleetools.com\/pl\/wp-json\/wp\/v2\/product"}],"about":[{"href":"https:\/\/admincentral.selleetools.com\/pl\/wp-json\/wp\/v2\/types\/product"}],"replies":[{"embeddable":true,"href":"https:\/\/admincentral.selleetools.com\/pl\/wp-json\/wp\/v2\/comments?post=673520"}],"wp:featuredmedia":[{"embeddable":true,"href":"https:\/\/admincentral.selleetools.com\/pl\/wp-json\/wp\/v2\/media\/673518"}],"wp:attachment":[{"href":"https:\/\/admincentral.selleetools.com\/pl\/wp-json\/wp\/v2\/media?parent=673520"}],"curies":[{"name":"wp","href":"https:\/\/api.w.org\/{rel}","templated":true}]}}