{"id":673544,"date":"2026-02-19T16:09:51","date_gmt":"2026-02-19T15:09:51","guid":{"rendered":"https:\/\/selleetools.com\/?post_type=product&#038;p=673544"},"modified":"2026-04-15T17:16:56","modified_gmt":"2026-04-15T15:16:56","slug":"nasiona-dynia-ozdobna-mieszanka-3g","status":"publish","type":"product","link":"https:\/\/admincentral.selleetools.com\/pl\/product\/nasiona-dynia-ozdobna-mieszanka-3g\/","title":{"rendered":"Nasiona Dynia ozdobna mieszanka, 3g"},"content":{"rendered":"<p>Ro\u015bliny jednoroczne p p\u0119dach pn\u0105cych lub p\u0142o\u017c\u0105cych si\u0119, tworz\u0105ce zr\u00f3\u017cnocowane pod wzgl\u0119dem barwy i kszta\u0142tu owoce. Wysiew w maju po 2-3 nasiona w jedno miejsce, wprost do gruntu w rozstawie 50 x 80 cm. Wschody nast\u0119puj\u0105 po 10-14 dniach. Stanowisko s\u0142oneczne, gleba do\u015b\u0107 \u017cyzna. Owoce zbiera si\u0119 jesieni\u0105 &#8211; zachowuj\u0105 one warto\u015b\u0107 dekoracyjn\u0105 a\u017c do wiosny. Zastowanie: jako ro\u015blina pn\u0105ca do obsadzania altan, parkan\u00f3w lub jako ro\u015blina okrywowa.<\/p>\n<p>Ro\u015bliny jednoroczne p p\u0119dach pn\u0105cych lub p\u0142o\u017c\u0105cych si\u0119, tworz\u0105ce zr\u00f3\u017cnocowane pod wzgl\u0119dem barwy i kszta\u0142tu owoce. Wysiew w maju po 2-3 nasiona w jedno miejsce, wprost do gruntu w rozstawie 50 x 80 cm. Wschody nast\u0119puj\u0105 po 10-14 dniach. Stanowisko s\u0142oneczne, gleba do\u015b\u0107 \u017cyzna. Owoce zbiera si\u0119 jesieni\u0105 &#8211; zachowuj\u0105 one warto\u015b\u0107 dekoracyjn\u0105 a\u017c do wiosny. Zastowanie: jako ro\u015blina pn\u0105ca do obsadzania altan, parkan\u00f3w lub jako ro\u015blina okrywowa.<\/p>\n","protected":false},"excerpt":{"rendered":"<p>Ro\u015bliny jednoroczne p p\u0119dach pn\u0105cych lub p\u0142o\u017c\u0105cych si\u0119, tworz\u0105ce zr\u00f3\u017cnocowane pod wzgl\u0119dem barwy i kszta\u0142tu owoce. Wysiew w maju po 2-3 nasiona w jedno miejsce, wprost do gruntu w rozstawie 50 x 80 cm. Wschody nast\u0119puj\u0105 po 10-14 dniach. Stanowisko s\u0142oneczne, gleba do\u015b\u0107 \u017cyzna. Owoce zbiera si\u0119 jesieni\u0105 &#8211; zachowuj\u0105 one warto\u015b\u0107 dekoracyjn\u0105 a\u017c do &#8230; <a title=\"Nasiona Dynia ozdobna mieszanka, 3g\" class=\"read-more\" href=\"https:\/\/admincentral.selleetools.com\/pl\/product\/nasiona-dynia-ozdobna-mieszanka-3g\/\">Read more<span class=\"screen-reader-text\">Nasiona Dynia ozdobna mieszanka, 3g<\/span><\/a><\/p>\n","protected":false},"featured_media":673542,"comment_status":"open","ping_status":"closed","template":"","meta":{"_links_to":"","_links_to_target":""},"yoast_head":"<!-- This site is optimized with the Yoast SEO plugin v19.4 - https:\/\/yoast.com\/wordpress\/plugins\/seo\/ -->\n<title>Nasiona Dynia ozdobna mieszanka, 3g - Selleetools.com<\/title>\n<meta name=\"robots\" content=\"index, follow, max-snippet:-1, max-image-preview:large, max-video-preview:-1\" \/>\n<link rel=\"canonical\" href=\"https:\/\/selleetools.com\/pl\/product\/nasiona-dynia-ozdobna-mieszanka-3g\/\" \/>\n<meta property=\"og:locale\" content=\"pl_PL\" \/>\n<meta property=\"og:type\" content=\"article\" \/>\n<meta property=\"og:title\" content=\"Nasiona Dynia ozdobna mieszanka, 3g - Selleetools.com\" \/>\n<meta property=\"og:description\" content=\"Ro\u015bliny jednoroczne p p\u0119dach pn\u0105cych lub p\u0142o\u017c\u0105cych si\u0119, tworz\u0105ce zr\u00f3\u017cnocowane pod wzgl\u0119dem barwy i kszta\u0142tu owoce. Wysiew w maju po 2-3 nasiona w jedno miejsce, wprost do gruntu w rozstawie 50 x 80 cm. Wschody nast\u0119puj\u0105 po 10-14 dniach. Stanowisko s\u0142oneczne, gleba do\u015b\u0107 \u017cyzna. Owoce zbiera si\u0119 jesieni\u0105 &#8211; zachowuj\u0105 one warto\u015b\u0107 dekoracyjn\u0105 a\u017c do ... Read moreNasiona Dynia ozdobna mieszanka, 3g\" \/>\n<meta property=\"og:url\" content=\"https:\/\/selleetools.com\/pl\/product\/nasiona-dynia-ozdobna-mieszanka-3g\/\" \/>\n<meta property=\"og:site_name\" content=\"Selleetools.com\" \/>\n<meta property=\"article:modified_time\" content=\"2026-04-15T15:16:56+00:00\" \/>\n<meta property=\"og:image\" content=\"https:\/\/selleetools.com\/wp-content\/uploads\/2026\/02\/82a473c5f6d5fe295c6da626286743a6.jpg\" \/>\n\t<meta property=\"og:image:width\" content=\"945\" \/>\n\t<meta property=\"og:image:height\" content=\"1806\" \/>\n\t<meta property=\"og:image:type\" content=\"image\/jpeg\" \/>\n<meta name=\"twitter:card\" content=\"summary_large_image\" \/>\n<meta name=\"twitter:label1\" content=\"Est. reading time\" \/>\n\t<meta name=\"twitter:data1\" content=\"1 minuta\" \/>\n<!-- \/ Yoast SEO plugin. -->","yoast_head_json":{"title":"Nasiona Dynia ozdobna mieszanka, 3g - Selleetools.com","robots":{"index":"index","follow":"follow","max-snippet":"max-snippet:-1","max-image-preview":"max-image-preview:large","max-video-preview":"max-video-preview:-1"},"canonical":"https:\/\/selleetools.com\/pl\/product\/nasiona-dynia-ozdobna-mieszanka-3g\/","og_locale":"pl_PL","og_type":"article","og_title":"Nasiona Dynia ozdobna mieszanka, 3g - Selleetools.com","og_description":"Ro\u015bliny jednoroczne p p\u0119dach pn\u0105cych lub p\u0142o\u017c\u0105cych si\u0119, tworz\u0105ce zr\u00f3\u017cnocowane pod wzgl\u0119dem barwy i kszta\u0142tu owoce. Wysiew w maju po 2-3 nasiona w jedno miejsce, wprost do gruntu w rozstawie 50 x 80 cm. Wschody nast\u0119puj\u0105 po 10-14 dniach. Stanowisko s\u0142oneczne, gleba do\u015b\u0107 \u017cyzna. Owoce zbiera si\u0119 jesieni\u0105 &#8211; zachowuj\u0105 one warto\u015b\u0107 dekoracyjn\u0105 a\u017c do ... Read moreNasiona Dynia ozdobna mieszanka, 3g","og_url":"https:\/\/selleetools.com\/pl\/product\/nasiona-dynia-ozdobna-mieszanka-3g\/","og_site_name":"Selleetools.com","article_modified_time":"2026-04-15T15:16:56+00:00","og_image":[{"width":945,"height":1806,"url":"https:\/\/selleetools.com\/wp-content\/uploads\/2026\/02\/82a473c5f6d5fe295c6da626286743a6.jpg","type":"image\/jpeg"}],"twitter_card":"summary_large_image","twitter_misc":{"Est. reading time":"1 minuta"},"schema":{"@context":"https:\/\/schema.org","@graph":[{"@type":"Organization","@id":"https:\/\/selleetools.com\/#organization","name":"Selleetools","url":"https:\/\/selleetools.com\/","sameAs":[],"logo":{"@type":"ImageObject","inLanguage":"pl-PL","@id":"https:\/\/selleetools.com\/#\/schema\/logo\/image\/","url":"https:\/\/selleetools.com\/wp-content\/uploads\/2021\/10\/logo-dark.png","contentUrl":"https:\/\/selleetools.com\/wp-content\/uploads\/2021\/10\/logo-dark.png","width":320,"height":76,"caption":"Selleetools"},"image":{"@id":"https:\/\/selleetools.com\/#\/schema\/logo\/image\/"}},{"@type":"WebSite","@id":"https:\/\/selleetools.com\/#website","url":"https:\/\/selleetools.com\/","name":"Selleetools.com","description":"","publisher":{"@id":"https:\/\/selleetools.com\/#organization"},"potentialAction":[{"@type":"SearchAction","target":{"@type":"EntryPoint","urlTemplate":"https:\/\/selleetools.com\/?s={search_term_string}"},"query-input":"required name=search_term_string"}],"inLanguage":"pl-PL"},{"@type":"WebPage","@id":"https:\/\/selleetools.com\/pl\/product\/nasiona-dynia-ozdobna-mieszanka-3g\/","url":"https:\/\/selleetools.com\/pl\/product\/nasiona-dynia-ozdobna-mieszanka-3g\/","name":"Nasiona Dynia ozdobna mieszanka, 3g - Selleetools.com","isPartOf":{"@id":"https:\/\/selleetools.com\/#website"},"datePublished":"2026-02-19T15:09:51+00:00","dateModified":"2026-04-15T15:16:56+00:00","breadcrumb":{"@id":"https:\/\/selleetools.com\/pl\/product\/nasiona-dynia-ozdobna-mieszanka-3g\/#breadcrumb"},"inLanguage":"pl-PL","potentialAction":[{"@type":"ReadAction","target":["https:\/\/selleetools.com\/pl\/product\/nasiona-dynia-ozdobna-mieszanka-3g\/"]}]},{"@type":"BreadcrumbList","@id":"https:\/\/selleetools.com\/pl\/product\/nasiona-dynia-ozdobna-mieszanka-3g\/#breadcrumb","itemListElement":[{"@type":"ListItem","position":1,"name":"Home","item":"https:\/\/selleetools.com\/pl\/"},{"@type":"ListItem","position":2,"name":"Katalog","item":"https:\/\/selleetools.com\/pl\/katalog\/"},{"@type":"ListItem","position":3,"name":"Nasiona Dynia ozdobna mieszanka, 3g"}]}]}},"_links":{"self":[{"href":"https:\/\/admincentral.selleetools.com\/pl\/wp-json\/wp\/v2\/product\/673544"}],"collection":[{"href":"https:\/\/admincentral.selleetools.com\/pl\/wp-json\/wp\/v2\/product"}],"about":[{"href":"https:\/\/admincentral.selleetools.com\/pl\/wp-json\/wp\/v2\/types\/product"}],"replies":[{"embeddable":true,"href":"https:\/\/admincentral.selleetools.com\/pl\/wp-json\/wp\/v2\/comments?post=673544"}],"wp:featuredmedia":[{"embeddable":true,"href":"https:\/\/admincentral.selleetools.com\/pl\/wp-json\/wp\/v2\/media\/673542"}],"wp:attachment":[{"href":"https:\/\/admincentral.selleetools.com\/pl\/wp-json\/wp\/v2\/media?parent=673544"}],"curies":[{"name":"wp","href":"https:\/\/api.w.org\/{rel}","templated":true}]}}