{"id":673569,"date":"2026-02-19T16:10:13","date_gmt":"2026-02-19T15:10:13","guid":{"rendered":"https:\/\/selleetools.com\/?post_type=product&#038;p=673569"},"modified":"2026-04-15T17:16:53","modified_gmt":"2026-04-15T15:16:53","slug":"nasiona-rzezucha-10g","status":"publish","type":"product","link":"https:\/\/admincentral.selleetools.com\/pl\/product\/nasiona-rzezucha-10g\/","title":{"rendered":"Nasiona Rze\u017cucha, 10g"},"content":{"rendered":"<p>M\u0142ode ro\u015bliny spo\u017cywane w okresie zimowo-wiosennym s\u0105 bogatym \u017ar\u00f3d\u0142em witamin<br \/>\ni soli mineralnych. Poprzez ca\u0142y rok nasiona mo\u017cna wysiewa\u0107 w mieszkaniu, do doniczek<br \/>\nlub pojemnik\u00f3w, na 3-5 cm warstwie ziemi albo kilku pow\u0142okach ligniny. Moczenie nasion<br \/>\nprzed siewem, w wodzie poprzez okres 24 godzin, przyspiesza wschody. Przez ca\u0142y okres<br \/>\nuprawy nale\u017cy dba\u0107 o wysok\u0105 wilgotno\u015b\u0107 pod\u0142o\u017ca. Uprawa:<\/p>\n<p> Siew pod os\u0142ony: I &#8211; XII<br \/>\n Siew do gruntu: III &#8211; IV<br \/>\n Rozstawa: 10 &#8211; 15 cm<br \/>\n Zbi\u00f3r: I &#8211; XII<\/p>\n<p>Opakowanie: 5 g<\/p>\n<p>M\u0142ode ro\u015bliny spo\u017cywane w okresie zimowo-wiosennym s\u0105 bogatym \u017ar\u00f3d\u0142em witamin<br \/>\ni soli mineralnych. Poprzez ca\u0142y rok nasiona mo\u017cna wysiewa\u0107 w mieszkaniu, do doniczek<br \/>\nlub pojemnik\u00f3w, na 3-5 cm warstwie ziemi albo kilku pow\u0142okach ligniny. Moczenie nasion<br \/>\nprzed siewem, w wodzie poprzez okres 24 godzin, przyspiesza wschody. Przez ca\u0142y okres<br \/>\nuprawy nale\u017cy dba\u0107 o wysok\u0105 wilgotno\u015b\u0107 pod\u0142o\u017ca. Uprawa:<\/p>\n<p> Siew pod os\u0142ony: I &#8211; XII<br \/>\n Siew do gruntu: III &#8211; IV<br \/>\n Rozstawa: 10 &#8211; 15 cm<br \/>\n Zbi\u00f3r: I &#8211; XII<\/p>\n<p>Opakowanie: 5 g<\/p>\n","protected":false},"excerpt":{"rendered":"<p>M\u0142ode ro\u015bliny spo\u017cywane w okresie zimowo-wiosennym s\u0105 bogatym \u017ar\u00f3d\u0142em witamin i soli mineralnych. Poprzez ca\u0142y rok nasiona mo\u017cna wysiewa\u0107 w mieszkaniu, do doniczek lub pojemnik\u00f3w, na 3-5 cm warstwie ziemi albo kilku pow\u0142okach ligniny. Moczenie nasion przed siewem, w wodzie poprzez okres 24 godzin, przyspiesza wschody. Przez ca\u0142y okres uprawy nale\u017cy dba\u0107 o wysok\u0105 wilgotno\u015b\u0107 &#8230; <a title=\"Nasiona Rze\u017cucha, 10g\" class=\"read-more\" href=\"https:\/\/admincentral.selleetools.com\/pl\/product\/nasiona-rzezucha-10g\/\">Read more<span class=\"screen-reader-text\">Nasiona Rze\u017cucha, 10g<\/span><\/a><\/p>\n","protected":false},"featured_media":673565,"comment_status":"open","ping_status":"closed","template":"","meta":{"_links_to":"","_links_to_target":""},"yoast_head":"<!-- This site is optimized with the Yoast SEO plugin v19.4 - https:\/\/yoast.com\/wordpress\/plugins\/seo\/ -->\n<title>Nasiona Rze\u017cucha, 10g - Selleetools.com<\/title>\n<meta name=\"robots\" content=\"index, follow, max-snippet:-1, max-image-preview:large, max-video-preview:-1\" \/>\n<link rel=\"canonical\" href=\"https:\/\/selleetools.com\/pl\/product\/nasiona-rzezucha-10g\/\" \/>\n<meta property=\"og:locale\" content=\"pl_PL\" \/>\n<meta property=\"og:type\" content=\"article\" \/>\n<meta property=\"og:title\" content=\"Nasiona Rze\u017cucha, 10g - Selleetools.com\" \/>\n<meta property=\"og:description\" content=\"M\u0142ode ro\u015bliny spo\u017cywane w okresie zimowo-wiosennym s\u0105 bogatym \u017ar\u00f3d\u0142em witamin i soli mineralnych. Poprzez ca\u0142y rok nasiona mo\u017cna wysiewa\u0107 w mieszkaniu, do doniczek lub pojemnik\u00f3w, na 3-5 cm warstwie ziemi albo kilku pow\u0142okach ligniny. Moczenie nasion przed siewem, w wodzie poprzez okres 24 godzin, przyspiesza wschody. Przez ca\u0142y okres uprawy nale\u017cy dba\u0107 o wysok\u0105 wilgotno\u015b\u0107 ... Read moreNasiona Rze\u017cucha, 10g\" \/>\n<meta property=\"og:url\" content=\"https:\/\/selleetools.com\/pl\/product\/nasiona-rzezucha-10g\/\" \/>\n<meta property=\"og:site_name\" content=\"Selleetools.com\" \/>\n<meta property=\"article:modified_time\" content=\"2026-04-15T15:16:53+00:00\" \/>\n<meta property=\"og:image\" content=\"https:\/\/selleetools.com\/wp-content\/uploads\/2026\/02\/a9479f82504bc0afcb2b4e390033c87c.jpg\" \/>\n\t<meta property=\"og:image:width\" content=\"935\" \/>\n\t<meta property=\"og:image:height\" content=\"1766\" \/>\n\t<meta property=\"og:image:type\" content=\"image\/jpeg\" \/>\n<meta name=\"twitter:card\" content=\"summary_large_image\" \/>\n<meta name=\"twitter:label1\" content=\"Est. reading time\" \/>\n\t<meta name=\"twitter:data1\" content=\"1 minuta\" \/>\n<!-- \/ Yoast SEO plugin. -->","yoast_head_json":{"title":"Nasiona Rze\u017cucha, 10g - Selleetools.com","robots":{"index":"index","follow":"follow","max-snippet":"max-snippet:-1","max-image-preview":"max-image-preview:large","max-video-preview":"max-video-preview:-1"},"canonical":"https:\/\/selleetools.com\/pl\/product\/nasiona-rzezucha-10g\/","og_locale":"pl_PL","og_type":"article","og_title":"Nasiona Rze\u017cucha, 10g - Selleetools.com","og_description":"M\u0142ode ro\u015bliny spo\u017cywane w okresie zimowo-wiosennym s\u0105 bogatym \u017ar\u00f3d\u0142em witamin i soli mineralnych. Poprzez ca\u0142y rok nasiona mo\u017cna wysiewa\u0107 w mieszkaniu, do doniczek lub pojemnik\u00f3w, na 3-5 cm warstwie ziemi albo kilku pow\u0142okach ligniny. Moczenie nasion przed siewem, w wodzie poprzez okres 24 godzin, przyspiesza wschody. Przez ca\u0142y okres uprawy nale\u017cy dba\u0107 o wysok\u0105 wilgotno\u015b\u0107 ... Read moreNasiona Rze\u017cucha, 10g","og_url":"https:\/\/selleetools.com\/pl\/product\/nasiona-rzezucha-10g\/","og_site_name":"Selleetools.com","article_modified_time":"2026-04-15T15:16:53+00:00","og_image":[{"width":935,"height":1766,"url":"https:\/\/selleetools.com\/wp-content\/uploads\/2026\/02\/a9479f82504bc0afcb2b4e390033c87c.jpg","type":"image\/jpeg"}],"twitter_card":"summary_large_image","twitter_misc":{"Est. reading time":"1 minuta"},"schema":{"@context":"https:\/\/schema.org","@graph":[{"@type":"Organization","@id":"https:\/\/selleetools.com\/#organization","name":"Selleetools","url":"https:\/\/selleetools.com\/","sameAs":[],"logo":{"@type":"ImageObject","inLanguage":"pl-PL","@id":"https:\/\/selleetools.com\/#\/schema\/logo\/image\/","url":"https:\/\/selleetools.com\/wp-content\/uploads\/2021\/10\/logo-dark.png","contentUrl":"https:\/\/selleetools.com\/wp-content\/uploads\/2021\/10\/logo-dark.png","width":320,"height":76,"caption":"Selleetools"},"image":{"@id":"https:\/\/selleetools.com\/#\/schema\/logo\/image\/"}},{"@type":"WebSite","@id":"https:\/\/selleetools.com\/#website","url":"https:\/\/selleetools.com\/","name":"Selleetools.com","description":"","publisher":{"@id":"https:\/\/selleetools.com\/#organization"},"potentialAction":[{"@type":"SearchAction","target":{"@type":"EntryPoint","urlTemplate":"https:\/\/selleetools.com\/?s={search_term_string}"},"query-input":"required name=search_term_string"}],"inLanguage":"pl-PL"},{"@type":"WebPage","@id":"https:\/\/selleetools.com\/pl\/product\/nasiona-rzezucha-10g\/","url":"https:\/\/selleetools.com\/pl\/product\/nasiona-rzezucha-10g\/","name":"Nasiona Rze\u017cucha, 10g - Selleetools.com","isPartOf":{"@id":"https:\/\/selleetools.com\/#website"},"datePublished":"2026-02-19T15:10:13+00:00","dateModified":"2026-04-15T15:16:53+00:00","breadcrumb":{"@id":"https:\/\/selleetools.com\/pl\/product\/nasiona-rzezucha-10g\/#breadcrumb"},"inLanguage":"pl-PL","potentialAction":[{"@type":"ReadAction","target":["https:\/\/selleetools.com\/pl\/product\/nasiona-rzezucha-10g\/"]}]},{"@type":"BreadcrumbList","@id":"https:\/\/selleetools.com\/pl\/product\/nasiona-rzezucha-10g\/#breadcrumb","itemListElement":[{"@type":"ListItem","position":1,"name":"Home","item":"https:\/\/selleetools.com\/pl\/"},{"@type":"ListItem","position":2,"name":"Katalog","item":"https:\/\/selleetools.com\/pl\/katalog\/"},{"@type":"ListItem","position":3,"name":"Nasiona Rze\u017cucha, 10g"}]}]}},"_links":{"self":[{"href":"https:\/\/admincentral.selleetools.com\/pl\/wp-json\/wp\/v2\/product\/673569"}],"collection":[{"href":"https:\/\/admincentral.selleetools.com\/pl\/wp-json\/wp\/v2\/product"}],"about":[{"href":"https:\/\/admincentral.selleetools.com\/pl\/wp-json\/wp\/v2\/types\/product"}],"replies":[{"embeddable":true,"href":"https:\/\/admincentral.selleetools.com\/pl\/wp-json\/wp\/v2\/comments?post=673569"}],"wp:featuredmedia":[{"embeddable":true,"href":"https:\/\/admincentral.selleetools.com\/pl\/wp-json\/wp\/v2\/media\/673565"}],"wp:attachment":[{"href":"https:\/\/admincentral.selleetools.com\/pl\/wp-json\/wp\/v2\/media?parent=673569"}],"curies":[{"name":"wp","href":"https:\/\/api.w.org\/{rel}","templated":true}]}}