{"id":673572,"date":"2026-02-19T16:10:17","date_gmt":"2026-02-19T15:10:17","guid":{"rendered":"https:\/\/selleetools.com\/?post_type=product&#038;p=673572"},"modified":"2026-04-15T17:16:52","modified_gmt":"2026-04-15T15:16:52","slug":"nasiona-kwiaty-jadalne-bratek-wielkokwiatowy-05g","status":"publish","type":"product","link":"https:\/\/admincentral.selleetools.com\/pl\/product\/nasiona-kwiaty-jadalne-bratek-wielkokwiatowy-05g\/","title":{"rendered":"Nasiona Kwiaty jadalne, Bratek wielkokwiatowy 0,5g"},"content":{"rendered":"<p>Kwiaty jadalne to przyjemny i efektowny spos\u00f3b by doda\u0107 koloru i smaku potrawom. S\u0142odkie i aromatyczne jadalne kwiaty s\u0105 coraz bardziej popularne w kuchni. Idealnie nadaj\u0105 si\u0119 do zwi\u0119kszenia atrakcyjno\u015bci wizualnej da\u0144, przystawek lub deser\u00f3w, bez du\u017cego wp\u0142ywu na smak potraw. \u0141agodny smak kwiat\u00f3w bratka stanowi doskona\u0142y dodatek do sa\u0142atek i ser\u00f3w. Bratki s\u0105 r\u00f3wnie\u017c doskona\u0142ym materia\u0142em do dekoracji tort\u00f3w i ciast. Gramatura: opak. nasion 0,5g<br \/>\nPora wysiewu: wysiew nasion w IV pod os\u0142onami lub o 1-15 V wprost do gruntu, ro\u015bliny wysadza\u0107 po 20 V Kwitnie: Czerwiec &#8211; Pa\u017adziernik<\/p>\n<p>Kwiaty jadalne to przyjemny i efektowny spos\u00f3b by doda\u0107 koloru i smaku potrawom. S\u0142odkie i aromatyczne jadalne kwiaty s\u0105 coraz bardziej popularne w kuchni. Idealnie nadaj\u0105 si\u0119 do zwi\u0119kszenia atrakcyjno\u015bci wizualnej da\u0144, przystawek lub deser\u00f3w, bez du\u017cego wp\u0142ywu na smak potraw. \u0141agodny smak kwiat\u00f3w bratka stanowi doskona\u0142y dodatek do sa\u0142atek i ser\u00f3w. Bratki s\u0105 r\u00f3wnie\u017c doskona\u0142ym materia\u0142em do dekoracji tort\u00f3w i ciast. Gramatura: opak. nasion 0,5g<br \/>\nPora wysiewu: wysiew nasion w IV pod os\u0142onami lub o 1-15 V wprost do gruntu, ro\u015bliny wysadza\u0107 po 20 V Kwitnie: Czerwiec &#8211; Pa\u017adziernik<\/p>\n","protected":false},"excerpt":{"rendered":"<p>Kwiaty jadalne to przyjemny i efektowny spos\u00f3b by doda\u0107 koloru i smaku potrawom. S\u0142odkie i aromatyczne jadalne kwiaty s\u0105 coraz bardziej popularne w kuchni. Idealnie nadaj\u0105 si\u0119 do zwi\u0119kszenia atrakcyjno\u015bci wizualnej da\u0144, przystawek lub deser\u00f3w, bez du\u017cego wp\u0142ywu na smak potraw. \u0141agodny smak kwiat\u00f3w bratka stanowi doskona\u0142y dodatek do sa\u0142atek i ser\u00f3w. Bratki s\u0105 r\u00f3wnie\u017c &#8230; <a title=\"Nasiona Kwiaty jadalne, Bratek wielkokwiatowy 0,5g\" class=\"read-more\" href=\"https:\/\/admincentral.selleetools.com\/pl\/product\/nasiona-kwiaty-jadalne-bratek-wielkokwiatowy-05g\/\">Read more<span class=\"screen-reader-text\">Nasiona Kwiaty jadalne, Bratek wielkokwiatowy 0,5g<\/span><\/a><\/p>\n","protected":false},"featured_media":673570,"comment_status":"open","ping_status":"closed","template":"","meta":{"_links_to":"","_links_to_target":""},"yoast_head":"<!-- This site is optimized with the Yoast SEO plugin v19.4 - https:\/\/yoast.com\/wordpress\/plugins\/seo\/ -->\n<title>Nasiona Kwiaty jadalne, Bratek wielkokwiatowy 0,5g - Selleetools.com<\/title>\n<meta name=\"robots\" content=\"index, follow, max-snippet:-1, max-image-preview:large, max-video-preview:-1\" \/>\n<link rel=\"canonical\" href=\"https:\/\/selleetools.com\/pl\/product\/nasiona-kwiaty-jadalne-bratek-wielkokwiatowy-05g\/\" \/>\n<meta property=\"og:locale\" content=\"pl_PL\" \/>\n<meta property=\"og:type\" content=\"article\" \/>\n<meta property=\"og:title\" content=\"Nasiona Kwiaty jadalne, Bratek wielkokwiatowy 0,5g - Selleetools.com\" \/>\n<meta property=\"og:description\" content=\"Kwiaty jadalne to przyjemny i efektowny spos\u00f3b by doda\u0107 koloru i smaku potrawom. S\u0142odkie i aromatyczne jadalne kwiaty s\u0105 coraz bardziej popularne w kuchni. Idealnie nadaj\u0105 si\u0119 do zwi\u0119kszenia atrakcyjno\u015bci wizualnej da\u0144, przystawek lub deser\u00f3w, bez du\u017cego wp\u0142ywu na smak potraw. \u0141agodny smak kwiat\u00f3w bratka stanowi doskona\u0142y dodatek do sa\u0142atek i ser\u00f3w. Bratki s\u0105 r\u00f3wnie\u017c ... Read moreNasiona Kwiaty jadalne, Bratek wielkokwiatowy 0,5g\" \/>\n<meta property=\"og:url\" content=\"https:\/\/selleetools.com\/pl\/product\/nasiona-kwiaty-jadalne-bratek-wielkokwiatowy-05g\/\" \/>\n<meta property=\"og:site_name\" content=\"Selleetools.com\" \/>\n<meta property=\"article:modified_time\" content=\"2026-04-15T15:16:52+00:00\" \/>\n<meta property=\"og:image\" content=\"https:\/\/selleetools.com\/wp-content\/uploads\/2026\/02\/831dea493011285179e9a6b7ef1204d3.jpg\" \/>\n\t<meta property=\"og:image:width\" content=\"2500\" \/>\n\t<meta property=\"og:image:height\" content=\"2500\" \/>\n\t<meta property=\"og:image:type\" content=\"image\/jpeg\" \/>\n<meta name=\"twitter:card\" content=\"summary_large_image\" \/>\n<meta name=\"twitter:label1\" content=\"Est. reading time\" \/>\n\t<meta name=\"twitter:data1\" content=\"1 minuta\" \/>\n<!-- \/ Yoast SEO plugin. -->","yoast_head_json":{"title":"Nasiona Kwiaty jadalne, Bratek wielkokwiatowy 0,5g - Selleetools.com","robots":{"index":"index","follow":"follow","max-snippet":"max-snippet:-1","max-image-preview":"max-image-preview:large","max-video-preview":"max-video-preview:-1"},"canonical":"https:\/\/selleetools.com\/pl\/product\/nasiona-kwiaty-jadalne-bratek-wielkokwiatowy-05g\/","og_locale":"pl_PL","og_type":"article","og_title":"Nasiona Kwiaty jadalne, Bratek wielkokwiatowy 0,5g - Selleetools.com","og_description":"Kwiaty jadalne to przyjemny i efektowny spos\u00f3b by doda\u0107 koloru i smaku potrawom. S\u0142odkie i aromatyczne jadalne kwiaty s\u0105 coraz bardziej popularne w kuchni. Idealnie nadaj\u0105 si\u0119 do zwi\u0119kszenia atrakcyjno\u015bci wizualnej da\u0144, przystawek lub deser\u00f3w, bez du\u017cego wp\u0142ywu na smak potraw. \u0141agodny smak kwiat\u00f3w bratka stanowi doskona\u0142y dodatek do sa\u0142atek i ser\u00f3w. Bratki s\u0105 r\u00f3wnie\u017c ... Read moreNasiona Kwiaty jadalne, Bratek wielkokwiatowy 0,5g","og_url":"https:\/\/selleetools.com\/pl\/product\/nasiona-kwiaty-jadalne-bratek-wielkokwiatowy-05g\/","og_site_name":"Selleetools.com","article_modified_time":"2026-04-15T15:16:52+00:00","og_image":[{"width":2500,"height":2500,"url":"https:\/\/selleetools.com\/wp-content\/uploads\/2026\/02\/831dea493011285179e9a6b7ef1204d3.jpg","type":"image\/jpeg"}],"twitter_card":"summary_large_image","twitter_misc":{"Est. reading time":"1 minuta"},"schema":{"@context":"https:\/\/schema.org","@graph":[{"@type":"Organization","@id":"https:\/\/selleetools.com\/#organization","name":"Selleetools","url":"https:\/\/selleetools.com\/","sameAs":[],"logo":{"@type":"ImageObject","inLanguage":"pl-PL","@id":"https:\/\/selleetools.com\/#\/schema\/logo\/image\/","url":"https:\/\/selleetools.com\/wp-content\/uploads\/2021\/10\/logo-dark.png","contentUrl":"https:\/\/selleetools.com\/wp-content\/uploads\/2021\/10\/logo-dark.png","width":320,"height":76,"caption":"Selleetools"},"image":{"@id":"https:\/\/selleetools.com\/#\/schema\/logo\/image\/"}},{"@type":"WebSite","@id":"https:\/\/selleetools.com\/#website","url":"https:\/\/selleetools.com\/","name":"Selleetools.com","description":"","publisher":{"@id":"https:\/\/selleetools.com\/#organization"},"potentialAction":[{"@type":"SearchAction","target":{"@type":"EntryPoint","urlTemplate":"https:\/\/selleetools.com\/?s={search_term_string}"},"query-input":"required name=search_term_string"}],"inLanguage":"pl-PL"},{"@type":"WebPage","@id":"https:\/\/selleetools.com\/pl\/product\/nasiona-kwiaty-jadalne-bratek-wielkokwiatowy-05g\/","url":"https:\/\/selleetools.com\/pl\/product\/nasiona-kwiaty-jadalne-bratek-wielkokwiatowy-05g\/","name":"Nasiona Kwiaty jadalne, Bratek wielkokwiatowy 0,5g - Selleetools.com","isPartOf":{"@id":"https:\/\/selleetools.com\/#website"},"datePublished":"2026-02-19T15:10:17+00:00","dateModified":"2026-04-15T15:16:52+00:00","breadcrumb":{"@id":"https:\/\/selleetools.com\/pl\/product\/nasiona-kwiaty-jadalne-bratek-wielkokwiatowy-05g\/#breadcrumb"},"inLanguage":"pl-PL","potentialAction":[{"@type":"ReadAction","target":["https:\/\/selleetools.com\/pl\/product\/nasiona-kwiaty-jadalne-bratek-wielkokwiatowy-05g\/"]}]},{"@type":"BreadcrumbList","@id":"https:\/\/selleetools.com\/pl\/product\/nasiona-kwiaty-jadalne-bratek-wielkokwiatowy-05g\/#breadcrumb","itemListElement":[{"@type":"ListItem","position":1,"name":"Home","item":"https:\/\/selleetools.com\/pl\/"},{"@type":"ListItem","position":2,"name":"Katalog","item":"https:\/\/selleetools.com\/pl\/katalog\/"},{"@type":"ListItem","position":3,"name":"Nasiona Kwiaty jadalne, Bratek wielkokwiatowy 0,5g"}]}]}},"_links":{"self":[{"href":"https:\/\/admincentral.selleetools.com\/pl\/wp-json\/wp\/v2\/product\/673572"}],"collection":[{"href":"https:\/\/admincentral.selleetools.com\/pl\/wp-json\/wp\/v2\/product"}],"about":[{"href":"https:\/\/admincentral.selleetools.com\/pl\/wp-json\/wp\/v2\/types\/product"}],"replies":[{"embeddable":true,"href":"https:\/\/admincentral.selleetools.com\/pl\/wp-json\/wp\/v2\/comments?post=673572"}],"wp:featuredmedia":[{"embeddable":true,"href":"https:\/\/admincentral.selleetools.com\/pl\/wp-json\/wp\/v2\/media\/673570"}],"wp:attachment":[{"href":"https:\/\/admincentral.selleetools.com\/pl\/wp-json\/wp\/v2\/media?parent=673572"}],"curies":[{"name":"wp","href":"https:\/\/api.w.org\/{rel}","templated":true}]}}