{"id":673622,"date":"2026-02-19T16:10:59","date_gmt":"2026-02-19T15:10:59","guid":{"rendered":"https:\/\/selleetools.com\/?post_type=product&#038;p=673622"},"modified":"2026-04-18T15:49:26","modified_gmt":"2026-04-18T13:49:26","slug":"kolo-do-wozka-350-4-pu-pelne-10","status":"publish","type":"product","link":"https:\/\/admincentral.selleetools.com\/pl\/product\/kolo-do-wozka-350-4-pu-pelne-10\/","title":{"rendered":"Ko\u0142o do w\u00f3zka 3,50-4 PU, pe\u0142ne (10)"},"content":{"rendered":"<section class=\"section\">\n<div class=\"item item-6\">\n<section class=\"text-item\">\n<h1>Ko\u0142o do w\u00f3zka 3,50-4 PU, pe\u0142ne (10) (G71026)<\/h1>\n<p>Pe\u0142ne poliuretanowe ko\u0142o w\u00f3zka o maksymalnym obci\u0105\u017ceniu do 135 kg.<\/p>\n<p>Poliuretan jest znacznie trwalszy ni\u017c guma, ponadto zapewnia komfortow\u0105, mi\u0119kk\u0105 jazd\u0119.<\/p>\n<p>Wytrzyma\u0142a metalowa felga malowana proszkowo zapewnia podwy\u017cszon\u0105 stabilno\u015b\u0107.<\/p>\n<p><b>Cechy produktu:<\/b><\/p>\n<ul>\n<li>\u015arednica zewn\u0119trzna opony &#8211;&nbsp;260 mm<\/li>\n<li>Szeroko\u015b\u0107 opony &#8211;&nbsp;81 mm<\/li>\n<li>\u015arednica wewn\u0119trzna opony &#8211;&nbsp;125 mm<\/li>\n<li>Otw\u00f3r na o\u015bk\u0119 &#8211;&nbsp;16 mm<\/li>\n<li>\u0141o\u017cyskowanie &#8211;&nbsp;kulkowe<\/li>\n<li>Materia\u0142 wykonania &#8211;&nbsp;tworzywo poliuretanowe, felga- stalowa<\/li>\n<li>Maksymalne obci\u0105\u017cenie &#8211;&nbsp;135 kg<\/li>\n<\/ul>\n<\/section><\/div>\n<div class=\"item item-6\">\n<section class=\"image-item\"><img src=\"https:\/\/upload.cdn.baselinker.com\/products\/3028621\/024a3cdf46f0fdd75fea0cbd922c736c.jpg\"><\/section>\n<\/p><\/div>\n<\/section>\n<section class=\"section\">\n<div class=\"item item-6\">\n<section class=\"image-item\"><img src=\"https:\/\/upload.cdn.baselinker.com\/products\/3028621\/34046e4c4e2487684ad8c327046fe59e.jpg\"><\/section>\n<\/p><\/div>\n<div class=\"item item-6\">\n<section class=\"image-item\"><img src=\"https:\/\/upload.cdn.baselinker.com\/products\/3028621\/09ca748e8bb69fa36fb79b5ec576ca4a.jpg\"><\/section>\n<\/p><\/div>\n<\/section>\n<section class=\"section\">\n<div class=\"item item-6\">\n<section class=\"image-item\"><img src=\"https:\/\/upload.cdn.baselinker.com\/products\/3028621\/cc509bb14847981f560b8344f06e6442.jpg\"><\/section>\n<\/p><\/div>\n<div class=\"item item-6\">\n<section class=\"image-item\"><img src=\"https:\/\/upload.cdn.baselinker.com\/products\/3028621\/cd4af918a9dc9f615c7d2e5cf26a61f7.jpg\"><\/section>\n<\/p><\/div>\n<\/section>\n<section class=\"section\">\n<div class=\"item item-12\">\n<section class=\"image-item\"><img src=\"https:\/\/upload.cdn.baselinker.com\/products\/3028621\/9c7f5abb4f8940cac84bbfd5665468a1.jpg\"><\/section>\n<\/p><\/div>\n<\/section>\n","protected":false},"excerpt":{"rendered":"<p>Ko\u0142o do w\u00f3zka 3,50-4 PU, pe\u0142ne (10) (G71026) Pe\u0142ne poliuretanowe ko\u0142o w\u00f3zka o maksymalnym obci\u0105\u017ceniu do 135 kg. Poliuretan jest znacznie trwalszy ni\u017c guma, ponadto zapewnia komfortow\u0105, mi\u0119kk\u0105 jazd\u0119. Wytrzyma\u0142a metalowa felga malowana proszkowo zapewnia podwy\u017cszon\u0105 stabilno\u015b\u0107. Cechy produktu: \u015arednica zewn\u0119trzna opony &#8211;&nbsp;260 mm Szeroko\u015b\u0107 opony &#8211;&nbsp;81 mm \u015arednica wewn\u0119trzna opony &#8211;&nbsp;125 mm Otw\u00f3r na &#8230; <a title=\"Ko\u0142o do w\u00f3zka 3,50-4 PU, pe\u0142ne (10)\" class=\"read-more\" href=\"https:\/\/admincentral.selleetools.com\/pl\/product\/kolo-do-wozka-350-4-pu-pelne-10\/\">Read more<span class=\"screen-reader-text\">Ko\u0142o do w\u00f3zka 3,50-4 PU, pe\u0142ne (10)<\/span><\/a><\/p>\n","protected":false},"featured_media":673610,"comment_status":"open","ping_status":"closed","template":"","meta":{"_links_to":"","_links_to_target":""},"yoast_head":"<!-- This site is optimized with the Yoast SEO plugin v19.4 - https:\/\/yoast.com\/wordpress\/plugins\/seo\/ -->\n<title>Ko\u0142o do w\u00f3zka 3,50-4 PU, pe\u0142ne (10) - Selleetools.com<\/title>\n<meta name=\"robots\" content=\"index, follow, max-snippet:-1, max-image-preview:large, max-video-preview:-1\" \/>\n<link rel=\"canonical\" href=\"https:\/\/selleetools.com\/pl\/product\/kolo-do-wozka-350-4-pu-pelne-10\/\" \/>\n<meta property=\"og:locale\" content=\"pl_PL\" \/>\n<meta property=\"og:type\" content=\"article\" \/>\n<meta property=\"og:title\" content=\"Ko\u0142o do w\u00f3zka 3,50-4 PU, pe\u0142ne (10) - Selleetools.com\" \/>\n<meta property=\"og:description\" content=\"Ko\u0142o do w\u00f3zka 3,50-4 PU, pe\u0142ne (10) (G71026) Pe\u0142ne poliuretanowe ko\u0142o w\u00f3zka o maksymalnym obci\u0105\u017ceniu do 135 kg. Poliuretan jest znacznie trwalszy ni\u017c guma, ponadto zapewnia komfortow\u0105, mi\u0119kk\u0105 jazd\u0119. Wytrzyma\u0142a metalowa felga malowana proszkowo zapewnia podwy\u017cszon\u0105 stabilno\u015b\u0107. Cechy produktu: \u015arednica zewn\u0119trzna opony &#8211;&nbsp;260 mm Szeroko\u015b\u0107 opony &#8211;&nbsp;81 mm \u015arednica wewn\u0119trzna opony &#8211;&nbsp;125 mm Otw\u00f3r na ... Read moreKo\u0142o do w\u00f3zka 3,50-4 PU, pe\u0142ne (10)\" \/>\n<meta property=\"og:url\" content=\"https:\/\/selleetools.com\/pl\/product\/kolo-do-wozka-350-4-pu-pelne-10\/\" \/>\n<meta property=\"og:site_name\" content=\"Selleetools.com\" \/>\n<meta property=\"article:modified_time\" content=\"2026-04-18T13:49:26+00:00\" \/>\n<meta property=\"og:image\" content=\"https:\/\/selleetools.com\/wp-content\/uploads\/2026\/02\/024a3cdf46f0fdd75fea0cbd922c736c.jpg\" \/>\n\t<meta property=\"og:image:width\" content=\"860\" \/>\n\t<meta property=\"og:image:height\" content=\"731\" \/>\n\t<meta property=\"og:image:type\" content=\"image\/jpeg\" \/>\n<meta name=\"twitter:card\" content=\"summary_large_image\" \/>\n<!-- \/ Yoast SEO plugin. -->","yoast_head_json":{"title":"Ko\u0142o do w\u00f3zka 3,50-4 PU, pe\u0142ne (10) - Selleetools.com","robots":{"index":"index","follow":"follow","max-snippet":"max-snippet:-1","max-image-preview":"max-image-preview:large","max-video-preview":"max-video-preview:-1"},"canonical":"https:\/\/selleetools.com\/pl\/product\/kolo-do-wozka-350-4-pu-pelne-10\/","og_locale":"pl_PL","og_type":"article","og_title":"Ko\u0142o do w\u00f3zka 3,50-4 PU, pe\u0142ne (10) - Selleetools.com","og_description":"Ko\u0142o do w\u00f3zka 3,50-4 PU, pe\u0142ne (10) (G71026) Pe\u0142ne poliuretanowe ko\u0142o w\u00f3zka o maksymalnym obci\u0105\u017ceniu do 135 kg. Poliuretan jest znacznie trwalszy ni\u017c guma, ponadto zapewnia komfortow\u0105, mi\u0119kk\u0105 jazd\u0119. Wytrzyma\u0142a metalowa felga malowana proszkowo zapewnia podwy\u017cszon\u0105 stabilno\u015b\u0107. Cechy produktu: \u015arednica zewn\u0119trzna opony &#8211;&nbsp;260 mm Szeroko\u015b\u0107 opony &#8211;&nbsp;81 mm \u015arednica wewn\u0119trzna opony &#8211;&nbsp;125 mm Otw\u00f3r na ... Read moreKo\u0142o do w\u00f3zka 3,50-4 PU, pe\u0142ne (10)","og_url":"https:\/\/selleetools.com\/pl\/product\/kolo-do-wozka-350-4-pu-pelne-10\/","og_site_name":"Selleetools.com","article_modified_time":"2026-04-18T13:49:26+00:00","og_image":[{"width":860,"height":731,"url":"https:\/\/selleetools.com\/wp-content\/uploads\/2026\/02\/024a3cdf46f0fdd75fea0cbd922c736c.jpg","type":"image\/jpeg"}],"twitter_card":"summary_large_image","schema":{"@context":"https:\/\/schema.org","@graph":[{"@type":"Organization","@id":"https:\/\/selleetools.com\/#organization","name":"Selleetools","url":"https:\/\/selleetools.com\/","sameAs":[],"logo":{"@type":"ImageObject","inLanguage":"pl-PL","@id":"https:\/\/selleetools.com\/#\/schema\/logo\/image\/","url":"https:\/\/selleetools.com\/wp-content\/uploads\/2021\/10\/logo-dark.png","contentUrl":"https:\/\/selleetools.com\/wp-content\/uploads\/2021\/10\/logo-dark.png","width":320,"height":76,"caption":"Selleetools"},"image":{"@id":"https:\/\/selleetools.com\/#\/schema\/logo\/image\/"}},{"@type":"WebSite","@id":"https:\/\/selleetools.com\/#website","url":"https:\/\/selleetools.com\/","name":"Selleetools.com","description":"","publisher":{"@id":"https:\/\/selleetools.com\/#organization"},"potentialAction":[{"@type":"SearchAction","target":{"@type":"EntryPoint","urlTemplate":"https:\/\/selleetools.com\/?s={search_term_string}"},"query-input":"required name=search_term_string"}],"inLanguage":"pl-PL"},{"@type":"WebPage","@id":"https:\/\/selleetools.com\/pl\/product\/kolo-do-wozka-350-4-pu-pelne-10\/","url":"https:\/\/selleetools.com\/pl\/product\/kolo-do-wozka-350-4-pu-pelne-10\/","name":"Ko\u0142o do w\u00f3zka 3,50-4 PU, pe\u0142ne (10) - Selleetools.com","isPartOf":{"@id":"https:\/\/selleetools.com\/#website"},"datePublished":"2026-02-19T15:10:59+00:00","dateModified":"2026-04-18T13:49:26+00:00","breadcrumb":{"@id":"https:\/\/selleetools.com\/pl\/product\/kolo-do-wozka-350-4-pu-pelne-10\/#breadcrumb"},"inLanguage":"pl-PL","potentialAction":[{"@type":"ReadAction","target":["https:\/\/selleetools.com\/pl\/product\/kolo-do-wozka-350-4-pu-pelne-10\/"]}]},{"@type":"BreadcrumbList","@id":"https:\/\/selleetools.com\/pl\/product\/kolo-do-wozka-350-4-pu-pelne-10\/#breadcrumb","itemListElement":[{"@type":"ListItem","position":1,"name":"Home","item":"https:\/\/selleetools.com\/pl\/"},{"@type":"ListItem","position":2,"name":"Katalog","item":"https:\/\/selleetools.com\/pl\/katalog\/"},{"@type":"ListItem","position":3,"name":"Ko\u0142o do w\u00f3zka 3,50-4 PU, pe\u0142ne (10)"}]}]}},"_links":{"self":[{"href":"https:\/\/admincentral.selleetools.com\/pl\/wp-json\/wp\/v2\/product\/673622"}],"collection":[{"href":"https:\/\/admincentral.selleetools.com\/pl\/wp-json\/wp\/v2\/product"}],"about":[{"href":"https:\/\/admincentral.selleetools.com\/pl\/wp-json\/wp\/v2\/types\/product"}],"replies":[{"embeddable":true,"href":"https:\/\/admincentral.selleetools.com\/pl\/wp-json\/wp\/v2\/comments?post=673622"}],"wp:featuredmedia":[{"embeddable":true,"href":"https:\/\/admincentral.selleetools.com\/pl\/wp-json\/wp\/v2\/media\/673610"}],"wp:attachment":[{"href":"https:\/\/admincentral.selleetools.com\/pl\/wp-json\/wp\/v2\/media?parent=673622"}],"curies":[{"name":"wp","href":"https:\/\/api.w.org\/{rel}","templated":true}]}}