{"id":673640,"date":"2026-02-19T16:11:08","date_gmt":"2026-02-19T15:11:08","guid":{"rendered":"https:\/\/selleetools.com\/?post_type=product&#038;p=673640"},"modified":"2026-04-18T15:49:32","modified_gmt":"2026-04-18T13:49:32","slug":"zestaw-przylaczeniowy-gutter-filter-set-do-beczki","status":"publish","type":"product","link":"https:\/\/admincentral.selleetools.com\/pl\/product\/zestaw-przylaczeniowy-gutter-filter-set-do-beczki\/","title":{"rendered":"Zestaw przy\u0142\u0105czeniowy GUTTER FILTER SET do beczki"},"content":{"rendered":"<p>Rynnowy filtr do wody deszczowej GUTTER FILTER SET. Filtr rynnowy dodatkowo<br \/>\nwyposa\u017cony w system przejmowania i przenoszenia wody, kt\u00f3rego zadaniem jest<br \/>\nfiltrowanie i doprowadzanie oczyszczonej wody do zbiornika na deszcz\u00f3wk\u0119.<br \/>\nZestaw zawiera 8 element\u00f3w:<\/p>\n<p> obudow\u0119 zewn\u0119trzn\u0105<br \/>\n filtr wewn\u0119trzny du\u017cy &#8211; filtruje cz\u0105stki du\u017ce<br \/>\n filtr wewn\u0119trzny ma\u0142y &#8211; filtruje cz\u0105stki ma\u0142e<br \/>\n \u0142apacz wody<br \/>\n reduktor &#8211; 2 szt.<br \/>\n w\u0105\u017c &#8211; d\u0142ugo\u015b\u0107 60 cm<\/p>\n<p>Produkt jest uniwersalny. Jego prosta konstrukcja zapewnia szybk\u0105 instalacj\u0119<br \/>\ni pozwala na \u0142atwy monta\u017c.<\/p>\n<p> Minimalna \u015brednica rynny:\u00a07,5 cm<br \/>\n Maksymalna \u015brednica rynny: 12 cm<br \/>\nUwaga: kontrukcja zbieracza wymusza przeci\u0119cie rynny<br \/>\nspustowej.<\/p>\n<p>Rynnowy filtr do wody deszczowej GUTTER FILTER SET. Filtr rynnowy dodatkowo<br \/>\nwyposa\u017cony w system przejmowania i przenoszenia wody, kt\u00f3rego zadaniem jest<br \/>\nfiltrowanie i doprowadzanie oczyszczonej wody do zbiornika na deszcz\u00f3wk\u0119.<br \/>\nZestaw zawiera 8 element\u00f3w:<\/p>\n<p> obudow\u0119 zewn\u0119trzn\u0105<br \/>\n filtr wewn\u0119trzny du\u017cy &#8211; filtruje cz\u0105stki du\u017ce<br \/>\n filtr wewn\u0119trzny ma\u0142y &#8211; filtruje cz\u0105stki ma\u0142e<br \/>\n \u0142apacz wody<br \/>\n reduktor &#8211; 2 szt.<br \/>\n w\u0105\u017c &#8211; d\u0142ugo\u015b\u0107 60 cm<\/p>\n<p>Produkt jest uniwersalny. Jego prosta konstrukcja zapewnia szybk\u0105 instalacj\u0119<br \/>\ni pozwala na \u0142atwy monta\u017c.<\/p>\n<p> Minimalna \u015brednica rynny:\u00a07,5 cm<br \/>\n Maksymalna \u015brednica rynny: 12 cm<br \/>\nUwaga: kontrukcja zbieracza wymusza przeci\u0119cie rynny<br \/>\nspustowej.<\/p>\n","protected":false},"excerpt":{"rendered":"<p>Rynnowy filtr do wody deszczowej GUTTER FILTER SET. Filtr rynnowy dodatkowo wyposa\u017cony w system przejmowania i przenoszenia wody, kt\u00f3rego zadaniem jest filtrowanie i doprowadzanie oczyszczonej wody do zbiornika na deszcz\u00f3wk\u0119. Zestaw zawiera 8 element\u00f3w: obudow\u0119 zewn\u0119trzn\u0105 filtr wewn\u0119trzny du\u017cy &#8211; filtruje cz\u0105stki du\u017ce filtr wewn\u0119trzny ma\u0142y &#8211; filtruje cz\u0105stki ma\u0142e \u0142apacz wody reduktor &#8211; 2 &#8230; <a title=\"Zestaw przy\u0142\u0105czeniowy GUTTER FILTER SET do beczki\" class=\"read-more\" href=\"https:\/\/admincentral.selleetools.com\/pl\/product\/zestaw-przylaczeniowy-gutter-filter-set-do-beczki\/\">Read more<span class=\"screen-reader-text\">Zestaw przy\u0142\u0105czeniowy GUTTER FILTER SET do beczki<\/span><\/a><\/p>\n","protected":false},"featured_media":673634,"comment_status":"open","ping_status":"closed","template":"","meta":{"_links_to":"","_links_to_target":""},"yoast_head":"<!-- This site is optimized with the Yoast SEO plugin v19.4 - https:\/\/yoast.com\/wordpress\/plugins\/seo\/ -->\n<title>Zestaw przy\u0142\u0105czeniowy GUTTER FILTER SET do beczki - Selleetools.com<\/title>\n<meta name=\"robots\" content=\"index, follow, max-snippet:-1, max-image-preview:large, max-video-preview:-1\" \/>\n<link rel=\"canonical\" href=\"https:\/\/selleetools.com\/pl\/product\/zestaw-przylaczeniowy-gutter-filter-set-do-beczki\/\" \/>\n<meta property=\"og:locale\" content=\"pl_PL\" \/>\n<meta property=\"og:type\" content=\"article\" \/>\n<meta property=\"og:title\" content=\"Zestaw przy\u0142\u0105czeniowy GUTTER FILTER SET do beczki - Selleetools.com\" \/>\n<meta property=\"og:description\" content=\"Rynnowy filtr do wody deszczowej GUTTER FILTER SET. Filtr rynnowy dodatkowo wyposa\u017cony w system przejmowania i przenoszenia wody, kt\u00f3rego zadaniem jest filtrowanie i doprowadzanie oczyszczonej wody do zbiornika na deszcz\u00f3wk\u0119. Zestaw zawiera 8 element\u00f3w: obudow\u0119 zewn\u0119trzn\u0105 filtr wewn\u0119trzny du\u017cy &#8211; filtruje cz\u0105stki du\u017ce filtr wewn\u0119trzny ma\u0142y &#8211; filtruje cz\u0105stki ma\u0142e \u0142apacz wody reduktor &#8211; 2 ... Read moreZestaw przy\u0142\u0105czeniowy GUTTER FILTER SET do beczki\" \/>\n<meta property=\"og:url\" content=\"https:\/\/selleetools.com\/pl\/product\/zestaw-przylaczeniowy-gutter-filter-set-do-beczki\/\" \/>\n<meta property=\"og:site_name\" content=\"Selleetools.com\" \/>\n<meta property=\"article:modified_time\" content=\"2026-04-18T13:49:32+00:00\" \/>\n<meta property=\"og:image\" content=\"https:\/\/selleetools.com\/wp-content\/uploads\/2026\/02\/fe59c01fa09974c024ebbeda847108ef.jpg\" \/>\n\t<meta property=\"og:image:width\" content=\"209\" \/>\n\t<meta property=\"og:image:height\" content=\"600\" \/>\n\t<meta property=\"og:image:type\" content=\"image\/jpeg\" \/>\n<meta name=\"twitter:card\" content=\"summary_large_image\" \/>\n<meta name=\"twitter:label1\" content=\"Est. reading time\" \/>\n\t<meta name=\"twitter:data1\" content=\"1 minuta\" \/>\n<!-- \/ Yoast SEO plugin. -->","yoast_head_json":{"title":"Zestaw przy\u0142\u0105czeniowy GUTTER FILTER SET do beczki - Selleetools.com","robots":{"index":"index","follow":"follow","max-snippet":"max-snippet:-1","max-image-preview":"max-image-preview:large","max-video-preview":"max-video-preview:-1"},"canonical":"https:\/\/selleetools.com\/pl\/product\/zestaw-przylaczeniowy-gutter-filter-set-do-beczki\/","og_locale":"pl_PL","og_type":"article","og_title":"Zestaw przy\u0142\u0105czeniowy GUTTER FILTER SET do beczki - Selleetools.com","og_description":"Rynnowy filtr do wody deszczowej GUTTER FILTER SET. Filtr rynnowy dodatkowo wyposa\u017cony w system przejmowania i przenoszenia wody, kt\u00f3rego zadaniem jest filtrowanie i doprowadzanie oczyszczonej wody do zbiornika na deszcz\u00f3wk\u0119. Zestaw zawiera 8 element\u00f3w: obudow\u0119 zewn\u0119trzn\u0105 filtr wewn\u0119trzny du\u017cy &#8211; filtruje cz\u0105stki du\u017ce filtr wewn\u0119trzny ma\u0142y &#8211; filtruje cz\u0105stki ma\u0142e \u0142apacz wody reduktor &#8211; 2 ... Read moreZestaw przy\u0142\u0105czeniowy GUTTER FILTER SET do beczki","og_url":"https:\/\/selleetools.com\/pl\/product\/zestaw-przylaczeniowy-gutter-filter-set-do-beczki\/","og_site_name":"Selleetools.com","article_modified_time":"2026-04-18T13:49:32+00:00","og_image":[{"width":209,"height":600,"url":"https:\/\/selleetools.com\/wp-content\/uploads\/2026\/02\/fe59c01fa09974c024ebbeda847108ef.jpg","type":"image\/jpeg"}],"twitter_card":"summary_large_image","twitter_misc":{"Est. reading time":"1 minuta"},"schema":{"@context":"https:\/\/schema.org","@graph":[{"@type":"Organization","@id":"https:\/\/selleetools.com\/#organization","name":"Selleetools","url":"https:\/\/selleetools.com\/","sameAs":[],"logo":{"@type":"ImageObject","inLanguage":"pl-PL","@id":"https:\/\/selleetools.com\/#\/schema\/logo\/image\/","url":"https:\/\/selleetools.com\/wp-content\/uploads\/2021\/10\/logo-dark.png","contentUrl":"https:\/\/selleetools.com\/wp-content\/uploads\/2021\/10\/logo-dark.png","width":320,"height":76,"caption":"Selleetools"},"image":{"@id":"https:\/\/selleetools.com\/#\/schema\/logo\/image\/"}},{"@type":"WebSite","@id":"https:\/\/selleetools.com\/#website","url":"https:\/\/selleetools.com\/","name":"Selleetools.com","description":"","publisher":{"@id":"https:\/\/selleetools.com\/#organization"},"potentialAction":[{"@type":"SearchAction","target":{"@type":"EntryPoint","urlTemplate":"https:\/\/selleetools.com\/?s={search_term_string}"},"query-input":"required name=search_term_string"}],"inLanguage":"pl-PL"},{"@type":"WebPage","@id":"https:\/\/selleetools.com\/pl\/product\/zestaw-przylaczeniowy-gutter-filter-set-do-beczki\/","url":"https:\/\/selleetools.com\/pl\/product\/zestaw-przylaczeniowy-gutter-filter-set-do-beczki\/","name":"Zestaw przy\u0142\u0105czeniowy GUTTER FILTER SET do beczki - Selleetools.com","isPartOf":{"@id":"https:\/\/selleetools.com\/#website"},"datePublished":"2026-02-19T15:11:08+00:00","dateModified":"2026-04-18T13:49:32+00:00","breadcrumb":{"@id":"https:\/\/selleetools.com\/pl\/product\/zestaw-przylaczeniowy-gutter-filter-set-do-beczki\/#breadcrumb"},"inLanguage":"pl-PL","potentialAction":[{"@type":"ReadAction","target":["https:\/\/selleetools.com\/pl\/product\/zestaw-przylaczeniowy-gutter-filter-set-do-beczki\/"]}]},{"@type":"BreadcrumbList","@id":"https:\/\/selleetools.com\/pl\/product\/zestaw-przylaczeniowy-gutter-filter-set-do-beczki\/#breadcrumb","itemListElement":[{"@type":"ListItem","position":1,"name":"Home","item":"https:\/\/selleetools.com\/pl\/"},{"@type":"ListItem","position":2,"name":"Katalog","item":"https:\/\/selleetools.com\/pl\/katalog\/"},{"@type":"ListItem","position":3,"name":"Zestaw przy\u0142\u0105czeniowy GUTTER FILTER SET do beczki"}]}]}},"_links":{"self":[{"href":"https:\/\/admincentral.selleetools.com\/pl\/wp-json\/wp\/v2\/product\/673640"}],"collection":[{"href":"https:\/\/admincentral.selleetools.com\/pl\/wp-json\/wp\/v2\/product"}],"about":[{"href":"https:\/\/admincentral.selleetools.com\/pl\/wp-json\/wp\/v2\/types\/product"}],"replies":[{"embeddable":true,"href":"https:\/\/admincentral.selleetools.com\/pl\/wp-json\/wp\/v2\/comments?post=673640"}],"wp:featuredmedia":[{"embeddable":true,"href":"https:\/\/admincentral.selleetools.com\/pl\/wp-json\/wp\/v2\/media\/673634"}],"wp:attachment":[{"href":"https:\/\/admincentral.selleetools.com\/pl\/wp-json\/wp\/v2\/media?parent=673640"}],"curies":[{"name":"wp","href":"https:\/\/api.w.org\/{rel}","templated":true}]}}