{"id":673656,"date":"2026-02-19T16:11:19","date_gmt":"2026-02-19T15:11:19","guid":{"rendered":"https:\/\/selleetools.com\/?post_type=product&#038;p=673656"},"modified":"2026-04-18T15:49:45","modified_gmt":"2026-04-18T13:49:45","slug":"filtr-do-wody-deszczowej-rynnowy-gutter-filter-1","status":"publish","type":"product","link":"https:\/\/admincentral.selleetools.com\/pl\/product\/filtr-do-wody-deszczowej-rynnowy-gutter-filter-1\/","title":{"rendered":"Filtr do wody deszczowej rynnowy GUTTER FILTER 1"},"content":{"rendered":"<p>Rynnowy filtr do wody deszczowej GUTTER FILTER 1. Filtr rynnowy, kt\u00f3ry<br \/>\nfiltruje zanieczyszczenia przedostaj\u0105ce si\u0119 przez rynn\u0119 i zapobiega zapychaniu<br \/>\nsi\u0119 rynien.<br \/>\nZestaw zawiera 4 elementy: <\/p>\n<p> obudow\u0119 zewn\u0119trzn\u0105 g\u00f3rn\u0105<br \/>\n obudow\u0119 doln\u0105<br \/>\n filtr wewn\u0119trzny du\u017cy &#8211; filtruje cz\u0105stki du\u017ce<br \/>\n filtr wewn\u0119trzny ma\u0142y &#8211; filtruje cz\u0105stki ma\u0142e<br \/>\nWymiary:<\/p>\n<p> \u015brednica: 13 cm<br \/>\n wysoko\u015b\u0107: 12,5 cm<br \/>\nProdukt jest uniwersalny. Jego prosta konstrukcja zapewnia szybk\u0105 instalacj\u0119<br \/>\ni pozwala na \u0142atwy monta\u017c.<\/p>\n<p> Minimalna \u015brednica rynny: 7,5 cm<br \/>\n Maksymalna \u015brednica rynny: 12 cm<br \/>\nUwaga: monta\u017c filtra wymaga przeci\u0119cia rynny spustowej.<\/p>\n<p>Oczyszczanie filtra odbywa sie poprzez podniesienie obudowy zewn\u0119trznej<br \/>\ng\u00f3rnej.<\/p>\n<p>Rynnowy filtr do wody deszczowej GUTTER FILTER 1. Filtr rynnowy, kt\u00f3ry<br \/>\nfiltruje zanieczyszczenia przedostaj\u0105ce si\u0119 przez rynn\u0119 i zapobiega zapychaniu<br \/>\nsi\u0119 rynien.<br \/>\nZestaw zawiera 4 elementy: <\/p>\n<p> obudow\u0119 zewn\u0119trzn\u0105 g\u00f3rn\u0105<br \/>\n obudow\u0119 doln\u0105<br \/>\n filtr wewn\u0119trzny du\u017cy &#8211; filtruje cz\u0105stki du\u017ce<br \/>\n filtr wewn\u0119trzny ma\u0142y &#8211; filtruje cz\u0105stki ma\u0142e<br \/>\nWymiary:<\/p>\n<p> \u015brednica: 13 cm<br \/>\n wysoko\u015b\u0107: 12,5 cm<br \/>\nProdukt jest uniwersalny. Jego prosta konstrukcja zapewnia szybk\u0105 instalacj\u0119<br \/>\ni pozwala na \u0142atwy monta\u017c.<\/p>\n<p> Minimalna \u015brednica rynny: 7,5 cm<br \/>\n Maksymalna \u015brednica rynny: 12 cm<br \/>\nUwaga: monta\u017c filtra wymaga przeci\u0119cia rynny spustowej.<\/p>\n<p>Oczyszczanie filtra odbywa sie poprzez podniesienie obudowy zewn\u0119trznej<br \/>\ng\u00f3rnej.<\/p>\n","protected":false},"excerpt":{"rendered":"<p>Rynnowy filtr do wody deszczowej GUTTER FILTER 1. Filtr rynnowy, kt\u00f3ry filtruje zanieczyszczenia przedostaj\u0105ce si\u0119 przez rynn\u0119 i zapobiega zapychaniu si\u0119 rynien. Zestaw zawiera 4 elementy: obudow\u0119 zewn\u0119trzn\u0105 g\u00f3rn\u0105 obudow\u0119 doln\u0105 filtr wewn\u0119trzny du\u017cy &#8211; filtruje cz\u0105stki du\u017ce filtr wewn\u0119trzny ma\u0142y &#8211; filtruje cz\u0105stki ma\u0142e Wymiary: \u015brednica: 13 cm wysoko\u015b\u0107: 12,5 cm Produkt jest uniwersalny. &#8230; <a title=\"Filtr do wody deszczowej rynnowy GUTTER FILTER 1\" class=\"read-more\" href=\"https:\/\/admincentral.selleetools.com\/pl\/product\/filtr-do-wody-deszczowej-rynnowy-gutter-filter-1\/\">Read more<span class=\"screen-reader-text\">Filtr do wody deszczowej rynnowy GUTTER FILTER 1<\/span><\/a><\/p>\n","protected":false},"featured_media":673648,"comment_status":"open","ping_status":"closed","template":"","meta":{"_links_to":"","_links_to_target":""},"yoast_head":"<!-- This site is optimized with the Yoast SEO plugin v19.4 - https:\/\/yoast.com\/wordpress\/plugins\/seo\/ -->\n<title>Filtr do wody deszczowej rynnowy GUTTER FILTER 1 - Selleetools.com<\/title>\n<meta name=\"robots\" content=\"index, follow, max-snippet:-1, max-image-preview:large, max-video-preview:-1\" \/>\n<link rel=\"canonical\" href=\"https:\/\/selleetools.com\/pl\/product\/filtr-do-wody-deszczowej-rynnowy-gutter-filter-1\/\" \/>\n<meta property=\"og:locale\" content=\"pl_PL\" \/>\n<meta property=\"og:type\" content=\"article\" \/>\n<meta property=\"og:title\" content=\"Filtr do wody deszczowej rynnowy GUTTER FILTER 1 - Selleetools.com\" \/>\n<meta property=\"og:description\" content=\"Rynnowy filtr do wody deszczowej GUTTER FILTER 1. Filtr rynnowy, kt\u00f3ry filtruje zanieczyszczenia przedostaj\u0105ce si\u0119 przez rynn\u0119 i zapobiega zapychaniu si\u0119 rynien. Zestaw zawiera 4 elementy: obudow\u0119 zewn\u0119trzn\u0105 g\u00f3rn\u0105 obudow\u0119 doln\u0105 filtr wewn\u0119trzny du\u017cy &#8211; filtruje cz\u0105stki du\u017ce filtr wewn\u0119trzny ma\u0142y &#8211; filtruje cz\u0105stki ma\u0142e Wymiary: \u015brednica: 13 cm wysoko\u015b\u0107: 12,5 cm Produkt jest uniwersalny. ... Read moreFiltr do wody deszczowej rynnowy GUTTER FILTER 1\" \/>\n<meta property=\"og:url\" content=\"https:\/\/selleetools.com\/pl\/product\/filtr-do-wody-deszczowej-rynnowy-gutter-filter-1\/\" \/>\n<meta property=\"og:site_name\" content=\"Selleetools.com\" \/>\n<meta property=\"article:modified_time\" content=\"2026-04-18T13:49:45+00:00\" \/>\n<meta property=\"og:image\" content=\"https:\/\/selleetools.com\/wp-content\/uploads\/2026\/02\/accb23a4412fa5c60799d5bba62f69a2.jpg\" \/>\n\t<meta property=\"og:image:width\" content=\"1091\" \/>\n\t<meta property=\"og:image:height\" content=\"2560\" \/>\n\t<meta property=\"og:image:type\" content=\"image\/jpeg\" \/>\n<meta name=\"twitter:card\" content=\"summary_large_image\" \/>\n<meta name=\"twitter:label1\" content=\"Est. reading time\" \/>\n\t<meta name=\"twitter:data1\" content=\"1 minuta\" \/>\n<!-- \/ Yoast SEO plugin. -->","yoast_head_json":{"title":"Filtr do wody deszczowej rynnowy GUTTER FILTER 1 - Selleetools.com","robots":{"index":"index","follow":"follow","max-snippet":"max-snippet:-1","max-image-preview":"max-image-preview:large","max-video-preview":"max-video-preview:-1"},"canonical":"https:\/\/selleetools.com\/pl\/product\/filtr-do-wody-deszczowej-rynnowy-gutter-filter-1\/","og_locale":"pl_PL","og_type":"article","og_title":"Filtr do wody deszczowej rynnowy GUTTER FILTER 1 - Selleetools.com","og_description":"Rynnowy filtr do wody deszczowej GUTTER FILTER 1. Filtr rynnowy, kt\u00f3ry filtruje zanieczyszczenia przedostaj\u0105ce si\u0119 przez rynn\u0119 i zapobiega zapychaniu si\u0119 rynien. Zestaw zawiera 4 elementy: obudow\u0119 zewn\u0119trzn\u0105 g\u00f3rn\u0105 obudow\u0119 doln\u0105 filtr wewn\u0119trzny du\u017cy &#8211; filtruje cz\u0105stki du\u017ce filtr wewn\u0119trzny ma\u0142y &#8211; filtruje cz\u0105stki ma\u0142e Wymiary: \u015brednica: 13 cm wysoko\u015b\u0107: 12,5 cm Produkt jest uniwersalny. ... Read moreFiltr do wody deszczowej rynnowy GUTTER FILTER 1","og_url":"https:\/\/selleetools.com\/pl\/product\/filtr-do-wody-deszczowej-rynnowy-gutter-filter-1\/","og_site_name":"Selleetools.com","article_modified_time":"2026-04-18T13:49:45+00:00","og_image":[{"width":1091,"height":2560,"url":"https:\/\/selleetools.com\/wp-content\/uploads\/2026\/02\/accb23a4412fa5c60799d5bba62f69a2.jpg","type":"image\/jpeg"}],"twitter_card":"summary_large_image","twitter_misc":{"Est. reading time":"1 minuta"},"schema":{"@context":"https:\/\/schema.org","@graph":[{"@type":"Organization","@id":"https:\/\/selleetools.com\/#organization","name":"Selleetools","url":"https:\/\/selleetools.com\/","sameAs":[],"logo":{"@type":"ImageObject","inLanguage":"pl-PL","@id":"https:\/\/selleetools.com\/#\/schema\/logo\/image\/","url":"https:\/\/selleetools.com\/wp-content\/uploads\/2021\/10\/logo-dark.png","contentUrl":"https:\/\/selleetools.com\/wp-content\/uploads\/2021\/10\/logo-dark.png","width":320,"height":76,"caption":"Selleetools"},"image":{"@id":"https:\/\/selleetools.com\/#\/schema\/logo\/image\/"}},{"@type":"WebSite","@id":"https:\/\/selleetools.com\/#website","url":"https:\/\/selleetools.com\/","name":"Selleetools.com","description":"","publisher":{"@id":"https:\/\/selleetools.com\/#organization"},"potentialAction":[{"@type":"SearchAction","target":{"@type":"EntryPoint","urlTemplate":"https:\/\/selleetools.com\/?s={search_term_string}"},"query-input":"required name=search_term_string"}],"inLanguage":"pl-PL"},{"@type":"WebPage","@id":"https:\/\/selleetools.com\/pl\/product\/filtr-do-wody-deszczowej-rynnowy-gutter-filter-1\/","url":"https:\/\/selleetools.com\/pl\/product\/filtr-do-wody-deszczowej-rynnowy-gutter-filter-1\/","name":"Filtr do wody deszczowej rynnowy GUTTER FILTER 1 - Selleetools.com","isPartOf":{"@id":"https:\/\/selleetools.com\/#website"},"datePublished":"2026-02-19T15:11:19+00:00","dateModified":"2026-04-18T13:49:45+00:00","breadcrumb":{"@id":"https:\/\/selleetools.com\/pl\/product\/filtr-do-wody-deszczowej-rynnowy-gutter-filter-1\/#breadcrumb"},"inLanguage":"pl-PL","potentialAction":[{"@type":"ReadAction","target":["https:\/\/selleetools.com\/pl\/product\/filtr-do-wody-deszczowej-rynnowy-gutter-filter-1\/"]}]},{"@type":"BreadcrumbList","@id":"https:\/\/selleetools.com\/pl\/product\/filtr-do-wody-deszczowej-rynnowy-gutter-filter-1\/#breadcrumb","itemListElement":[{"@type":"ListItem","position":1,"name":"Home","item":"https:\/\/selleetools.com\/pl\/"},{"@type":"ListItem","position":2,"name":"Katalog","item":"https:\/\/selleetools.com\/pl\/katalog\/"},{"@type":"ListItem","position":3,"name":"Filtr do wody deszczowej rynnowy GUTTER FILTER 1"}]}]}},"_links":{"self":[{"href":"https:\/\/admincentral.selleetools.com\/pl\/wp-json\/wp\/v2\/product\/673656"}],"collection":[{"href":"https:\/\/admincentral.selleetools.com\/pl\/wp-json\/wp\/v2\/product"}],"about":[{"href":"https:\/\/admincentral.selleetools.com\/pl\/wp-json\/wp\/v2\/types\/product"}],"replies":[{"embeddable":true,"href":"https:\/\/admincentral.selleetools.com\/pl\/wp-json\/wp\/v2\/comments?post=673656"}],"wp:featuredmedia":[{"embeddable":true,"href":"https:\/\/admincentral.selleetools.com\/pl\/wp-json\/wp\/v2\/media\/673648"}],"wp:attachment":[{"href":"https:\/\/admincentral.selleetools.com\/pl\/wp-json\/wp\/v2\/media?parent=673656"}],"curies":[{"name":"wp","href":"https:\/\/api.w.org\/{rel}","templated":true}]}}