{"id":673684,"date":"2026-02-19T16:11:34","date_gmt":"2026-02-19T15:11:34","guid":{"rendered":"https:\/\/selleetools.com\/?post_type=product&#038;p=673684"},"modified":"2026-04-18T15:49:59","modified_gmt":"2026-04-18T13:49:59","slug":"bros-spirale-na-komary-z-dekoracyjna-oslonka-6szt","status":"publish","type":"product","link":"https:\/\/admincentral.selleetools.com\/pl\/product\/bros-spirale-na-komary-z-dekoracyjna-oslonka-6szt\/","title":{"rendered":"BROS Spirale na komary z dekoracyjn\u0105 os\u0142onk\u0105 6szt."},"content":{"rendered":"<section class=\"section\">\n<div class=\"item item-12\">\n<section class=\"text-item\">\n<h1>BROS Spirale na komary z dekoracyjn\u0105 os\u0142onk\u0105 6szt<\/h1>\n<p>\u017barz\u0105ca si\u0119 spirala zapewnia kilkugodzinn\u0105 ochron\u0119 przed r\u00f3\u017cnymi owadami, kt\u00f3re cz\u0119sto dokuczaj\u0105 podczas letnich wieczor\u00f3w. Przeznaczona jest do u\u017cytku na zewn\u0105trz pomieszcze\u0144. Produkt\u00f3w biob\u00f3jczych nale\u017cy u\u017cywa\u0107 z zachowaniem \u015brodk\u00f3w ostro\u017cno\u015bci. Przed ka\u017cdym u\u017cyciem nale\u017cy przeczyta\u0107 etykiet\u0119 i informacje dotycz\u0105ce produktu.<\/p>\n<p>Spirala do zwalczania komar\u00f3w i meszek na terenach otwartych (np. w ogrodzie, na tarasie itp.) Dzia\u0142a b\u00f3jczo ju\u017c po 10 minutach od zastosowania. Jedna sztuka chroni przed owadazmi a\u017c do 8h.<\/p>\n<p><b>Spos\u00f3b u\u017cycia:<\/b>&nbsp;Ostro\u017cnie rozdzieli\u0107 s\u0105siednie spirale zaczynaj\u0105\u0107 od zewn\u0119trznych ko\u0144c\u00f3w. Zdj\u0105\u0107 pokryw\u0119 os\u0142onki i umie\u015bci\u0107 spiral\u0119 na metalowym bolcu podstawki. Zapali\u0107 koniec spirali, a nast\u0119pnie zdmuchn\u0105\u0107 p\u0142omie\u0144 i zostawi\u0107\u017carz\u0105c\u0105 si\u0119 ko\u0144c\u00f3wk\u0119. Wydzielaj\u0105ce si\u0119 opary dzia\u0142aj\u0105 owadob\u00f3jczo.<\/p>\n<p><b>Produkt\u00f3w biob\u00f3jczych nale\u017cy u\u017cywa\u0107 z zachowaniem \u015brodk\u00f3w ostro\u017cno\u015bci. Przed ka\u017cdym u\u017cyciem nale\u017cy przeczyta\u0107 etykiet\u0119 i informacje dotycz\u0105ce produktu.<\/b><\/p>\n<p><b>\u015arodki Ostro\u017cno\u015bci:<\/b> Niebezpiecze\u0144stwo<\/p>\n<ul>\n<li>substancje szkodliwe dla \u015brodowiska wodnego,<\/li>\n<li>chroni\u0107 przed dzie\u0107mi,<\/li>\n<li>nie wdycha\u0107 dymu.<\/li>\n<\/ul>\n<p>Substancja czynna:<\/p>\n<ul>\n<li>praletryna 12 mg\/szt. (0,1 g\/100g)<\/li>\n<\/ul>\n<\/section><\/div>\n<\/section>\n<section class=\"section\">\n<div class=\"item item-12\">\n<section class=\"image-item\"><img src=\"https:\/\/upload.cdn.baselinker.com\/products\/3028621\/3f1eec46c267c4101adaa6d34cc8c2f8.png\"><\/section>\n<\/p><\/div>\n<\/section>\n<section class=\"section\">\n<div class=\"item item-12\">\n<section class=\"image-item\"><img src=\"https:\/\/upload.cdn.baselinker.com\/products\/3028621\/3f1eec46c267c4101adaa6d34cc8c2f8.png\"><\/section>\n<\/p><\/div>\n<\/section>\n","protected":false},"excerpt":{"rendered":"<p>BROS Spirale na komary z dekoracyjn\u0105 os\u0142onk\u0105 6szt \u017barz\u0105ca si\u0119 spirala zapewnia kilkugodzinn\u0105 ochron\u0119 przed r\u00f3\u017cnymi owadami, kt\u00f3re cz\u0119sto dokuczaj\u0105 podczas letnich wieczor\u00f3w. Przeznaczona jest do u\u017cytku na zewn\u0105trz pomieszcze\u0144. Produkt\u00f3w biob\u00f3jczych nale\u017cy u\u017cywa\u0107 z zachowaniem \u015brodk\u00f3w ostro\u017cno\u015bci. Przed ka\u017cdym u\u017cyciem nale\u017cy przeczyta\u0107 etykiet\u0119 i informacje dotycz\u0105ce produktu. Spirala do zwalczania komar\u00f3w i meszek na &#8230; <a title=\"BROS Spirale na komary z dekoracyjn\u0105 os\u0142onk\u0105 6szt.\" class=\"read-more\" href=\"https:\/\/admincentral.selleetools.com\/pl\/product\/bros-spirale-na-komary-z-dekoracyjna-oslonka-6szt\/\">Read more<span class=\"screen-reader-text\">BROS Spirale na komary z dekoracyjn\u0105 os\u0142onk\u0105 6szt.<\/span><\/a><\/p>\n","protected":false},"featured_media":673680,"comment_status":"open","ping_status":"closed","template":"","meta":{"_links_to":"","_links_to_target":""},"yoast_head":"<!-- This site is optimized with the Yoast SEO plugin v19.4 - https:\/\/yoast.com\/wordpress\/plugins\/seo\/ -->\n<title>BROS Spirale na komary z dekoracyjn\u0105 os\u0142onk\u0105 6szt. - Selleetools.com<\/title>\n<meta name=\"robots\" content=\"index, follow, max-snippet:-1, max-image-preview:large, max-video-preview:-1\" \/>\n<link rel=\"canonical\" href=\"https:\/\/selleetools.com\/pl\/product\/bros-spirale-na-komary-z-dekoracyjna-oslonka-6szt\/\" \/>\n<meta property=\"og:locale\" content=\"pl_PL\" \/>\n<meta property=\"og:type\" content=\"article\" \/>\n<meta property=\"og:title\" content=\"BROS Spirale na komary z dekoracyjn\u0105 os\u0142onk\u0105 6szt. - Selleetools.com\" \/>\n<meta property=\"og:description\" content=\"BROS Spirale na komary z dekoracyjn\u0105 os\u0142onk\u0105 6szt \u017barz\u0105ca si\u0119 spirala zapewnia kilkugodzinn\u0105 ochron\u0119 przed r\u00f3\u017cnymi owadami, kt\u00f3re cz\u0119sto dokuczaj\u0105 podczas letnich wieczor\u00f3w. Przeznaczona jest do u\u017cytku na zewn\u0105trz pomieszcze\u0144. Produkt\u00f3w biob\u00f3jczych nale\u017cy u\u017cywa\u0107 z zachowaniem \u015brodk\u00f3w ostro\u017cno\u015bci. Przed ka\u017cdym u\u017cyciem nale\u017cy przeczyta\u0107 etykiet\u0119 i informacje dotycz\u0105ce produktu. Spirala do zwalczania komar\u00f3w i meszek na ... Read moreBROS Spirale na komary z dekoracyjn\u0105 os\u0142onk\u0105 6szt.\" \/>\n<meta property=\"og:url\" content=\"https:\/\/selleetools.com\/pl\/product\/bros-spirale-na-komary-z-dekoracyjna-oslonka-6szt\/\" \/>\n<meta property=\"og:site_name\" content=\"Selleetools.com\" \/>\n<meta property=\"article:modified_time\" content=\"2026-04-18T13:49:59+00:00\" \/>\n<meta property=\"og:image\" content=\"https:\/\/selleetools.com\/wp-content\/uploads\/2026\/02\/3f1eec46c267c4101adaa6d34cc8c2f8.png\" \/>\n\t<meta property=\"og:image:width\" content=\"800\" \/>\n\t<meta property=\"og:image:height\" content=\"786\" \/>\n\t<meta property=\"og:image:type\" content=\"image\/png\" \/>\n<meta name=\"twitter:card\" content=\"summary_large_image\" \/>\n<meta name=\"twitter:label1\" content=\"Est. reading time\" \/>\n\t<meta name=\"twitter:data1\" content=\"1 minuta\" \/>\n<!-- \/ Yoast SEO plugin. -->","yoast_head_json":{"title":"BROS Spirale na komary z dekoracyjn\u0105 os\u0142onk\u0105 6szt. - Selleetools.com","robots":{"index":"index","follow":"follow","max-snippet":"max-snippet:-1","max-image-preview":"max-image-preview:large","max-video-preview":"max-video-preview:-1"},"canonical":"https:\/\/selleetools.com\/pl\/product\/bros-spirale-na-komary-z-dekoracyjna-oslonka-6szt\/","og_locale":"pl_PL","og_type":"article","og_title":"BROS Spirale na komary z dekoracyjn\u0105 os\u0142onk\u0105 6szt. - Selleetools.com","og_description":"BROS Spirale na komary z dekoracyjn\u0105 os\u0142onk\u0105 6szt \u017barz\u0105ca si\u0119 spirala zapewnia kilkugodzinn\u0105 ochron\u0119 przed r\u00f3\u017cnymi owadami, kt\u00f3re cz\u0119sto dokuczaj\u0105 podczas letnich wieczor\u00f3w. Przeznaczona jest do u\u017cytku na zewn\u0105trz pomieszcze\u0144. Produkt\u00f3w biob\u00f3jczych nale\u017cy u\u017cywa\u0107 z zachowaniem \u015brodk\u00f3w ostro\u017cno\u015bci. Przed ka\u017cdym u\u017cyciem nale\u017cy przeczyta\u0107 etykiet\u0119 i informacje dotycz\u0105ce produktu. Spirala do zwalczania komar\u00f3w i meszek na ... Read moreBROS Spirale na komary z dekoracyjn\u0105 os\u0142onk\u0105 6szt.","og_url":"https:\/\/selleetools.com\/pl\/product\/bros-spirale-na-komary-z-dekoracyjna-oslonka-6szt\/","og_site_name":"Selleetools.com","article_modified_time":"2026-04-18T13:49:59+00:00","og_image":[{"width":800,"height":786,"url":"https:\/\/selleetools.com\/wp-content\/uploads\/2026\/02\/3f1eec46c267c4101adaa6d34cc8c2f8.png","type":"image\/png"}],"twitter_card":"summary_large_image","twitter_misc":{"Est. reading time":"1 minuta"},"schema":{"@context":"https:\/\/schema.org","@graph":[{"@type":"Organization","@id":"https:\/\/selleetools.com\/#organization","name":"Selleetools","url":"https:\/\/selleetools.com\/","sameAs":[],"logo":{"@type":"ImageObject","inLanguage":"pl-PL","@id":"https:\/\/selleetools.com\/#\/schema\/logo\/image\/","url":"https:\/\/selleetools.com\/wp-content\/uploads\/2021\/10\/logo-dark.png","contentUrl":"https:\/\/selleetools.com\/wp-content\/uploads\/2021\/10\/logo-dark.png","width":320,"height":76,"caption":"Selleetools"},"image":{"@id":"https:\/\/selleetools.com\/#\/schema\/logo\/image\/"}},{"@type":"WebSite","@id":"https:\/\/selleetools.com\/#website","url":"https:\/\/selleetools.com\/","name":"Selleetools.com","description":"","publisher":{"@id":"https:\/\/selleetools.com\/#organization"},"potentialAction":[{"@type":"SearchAction","target":{"@type":"EntryPoint","urlTemplate":"https:\/\/selleetools.com\/?s={search_term_string}"},"query-input":"required name=search_term_string"}],"inLanguage":"pl-PL"},{"@type":"WebPage","@id":"https:\/\/selleetools.com\/pl\/product\/bros-spirale-na-komary-z-dekoracyjna-oslonka-6szt\/","url":"https:\/\/selleetools.com\/pl\/product\/bros-spirale-na-komary-z-dekoracyjna-oslonka-6szt\/","name":"BROS Spirale na komary z dekoracyjn\u0105 os\u0142onk\u0105 6szt. - Selleetools.com","isPartOf":{"@id":"https:\/\/selleetools.com\/#website"},"datePublished":"2026-02-19T15:11:34+00:00","dateModified":"2026-04-18T13:49:59+00:00","breadcrumb":{"@id":"https:\/\/selleetools.com\/pl\/product\/bros-spirale-na-komary-z-dekoracyjna-oslonka-6szt\/#breadcrumb"},"inLanguage":"pl-PL","potentialAction":[{"@type":"ReadAction","target":["https:\/\/selleetools.com\/pl\/product\/bros-spirale-na-komary-z-dekoracyjna-oslonka-6szt\/"]}]},{"@type":"BreadcrumbList","@id":"https:\/\/selleetools.com\/pl\/product\/bros-spirale-na-komary-z-dekoracyjna-oslonka-6szt\/#breadcrumb","itemListElement":[{"@type":"ListItem","position":1,"name":"Home","item":"https:\/\/selleetools.com\/pl\/"},{"@type":"ListItem","position":2,"name":"Katalog","item":"https:\/\/selleetools.com\/pl\/katalog\/"},{"@type":"ListItem","position":3,"name":"BROS Spirale na komary z dekoracyjn\u0105 os\u0142onk\u0105 6szt."}]}]}},"_links":{"self":[{"href":"https:\/\/admincentral.selleetools.com\/pl\/wp-json\/wp\/v2\/product\/673684"}],"collection":[{"href":"https:\/\/admincentral.selleetools.com\/pl\/wp-json\/wp\/v2\/product"}],"about":[{"href":"https:\/\/admincentral.selleetools.com\/pl\/wp-json\/wp\/v2\/types\/product"}],"replies":[{"embeddable":true,"href":"https:\/\/admincentral.selleetools.com\/pl\/wp-json\/wp\/v2\/comments?post=673684"}],"wp:featuredmedia":[{"embeddable":true,"href":"https:\/\/admincentral.selleetools.com\/pl\/wp-json\/wp\/v2\/media\/673680"}],"wp:attachment":[{"href":"https:\/\/admincentral.selleetools.com\/pl\/wp-json\/wp\/v2\/media?parent=673684"}],"curies":[{"name":"wp","href":"https:\/\/api.w.org\/{rel}","templated":true}]}}