{"id":673720,"date":"2026-02-19T16:11:53","date_gmt":"2026-02-19T15:11:53","guid":{"rendered":"https:\/\/selleetools.com\/?post_type=product&#038;p=673720"},"modified":"2026-04-18T15:50:23","modified_gmt":"2026-04-18T13:50:23","slug":"filtr-do-wody-deszczowej-rynnowy-gutter-filter","status":"publish","type":"product","link":"https:\/\/admincentral.selleetools.com\/pl\/product\/filtr-do-wody-deszczowej-rynnowy-gutter-filter\/","title":{"rendered":"Filtr do wody deszczowej rynnowy GUTTER FILTER"},"content":{"rendered":"<section class=\"section\">\n<div class=\"item item-6\">\n<section class=\"text-item\">\n<h1>Filtr do wody deszczowej rynnowy GUTTER FILTER<\/h1>\n<p>Filtr zewn\u0119trzny, kt\u00f3rego zadaniem jest oczyszczenie wody przedostaj\u0105cej si\u0119 do zbiornika na wod\u0119 deszczow\u0105.<\/p>\n<p><b>Zestaw zawiera 3 elementy:<\/b><\/p>\n<ul>\n<li>Zamykane g\u00f3rne wieczko zbiornika<\/li>\n<li>Sito do opr\u00f3\u017cniania nieczysto\u015bci<\/li>\n<li>Pasje do w\u0119\u017cy rynnowych o \u015brednicy 5 cm<\/li>\n<\/ul>\n<p><b>Filtr jest kompatybilny z zestawem ICANS1. <\/b><\/p>\n<p><b>Produkt nale\u017cy zamontowa\u0107 pomi\u0119dzy \u0142apacz wody a reduktor.<\/b><\/p>\n<p><b>Wymiary:<\/b><\/p>\n<ul>\n<li>wysoko\u015b\u0107: 10,5 cm<\/li>\n<li>\u015brednica wewn\u0119trzna: 6 cm<\/li>\n<li>d\u0142ugo\u015b\u0107: 11 cm<\/li>\n<li>szeroko\u015b\u0107: 6,5 cm<\/li>\n<li>\u015brednica kru\u0107ca wlotowego: 3,4 cm<\/li>\n<li>\u015brednica kru\u0107ca wylotowego: 3,9 cm<\/li>\n<\/ul>\n<\/section><\/div>\n<div class=\"item item-6\">\n<section class=\"image-item\"><img src=\"https:\/\/upload.cdn.baselinker.com\/products\/3028621\/90941526e34e20b8f3a13da64a798349.jpg\"><\/section>\n<\/p><\/div>\n<\/section>\n<section class=\"section\">\n<div class=\"item item-12\">\n<section class=\"text-item\">\n<\/section><\/div>\n<\/section>\n<section class=\"section\">\n<div class=\"item item-6\">\n<section class=\"image-item\"><img src=\"https:\/\/upload.cdn.baselinker.com\/products\/3028621\/c45c4608b0a3aa4992d62e63f5ec14c6.jpg\"><\/section>\n<\/p><\/div>\n<div class=\"item item-6\">\n<section class=\"image-item\"><img src=\"https:\/\/upload.cdn.baselinker.com\/products\/3028621\/ebd85432fd05c85e9d5b015036bc3287.jpg\"><\/section>\n<\/p><\/div>\n<\/section>\n","protected":false},"excerpt":{"rendered":"<p>Filtr do wody deszczowej rynnowy GUTTER FILTER Filtr zewn\u0119trzny, kt\u00f3rego zadaniem jest oczyszczenie wody przedostaj\u0105cej si\u0119 do zbiornika na wod\u0119 deszczow\u0105. Zestaw zawiera 3 elementy: Zamykane g\u00f3rne wieczko zbiornika Sito do opr\u00f3\u017cniania nieczysto\u015bci Pasje do w\u0119\u017cy rynnowych o \u015brednicy 5 cm Filtr jest kompatybilny z zestawem ICANS1. Produkt nale\u017cy zamontowa\u0107 pomi\u0119dzy \u0142apacz wody a reduktor. &#8230; <a title=\"Filtr do wody deszczowej rynnowy GUTTER FILTER\" class=\"read-more\" href=\"https:\/\/admincentral.selleetools.com\/pl\/product\/filtr-do-wody-deszczowej-rynnowy-gutter-filter\/\">Read more<span class=\"screen-reader-text\">Filtr do wody deszczowej rynnowy GUTTER FILTER<\/span><\/a><\/p>\n","protected":false},"featured_media":673712,"comment_status":"open","ping_status":"closed","template":"","meta":{"_links_to":"","_links_to_target":""},"yoast_head":"<!-- This site is optimized with the Yoast SEO plugin v19.4 - https:\/\/yoast.com\/wordpress\/plugins\/seo\/ -->\n<title>Filtr do wody deszczowej rynnowy GUTTER FILTER - Selleetools.com<\/title>\n<meta name=\"robots\" content=\"index, follow, max-snippet:-1, max-image-preview:large, max-video-preview:-1\" \/>\n<link rel=\"canonical\" href=\"https:\/\/selleetools.com\/pl\/product\/filtr-do-wody-deszczowej-rynnowy-gutter-filter\/\" \/>\n<meta property=\"og:locale\" content=\"pl_PL\" \/>\n<meta property=\"og:type\" content=\"article\" \/>\n<meta property=\"og:title\" content=\"Filtr do wody deszczowej rynnowy GUTTER FILTER - Selleetools.com\" \/>\n<meta property=\"og:description\" content=\"Filtr do wody deszczowej rynnowy GUTTER FILTER Filtr zewn\u0119trzny, kt\u00f3rego zadaniem jest oczyszczenie wody przedostaj\u0105cej si\u0119 do zbiornika na wod\u0119 deszczow\u0105. Zestaw zawiera 3 elementy: Zamykane g\u00f3rne wieczko zbiornika Sito do opr\u00f3\u017cniania nieczysto\u015bci Pasje do w\u0119\u017cy rynnowych o \u015brednicy 5 cm Filtr jest kompatybilny z zestawem ICANS1. Produkt nale\u017cy zamontowa\u0107 pomi\u0119dzy \u0142apacz wody a reduktor. ... Read moreFiltr do wody deszczowej rynnowy GUTTER FILTER\" \/>\n<meta property=\"og:url\" content=\"https:\/\/selleetools.com\/pl\/product\/filtr-do-wody-deszczowej-rynnowy-gutter-filter\/\" \/>\n<meta property=\"og:site_name\" content=\"Selleetools.com\" \/>\n<meta property=\"article:modified_time\" content=\"2026-04-18T13:50:23+00:00\" \/>\n<meta property=\"og:image\" content=\"https:\/\/selleetools.com\/wp-content\/uploads\/2026\/02\/90941526e34e20b8f3a13da64a798349.jpg\" \/>\n\t<meta property=\"og:image:width\" content=\"600\" \/>\n\t<meta property=\"og:image:height\" content=\"281\" \/>\n\t<meta property=\"og:image:type\" content=\"image\/jpeg\" \/>\n<meta name=\"twitter:card\" content=\"summary_large_image\" \/>\n<!-- \/ Yoast SEO plugin. -->","yoast_head_json":{"title":"Filtr do wody deszczowej rynnowy GUTTER FILTER - Selleetools.com","robots":{"index":"index","follow":"follow","max-snippet":"max-snippet:-1","max-image-preview":"max-image-preview:large","max-video-preview":"max-video-preview:-1"},"canonical":"https:\/\/selleetools.com\/pl\/product\/filtr-do-wody-deszczowej-rynnowy-gutter-filter\/","og_locale":"pl_PL","og_type":"article","og_title":"Filtr do wody deszczowej rynnowy GUTTER FILTER - Selleetools.com","og_description":"Filtr do wody deszczowej rynnowy GUTTER FILTER Filtr zewn\u0119trzny, kt\u00f3rego zadaniem jest oczyszczenie wody przedostaj\u0105cej si\u0119 do zbiornika na wod\u0119 deszczow\u0105. Zestaw zawiera 3 elementy: Zamykane g\u00f3rne wieczko zbiornika Sito do opr\u00f3\u017cniania nieczysto\u015bci Pasje do w\u0119\u017cy rynnowych o \u015brednicy 5 cm Filtr jest kompatybilny z zestawem ICANS1. Produkt nale\u017cy zamontowa\u0107 pomi\u0119dzy \u0142apacz wody a reduktor. ... Read moreFiltr do wody deszczowej rynnowy GUTTER FILTER","og_url":"https:\/\/selleetools.com\/pl\/product\/filtr-do-wody-deszczowej-rynnowy-gutter-filter\/","og_site_name":"Selleetools.com","article_modified_time":"2026-04-18T13:50:23+00:00","og_image":[{"width":600,"height":281,"url":"https:\/\/selleetools.com\/wp-content\/uploads\/2026\/02\/90941526e34e20b8f3a13da64a798349.jpg","type":"image\/jpeg"}],"twitter_card":"summary_large_image","schema":{"@context":"https:\/\/schema.org","@graph":[{"@type":"Organization","@id":"https:\/\/selleetools.com\/#organization","name":"Selleetools","url":"https:\/\/selleetools.com\/","sameAs":[],"logo":{"@type":"ImageObject","inLanguage":"pl-PL","@id":"https:\/\/selleetools.com\/#\/schema\/logo\/image\/","url":"https:\/\/selleetools.com\/wp-content\/uploads\/2021\/10\/logo-dark.png","contentUrl":"https:\/\/selleetools.com\/wp-content\/uploads\/2021\/10\/logo-dark.png","width":320,"height":76,"caption":"Selleetools"},"image":{"@id":"https:\/\/selleetools.com\/#\/schema\/logo\/image\/"}},{"@type":"WebSite","@id":"https:\/\/selleetools.com\/#website","url":"https:\/\/selleetools.com\/","name":"Selleetools.com","description":"","publisher":{"@id":"https:\/\/selleetools.com\/#organization"},"potentialAction":[{"@type":"SearchAction","target":{"@type":"EntryPoint","urlTemplate":"https:\/\/selleetools.com\/?s={search_term_string}"},"query-input":"required name=search_term_string"}],"inLanguage":"pl-PL"},{"@type":"WebPage","@id":"https:\/\/selleetools.com\/pl\/product\/filtr-do-wody-deszczowej-rynnowy-gutter-filter\/","url":"https:\/\/selleetools.com\/pl\/product\/filtr-do-wody-deszczowej-rynnowy-gutter-filter\/","name":"Filtr do wody deszczowej rynnowy GUTTER FILTER - Selleetools.com","isPartOf":{"@id":"https:\/\/selleetools.com\/#website"},"datePublished":"2026-02-19T15:11:53+00:00","dateModified":"2026-04-18T13:50:23+00:00","breadcrumb":{"@id":"https:\/\/selleetools.com\/pl\/product\/filtr-do-wody-deszczowej-rynnowy-gutter-filter\/#breadcrumb"},"inLanguage":"pl-PL","potentialAction":[{"@type":"ReadAction","target":["https:\/\/selleetools.com\/pl\/product\/filtr-do-wody-deszczowej-rynnowy-gutter-filter\/"]}]},{"@type":"BreadcrumbList","@id":"https:\/\/selleetools.com\/pl\/product\/filtr-do-wody-deszczowej-rynnowy-gutter-filter\/#breadcrumb","itemListElement":[{"@type":"ListItem","position":1,"name":"Home","item":"https:\/\/selleetools.com\/pl\/"},{"@type":"ListItem","position":2,"name":"Katalog","item":"https:\/\/selleetools.com\/pl\/katalog\/"},{"@type":"ListItem","position":3,"name":"Filtr do wody deszczowej rynnowy GUTTER FILTER"}]}]}},"_links":{"self":[{"href":"https:\/\/admincentral.selleetools.com\/pl\/wp-json\/wp\/v2\/product\/673720"}],"collection":[{"href":"https:\/\/admincentral.selleetools.com\/pl\/wp-json\/wp\/v2\/product"}],"about":[{"href":"https:\/\/admincentral.selleetools.com\/pl\/wp-json\/wp\/v2\/types\/product"}],"replies":[{"embeddable":true,"href":"https:\/\/admincentral.selleetools.com\/pl\/wp-json\/wp\/v2\/comments?post=673720"}],"wp:featuredmedia":[{"embeddable":true,"href":"https:\/\/admincentral.selleetools.com\/pl\/wp-json\/wp\/v2\/media\/673712"}],"wp:attachment":[{"href":"https:\/\/admincentral.selleetools.com\/pl\/wp-json\/wp\/v2\/media?parent=673720"}],"curies":[{"name":"wp","href":"https:\/\/api.w.org\/{rel}","templated":true}]}}