{"id":673733,"date":"2026-02-19T16:11:59","date_gmt":"2026-02-19T15:11:59","guid":{"rendered":"https:\/\/selleetools.com\/?post_type=product&#038;p=673733"},"modified":"2026-04-18T15:50:30","modified_gmt":"2026-04-18T13:50:30","slug":"lopata-do-sniegu-ergospecial","status":"publish","type":"product","link":"https:\/\/admincentral.selleetools.com\/pl\/product\/lopata-do-sniegu-ergospecial\/","title":{"rendered":"\u0141opata do \u015bniegu ERGOSPECIAL"},"content":{"rendered":"<section class=\"section\">\n<div class=\"item item-6\">\n<section class=\"text-item\">\n<h2>\u0141opata do \u015bniegu ERGOSPECIAL<\/h2>\n<p><b>Specyfikacja:<\/b><\/p>\n<ul>\n<li>D\u0142ugo\u015b\u0107 ca\u0142kowita &#8211; 153,5 cm<\/li>\n<li>Szeroko\u015b\u0107 szufli &#8211; 55 cm<\/li>\n<li>G\u0142\u0119boko\u015b\u0107 szufli &#8211; 38 cm<\/li>\n<li>Materia\u0142 szufli &#8211; tworzywo sztuczne<\/li>\n<li>Materia\u0142 sztyla &#8211; aluminium<\/li>\n<li>Okucie szufli &#8211; aluminiowa listwa<\/li>\n<\/ul>\n<p><b>Zestaw zawiera:<\/b><\/p>\n<ol>\n<li>Szufl\u0119<\/li>\n<li>Stel<\/li>\n<\/ol>\n<p><b>Zalety<\/b><\/p>\n<ul>\n<li>okucie aluminiowe u\u0142atwia prowadzenie \u0142opaty po r\u00f3\u017cnych nawierzchniach zapobiegaj\u0105c jednocze\u015bnie blokowaniu si\u0119 o nier\u00f3wno\u015bci<\/li>\n<li>wysoka wydajno\u015b\u0107 pracy<\/li>\n<li>mrozoodpora<\/li>\n<li>pojemna szufla<\/li>\n<li>ergonomiczny uchwyt<\/li>\n<\/ul>\n<\/section><\/div>\n<div class=\"item item-6\">\n<section class=\"image-item\">\n            <img src=\"https:\/\/upload.cdn.baselinker.com\/products\/3028621\/41aed9325754cf731a0844fd679e476b.jpg\" \/><br \/>\n        <\/section>\n<\/p><\/div>\n<\/section>\n<section class=\"section\">\n<div class=\"item item-12\">\n<section class=\"text-item\">\n<p>Zaawansowana konstrukcyjnie \u0142opata profesjonalnej serii &#8220;Expert&#8221; to produkt z najwy\u017cszej p\u00f3\u0142ki. Dla fachowc\u00f3w to jeden z najwydajniejszych i najwygodniejszych narz\u0119dzi jakie mo\u017cna spotka\u0107 na rynku. Kraw\u0119d\u017a du\u017cej, pojemnej szufli zbroi aluminiowa listwa. Sztyl wygi\u0119ty w spos\u00f3b, kt\u00f3ry pozwala na obni\u017cenie \u015brodka ci\u0119\u017cko\u015bci za\u0142adowanej \u0142opaty dodatkowo zaopatrzony w gumow\u0105, atermiczn\u0105 otulin\u0119 zapobiegaj\u0105c\u0105 efektowi przymarzania d\u0142oni. Szeroki, wygodny uchwyt. Te cechy czyni\u0105 z tej \u0142opaty niezawodne i komfortowe narz\u0119dzie na ka\u017cde warunki. Dzi\u0119ki specjalnej konstrukcji tzw. &#8220;UNIPACK SYSTEM&#8221; pozwala na wydajne pakowanie (nawet dwukrotnie g\u0119\u015bciej) na zasadzie &#8220;\u0142y\u017ceczek&#8221; &#8211; jedna w drug\u0105, obni\u017caj\u0105c koszty transportu i przechowywania.<\/p>\n<\/section><\/div>\n<\/section>\n","protected":false},"excerpt":{"rendered":"<p>\u0141opata do \u015bniegu ERGOSPECIAL Specyfikacja: D\u0142ugo\u015b\u0107 ca\u0142kowita &#8211; 153,5 cm Szeroko\u015b\u0107 szufli &#8211; 55 cm G\u0142\u0119boko\u015b\u0107 szufli &#8211; 38 cm Materia\u0142 szufli &#8211; tworzywo sztuczne Materia\u0142 sztyla &#8211; aluminium Okucie szufli &#8211; aluminiowa listwa Zestaw zawiera: Szufl\u0119 Stel Zalety okucie aluminiowe u\u0142atwia prowadzenie \u0142opaty po r\u00f3\u017cnych nawierzchniach zapobiegaj\u0105c jednocze\u015bnie blokowaniu si\u0119 o nier\u00f3wno\u015bci wysoka wydajno\u015b\u0107 &#8230; <a title=\"\u0141opata do \u015bniegu ERGOSPECIAL\" class=\"read-more\" href=\"https:\/\/admincentral.selleetools.com\/pl\/product\/lopata-do-sniegu-ergospecial\/\">Read more<span class=\"screen-reader-text\">\u0141opata do \u015bniegu ERGOSPECIAL<\/span><\/a><\/p>\n","protected":false},"featured_media":673721,"comment_status":"open","ping_status":"closed","template":"","meta":{"_links_to":"","_links_to_target":""},"yoast_head":"<!-- This site is optimized with the Yoast SEO plugin v19.4 - https:\/\/yoast.com\/wordpress\/plugins\/seo\/ -->\n<title>\u0141opata do \u015bniegu ERGOSPECIAL - Selleetools.com<\/title>\n<meta name=\"robots\" content=\"index, follow, max-snippet:-1, max-image-preview:large, max-video-preview:-1\" \/>\n<link rel=\"canonical\" href=\"https:\/\/selleetools.com\/pl\/product\/lopata-do-sniegu-ergospecial\/\" \/>\n<meta property=\"og:locale\" content=\"pl_PL\" \/>\n<meta property=\"og:type\" content=\"article\" \/>\n<meta property=\"og:title\" content=\"\u0141opata do \u015bniegu ERGOSPECIAL - Selleetools.com\" \/>\n<meta property=\"og:description\" content=\"\u0141opata do \u015bniegu ERGOSPECIAL Specyfikacja: D\u0142ugo\u015b\u0107 ca\u0142kowita &#8211; 153,5 cm Szeroko\u015b\u0107 szufli &#8211; 55 cm G\u0142\u0119boko\u015b\u0107 szufli &#8211; 38 cm Materia\u0142 szufli &#8211; tworzywo sztuczne Materia\u0142 sztyla &#8211; aluminium Okucie szufli &#8211; aluminiowa listwa Zestaw zawiera: Szufl\u0119 Stel Zalety okucie aluminiowe u\u0142atwia prowadzenie \u0142opaty po r\u00f3\u017cnych nawierzchniach zapobiegaj\u0105c jednocze\u015bnie blokowaniu si\u0119 o nier\u00f3wno\u015bci wysoka wydajno\u015b\u0107 ... Read more\u0141opata do \u015bniegu ERGOSPECIAL\" \/>\n<meta property=\"og:url\" content=\"https:\/\/selleetools.com\/pl\/product\/lopata-do-sniegu-ergospecial\/\" \/>\n<meta property=\"og:site_name\" content=\"Selleetools.com\" \/>\n<meta property=\"article:modified_time\" content=\"2026-04-18T13:50:30+00:00\" \/>\n<meta property=\"og:image\" content=\"https:\/\/selleetools.com\/wp-content\/uploads\/2026\/02\/41aed9325754cf731a0844fd679e476b.jpg\" \/>\n\t<meta property=\"og:image:width\" content=\"472\" \/>\n\t<meta property=\"og:image:height\" content=\"759\" \/>\n\t<meta property=\"og:image:type\" content=\"image\/jpeg\" \/>\n<meta name=\"twitter:card\" content=\"summary_large_image\" \/>\n<meta name=\"twitter:label1\" content=\"Est. reading time\" \/>\n\t<meta name=\"twitter:data1\" content=\"1 minuta\" \/>\n<!-- \/ Yoast SEO plugin. -->","yoast_head_json":{"title":"\u0141opata do \u015bniegu ERGOSPECIAL - Selleetools.com","robots":{"index":"index","follow":"follow","max-snippet":"max-snippet:-1","max-image-preview":"max-image-preview:large","max-video-preview":"max-video-preview:-1"},"canonical":"https:\/\/selleetools.com\/pl\/product\/lopata-do-sniegu-ergospecial\/","og_locale":"pl_PL","og_type":"article","og_title":"\u0141opata do \u015bniegu ERGOSPECIAL - Selleetools.com","og_description":"\u0141opata do \u015bniegu ERGOSPECIAL Specyfikacja: D\u0142ugo\u015b\u0107 ca\u0142kowita &#8211; 153,5 cm Szeroko\u015b\u0107 szufli &#8211; 55 cm G\u0142\u0119boko\u015b\u0107 szufli &#8211; 38 cm Materia\u0142 szufli &#8211; tworzywo sztuczne Materia\u0142 sztyla &#8211; aluminium Okucie szufli &#8211; aluminiowa listwa Zestaw zawiera: Szufl\u0119 Stel Zalety okucie aluminiowe u\u0142atwia prowadzenie \u0142opaty po r\u00f3\u017cnych nawierzchniach zapobiegaj\u0105c jednocze\u015bnie blokowaniu si\u0119 o nier\u00f3wno\u015bci wysoka wydajno\u015b\u0107 ... Read more\u0141opata do \u015bniegu ERGOSPECIAL","og_url":"https:\/\/selleetools.com\/pl\/product\/lopata-do-sniegu-ergospecial\/","og_site_name":"Selleetools.com","article_modified_time":"2026-04-18T13:50:30+00:00","og_image":[{"width":472,"height":759,"url":"https:\/\/selleetools.com\/wp-content\/uploads\/2026\/02\/41aed9325754cf731a0844fd679e476b.jpg","type":"image\/jpeg"}],"twitter_card":"summary_large_image","twitter_misc":{"Est. reading time":"1 minuta"},"schema":{"@context":"https:\/\/schema.org","@graph":[{"@type":"Organization","@id":"https:\/\/selleetools.com\/#organization","name":"Selleetools","url":"https:\/\/selleetools.com\/","sameAs":[],"logo":{"@type":"ImageObject","inLanguage":"pl-PL","@id":"https:\/\/selleetools.com\/#\/schema\/logo\/image\/","url":"https:\/\/selleetools.com\/wp-content\/uploads\/2021\/10\/logo-dark.png","contentUrl":"https:\/\/selleetools.com\/wp-content\/uploads\/2021\/10\/logo-dark.png","width":320,"height":76,"caption":"Selleetools"},"image":{"@id":"https:\/\/selleetools.com\/#\/schema\/logo\/image\/"}},{"@type":"WebSite","@id":"https:\/\/selleetools.com\/#website","url":"https:\/\/selleetools.com\/","name":"Selleetools.com","description":"","publisher":{"@id":"https:\/\/selleetools.com\/#organization"},"potentialAction":[{"@type":"SearchAction","target":{"@type":"EntryPoint","urlTemplate":"https:\/\/selleetools.com\/?s={search_term_string}"},"query-input":"required name=search_term_string"}],"inLanguage":"pl-PL"},{"@type":"WebPage","@id":"https:\/\/selleetools.com\/pl\/product\/lopata-do-sniegu-ergospecial\/","url":"https:\/\/selleetools.com\/pl\/product\/lopata-do-sniegu-ergospecial\/","name":"\u0141opata do \u015bniegu ERGOSPECIAL - Selleetools.com","isPartOf":{"@id":"https:\/\/selleetools.com\/#website"},"datePublished":"2026-02-19T15:11:59+00:00","dateModified":"2026-04-18T13:50:30+00:00","breadcrumb":{"@id":"https:\/\/selleetools.com\/pl\/product\/lopata-do-sniegu-ergospecial\/#breadcrumb"},"inLanguage":"pl-PL","potentialAction":[{"@type":"ReadAction","target":["https:\/\/selleetools.com\/pl\/product\/lopata-do-sniegu-ergospecial\/"]}]},{"@type":"BreadcrumbList","@id":"https:\/\/selleetools.com\/pl\/product\/lopata-do-sniegu-ergospecial\/#breadcrumb","itemListElement":[{"@type":"ListItem","position":1,"name":"Home","item":"https:\/\/selleetools.com\/pl\/"},{"@type":"ListItem","position":2,"name":"Katalog","item":"https:\/\/selleetools.com\/pl\/katalog\/"},{"@type":"ListItem","position":3,"name":"\u0141opata do \u015bniegu ERGOSPECIAL"}]}]}},"_links":{"self":[{"href":"https:\/\/admincentral.selleetools.com\/pl\/wp-json\/wp\/v2\/product\/673733"}],"collection":[{"href":"https:\/\/admincentral.selleetools.com\/pl\/wp-json\/wp\/v2\/product"}],"about":[{"href":"https:\/\/admincentral.selleetools.com\/pl\/wp-json\/wp\/v2\/types\/product"}],"replies":[{"embeddable":true,"href":"https:\/\/admincentral.selleetools.com\/pl\/wp-json\/wp\/v2\/comments?post=673733"}],"wp:featuredmedia":[{"embeddable":true,"href":"https:\/\/admincentral.selleetools.com\/pl\/wp-json\/wp\/v2\/media\/673721"}],"wp:attachment":[{"href":"https:\/\/admincentral.selleetools.com\/pl\/wp-json\/wp\/v2\/media?parent=673733"}],"curies":[{"name":"wp","href":"https:\/\/api.w.org\/{rel}","templated":true}]}}