{"id":673759,"date":"2026-02-19T16:12:11","date_gmt":"2026-02-19T15:12:11","guid":{"rendered":"https:\/\/selleetools.com\/?post_type=product&#038;p=673759"},"modified":"2026-04-18T10:34:14","modified_gmt":"2026-04-18T08:34:14","slug":"slizg-jabluszko-free-czerwony","status":"publish","type":"product","link":"https:\/\/admincentral.selleetools.com\/pl\/product\/slizg-jabluszko-free-czerwony\/","title":{"rendered":"\u015alizg jab\u0142uszko FREE | Czerwony"},"content":{"rendered":"<section class=\"section\">\n<div class=\"item item-12\">\n<section class=\"text-item\">\n<h1>\u015alizg jab\u0142uszko FREE &#8211; Czerwony<\/h1>\n<p>Doskona\u0142y \u015blizg dla dzieci. Rozpoznawalna, przyjazna dla oka forma jab\u0142uszka. Prosta i elastyczna, z przet\u0142oczeniem gwarantuj\u0105cym dobry kontakt z cia\u0142em :). Ze wzgl\u0119du na kompaktowe rozmiary \u015bwietnie nadaje si\u0119 nawet dla ma\u0142ych dzieci. Posiada certyfikat CE. Doskonale si\u0119 pakuje. Produkt dla dzieci powy\u017cej 3 lat.<\/p>\n<p><b>Specyfikacja:<\/b><\/p>\n<ul>\n<li>d\u0142ugo\u015b\u0107 &#8211; 46,5cm<\/li>\n<li>szeroko\u015b\u0107 &#8211; 33,5cm<\/li>\n<li>wysoko\u015b\u0107 &#8211; 15cm<\/li>\n<li>materia\u0142 &#8211; tworzywo sztuczne<\/li>\n<li>Produkt polski<\/li>\n<li>Producent &#8211; Prosperplast<\/li>\n<\/ul>\n<\/p>\n<\/section><\/div>\n<\/section>\n<section class=\"section\">\n<div class=\"item item-12\">\n<section class=\"image-item\">\n            <img src=\"https:\/\/upload.cdn.baselinker.com\/products\/3028621\/8452db6917a1379b7443adbbc7741392.jpg\" \/><br \/>\n        <\/section>\n<\/p><\/div>\n<\/section>\n","protected":false},"excerpt":{"rendered":"<p>\u015alizg jab\u0142uszko FREE &#8211; Czerwony Doskona\u0142y \u015blizg dla dzieci. Rozpoznawalna, przyjazna dla oka forma jab\u0142uszka. Prosta i elastyczna, z przet\u0142oczeniem gwarantuj\u0105cym dobry kontakt z cia\u0142em :). Ze wzgl\u0119du na kompaktowe rozmiary \u015bwietnie nadaje si\u0119 nawet dla ma\u0142ych dzieci. Posiada certyfikat CE. Doskonale si\u0119 pakuje. Produkt dla dzieci powy\u017cej 3 lat. Specyfikacja: d\u0142ugo\u015b\u0107 &#8211; 46,5cm szeroko\u015b\u0107 &#8230; <a title=\"\u015alizg jab\u0142uszko FREE | Czerwony\" class=\"read-more\" href=\"https:\/\/admincentral.selleetools.com\/pl\/product\/slizg-jabluszko-free-czerwony\/\">Read more<span class=\"screen-reader-text\">\u015alizg jab\u0142uszko FREE | Czerwony<\/span><\/a><\/p>\n","protected":false},"featured_media":673745,"comment_status":"open","ping_status":"closed","template":"","meta":{"_links_to":"","_links_to_target":""},"yoast_head":"<!-- This site is optimized with the Yoast SEO plugin v19.4 - https:\/\/yoast.com\/wordpress\/plugins\/seo\/ -->\n<title>\u015alizg jab\u0142uszko FREE | Czerwony - Selleetools.com<\/title>\n<meta name=\"robots\" content=\"index, follow, max-snippet:-1, max-image-preview:large, max-video-preview:-1\" \/>\n<link rel=\"canonical\" href=\"https:\/\/selleetools.com\/pl\/product\/slizg-jabluszko-free-czerwony\/\" \/>\n<meta property=\"og:locale\" content=\"pl_PL\" \/>\n<meta property=\"og:type\" content=\"article\" \/>\n<meta property=\"og:title\" content=\"\u015alizg jab\u0142uszko FREE | Czerwony - Selleetools.com\" \/>\n<meta property=\"og:description\" content=\"\u015alizg jab\u0142uszko FREE &#8211; Czerwony Doskona\u0142y \u015blizg dla dzieci. Rozpoznawalna, przyjazna dla oka forma jab\u0142uszka. Prosta i elastyczna, z przet\u0142oczeniem gwarantuj\u0105cym dobry kontakt z cia\u0142em :). Ze wzgl\u0119du na kompaktowe rozmiary \u015bwietnie nadaje si\u0119 nawet dla ma\u0142ych dzieci. Posiada certyfikat CE. Doskonale si\u0119 pakuje. Produkt dla dzieci powy\u017cej 3 lat. Specyfikacja: d\u0142ugo\u015b\u0107 &#8211; 46,5cm szeroko\u015b\u0107 ... Read more\u015alizg jab\u0142uszko FREE | Czerwony\" \/>\n<meta property=\"og:url\" content=\"https:\/\/selleetools.com\/pl\/product\/slizg-jabluszko-free-czerwony\/\" \/>\n<meta property=\"og:site_name\" content=\"Selleetools.com\" \/>\n<meta property=\"article:modified_time\" content=\"2026-04-18T08:34:14+00:00\" \/>\n<meta property=\"og:image\" content=\"https:\/\/selleetools.com\/wp-content\/uploads\/2026\/02\/8452db6917a1379b7443adbbc7741392.jpg\" \/>\n\t<meta property=\"og:image:width\" content=\"800\" \/>\n\t<meta property=\"og:image:height\" content=\"600\" \/>\n\t<meta property=\"og:image:type\" content=\"image\/jpeg\" \/>\n<meta name=\"twitter:card\" content=\"summary_large_image\" \/>\n<!-- \/ Yoast SEO plugin. -->","yoast_head_json":{"title":"\u015alizg jab\u0142uszko FREE | Czerwony - Selleetools.com","robots":{"index":"index","follow":"follow","max-snippet":"max-snippet:-1","max-image-preview":"max-image-preview:large","max-video-preview":"max-video-preview:-1"},"canonical":"https:\/\/selleetools.com\/pl\/product\/slizg-jabluszko-free-czerwony\/","og_locale":"pl_PL","og_type":"article","og_title":"\u015alizg jab\u0142uszko FREE | Czerwony - Selleetools.com","og_description":"\u015alizg jab\u0142uszko FREE &#8211; Czerwony Doskona\u0142y \u015blizg dla dzieci. Rozpoznawalna, przyjazna dla oka forma jab\u0142uszka. Prosta i elastyczna, z przet\u0142oczeniem gwarantuj\u0105cym dobry kontakt z cia\u0142em :). Ze wzgl\u0119du na kompaktowe rozmiary \u015bwietnie nadaje si\u0119 nawet dla ma\u0142ych dzieci. Posiada certyfikat CE. Doskonale si\u0119 pakuje. Produkt dla dzieci powy\u017cej 3 lat. Specyfikacja: d\u0142ugo\u015b\u0107 &#8211; 46,5cm szeroko\u015b\u0107 ... Read more\u015alizg jab\u0142uszko FREE | Czerwony","og_url":"https:\/\/selleetools.com\/pl\/product\/slizg-jabluszko-free-czerwony\/","og_site_name":"Selleetools.com","article_modified_time":"2026-04-18T08:34:14+00:00","og_image":[{"width":800,"height":600,"url":"https:\/\/selleetools.com\/wp-content\/uploads\/2026\/02\/8452db6917a1379b7443adbbc7741392.jpg","type":"image\/jpeg"}],"twitter_card":"summary_large_image","schema":{"@context":"https:\/\/schema.org","@graph":[{"@type":"Organization","@id":"https:\/\/selleetools.com\/#organization","name":"Selleetools","url":"https:\/\/selleetools.com\/","sameAs":[],"logo":{"@type":"ImageObject","inLanguage":"pl-PL","@id":"https:\/\/selleetools.com\/#\/schema\/logo\/image\/","url":"https:\/\/selleetools.com\/wp-content\/uploads\/2021\/10\/logo-dark.png","contentUrl":"https:\/\/selleetools.com\/wp-content\/uploads\/2021\/10\/logo-dark.png","width":320,"height":76,"caption":"Selleetools"},"image":{"@id":"https:\/\/selleetools.com\/#\/schema\/logo\/image\/"}},{"@type":"WebSite","@id":"https:\/\/selleetools.com\/#website","url":"https:\/\/selleetools.com\/","name":"Selleetools.com","description":"","publisher":{"@id":"https:\/\/selleetools.com\/#organization"},"potentialAction":[{"@type":"SearchAction","target":{"@type":"EntryPoint","urlTemplate":"https:\/\/selleetools.com\/?s={search_term_string}"},"query-input":"required name=search_term_string"}],"inLanguage":"pl-PL"},{"@type":"WebPage","@id":"https:\/\/selleetools.com\/pl\/product\/slizg-jabluszko-free-czerwony\/","url":"https:\/\/selleetools.com\/pl\/product\/slizg-jabluszko-free-czerwony\/","name":"\u015alizg jab\u0142uszko FREE | Czerwony - Selleetools.com","isPartOf":{"@id":"https:\/\/selleetools.com\/#website"},"datePublished":"2026-02-19T15:12:11+00:00","dateModified":"2026-04-18T08:34:14+00:00","breadcrumb":{"@id":"https:\/\/selleetools.com\/pl\/product\/slizg-jabluszko-free-czerwony\/#breadcrumb"},"inLanguage":"pl-PL","potentialAction":[{"@type":"ReadAction","target":["https:\/\/selleetools.com\/pl\/product\/slizg-jabluszko-free-czerwony\/"]}]},{"@type":"BreadcrumbList","@id":"https:\/\/selleetools.com\/pl\/product\/slizg-jabluszko-free-czerwony\/#breadcrumb","itemListElement":[{"@type":"ListItem","position":1,"name":"Home","item":"https:\/\/selleetools.com\/pl\/"},{"@type":"ListItem","position":2,"name":"Katalog","item":"https:\/\/selleetools.com\/pl\/katalog\/"},{"@type":"ListItem","position":3,"name":"\u015alizg jab\u0142uszko FREE | Czerwony"}]}]}},"_links":{"self":[{"href":"https:\/\/admincentral.selleetools.com\/pl\/wp-json\/wp\/v2\/product\/673759"}],"collection":[{"href":"https:\/\/admincentral.selleetools.com\/pl\/wp-json\/wp\/v2\/product"}],"about":[{"href":"https:\/\/admincentral.selleetools.com\/pl\/wp-json\/wp\/v2\/types\/product"}],"replies":[{"embeddable":true,"href":"https:\/\/admincentral.selleetools.com\/pl\/wp-json\/wp\/v2\/comments?post=673759"}],"wp:featuredmedia":[{"embeddable":true,"href":"https:\/\/admincentral.selleetools.com\/pl\/wp-json\/wp\/v2\/media\/673745"}],"wp:attachment":[{"href":"https:\/\/admincentral.selleetools.com\/pl\/wp-json\/wp\/v2\/media?parent=673759"}],"curies":[{"name":"wp","href":"https:\/\/api.w.org\/{rel}","templated":true}]}}