{"id":673911,"date":"2026-02-19T16:13:13","date_gmt":"2026-02-19T15:13:13","guid":{"rendered":"https:\/\/selleetools.com\/?post_type=product&#038;p=673911"},"modified":"2026-04-09T17:44:24","modified_gmt":"2026-04-09T15:44:24","slug":"skrzynka-balkonowa-ratolla-z-podstawka-isr800p-antracyt","status":"publish","type":"product","link":"https:\/\/admincentral.selleetools.com\/pl\/product\/skrzynka-balkonowa-ratolla-z-podstawka-isr800p-antracyt\/","title":{"rendered":"Skrzynka balkonowa Ratolla z podstawk\u0105 ISR800P | Antracyt"},"content":{"rendered":"<section class=\"section\">\n<div class=\"item item-12\">\n<section class=\"text-item\">\n<h1>Skrzynka balkonowa ratanowa Ratolla ISR800P &#8211; Antracyt<\/h1>\n<p><b>Specyfikacja:<\/b><\/p>\n<ul>\n<li>d\u0142ugo\u015b\u0107 g\u00f3ra &#8211;\u00a079 cm<\/li>\n<li>d\u0142ugo\u015b\u0107 podstawa &#8211; 73 cm<\/li>\n<li>szeroko\u015b\u0107 g\u00f3ry &#8211; 16 cm<\/li>\n<li>szeroko\u015b\u0107 podstawy &#8211; 12 cm<\/li>\n<li>wysoko\u015b\u0107 &#8211; 15 cm<\/li>\n<li>pojemno\u015b\u0107 &#8211; 13,5 l<\/li>\n<li>materia\u0142 &#8211; tworzywo sztuczne<\/li>\n<\/ul>\n<p><b>Zestaw zawiera:<\/b><\/p>\n<ul>\n<li>doniczk\u0119 RATOLLA<\/li>\n<li>podstawk\u0119<\/li>\n<\/ul>\n<p><b>Mo\u017cemy je umie\u015bci\u0107:<\/b><\/p>\n<ul>\n<li>w domu<\/li>\n<li>przestronnym wn\u0119trzu<\/li>\n<li>na tarasie<\/li>\n<li>na balkonie<\/li>\n<li>w ogrodzie<\/li>\n<\/ul>\n<\/section><\/div>\n<\/section>\n<section class=\"section\">\n<div class=\"item item-12\">\n<section class=\"text-item\">\n<p>Pod\u0142u\u017cna doniczka balkonowa RATOLLA o fakturze wiernie imituj\u0105cej plecionk\u0119 z naturalnego rattanu, pozwala kreowa\u0107 pi\u0119kne unikatowe wn\u0119trza i bez ogranicze\u0144 aran\u017cowa\u0107 przestrze\u0144 wok\u00f3\u0142 domu. Dzi\u0119ki klasycznej, czystej formie nadaje si\u0119 do wszystkich pomieszcze\u0144, godz\u0105c r\u00f3\u017cne style i upodobania. Jej funkcjonalno\u015b\u0107 wyra\u017ca si\u0119 przede wszystkim w komforcie u\u017cytkowania bez wzgl\u0119du na aur\u0119.<\/p>\n<\/section><\/div>\n<\/section>\n<section class=\"section\">\n<div class=\"item item-12\">\n<section class=\"image-item\"><img src=\"https:\/\/upload.cdn.baselinker.com\/products\/3028621\/800f366321d3a5fe11536893ca3ebe83.jpg\"><\/section>\n<\/p><\/div>\n<\/section>\n<section class=\"section\">\n<div class=\"item item-6\">\n<section class=\"image-item\"><img src=\"https:\/\/upload.cdn.baselinker.com\/products\/3028621\/c7c6a3dc8487cf16f8b3d96c6c83190d.jpg\"><\/section>\n<\/p><\/div>\n<div class=\"item item-6\">\n<section class=\"image-item\"><img src=\"https:\/\/upload.cdn.baselinker.com\/products\/3028621\/20c60bf8b9e586c17d8eddf2355f245e.jpg\"><\/section>\n<\/p><\/div>\n<\/section>\n<section class=\"section\">\n<div class=\"item item-6\">\n<section class=\"text-item\">\n<p><b>Producent:<\/b><\/p>\n<\/section><\/div>\n<div class=\"item item-6\">\n<section class=\"image-item\"><img src=\"https:\/\/upload.cdn.baselinker.com\/products\/3028621\/c58ab015ae9defd589079a3301b0f720.jpg\"><\/section>\n<\/p><\/div>\n<\/section>\n","protected":false},"excerpt":{"rendered":"<p>Skrzynka balkonowa ratanowa Ratolla ISR800P &#8211; Antracyt Specyfikacja: d\u0142ugo\u015b\u0107 g\u00f3ra &#8211;\u00a079 cm d\u0142ugo\u015b\u0107 podstawa &#8211; 73 cm szeroko\u015b\u0107 g\u00f3ry &#8211; 16 cm szeroko\u015b\u0107 podstawy &#8211; 12 cm wysoko\u015b\u0107 &#8211; 15 cm pojemno\u015b\u0107 &#8211; 13,5 l materia\u0142 &#8211; tworzywo sztuczne Zestaw zawiera: doniczk\u0119 RATOLLA podstawk\u0119 Mo\u017cemy je umie\u015bci\u0107: w domu przestronnym wn\u0119trzu na tarasie na balkonie &#8230; <a title=\"Skrzynka balkonowa Ratolla z podstawk\u0105 ISR800P | Antracyt\" class=\"read-more\" href=\"https:\/\/admincentral.selleetools.com\/pl\/product\/skrzynka-balkonowa-ratolla-z-podstawka-isr800p-antracyt\/\">Read more<span class=\"screen-reader-text\">Skrzynka balkonowa Ratolla z podstawk\u0105 ISR800P | Antracyt<\/span><\/a><\/p>\n","protected":false},"featured_media":673903,"comment_status":"open","ping_status":"closed","template":"","meta":{"_links_to":"","_links_to_target":""},"yoast_head":"<!-- This site is optimized with the Yoast SEO plugin v19.4 - https:\/\/yoast.com\/wordpress\/plugins\/seo\/ -->\n<title>Skrzynka balkonowa Ratolla z podstawk\u0105 ISR800P | Antracyt - Selleetools.com<\/title>\n<meta name=\"robots\" content=\"index, follow, max-snippet:-1, max-image-preview:large, max-video-preview:-1\" \/>\n<link rel=\"canonical\" href=\"https:\/\/selleetools.com\/product\/skrzynka-balkonowa-ratolla-z-podstawka-isr800p-antracyt\/\" \/>\n<meta property=\"og:locale\" content=\"pl_PL\" \/>\n<meta property=\"og:type\" content=\"article\" \/>\n<meta property=\"og:title\" content=\"Skrzynka balkonowa Ratolla z podstawk\u0105 ISR800P | Antracyt - Selleetools.com\" \/>\n<meta property=\"og:description\" content=\"Skrzynka balkonowa ratanowa Ratolla ISR800P &#8211; Antracyt Specyfikacja: d\u0142ugo\u015b\u0107 g\u00f3ra &#8211;\u00a079 cm d\u0142ugo\u015b\u0107 podstawa &#8211; 73 cm szeroko\u015b\u0107 g\u00f3ry &#8211; 16 cm szeroko\u015b\u0107 podstawy &#8211; 12 cm wysoko\u015b\u0107 &#8211; 15 cm pojemno\u015b\u0107 &#8211; 13,5 l materia\u0142 &#8211; tworzywo sztuczne Zestaw zawiera: doniczk\u0119 RATOLLA podstawk\u0119 Mo\u017cemy je umie\u015bci\u0107: w domu przestronnym wn\u0119trzu na tarasie na balkonie ... Read moreSkrzynka balkonowa Ratolla z podstawk\u0105 ISR800P | Antracyt\" \/>\n<meta property=\"og:url\" content=\"https:\/\/selleetools.com\/product\/skrzynka-balkonowa-ratolla-z-podstawka-isr800p-antracyt\/\" \/>\n<meta property=\"og:site_name\" content=\"Selleetools.com\" \/>\n<meta property=\"article:modified_time\" content=\"2026-04-09T15:44:24+00:00\" \/>\n<meta property=\"og:image\" content=\"https:\/\/selleetools.com\/wp-content\/uploads\/2026\/02\/800f366321d3a5fe11536893ca3ebe83.jpg\" \/>\n\t<meta property=\"og:image:width\" content=\"1017\" \/>\n\t<meta property=\"og:image:height\" content=\"354\" \/>\n\t<meta property=\"og:image:type\" content=\"image\/jpeg\" \/>\n<meta name=\"twitter:card\" content=\"summary_large_image\" \/>\n<meta name=\"twitter:label1\" content=\"Est. reading time\" \/>\n\t<meta name=\"twitter:data1\" content=\"1 minuta\" \/>\n<!-- \/ Yoast SEO plugin. -->","yoast_head_json":{"title":"Skrzynka balkonowa Ratolla z podstawk\u0105 ISR800P | Antracyt - Selleetools.com","robots":{"index":"index","follow":"follow","max-snippet":"max-snippet:-1","max-image-preview":"max-image-preview:large","max-video-preview":"max-video-preview:-1"},"canonical":"https:\/\/selleetools.com\/product\/skrzynka-balkonowa-ratolla-z-podstawka-isr800p-antracyt\/","og_locale":"pl_PL","og_type":"article","og_title":"Skrzynka balkonowa Ratolla z podstawk\u0105 ISR800P | Antracyt - Selleetools.com","og_description":"Skrzynka balkonowa ratanowa Ratolla ISR800P &#8211; Antracyt Specyfikacja: d\u0142ugo\u015b\u0107 g\u00f3ra &#8211;\u00a079 cm d\u0142ugo\u015b\u0107 podstawa &#8211; 73 cm szeroko\u015b\u0107 g\u00f3ry &#8211; 16 cm szeroko\u015b\u0107 podstawy &#8211; 12 cm wysoko\u015b\u0107 &#8211; 15 cm pojemno\u015b\u0107 &#8211; 13,5 l materia\u0142 &#8211; tworzywo sztuczne Zestaw zawiera: doniczk\u0119 RATOLLA podstawk\u0119 Mo\u017cemy je umie\u015bci\u0107: w domu przestronnym wn\u0119trzu na tarasie na balkonie ... Read moreSkrzynka balkonowa Ratolla z podstawk\u0105 ISR800P | Antracyt","og_url":"https:\/\/selleetools.com\/product\/skrzynka-balkonowa-ratolla-z-podstawka-isr800p-antracyt\/","og_site_name":"Selleetools.com","article_modified_time":"2026-04-09T15:44:24+00:00","og_image":[{"width":1017,"height":354,"url":"https:\/\/selleetools.com\/wp-content\/uploads\/2026\/02\/800f366321d3a5fe11536893ca3ebe83.jpg","type":"image\/jpeg"}],"twitter_card":"summary_large_image","twitter_misc":{"Est. reading time":"1 minuta"},"schema":{"@context":"https:\/\/schema.org","@graph":[{"@type":"Organization","@id":"https:\/\/selleetools.com\/#organization","name":"Selleetools","url":"https:\/\/selleetools.com\/","sameAs":[],"logo":{"@type":"ImageObject","inLanguage":"pl-PL","@id":"https:\/\/selleetools.com\/#\/schema\/logo\/image\/","url":"https:\/\/selleetools.com\/wp-content\/uploads\/2021\/10\/logo-dark.png","contentUrl":"https:\/\/selleetools.com\/wp-content\/uploads\/2021\/10\/logo-dark.png","width":320,"height":76,"caption":"Selleetools"},"image":{"@id":"https:\/\/selleetools.com\/#\/schema\/logo\/image\/"}},{"@type":"WebSite","@id":"https:\/\/selleetools.com\/#website","url":"https:\/\/selleetools.com\/","name":"Selleetools.com","description":"","publisher":{"@id":"https:\/\/selleetools.com\/#organization"},"potentialAction":[{"@type":"SearchAction","target":{"@type":"EntryPoint","urlTemplate":"https:\/\/selleetools.com\/?s={search_term_string}"},"query-input":"required name=search_term_string"}],"inLanguage":"pl-PL"},{"@type":"WebPage","@id":"https:\/\/selleetools.com\/product\/skrzynka-balkonowa-ratolla-z-podstawka-isr800p-antracyt\/","url":"https:\/\/selleetools.com\/product\/skrzynka-balkonowa-ratolla-z-podstawka-isr800p-antracyt\/","name":"Skrzynka balkonowa Ratolla z podstawk\u0105 ISR800P | Antracyt - Selleetools.com","isPartOf":{"@id":"https:\/\/selleetools.com\/#website"},"datePublished":"2026-02-19T15:13:13+00:00","dateModified":"2026-04-09T15:44:24+00:00","breadcrumb":{"@id":"https:\/\/selleetools.com\/product\/skrzynka-balkonowa-ratolla-z-podstawka-isr800p-antracyt\/#breadcrumb"},"inLanguage":"pl-PL","potentialAction":[{"@type":"ReadAction","target":["https:\/\/selleetools.com\/product\/skrzynka-balkonowa-ratolla-z-podstawka-isr800p-antracyt\/"]}]},{"@type":"BreadcrumbList","@id":"https:\/\/selleetools.com\/product\/skrzynka-balkonowa-ratolla-z-podstawka-isr800p-antracyt\/#breadcrumb","itemListElement":[{"@type":"ListItem","position":1,"name":"Home","item":"https:\/\/selleetools.com\/pl\/"},{"@type":"ListItem","position":2,"name":"Katalog","item":"https:\/\/selleetools.com\/pl\/katalog\/"},{"@type":"ListItem","position":3,"name":"Skrzynka balkonowa Ratolla z podstawk\u0105 ISR800P | Antracyt"}]}]}},"_links":{"self":[{"href":"https:\/\/admincentral.selleetools.com\/pl\/wp-json\/wp\/v2\/product\/673911"}],"collection":[{"href":"https:\/\/admincentral.selleetools.com\/pl\/wp-json\/wp\/v2\/product"}],"about":[{"href":"https:\/\/admincentral.selleetools.com\/pl\/wp-json\/wp\/v2\/types\/product"}],"replies":[{"embeddable":true,"href":"https:\/\/admincentral.selleetools.com\/pl\/wp-json\/wp\/v2\/comments?post=673911"}],"wp:featuredmedia":[{"embeddable":true,"href":"https:\/\/admincentral.selleetools.com\/pl\/wp-json\/wp\/v2\/media\/673903"}],"wp:attachment":[{"href":"https:\/\/admincentral.selleetools.com\/pl\/wp-json\/wp\/v2\/media?parent=673911"}],"curies":[{"name":"wp","href":"https:\/\/api.w.org\/{rel}","templated":true}]}}