{"id":674083,"date":"2026-02-19T16:14:28","date_gmt":"2026-02-19T15:14:28","guid":{"rendered":"https:\/\/selleetools.com\/?post_type=product&#038;p=674083"},"modified":"2026-04-09T17:46:52","modified_gmt":"2026-04-09T15:46:52","slug":"doniczka-podluzna-wysoka-rato-case-drc600t-umbra","status":"publish","type":"product","link":"https:\/\/admincentral.selleetools.com\/pl\/product\/doniczka-podluzna-wysoka-rato-case-drc600t-umbra\/","title":{"rendered":"Doniczka pod\u0142u\u017cna, wysoka RATO Case DRC600T | Umbra"},"content":{"rendered":"<section class=\"section\">\n<div class=\"item item-6\">\n<section class=\"image-item\"><img src=\"https:\/\/upload.cdn.baselinker.com\/products\/3028621\/df8ec0ca1a509ce496cbc45cd66dc20a.jpg\"><\/section>\n<\/p><\/div>\n<div class=\"item item-6\">\n<section class=\"text-item\">\n<h1>Doniczka pod\u0142u\u017cna, wysoka RATO Case DRC600T &#8211; Umbra<\/h1>\n<p><b>Zestaw zawiera:<\/b><\/p>\n<ul>\n<li>Doniczk\u0119 (os\u0142onk\u0119)<\/li>\n<li>Wk\u0142ad wewn\u0119trzny<\/li>\n<li>Gumowy korek do zatkania odp\u0142ywu wody<\/li>\n<\/ul>\n<p><b>Informacj\u0119 dodatkowe:<\/b><\/p>\n<ul>\n<li>doniczka nie posiada podstawki<\/li>\n<li>doniczka nie posiada otwor\u00f3w w dnie<\/li>\n<\/ul>\n<p><b>Mo\u017cemy j\u0105 umie\u015bci\u0107:<\/b><\/p>\n<ul>\n<li>w domu<\/li>\n<li>przestronnym wn\u0119trzu<\/li>\n<li>na tarasie<\/li>\n<li>na balkonie<\/li>\n<li>w ogrodzie<\/li>\n<\/ul>\n<p><b>Doniczka na spodzie posiada wyznaczone przez producenta miejsca w kt\u00f3rych mo\u017cna wywierci\u0107 otwory do odp\u0142ywu nadmiaru wody.<\/b><\/p>\n<\/section><\/div>\n<\/section>\n<section class=\"section\">\n<div class=\"item item-6\">\n<section class=\"text-item\">\n<p><b>Specyfikacja:<\/b><\/p>\n<ul>\n<li>d\u0142ugo\u015b\u0107 g\u00f3ry &#8211; 58cm<\/li>\n<li>d\u0142ugo\u015b\u0107 podstawy &#8211; 54,5cm<\/li>\n<li>szeroko\u015b\u0107 g\u00f3ry &#8211; 18cm<\/li>\n<li>szeroko\u015b\u0107 podstawy &#8211; 14,5cm<\/li>\n<li>wysoko\u015b\u0107 &#8211; 50cm<\/li>\n<li>pojemno\u015b\u0107 &#8211; 38l<\/li>\n<li>materia\u0142 &#8211; tworzywo sztuczne<\/li>\n<\/ul>\n<\/section><\/div>\n<div class=\"item item-6\">\n<section class=\"image-item\"><img src=\"https:\/\/upload.cdn.baselinker.com\/products\/3028621\/29f4b9fcd3f316c6c32bae38ee5865b9.jpg\"><\/section>\n<\/p><\/div>\n<\/section>\n<section class=\"section\">\n<div class=\"item item-6\">\n<section class=\"image-item\"><img src=\"https:\/\/upload.cdn.baselinker.com\/products\/3028621\/7fc6974b10533bbed8204d4c51df9bda.jpg\"><\/section>\n<\/p><\/div>\n<div class=\"item item-6\">\n<section class=\"text-item\">\n<p>Wk\u0142ad wewn\u0119trzny do doniczek pozwala na zmniejszenie przestrzeni wewn\u0119trznej a tym samym wykorzystanie mniejszej ilo\u015bci ziemi.<\/p>\n<p>Wk\u0142ad doniczki posiada r\u0105czki dzi\u0119ki kt\u00f3rym mo\u017cna go bez problemu wyj\u0105\u0107.<\/p>\n<p><b>Specyfikacja wk\u0142adu:<\/b><\/p>\n<ul>\n<li>d\u0142ugo\u015b\u0107 &#8211; 58 cm<\/li>\n<li>szeroko\u015b\u0107 &#8211; 18 cm<\/li>\n<li>wysoko\u015b\u0107 &#8211; 19,5 cm<\/li>\n<li>materia\u0142 &#8211; tworzywo sztuczne<\/li>\n<\/ul>\n<\/section><\/div>\n<\/section>\n<section class=\"section\">\n<div class=\"item item-6\">\n<section class=\"text-item\">\n<p><b>Producent:<\/b><\/p>\n<\/section><\/div>\n<div class=\"item item-6\">\n<section class=\"image-item\"><img src=\"https:\/\/upload.cdn.baselinker.com\/products\/3028621\/a33ab1f2310f1c938b8bc367f057219a.jpg\"><\/section>\n<\/p><\/div>\n<\/section>\n<section class=\"section\">\n<div class=\"item item-12\">\n<section class=\"image-item\"><img src=\"https:\/\/upload.cdn.baselinker.com\/products\/3028621\/a33528a82805255a2bcbcaaccae319e6.jpg\"><\/section>\n<\/p><\/div>\n<\/section>\n","protected":false},"excerpt":{"rendered":"<p>Doniczka pod\u0142u\u017cna, wysoka RATO Case DRC600T &#8211; Umbra Zestaw zawiera: Doniczk\u0119 (os\u0142onk\u0119) Wk\u0142ad wewn\u0119trzny Gumowy korek do zatkania odp\u0142ywu wody Informacj\u0119 dodatkowe: doniczka nie posiada podstawki doniczka nie posiada otwor\u00f3w w dnie Mo\u017cemy j\u0105 umie\u015bci\u0107: w domu przestronnym wn\u0119trzu na tarasie na balkonie w ogrodzie Doniczka na spodzie posiada wyznaczone przez producenta miejsca w kt\u00f3rych &#8230; <a title=\"Doniczka pod\u0142u\u017cna, wysoka RATO Case DRC600T | Umbra\" class=\"read-more\" href=\"https:\/\/admincentral.selleetools.com\/pl\/product\/doniczka-podluzna-wysoka-rato-case-drc600t-umbra\/\">Read more<span class=\"screen-reader-text\">Doniczka pod\u0142u\u017cna, wysoka RATO Case DRC600T | Umbra<\/span><\/a><\/p>\n","protected":false},"featured_media":674071,"comment_status":"open","ping_status":"closed","template":"","meta":{"_links_to":"","_links_to_target":""},"yoast_head":"<!-- This site is optimized with the Yoast SEO plugin v19.4 - https:\/\/yoast.com\/wordpress\/plugins\/seo\/ -->\n<title>Doniczka pod\u0142u\u017cna, wysoka RATO Case DRC600T | Umbra - Selleetools.com<\/title>\n<meta name=\"robots\" content=\"index, follow, max-snippet:-1, max-image-preview:large, max-video-preview:-1\" \/>\n<link rel=\"canonical\" href=\"https:\/\/admincentral.selleetools.com\/product\/doniczka-podluzna-wysoka-rato-case-drc600t-umbra\/\" \/>\n<meta property=\"og:locale\" content=\"pl_PL\" \/>\n<meta property=\"og:type\" content=\"article\" \/>\n<meta property=\"og:title\" content=\"Doniczka pod\u0142u\u017cna, wysoka RATO Case DRC600T | Umbra - Selleetools.com\" \/>\n<meta property=\"og:description\" content=\"Doniczka pod\u0142u\u017cna, wysoka RATO Case DRC600T &#8211; Umbra Zestaw zawiera: Doniczk\u0119 (os\u0142onk\u0119) Wk\u0142ad wewn\u0119trzny Gumowy korek do zatkania odp\u0142ywu wody Informacj\u0119 dodatkowe: doniczka nie posiada podstawki doniczka nie posiada otwor\u00f3w w dnie Mo\u017cemy j\u0105 umie\u015bci\u0107: w domu przestronnym wn\u0119trzu na tarasie na balkonie w ogrodzie Doniczka na spodzie posiada wyznaczone przez producenta miejsca w kt\u00f3rych ... Read moreDoniczka pod\u0142u\u017cna, wysoka RATO Case DRC600T | Umbra\" \/>\n<meta property=\"og:url\" content=\"https:\/\/admincentral.selleetools.com\/product\/doniczka-podluzna-wysoka-rato-case-drc600t-umbra\/\" \/>\n<meta property=\"og:site_name\" content=\"Selleetools.com\" \/>\n<meta property=\"article:modified_time\" content=\"2026-04-09T15:46:52+00:00\" \/>\n<meta property=\"og:image\" content=\"https:\/\/selleetools.com\/wp-content\/uploads\/2026\/02\/df8ec0ca1a509ce496cbc45cd66dc20a.jpg\" \/>\n\t<meta property=\"og:image:width\" content=\"720\" \/>\n\t<meta property=\"og:image:height\" content=\"720\" \/>\n\t<meta property=\"og:image:type\" content=\"image\/jpeg\" \/>\n<meta name=\"twitter:card\" content=\"summary_large_image\" \/>\n<meta name=\"twitter:label1\" content=\"Est. reading time\" \/>\n\t<meta name=\"twitter:data1\" content=\"1 minuta\" \/>\n<!-- \/ Yoast SEO plugin. -->","yoast_head_json":{"title":"Doniczka pod\u0142u\u017cna, wysoka RATO Case DRC600T | Umbra - Selleetools.com","robots":{"index":"index","follow":"follow","max-snippet":"max-snippet:-1","max-image-preview":"max-image-preview:large","max-video-preview":"max-video-preview:-1"},"canonical":"https:\/\/admincentral.selleetools.com\/product\/doniczka-podluzna-wysoka-rato-case-drc600t-umbra\/","og_locale":"pl_PL","og_type":"article","og_title":"Doniczka pod\u0142u\u017cna, wysoka RATO Case DRC600T | Umbra - Selleetools.com","og_description":"Doniczka pod\u0142u\u017cna, wysoka RATO Case DRC600T &#8211; Umbra Zestaw zawiera: Doniczk\u0119 (os\u0142onk\u0119) Wk\u0142ad wewn\u0119trzny Gumowy korek do zatkania odp\u0142ywu wody Informacj\u0119 dodatkowe: doniczka nie posiada podstawki doniczka nie posiada otwor\u00f3w w dnie Mo\u017cemy j\u0105 umie\u015bci\u0107: w domu przestronnym wn\u0119trzu na tarasie na balkonie w ogrodzie Doniczka na spodzie posiada wyznaczone przez producenta miejsca w kt\u00f3rych ... Read moreDoniczka pod\u0142u\u017cna, wysoka RATO Case DRC600T | Umbra","og_url":"https:\/\/admincentral.selleetools.com\/product\/doniczka-podluzna-wysoka-rato-case-drc600t-umbra\/","og_site_name":"Selleetools.com","article_modified_time":"2026-04-09T15:46:52+00:00","og_image":[{"width":720,"height":720,"url":"https:\/\/selleetools.com\/wp-content\/uploads\/2026\/02\/df8ec0ca1a509ce496cbc45cd66dc20a.jpg","type":"image\/jpeg"}],"twitter_card":"summary_large_image","twitter_misc":{"Est. reading time":"1 minuta"},"schema":{"@context":"https:\/\/schema.org","@graph":[{"@type":"Organization","@id":"https:\/\/selleetools.com\/#organization","name":"Selleetools","url":"https:\/\/selleetools.com\/","sameAs":[],"logo":{"@type":"ImageObject","inLanguage":"pl-PL","@id":"https:\/\/selleetools.com\/#\/schema\/logo\/image\/","url":"https:\/\/selleetools.com\/wp-content\/uploads\/2021\/10\/logo-dark.png","contentUrl":"https:\/\/selleetools.com\/wp-content\/uploads\/2021\/10\/logo-dark.png","width":320,"height":76,"caption":"Selleetools"},"image":{"@id":"https:\/\/selleetools.com\/#\/schema\/logo\/image\/"}},{"@type":"WebSite","@id":"https:\/\/selleetools.com\/#website","url":"https:\/\/selleetools.com\/","name":"Selleetools.com","description":"","publisher":{"@id":"https:\/\/selleetools.com\/#organization"},"potentialAction":[{"@type":"SearchAction","target":{"@type":"EntryPoint","urlTemplate":"https:\/\/selleetools.com\/?s={search_term_string}"},"query-input":"required name=search_term_string"}],"inLanguage":"pl-PL"},{"@type":"WebPage","@id":"https:\/\/admincentral.selleetools.com\/product\/doniczka-podluzna-wysoka-rato-case-drc600t-umbra\/","url":"https:\/\/admincentral.selleetools.com\/product\/doniczka-podluzna-wysoka-rato-case-drc600t-umbra\/","name":"Doniczka pod\u0142u\u017cna, wysoka RATO Case DRC600T | Umbra - Selleetools.com","isPartOf":{"@id":"https:\/\/selleetools.com\/#website"},"datePublished":"2026-02-19T15:14:28+00:00","dateModified":"2026-04-09T15:46:52+00:00","breadcrumb":{"@id":"https:\/\/admincentral.selleetools.com\/product\/doniczka-podluzna-wysoka-rato-case-drc600t-umbra\/#breadcrumb"},"inLanguage":"pl-PL","potentialAction":[{"@type":"ReadAction","target":["https:\/\/admincentral.selleetools.com\/product\/doniczka-podluzna-wysoka-rato-case-drc600t-umbra\/"]}]},{"@type":"BreadcrumbList","@id":"https:\/\/admincentral.selleetools.com\/product\/doniczka-podluzna-wysoka-rato-case-drc600t-umbra\/#breadcrumb","itemListElement":[{"@type":"ListItem","position":1,"name":"Home","item":"https:\/\/selleetools.com\/pl\/"},{"@type":"ListItem","position":2,"name":"Katalog","item":"https:\/\/selleetools.com\/pl\/katalog\/"},{"@type":"ListItem","position":3,"name":"Doniczka pod\u0142u\u017cna, wysoka RATO Case DRC600T | Umbra"}]}]}},"_links":{"self":[{"href":"https:\/\/admincentral.selleetools.com\/pl\/wp-json\/wp\/v2\/product\/674083"}],"collection":[{"href":"https:\/\/admincentral.selleetools.com\/pl\/wp-json\/wp\/v2\/product"}],"about":[{"href":"https:\/\/admincentral.selleetools.com\/pl\/wp-json\/wp\/v2\/types\/product"}],"replies":[{"embeddable":true,"href":"https:\/\/admincentral.selleetools.com\/pl\/wp-json\/wp\/v2\/comments?post=674083"}],"wp:featuredmedia":[{"embeddable":true,"href":"https:\/\/admincentral.selleetools.com\/pl\/wp-json\/wp\/v2\/media\/674071"}],"wp:attachment":[{"href":"https:\/\/admincentral.selleetools.com\/pl\/wp-json\/wp\/v2\/media?parent=674083"}],"curies":[{"name":"wp","href":"https:\/\/api.w.org\/{rel}","templated":true}]}}