{"id":674182,"date":"2026-02-19T16:15:13","date_gmt":"2026-02-19T15:15:13","guid":{"rendered":"https:\/\/selleetools.com\/?post_type=product&#038;p=674182"},"modified":"2026-04-09T17:48:19","modified_gmt":"2026-04-09T15:48:19","slug":"doniczka-okragla-mika-27-z-podstawka-bialy","status":"publish","type":"product","link":"https:\/\/admincentral.selleetools.com\/pl\/product\/doniczka-okragla-mika-27-z-podstawka-bialy\/","title":{"rendered":"Doniczka okr\u0105g\u0142a Mika 27 z podstawk\u0105 | Bia\u0142y"},"content":{"rendered":"<section class=\"section\">\n<div class=\"item item-12\">\n<section class=\"text-item\">\n<h1>Doniczka okr\u0105g\u0142a Mika 27 z podstawk\u0105 &#8211; bia\u0142a<\/h1>\n<p><b>Specyfikacja:<\/b><\/p>\n<ul>\n<li>\u015brednica g\u00f3ry &#8211; 26 cm<\/li>\n<li>wysoko\u015b\u0107\u00a0 &#8211; 24,5 cm<\/li>\n<li>pojemno\u015b\u0107 &#8211; 10l<\/li>\n<li>materia\u0142 &#8211; tworzywo sztuczne<\/li>\n<\/ul>\n<p><b>Zastosowanie:<\/b><\/p>\n<ul>\n<li>wewn\u0119trzne<\/li>\n<li>zewn\u0119trzne<\/li>\n<\/ul>\n<p><b>Informacje dodatkowe:<\/b><\/p>\n<ol>\n<li>Posiada otwory w dnie<\/li>\n<li>Zintegrowana podstawka do doniczki mocowana jest na zatrzaski<\/li>\n<\/ol>\n<\/section><\/div>\n<\/section>\n<section class=\"section\">\n<div class=\"item item-12\">\n<section class=\"image-item\"><img src=\"https:\/\/upload.cdn.baselinker.com\/products\/3028621\/9a0979dfdd831dd52905cccd2bcb3d8f.jpg\"><\/section>\n<\/p><\/div>\n<\/section>\n<section class=\"section\">\n<div class=\"item item-12\">\n<section class=\"text-item\">\n<p><b>Mo\u017cemy j\u0105 umie\u015bci\u0107:<\/b><\/p>\n<ul>\n<li>w domu<\/li>\n<li>przestronnym wn\u0119trzu<\/li>\n<li>na tarasie<\/li>\n<li>na balkonie<\/li>\n<li>w ogrodzie<\/li>\n<li>w patio<\/li>\n<li>w pasa\u017cach<\/li>\n<li>w galeriach<\/li>\n<li>na skwerach<\/li>\n<\/ul>\n<p>Doniczka okr\u0105g\u0142a, wykonana z wysokiej jako\u015bci tworzywa sztucznego, wraz z dedykowan\u0105 podstawk\u0105. Idealnie sprawdzi si\u0119 na zewn\u0105trz, jak r\u00f3wnie\u017c znajdzie zastosowanie w aran\u017cacji wn\u0119trz.\u00a0 Nowoczesny design i prosta forma sprawia, \u017ce pasuje do nowoczesnych jak i tradycyjnie urz\u0105dzonych wn\u0119trz.<\/p>\n<\/section><\/div>\n<\/section>\n<section class=\"section\">\n<div class=\"item item-12\">\n<section class=\"image-item\"><img src=\"https:\/\/upload.cdn.baselinker.com\/products\/3028621\/9a0979dfdd831dd52905cccd2bcb3d8f.jpg\"><\/section>\n<\/p><\/div>\n<\/section>\n","protected":false},"excerpt":{"rendered":"<p>Doniczka okr\u0105g\u0142a Mika 27 z podstawk\u0105 &#8211; bia\u0142a Specyfikacja: \u015brednica g\u00f3ry &#8211; 26 cm wysoko\u015b\u0107\u00a0 &#8211; 24,5 cm pojemno\u015b\u0107 &#8211; 10l materia\u0142 &#8211; tworzywo sztuczne Zastosowanie: wewn\u0119trzne zewn\u0119trzne Informacje dodatkowe: Posiada otwory w dnie Zintegrowana podstawka do doniczki mocowana jest na zatrzaski Mo\u017cemy j\u0105 umie\u015bci\u0107: w domu przestronnym wn\u0119trzu na tarasie na balkonie w ogrodzie &#8230; <a title=\"Doniczka okr\u0105g\u0142a Mika 27 z podstawk\u0105 | Bia\u0142y\" class=\"read-more\" href=\"https:\/\/admincentral.selleetools.com\/pl\/product\/doniczka-okragla-mika-27-z-podstawka-bialy\/\">Read more<span class=\"screen-reader-text\">Doniczka okr\u0105g\u0142a Mika 27 z podstawk\u0105 | Bia\u0142y<\/span><\/a><\/p>\n","protected":false},"featured_media":674180,"comment_status":"open","ping_status":"closed","template":"","meta":{"_links_to":"","_links_to_target":""},"yoast_head":"<!-- This site is optimized with the Yoast SEO plugin v19.4 - https:\/\/yoast.com\/wordpress\/plugins\/seo\/ -->\n<title>Doniczka okr\u0105g\u0142a Mika 27 z podstawk\u0105 | Bia\u0142y - Selleetools.com<\/title>\n<meta name=\"robots\" content=\"index, follow, max-snippet:-1, max-image-preview:large, max-video-preview:-1\" \/>\n<link rel=\"canonical\" href=\"https:\/\/admincentral.selleetools.com\/pl\/product\/doniczka-okragla-mika-27-z-podstawka-bialy\/\" \/>\n<meta property=\"og:locale\" content=\"pl_PL\" \/>\n<meta property=\"og:type\" content=\"article\" \/>\n<meta property=\"og:title\" content=\"Doniczka okr\u0105g\u0142a Mika 27 z podstawk\u0105 | Bia\u0142y - Selleetools.com\" \/>\n<meta property=\"og:description\" content=\"Doniczka okr\u0105g\u0142a Mika 27 z podstawk\u0105 &#8211; bia\u0142a Specyfikacja: \u015brednica g\u00f3ry &#8211; 26 cm wysoko\u015b\u0107\u00a0 &#8211; 24,5 cm pojemno\u015b\u0107 &#8211; 10l materia\u0142 &#8211; tworzywo sztuczne Zastosowanie: wewn\u0119trzne zewn\u0119trzne Informacje dodatkowe: Posiada otwory w dnie Zintegrowana podstawka do doniczki mocowana jest na zatrzaski Mo\u017cemy j\u0105 umie\u015bci\u0107: w domu przestronnym wn\u0119trzu na tarasie na balkonie w ogrodzie ... Read moreDoniczka okr\u0105g\u0142a Mika 27 z podstawk\u0105 | Bia\u0142y\" \/>\n<meta property=\"og:url\" content=\"https:\/\/admincentral.selleetools.com\/pl\/product\/doniczka-okragla-mika-27-z-podstawka-bialy\/\" \/>\n<meta property=\"og:site_name\" content=\"Selleetools.com\" \/>\n<meta property=\"article:modified_time\" content=\"2026-04-09T15:48:19+00:00\" \/>\n<meta property=\"og:image\" content=\"https:\/\/selleetools.com\/wp-content\/uploads\/2026\/02\/9a0979dfdd831dd52905cccd2bcb3d8f.jpg\" \/>\n\t<meta property=\"og:image:width\" content=\"700\" \/>\n\t<meta property=\"og:image:height\" content=\"800\" \/>\n\t<meta property=\"og:image:type\" content=\"image\/jpeg\" \/>\n<meta name=\"twitter:card\" content=\"summary_large_image\" \/>\n<meta name=\"twitter:label1\" content=\"Est. reading time\" \/>\n\t<meta name=\"twitter:data1\" content=\"1 minuta\" \/>\n<!-- \/ Yoast SEO plugin. -->","yoast_head_json":{"title":"Doniczka okr\u0105g\u0142a Mika 27 z podstawk\u0105 | Bia\u0142y - Selleetools.com","robots":{"index":"index","follow":"follow","max-snippet":"max-snippet:-1","max-image-preview":"max-image-preview:large","max-video-preview":"max-video-preview:-1"},"canonical":"https:\/\/admincentral.selleetools.com\/pl\/product\/doniczka-okragla-mika-27-z-podstawka-bialy\/","og_locale":"pl_PL","og_type":"article","og_title":"Doniczka okr\u0105g\u0142a Mika 27 z podstawk\u0105 | Bia\u0142y - Selleetools.com","og_description":"Doniczka okr\u0105g\u0142a Mika 27 z podstawk\u0105 &#8211; bia\u0142a Specyfikacja: \u015brednica g\u00f3ry &#8211; 26 cm wysoko\u015b\u0107\u00a0 &#8211; 24,5 cm pojemno\u015b\u0107 &#8211; 10l materia\u0142 &#8211; tworzywo sztuczne Zastosowanie: wewn\u0119trzne zewn\u0119trzne Informacje dodatkowe: Posiada otwory w dnie Zintegrowana podstawka do doniczki mocowana jest na zatrzaski Mo\u017cemy j\u0105 umie\u015bci\u0107: w domu przestronnym wn\u0119trzu na tarasie na balkonie w ogrodzie ... Read moreDoniczka okr\u0105g\u0142a Mika 27 z podstawk\u0105 | Bia\u0142y","og_url":"https:\/\/admincentral.selleetools.com\/pl\/product\/doniczka-okragla-mika-27-z-podstawka-bialy\/","og_site_name":"Selleetools.com","article_modified_time":"2026-04-09T15:48:19+00:00","og_image":[{"width":700,"height":800,"url":"https:\/\/selleetools.com\/wp-content\/uploads\/2026\/02\/9a0979dfdd831dd52905cccd2bcb3d8f.jpg","type":"image\/jpeg"}],"twitter_card":"summary_large_image","twitter_misc":{"Est. reading time":"1 minuta"},"schema":{"@context":"https:\/\/schema.org","@graph":[{"@type":"Organization","@id":"https:\/\/selleetools.com\/#organization","name":"Selleetools","url":"https:\/\/selleetools.com\/","sameAs":[],"logo":{"@type":"ImageObject","inLanguage":"pl-PL","@id":"https:\/\/selleetools.com\/#\/schema\/logo\/image\/","url":"https:\/\/selleetools.com\/wp-content\/uploads\/2021\/10\/logo-dark.png","contentUrl":"https:\/\/selleetools.com\/wp-content\/uploads\/2021\/10\/logo-dark.png","width":320,"height":76,"caption":"Selleetools"},"image":{"@id":"https:\/\/selleetools.com\/#\/schema\/logo\/image\/"}},{"@type":"WebSite","@id":"https:\/\/selleetools.com\/#website","url":"https:\/\/selleetools.com\/","name":"Selleetools.com","description":"","publisher":{"@id":"https:\/\/selleetools.com\/#organization"},"potentialAction":[{"@type":"SearchAction","target":{"@type":"EntryPoint","urlTemplate":"https:\/\/selleetools.com\/?s={search_term_string}"},"query-input":"required name=search_term_string"}],"inLanguage":"pl-PL"},{"@type":"WebPage","@id":"https:\/\/admincentral.selleetools.com\/pl\/product\/doniczka-okragla-mika-27-z-podstawka-bialy\/","url":"https:\/\/admincentral.selleetools.com\/pl\/product\/doniczka-okragla-mika-27-z-podstawka-bialy\/","name":"Doniczka okr\u0105g\u0142a Mika 27 z podstawk\u0105 | Bia\u0142y - Selleetools.com","isPartOf":{"@id":"https:\/\/selleetools.com\/#website"},"datePublished":"2026-02-19T15:15:13+00:00","dateModified":"2026-04-09T15:48:19+00:00","breadcrumb":{"@id":"https:\/\/admincentral.selleetools.com\/pl\/product\/doniczka-okragla-mika-27-z-podstawka-bialy\/#breadcrumb"},"inLanguage":"pl-PL","potentialAction":[{"@type":"ReadAction","target":["https:\/\/admincentral.selleetools.com\/pl\/product\/doniczka-okragla-mika-27-z-podstawka-bialy\/"]}]},{"@type":"BreadcrumbList","@id":"https:\/\/admincentral.selleetools.com\/pl\/product\/doniczka-okragla-mika-27-z-podstawka-bialy\/#breadcrumb","itemListElement":[{"@type":"ListItem","position":1,"name":"Home","item":"https:\/\/selleetools.com\/pl\/"},{"@type":"ListItem","position":2,"name":"Katalog","item":"https:\/\/selleetools.com\/pl\/katalog\/"},{"@type":"ListItem","position":3,"name":"Doniczka okr\u0105g\u0142a Mika 27 z podstawk\u0105 | Bia\u0142y"}]}]}},"_links":{"self":[{"href":"https:\/\/admincentral.selleetools.com\/pl\/wp-json\/wp\/v2\/product\/674182"}],"collection":[{"href":"https:\/\/admincentral.selleetools.com\/pl\/wp-json\/wp\/v2\/product"}],"about":[{"href":"https:\/\/admincentral.selleetools.com\/pl\/wp-json\/wp\/v2\/types\/product"}],"replies":[{"embeddable":true,"href":"https:\/\/admincentral.selleetools.com\/pl\/wp-json\/wp\/v2\/comments?post=674182"}],"wp:featuredmedia":[{"embeddable":true,"href":"https:\/\/admincentral.selleetools.com\/pl\/wp-json\/wp\/v2\/media\/674180"}],"wp:attachment":[{"href":"https:\/\/admincentral.selleetools.com\/pl\/wp-json\/wp\/v2\/media?parent=674182"}],"curies":[{"name":"wp","href":"https:\/\/api.w.org\/{rel}","templated":true}]}}