{"id":674243,"date":"2026-02-19T16:15:42","date_gmt":"2026-02-19T15:15:42","guid":{"rendered":"https:\/\/selleetools.com\/?post_type=product&#038;p=674243"},"modified":"2026-04-18T15:46:19","modified_gmt":"2026-04-18T13:46:19","slug":"karmnik-dla-wiewiorek-drewniany-ocynkowany-dach","status":"publish","type":"product","link":"https:\/\/admincentral.selleetools.com\/pl\/product\/karmnik-dla-wiewiorek-drewniany-ocynkowany-dach\/","title":{"rendered":"Karmnik dla wiewi\u00f3rek drewniany &#8211; ocynkowany dach"},"content":{"rendered":"<section class=\"section\">\n<div class=\"item item-12\">\n<section class=\"text-item\">\n<h1>Karmnik dla wiewi\u00f3rek drewniany &#8211; ocynkowany dach<\/h1>\n<p><b>Wymiary:<\/b><\/p>\n<ul>\n<li>Wysoko\u015b\u0107: 17,5 cm<\/li>\n<li>Szeroko\u015b\u0107: 12,2 cm<\/li>\n<li>G\u0142\u0119boko\u015b\u0107: 23 cm.<\/li>\n<\/ul>\n<p>Drewniany karmnik dla wiewi\u00f3rek wykonany z surowego drewna sosnowego, o kszta\u0142cie i formacie stworzonym specjalnie dla wiewi\u00f3rek i dachem pokrytym ocynkowan\u0105 blach\u0105.<\/p>\n<p>Projekt jest nowoczesny i mo\u017cna go przymocowa\u0107 do drzewa. Wiewi\u00f3rka ma \u0142adny du\u017cy ogon i d\u0142ugie, zakrzywione pazury, kt\u00f3rymi mo\u017ce szybko skaka\u0107 z ga\u0142\u0119zi do ga\u0142\u0119zi i u\u017cywa\u0107 swojego ogona, by utrzyma\u0107 r\u00f3wnowag\u0119.<\/p>\n<p>Wiewi\u00f3rki, je\u015bli chodzi o poszukiwanie po\u017cywienia s\u0105 bardzo sprytne. Lubi\u0105 je\u015b\u0107 ro\u017cne orzechy, nasiona s\u0142onecznika, ale tak\u017ce grzyby, owady, jaja. Cz\u0119sto pozbawiaj\u0105 po\u017cywienia ptaki, dlatego dokarmianie jest bardzo przydatne. Wystarczy, \u017ce do komory w karmniku nasypiemy orzech\u00f3w lub innych ziaren. Wiewi\u00f3rki szybko dowiedz\u0105 si\u0119 o po\u017cywieniu, zjedz\u0105 je na miejscu lub zakopi\u0105 w ogrodzie na zim\u0119. Nale\u017cy umie\u015bci\u0107 karmnik w zacienionym miejscu, ale dobrze widocznym dla wiewi\u00f3rek.<\/p>\n<\/section><\/div>\n<\/section>\n<section class=\"section\">\n<div class=\"item item-12\">\n<section class=\"image-item\"><img src=\"https:\/\/upload.cdn.baselinker.com\/products\/3028621\/33e7a5b05b1743713aedf0014254b197.jpg\"><\/section>\n<\/p><\/div>\n<\/section>\n<section class=\"section\">\n<div class=\"item item-6\">\n<section class=\"image-item\"><img src=\"https:\/\/upload.cdn.baselinker.com\/products\/3028621\/33e7a5b05b1743713aedf0014254b197.jpg\"><\/section>\n<\/p><\/div>\n<div class=\"item item-6\">\n<section class=\"image-item\"><img src=\"https:\/\/upload.cdn.baselinker.com\/products\/3028621\/1fbaae573c9dd1b044571f0f77acfd90.jpg\"><\/section>\n<\/p><\/div>\n<\/section>\n<section class=\"section\">\n<div class=\"item item-6\">\n<section class=\"image-item\"><img src=\"https:\/\/upload.cdn.baselinker.com\/products\/3028621\/9bca7648c7a20047bf32b46637f803e9.jpg\"><\/section>\n<\/p><\/div>\n<div class=\"item item-6\">\n<section class=\"image-item\"><img src=\"https:\/\/upload.cdn.baselinker.com\/products\/3028621\/366177d084a02794880b9b0b5e98912b.jpg\"><\/section>\n<\/p><\/div>\n<\/section>\n<section class=\"section\">\n<div class=\"item item-6\">\n<section class=\"image-item\"><img src=\"https:\/\/upload.cdn.baselinker.com\/products\/3028621\/b4555607990bfa66881821521a23dcc5.jpg\"><\/section>\n<\/p><\/div>\n<div class=\"item item-6\">\n<section class=\"image-item\"><img src=\"https:\/\/upload.cdn.baselinker.com\/products\/3028621\/635ee51123266fe33b30422f58e41c5b.jpg\"><\/section>\n<\/p><\/div>\n<\/section>\n<section class=\"section\">\n<div class=\"item item-6\">\n<section class=\"image-item\"><img src=\"https:\/\/upload.cdn.baselinker.com\/products\/3028621\/d6645b0f822470bddda5358c47572964.jpg\"><\/section>\n<\/p><\/div>\n<div class=\"item item-6\">\n<section class=\"image-item\"><img src=\"https:\/\/upload.cdn.baselinker.com\/products\/3028621\/79a9a93553aa33ac802527828552beef.jpg\"><\/section>\n<\/p><\/div>\n<\/section>\n<section class=\"section\">\n<div class=\"item item-12\">\n<section class=\"image-item\"><img src=\"https:\/\/upload.cdn.baselinker.com\/products\/3028621\/4919200874aec6828946fa071832e833.jpg\"><\/section>\n<\/p><\/div>\n<\/section>\n<section class=\"section\">\n<div class=\"item item-6\">\n<section class=\"image-item\"><img src=\"https:\/\/upload.cdn.baselinker.com\/products\/3028621\/33e7a5b05b1743713aedf0014254b197.jpg\"><\/section>\n<\/p><\/div>\n<div class=\"item item-6\">\n<section class=\"image-item\"><img src=\"https:\/\/upload.cdn.baselinker.com\/products\/3028621\/1fbaae573c9dd1b044571f0f77acfd90.jpg\"><\/section>\n<\/p><\/div>\n<\/section>\n<section class=\"section\">\n<div class=\"item item-6\">\n<section class=\"image-item\"><img src=\"https:\/\/upload.cdn.baselinker.com\/products\/3028621\/9bca7648c7a20047bf32b46637f803e9.jpg\"><\/section>\n<\/p><\/div>\n<div class=\"item item-6\">\n<section class=\"image-item\"><img src=\"https:\/\/upload.cdn.baselinker.com\/products\/3028621\/366177d084a02794880b9b0b5e98912b.jpg\"><\/section>\n<\/p><\/div>\n<\/section>\n<section class=\"section\">\n<div class=\"item item-6\">\n<section class=\"image-item\"><img src=\"https:\/\/upload.cdn.baselinker.com\/products\/3028621\/b4555607990bfa66881821521a23dcc5.jpg\"><\/section>\n<\/p><\/div>\n<div class=\"item item-6\">\n<section class=\"image-item\"><img src=\"https:\/\/upload.cdn.baselinker.com\/products\/3028621\/635ee51123266fe33b30422f58e41c5b.jpg\"><\/section>\n<\/p><\/div>\n<\/section>\n<section class=\"section\">\n<div class=\"item item-6\">\n<section class=\"image-item\"><img src=\"https:\/\/upload.cdn.baselinker.com\/products\/3028621\/d6645b0f822470bddda5358c47572964.jpg\"><\/section>\n<\/p><\/div>\n<div class=\"item item-6\">\n<section class=\"image-item\"><img src=\"https:\/\/upload.cdn.baselinker.com\/products\/3028621\/79a9a93553aa33ac802527828552beef.jpg\"><\/section>\n<\/p><\/div>\n<\/section>\n<section class=\"section\">\n<div class=\"item item-12\">\n<section class=\"image-item\"><img src=\"https:\/\/upload.cdn.baselinker.com\/products\/3028621\/4919200874aec6828946fa071832e833.jpg\"><\/section>\n<\/p><\/div>\n<\/section>\n","protected":false},"excerpt":{"rendered":"<p>Karmnik dla wiewi\u00f3rek drewniany &#8211; ocynkowany dach Wymiary: Wysoko\u015b\u0107: 17,5 cm Szeroko\u015b\u0107: 12,2 cm G\u0142\u0119boko\u015b\u0107: 23 cm. Drewniany karmnik dla wiewi\u00f3rek wykonany z surowego drewna sosnowego, o kszta\u0142cie i formacie stworzonym specjalnie dla wiewi\u00f3rek i dachem pokrytym ocynkowan\u0105 blach\u0105. Projekt jest nowoczesny i mo\u017cna go przymocowa\u0107 do drzewa. Wiewi\u00f3rka ma \u0142adny du\u017cy ogon i d\u0142ugie, &#8230; <a title=\"Karmnik dla wiewi\u00f3rek drewniany &#8211; ocynkowany dach\" class=\"read-more\" href=\"https:\/\/admincentral.selleetools.com\/pl\/product\/karmnik-dla-wiewiorek-drewniany-ocynkowany-dach\/\">Read more<span class=\"screen-reader-text\">Karmnik dla wiewi\u00f3rek drewniany &#8211; ocynkowany dach<\/span><\/a><\/p>\n","protected":false},"featured_media":674225,"comment_status":"open","ping_status":"closed","template":"","meta":{"_links_to":"","_links_to_target":""},"yoast_head":"<!-- This site is optimized with the Yoast SEO plugin v19.4 - https:\/\/yoast.com\/wordpress\/plugins\/seo\/ -->\n<title>Karmnik dla wiewi\u00f3rek drewniany - ocynkowany dach - Selleetools.com<\/title>\n<meta name=\"robots\" content=\"index, follow, max-snippet:-1, max-image-preview:large, max-video-preview:-1\" \/>\n<link rel=\"canonical\" href=\"https:\/\/selleetools.com\/pl\/product\/karmnik-dla-wiewiorek-drewniany-ocynkowany-dach\/\" \/>\n<meta property=\"og:locale\" content=\"pl_PL\" \/>\n<meta property=\"og:type\" content=\"article\" \/>\n<meta property=\"og:title\" content=\"Karmnik dla wiewi\u00f3rek drewniany - ocynkowany dach - Selleetools.com\" \/>\n<meta property=\"og:description\" content=\"Karmnik dla wiewi\u00f3rek drewniany &#8211; ocynkowany dach Wymiary: Wysoko\u015b\u0107: 17,5 cm Szeroko\u015b\u0107: 12,2 cm G\u0142\u0119boko\u015b\u0107: 23 cm. Drewniany karmnik dla wiewi\u00f3rek wykonany z surowego drewna sosnowego, o kszta\u0142cie i formacie stworzonym specjalnie dla wiewi\u00f3rek i dachem pokrytym ocynkowan\u0105 blach\u0105. Projekt jest nowoczesny i mo\u017cna go przymocowa\u0107 do drzewa. Wiewi\u00f3rka ma \u0142adny du\u017cy ogon i d\u0142ugie, ... Read moreKarmnik dla wiewi\u00f3rek drewniany &#8211; ocynkowany dach\" \/>\n<meta property=\"og:url\" content=\"https:\/\/selleetools.com\/pl\/product\/karmnik-dla-wiewiorek-drewniany-ocynkowany-dach\/\" \/>\n<meta property=\"og:site_name\" content=\"Selleetools.com\" \/>\n<meta property=\"article:modified_time\" content=\"2026-04-18T13:46:19+00:00\" \/>\n<meta property=\"og:image\" content=\"https:\/\/selleetools.com\/wp-content\/uploads\/2026\/02\/33e7a5b05b1743713aedf0014254b197.jpg\" \/>\n\t<meta property=\"og:image:width\" content=\"1240\" \/>\n\t<meta property=\"og:image:height\" content=\"1240\" \/>\n\t<meta property=\"og:image:type\" content=\"image\/jpeg\" \/>\n<meta name=\"twitter:card\" content=\"summary_large_image\" \/>\n<meta name=\"twitter:label1\" content=\"Est. reading time\" \/>\n\t<meta name=\"twitter:data1\" content=\"1 minuta\" \/>\n<!-- \/ Yoast SEO plugin. -->","yoast_head_json":{"title":"Karmnik dla wiewi\u00f3rek drewniany - ocynkowany dach - Selleetools.com","robots":{"index":"index","follow":"follow","max-snippet":"max-snippet:-1","max-image-preview":"max-image-preview:large","max-video-preview":"max-video-preview:-1"},"canonical":"https:\/\/selleetools.com\/pl\/product\/karmnik-dla-wiewiorek-drewniany-ocynkowany-dach\/","og_locale":"pl_PL","og_type":"article","og_title":"Karmnik dla wiewi\u00f3rek drewniany - ocynkowany dach - Selleetools.com","og_description":"Karmnik dla wiewi\u00f3rek drewniany &#8211; ocynkowany dach Wymiary: Wysoko\u015b\u0107: 17,5 cm Szeroko\u015b\u0107: 12,2 cm G\u0142\u0119boko\u015b\u0107: 23 cm. Drewniany karmnik dla wiewi\u00f3rek wykonany z surowego drewna sosnowego, o kszta\u0142cie i formacie stworzonym specjalnie dla wiewi\u00f3rek i dachem pokrytym ocynkowan\u0105 blach\u0105. Projekt jest nowoczesny i mo\u017cna go przymocowa\u0107 do drzewa. Wiewi\u00f3rka ma \u0142adny du\u017cy ogon i d\u0142ugie, ... Read moreKarmnik dla wiewi\u00f3rek drewniany &#8211; ocynkowany dach","og_url":"https:\/\/selleetools.com\/pl\/product\/karmnik-dla-wiewiorek-drewniany-ocynkowany-dach\/","og_site_name":"Selleetools.com","article_modified_time":"2026-04-18T13:46:19+00:00","og_image":[{"width":1240,"height":1240,"url":"https:\/\/selleetools.com\/wp-content\/uploads\/2026\/02\/33e7a5b05b1743713aedf0014254b197.jpg","type":"image\/jpeg"}],"twitter_card":"summary_large_image","twitter_misc":{"Est. reading time":"1 minuta"},"schema":{"@context":"https:\/\/schema.org","@graph":[{"@type":"Organization","@id":"https:\/\/selleetools.com\/#organization","name":"Selleetools","url":"https:\/\/selleetools.com\/","sameAs":[],"logo":{"@type":"ImageObject","inLanguage":"pl-PL","@id":"https:\/\/selleetools.com\/#\/schema\/logo\/image\/","url":"https:\/\/selleetools.com\/wp-content\/uploads\/2021\/10\/logo-dark.png","contentUrl":"https:\/\/selleetools.com\/wp-content\/uploads\/2021\/10\/logo-dark.png","width":320,"height":76,"caption":"Selleetools"},"image":{"@id":"https:\/\/selleetools.com\/#\/schema\/logo\/image\/"}},{"@type":"WebSite","@id":"https:\/\/selleetools.com\/#website","url":"https:\/\/selleetools.com\/","name":"Selleetools.com","description":"","publisher":{"@id":"https:\/\/selleetools.com\/#organization"},"potentialAction":[{"@type":"SearchAction","target":{"@type":"EntryPoint","urlTemplate":"https:\/\/selleetools.com\/?s={search_term_string}"},"query-input":"required name=search_term_string"}],"inLanguage":"pl-PL"},{"@type":"WebPage","@id":"https:\/\/selleetools.com\/pl\/product\/karmnik-dla-wiewiorek-drewniany-ocynkowany-dach\/","url":"https:\/\/selleetools.com\/pl\/product\/karmnik-dla-wiewiorek-drewniany-ocynkowany-dach\/","name":"Karmnik dla wiewi\u00f3rek drewniany - ocynkowany dach - Selleetools.com","isPartOf":{"@id":"https:\/\/selleetools.com\/#website"},"datePublished":"2026-02-19T15:15:42+00:00","dateModified":"2026-04-18T13:46:19+00:00","breadcrumb":{"@id":"https:\/\/selleetools.com\/pl\/product\/karmnik-dla-wiewiorek-drewniany-ocynkowany-dach\/#breadcrumb"},"inLanguage":"pl-PL","potentialAction":[{"@type":"ReadAction","target":["https:\/\/selleetools.com\/pl\/product\/karmnik-dla-wiewiorek-drewniany-ocynkowany-dach\/"]}]},{"@type":"BreadcrumbList","@id":"https:\/\/selleetools.com\/pl\/product\/karmnik-dla-wiewiorek-drewniany-ocynkowany-dach\/#breadcrumb","itemListElement":[{"@type":"ListItem","position":1,"name":"Home","item":"https:\/\/selleetools.com\/pl\/"},{"@type":"ListItem","position":2,"name":"Katalog","item":"https:\/\/selleetools.com\/pl\/katalog\/"},{"@type":"ListItem","position":3,"name":"Karmnik dla wiewi\u00f3rek drewniany &#8211; ocynkowany dach"}]}]}},"_links":{"self":[{"href":"https:\/\/admincentral.selleetools.com\/pl\/wp-json\/wp\/v2\/product\/674243"}],"collection":[{"href":"https:\/\/admincentral.selleetools.com\/pl\/wp-json\/wp\/v2\/product"}],"about":[{"href":"https:\/\/admincentral.selleetools.com\/pl\/wp-json\/wp\/v2\/types\/product"}],"replies":[{"embeddable":true,"href":"https:\/\/admincentral.selleetools.com\/pl\/wp-json\/wp\/v2\/comments?post=674243"}],"wp:featuredmedia":[{"embeddable":true,"href":"https:\/\/admincentral.selleetools.com\/pl\/wp-json\/wp\/v2\/media\/674225"}],"wp:attachment":[{"href":"https:\/\/admincentral.selleetools.com\/pl\/wp-json\/wp\/v2\/media?parent=674243"}],"curies":[{"name":"wp","href":"https:\/\/api.w.org\/{rel}","templated":true}]}}