{"id":674248,"date":"2026-02-19T16:15:46","date_gmt":"2026-02-19T15:15:46","guid":{"rendered":"https:\/\/selleetools.com\/?post_type=product&#038;p=674248"},"modified":"2026-04-18T15:46:22","modified_gmt":"2026-04-18T13:46:22","slug":"karmnik-dla-ptakow-drewniany-na-nozce","status":"publish","type":"product","link":"https:\/\/admincentral.selleetools.com\/pl\/product\/karmnik-dla-ptakow-drewniany-na-nozce\/","title":{"rendered":"Karmnik dla ptak\u00f3w drewniany na n\u00f3\u017cce"},"content":{"rendered":"<section class=\"section\">\n<div class=\"item item-12\">\n<section class=\"text-item\">\n<h1>Karmnik dla ptak\u00f3w drewniany na n\u00f3\u017cce<\/h1>\n<p><b>Wymiary karmnika:<\/b><\/p>\n<ul>\n<li>Wysoko\u015b\u0107: 119,5 cm<\/li>\n<li>Szeroko\u015b\u0107: 28 cm<\/li>\n<li>G\u0142\u0119boko\u015b\u0107: 27,8 cm.<\/li>\n<li>Waga 2 kg.<\/li>\n<\/ul>\n<p><b>Zalety:<\/b><\/p>\n<ul>\n<li>Stoj\u0105cy,<\/li>\n<li>solidny karmnik,<\/li>\n<li>mo\u017cna ustawi\u0107 w dowolnym miejscu w ogrodzie.<\/li>\n<li>Cynkowe przykrycie dachowe chroni dach przed przemakaniem.<\/li>\n<li>Karmnik posiada r\u00f3wnie\u017c haczyk do zawieszania kulek z pokarmem.<\/li>\n<\/ul>\n<p>Ptaki w zimie cierpi\u0105 na brak po\u017cywienia. Mo\u017cesz karmi\u0107 je pe\u0142nowarto\u015bciowymi ziarnami, kulami o wysokiej zawarto\u015bci t\u0142uszczu lub chlebem. Umie\u015b\u0107 karmnik w ogrodzie lub na balkonie i uwa\u017cnie obserwuj ptaszki, ciesz\u0105ce si\u0119 z serwowanych przez Ciebie przek\u0105sek.\u00a0<\/p>\n<\/section><\/div>\n<\/section>\n<section class=\"section\">\n<div class=\"item item-12\">\n<section class=\"image-item\"><img src=\"https:\/\/upload.cdn.baselinker.com\/products\/3028621\/7d548ac9528ba60ece17372f81d48f27.jpg\"><\/section>\n<\/p><\/div>\n<\/section>\n<section class=\"section\">\n<div class=\"item item-6\">\n<section class=\"image-item\"><img src=\"https:\/\/upload.cdn.baselinker.com\/products\/3028621\/7d548ac9528ba60ece17372f81d48f27.jpg\"><\/section>\n<\/p><\/div>\n<div class=\"item item-6\">\n<section class=\"image-item\"><img src=\"https:\/\/upload.cdn.baselinker.com\/products\/3028621\/42c7acfdf26be1af5237331a48f23a2e.jpg\"><\/section>\n<\/p><\/div>\n<\/section>\n","protected":false},"excerpt":{"rendered":"<p>Karmnik dla ptak\u00f3w drewniany na n\u00f3\u017cce Wymiary karmnika: Wysoko\u015b\u0107: 119,5 cm Szeroko\u015b\u0107: 28 cm G\u0142\u0119boko\u015b\u0107: 27,8 cm. Waga 2 kg. Zalety: Stoj\u0105cy, solidny karmnik, mo\u017cna ustawi\u0107 w dowolnym miejscu w ogrodzie. Cynkowe przykrycie dachowe chroni dach przed przemakaniem. Karmnik posiada r\u00f3wnie\u017c haczyk do zawieszania kulek z pokarmem. Ptaki w zimie cierpi\u0105 na brak po\u017cywienia. Mo\u017cesz &#8230; <a title=\"Karmnik dla ptak\u00f3w drewniany na n\u00f3\u017cce\" class=\"read-more\" href=\"https:\/\/admincentral.selleetools.com\/pl\/product\/karmnik-dla-ptakow-drewniany-na-nozce\/\">Read more<span class=\"screen-reader-text\">Karmnik dla ptak\u00f3w drewniany na n\u00f3\u017cce<\/span><\/a><\/p>\n","protected":false},"featured_media":674244,"comment_status":"open","ping_status":"closed","template":"","meta":{"_links_to":"","_links_to_target":""},"yoast_head":"<!-- This site is optimized with the Yoast SEO plugin v19.4 - https:\/\/yoast.com\/wordpress\/plugins\/seo\/ -->\n<title>Karmnik dla ptak\u00f3w drewniany na n\u00f3\u017cce - Selleetools.com<\/title>\n<meta name=\"robots\" content=\"index, follow, max-snippet:-1, max-image-preview:large, max-video-preview:-1\" \/>\n<link rel=\"canonical\" href=\"https:\/\/selleetools.com\/pl\/product\/karmnik-dla-ptakow-drewniany-na-nozce\/\" \/>\n<meta property=\"og:locale\" content=\"pl_PL\" \/>\n<meta property=\"og:type\" content=\"article\" \/>\n<meta property=\"og:title\" content=\"Karmnik dla ptak\u00f3w drewniany na n\u00f3\u017cce - Selleetools.com\" \/>\n<meta property=\"og:description\" content=\"Karmnik dla ptak\u00f3w drewniany na n\u00f3\u017cce Wymiary karmnika: Wysoko\u015b\u0107: 119,5 cm Szeroko\u015b\u0107: 28 cm G\u0142\u0119boko\u015b\u0107: 27,8 cm. Waga 2 kg. Zalety: Stoj\u0105cy, solidny karmnik, mo\u017cna ustawi\u0107 w dowolnym miejscu w ogrodzie. Cynkowe przykrycie dachowe chroni dach przed przemakaniem. Karmnik posiada r\u00f3wnie\u017c haczyk do zawieszania kulek z pokarmem. Ptaki w zimie cierpi\u0105 na brak po\u017cywienia. Mo\u017cesz ... Read moreKarmnik dla ptak\u00f3w drewniany na n\u00f3\u017cce\" \/>\n<meta property=\"og:url\" content=\"https:\/\/selleetools.com\/pl\/product\/karmnik-dla-ptakow-drewniany-na-nozce\/\" \/>\n<meta property=\"og:site_name\" content=\"Selleetools.com\" \/>\n<meta property=\"article:modified_time\" content=\"2026-04-18T13:46:22+00:00\" \/>\n<meta property=\"og:image\" content=\"https:\/\/selleetools.com\/wp-content\/uploads\/2026\/02\/7d548ac9528ba60ece17372f81d48f27.jpg\" \/>\n\t<meta property=\"og:image:width\" content=\"1240\" \/>\n\t<meta property=\"og:image:height\" content=\"1240\" \/>\n\t<meta property=\"og:image:type\" content=\"image\/jpeg\" \/>\n<meta name=\"twitter:card\" content=\"summary_large_image\" \/>\n<!-- \/ Yoast SEO plugin. -->","yoast_head_json":{"title":"Karmnik dla ptak\u00f3w drewniany na n\u00f3\u017cce - Selleetools.com","robots":{"index":"index","follow":"follow","max-snippet":"max-snippet:-1","max-image-preview":"max-image-preview:large","max-video-preview":"max-video-preview:-1"},"canonical":"https:\/\/selleetools.com\/pl\/product\/karmnik-dla-ptakow-drewniany-na-nozce\/","og_locale":"pl_PL","og_type":"article","og_title":"Karmnik dla ptak\u00f3w drewniany na n\u00f3\u017cce - Selleetools.com","og_description":"Karmnik dla ptak\u00f3w drewniany na n\u00f3\u017cce Wymiary karmnika: Wysoko\u015b\u0107: 119,5 cm Szeroko\u015b\u0107: 28 cm G\u0142\u0119boko\u015b\u0107: 27,8 cm. Waga 2 kg. Zalety: Stoj\u0105cy, solidny karmnik, mo\u017cna ustawi\u0107 w dowolnym miejscu w ogrodzie. Cynkowe przykrycie dachowe chroni dach przed przemakaniem. Karmnik posiada r\u00f3wnie\u017c haczyk do zawieszania kulek z pokarmem. Ptaki w zimie cierpi\u0105 na brak po\u017cywienia. Mo\u017cesz ... Read moreKarmnik dla ptak\u00f3w drewniany na n\u00f3\u017cce","og_url":"https:\/\/selleetools.com\/pl\/product\/karmnik-dla-ptakow-drewniany-na-nozce\/","og_site_name":"Selleetools.com","article_modified_time":"2026-04-18T13:46:22+00:00","og_image":[{"width":1240,"height":1240,"url":"https:\/\/selleetools.com\/wp-content\/uploads\/2026\/02\/7d548ac9528ba60ece17372f81d48f27.jpg","type":"image\/jpeg"}],"twitter_card":"summary_large_image","schema":{"@context":"https:\/\/schema.org","@graph":[{"@type":"Organization","@id":"https:\/\/selleetools.com\/#organization","name":"Selleetools","url":"https:\/\/selleetools.com\/","sameAs":[],"logo":{"@type":"ImageObject","inLanguage":"pl-PL","@id":"https:\/\/selleetools.com\/#\/schema\/logo\/image\/","url":"https:\/\/selleetools.com\/wp-content\/uploads\/2021\/10\/logo-dark.png","contentUrl":"https:\/\/selleetools.com\/wp-content\/uploads\/2021\/10\/logo-dark.png","width":320,"height":76,"caption":"Selleetools"},"image":{"@id":"https:\/\/selleetools.com\/#\/schema\/logo\/image\/"}},{"@type":"WebSite","@id":"https:\/\/selleetools.com\/#website","url":"https:\/\/selleetools.com\/","name":"Selleetools.com","description":"","publisher":{"@id":"https:\/\/selleetools.com\/#organization"},"potentialAction":[{"@type":"SearchAction","target":{"@type":"EntryPoint","urlTemplate":"https:\/\/selleetools.com\/?s={search_term_string}"},"query-input":"required name=search_term_string"}],"inLanguage":"pl-PL"},{"@type":"WebPage","@id":"https:\/\/selleetools.com\/pl\/product\/karmnik-dla-ptakow-drewniany-na-nozce\/","url":"https:\/\/selleetools.com\/pl\/product\/karmnik-dla-ptakow-drewniany-na-nozce\/","name":"Karmnik dla ptak\u00f3w drewniany na n\u00f3\u017cce - Selleetools.com","isPartOf":{"@id":"https:\/\/selleetools.com\/#website"},"datePublished":"2026-02-19T15:15:46+00:00","dateModified":"2026-04-18T13:46:22+00:00","breadcrumb":{"@id":"https:\/\/selleetools.com\/pl\/product\/karmnik-dla-ptakow-drewniany-na-nozce\/#breadcrumb"},"inLanguage":"pl-PL","potentialAction":[{"@type":"ReadAction","target":["https:\/\/selleetools.com\/pl\/product\/karmnik-dla-ptakow-drewniany-na-nozce\/"]}]},{"@type":"BreadcrumbList","@id":"https:\/\/selleetools.com\/pl\/product\/karmnik-dla-ptakow-drewniany-na-nozce\/#breadcrumb","itemListElement":[{"@type":"ListItem","position":1,"name":"Home","item":"https:\/\/selleetools.com\/pl\/"},{"@type":"ListItem","position":2,"name":"Katalog","item":"https:\/\/selleetools.com\/pl\/katalog\/"},{"@type":"ListItem","position":3,"name":"Karmnik dla ptak\u00f3w drewniany na n\u00f3\u017cce"}]}]}},"_links":{"self":[{"href":"https:\/\/admincentral.selleetools.com\/pl\/wp-json\/wp\/v2\/product\/674248"}],"collection":[{"href":"https:\/\/admincentral.selleetools.com\/pl\/wp-json\/wp\/v2\/product"}],"about":[{"href":"https:\/\/admincentral.selleetools.com\/pl\/wp-json\/wp\/v2\/types\/product"}],"replies":[{"embeddable":true,"href":"https:\/\/admincentral.selleetools.com\/pl\/wp-json\/wp\/v2\/comments?post=674248"}],"wp:featuredmedia":[{"embeddable":true,"href":"https:\/\/admincentral.selleetools.com\/pl\/wp-json\/wp\/v2\/media\/674244"}],"wp:attachment":[{"href":"https:\/\/admincentral.selleetools.com\/pl\/wp-json\/wp\/v2\/media?parent=674248"}],"curies":[{"name":"wp","href":"https:\/\/api.w.org\/{rel}","templated":true}]}}