{"id":674285,"date":"2026-02-19T16:16:09","date_gmt":"2026-02-19T15:16:09","guid":{"rendered":"https:\/\/selleetools.com\/?post_type=product&#038;p=674285"},"modified":"2026-04-18T15:46:48","modified_gmt":"2026-04-18T13:46:48","slug":"szklany-nawadniacz-do-roslin-doniczkowych-ptaszek","status":"publish","type":"product","link":"https:\/\/admincentral.selleetools.com\/pl\/product\/szklany-nawadniacz-do-roslin-doniczkowych-ptaszek\/","title":{"rendered":"Szklany nawadniacz do ro\u015blin doniczkowych PTASZEK"},"content":{"rendered":"<section class=\"section\">\n<div class=\"item item-12\">\n<section class=\"text-item\">\n<h1>Szklany nawadniacz do ro\u015blin doniczkowych PTASZEK<\/h1>\n<p><b>Wymiary:<\/b><\/p>\n<ul>\n<li>Wysoko\u015b\u0107: 35,7 cm<\/li>\n<li>Szeroko\u015b\u0107: 10,2 cm<\/li>\n<li>G\u0142\u0119boko\u015b\u0107: 6,1 cm.<\/li>\n<li>Waga: 0,055 kg.<\/li>\n<\/ul>\n<p>Szklany, samonawadniaj\u0105cy nawil\u017cacz glebowy do podlewania ro\u015blin w kszta\u0142cie ptaszka.<\/p>\n<p>Produkt szczeg\u00f3lnie pomocny w okresie urlopowym, jak r\u00f3wnie\u017c podczas wyjazd\u00f3w. Mo\u017ce r\u00f3wnie\u017c pe\u0142ni\u0107 funkcj\u0119 dekoracyjn\u0105. Nie wymaga zu\u017cycia pr\u0105du.<\/p>\n<p><b>Spos\u00f3b u\u017cycia:<\/b><\/p>\n<ul>\n<li>Wn\u0119trze ptaszk\u00f3w nale\u017cy wype\u0142ni\u0107 wod\u0105, a nast\u0119pnie wbi\u0107 rurk\u0119 w gleb\u0119 ro\u015bliny doniczkowej.<\/li>\n<li>Woda b\u0119dzie dozowana stopniowo przez oko\u0142o 2 tygodnie.<\/li>\n<li>Po tym czasie nale\u017cy uzupe\u0142ni\u0107 ptaszka now\u0105 wod\u0105.\u00a0<\/li>\n<\/ul>\n<\/section><\/div>\n<\/section>\n<section class=\"section\">\n<div class=\"item item-12\">\n<section class=\"image-item\"><img src=\"https:\/\/upload.cdn.baselinker.com\/products\/3028621\/81a5780f27fe7cc0d71894d426b8db0b.jpg\"><\/section>\n<\/p><\/div>\n<\/section>\n<section class=\"section\">\n<div class=\"item item-6\">\n<section class=\"image-item\"><img src=\"https:\/\/upload.cdn.baselinker.com\/products\/3028621\/81a5780f27fe7cc0d71894d426b8db0b.jpg\"><\/section>\n<\/p><\/div>\n<div class=\"item item-6\">\n<section class=\"image-item\"><img src=\"https:\/\/upload.cdn.baselinker.com\/products\/3028621\/dda215eb80a5c0b6675c04ebc81e7ad3.jpg\"><\/section>\n<\/p><\/div>\n<\/section>\n<section class=\"section\">\n<div class=\"item item-12\">\n<section class=\"image-item\"><img src=\"https:\/\/upload.cdn.baselinker.com\/products\/3028621\/0ff112aade713a8c15e8777462b4d99a.jpg\"><\/section>\n<\/p><\/div>\n<\/section>\n","protected":false},"excerpt":{"rendered":"<p>Szklany nawadniacz do ro\u015blin doniczkowych PTASZEK Wymiary: Wysoko\u015b\u0107: 35,7 cm Szeroko\u015b\u0107: 10,2 cm G\u0142\u0119boko\u015b\u0107: 6,1 cm. Waga: 0,055 kg. Szklany, samonawadniaj\u0105cy nawil\u017cacz glebowy do podlewania ro\u015blin w kszta\u0142cie ptaszka. Produkt szczeg\u00f3lnie pomocny w okresie urlopowym, jak r\u00f3wnie\u017c podczas wyjazd\u00f3w. Mo\u017ce r\u00f3wnie\u017c pe\u0142ni\u0107 funkcj\u0119 dekoracyjn\u0105. Nie wymaga zu\u017cycia pr\u0105du. Spos\u00f3b u\u017cycia: Wn\u0119trze ptaszk\u00f3w nale\u017cy wype\u0142ni\u0107 wod\u0105, &#8230; <a title=\"Szklany nawadniacz do ro\u015blin doniczkowych PTASZEK\" class=\"read-more\" href=\"https:\/\/admincentral.selleetools.com\/pl\/product\/szklany-nawadniacz-do-roslin-doniczkowych-ptaszek\/\">Read more<span class=\"screen-reader-text\">Szklany nawadniacz do ro\u015blin doniczkowych PTASZEK<\/span><\/a><\/p>\n","protected":false},"featured_media":674279,"comment_status":"open","ping_status":"closed","template":"","meta":{"_links_to":"","_links_to_target":""},"yoast_head":"<!-- This site is optimized with the Yoast SEO plugin v19.4 - https:\/\/yoast.com\/wordpress\/plugins\/seo\/ -->\n<title>Szklany nawadniacz do ro\u015blin doniczkowych PTASZEK - Selleetools.com<\/title>\n<meta name=\"robots\" content=\"index, follow, max-snippet:-1, max-image-preview:large, max-video-preview:-1\" \/>\n<link rel=\"canonical\" href=\"https:\/\/selleetools.com\/pl\/product\/szklany-nawadniacz-do-roslin-doniczkowych-ptaszek\/\" \/>\n<meta property=\"og:locale\" content=\"pl_PL\" \/>\n<meta property=\"og:type\" content=\"article\" \/>\n<meta property=\"og:title\" content=\"Szklany nawadniacz do ro\u015blin doniczkowych PTASZEK - Selleetools.com\" \/>\n<meta property=\"og:description\" content=\"Szklany nawadniacz do ro\u015blin doniczkowych PTASZEK Wymiary: Wysoko\u015b\u0107: 35,7 cm Szeroko\u015b\u0107: 10,2 cm G\u0142\u0119boko\u015b\u0107: 6,1 cm. Waga: 0,055 kg. Szklany, samonawadniaj\u0105cy nawil\u017cacz glebowy do podlewania ro\u015blin w kszta\u0142cie ptaszka. Produkt szczeg\u00f3lnie pomocny w okresie urlopowym, jak r\u00f3wnie\u017c podczas wyjazd\u00f3w. Mo\u017ce r\u00f3wnie\u017c pe\u0142ni\u0107 funkcj\u0119 dekoracyjn\u0105. Nie wymaga zu\u017cycia pr\u0105du. Spos\u00f3b u\u017cycia: Wn\u0119trze ptaszk\u00f3w nale\u017cy wype\u0142ni\u0107 wod\u0105, ... Read moreSzklany nawadniacz do ro\u015blin doniczkowych PTASZEK\" \/>\n<meta property=\"og:url\" content=\"https:\/\/selleetools.com\/pl\/product\/szklany-nawadniacz-do-roslin-doniczkowych-ptaszek\/\" \/>\n<meta property=\"og:site_name\" content=\"Selleetools.com\" \/>\n<meta property=\"article:modified_time\" content=\"2026-04-18T13:46:48+00:00\" \/>\n<meta property=\"og:image\" content=\"https:\/\/selleetools.com\/wp-content\/uploads\/2026\/02\/81a5780f27fe7cc0d71894d426b8db0b.jpg\" \/>\n\t<meta property=\"og:image:width\" content=\"1240\" \/>\n\t<meta property=\"og:image:height\" content=\"1240\" \/>\n\t<meta property=\"og:image:type\" content=\"image\/jpeg\" \/>\n<meta name=\"twitter:card\" content=\"summary_large_image\" \/>\n<!-- \/ Yoast SEO plugin. -->","yoast_head_json":{"title":"Szklany nawadniacz do ro\u015blin doniczkowych PTASZEK - Selleetools.com","robots":{"index":"index","follow":"follow","max-snippet":"max-snippet:-1","max-image-preview":"max-image-preview:large","max-video-preview":"max-video-preview:-1"},"canonical":"https:\/\/selleetools.com\/pl\/product\/szklany-nawadniacz-do-roslin-doniczkowych-ptaszek\/","og_locale":"pl_PL","og_type":"article","og_title":"Szklany nawadniacz do ro\u015blin doniczkowych PTASZEK - Selleetools.com","og_description":"Szklany nawadniacz do ro\u015blin doniczkowych PTASZEK Wymiary: Wysoko\u015b\u0107: 35,7 cm Szeroko\u015b\u0107: 10,2 cm G\u0142\u0119boko\u015b\u0107: 6,1 cm. Waga: 0,055 kg. Szklany, samonawadniaj\u0105cy nawil\u017cacz glebowy do podlewania ro\u015blin w kszta\u0142cie ptaszka. Produkt szczeg\u00f3lnie pomocny w okresie urlopowym, jak r\u00f3wnie\u017c podczas wyjazd\u00f3w. Mo\u017ce r\u00f3wnie\u017c pe\u0142ni\u0107 funkcj\u0119 dekoracyjn\u0105. Nie wymaga zu\u017cycia pr\u0105du. Spos\u00f3b u\u017cycia: Wn\u0119trze ptaszk\u00f3w nale\u017cy wype\u0142ni\u0107 wod\u0105, ... Read moreSzklany nawadniacz do ro\u015blin doniczkowych PTASZEK","og_url":"https:\/\/selleetools.com\/pl\/product\/szklany-nawadniacz-do-roslin-doniczkowych-ptaszek\/","og_site_name":"Selleetools.com","article_modified_time":"2026-04-18T13:46:48+00:00","og_image":[{"width":1240,"height":1240,"url":"https:\/\/selleetools.com\/wp-content\/uploads\/2026\/02\/81a5780f27fe7cc0d71894d426b8db0b.jpg","type":"image\/jpeg"}],"twitter_card":"summary_large_image","schema":{"@context":"https:\/\/schema.org","@graph":[{"@type":"Organization","@id":"https:\/\/selleetools.com\/#organization","name":"Selleetools","url":"https:\/\/selleetools.com\/","sameAs":[],"logo":{"@type":"ImageObject","inLanguage":"pl-PL","@id":"https:\/\/selleetools.com\/#\/schema\/logo\/image\/","url":"https:\/\/selleetools.com\/wp-content\/uploads\/2021\/10\/logo-dark.png","contentUrl":"https:\/\/selleetools.com\/wp-content\/uploads\/2021\/10\/logo-dark.png","width":320,"height":76,"caption":"Selleetools"},"image":{"@id":"https:\/\/selleetools.com\/#\/schema\/logo\/image\/"}},{"@type":"WebSite","@id":"https:\/\/selleetools.com\/#website","url":"https:\/\/selleetools.com\/","name":"Selleetools.com","description":"","publisher":{"@id":"https:\/\/selleetools.com\/#organization"},"potentialAction":[{"@type":"SearchAction","target":{"@type":"EntryPoint","urlTemplate":"https:\/\/selleetools.com\/?s={search_term_string}"},"query-input":"required name=search_term_string"}],"inLanguage":"pl-PL"},{"@type":"WebPage","@id":"https:\/\/selleetools.com\/pl\/product\/szklany-nawadniacz-do-roslin-doniczkowych-ptaszek\/","url":"https:\/\/selleetools.com\/pl\/product\/szklany-nawadniacz-do-roslin-doniczkowych-ptaszek\/","name":"Szklany nawadniacz do ro\u015blin doniczkowych PTASZEK - Selleetools.com","isPartOf":{"@id":"https:\/\/selleetools.com\/#website"},"datePublished":"2026-02-19T15:16:09+00:00","dateModified":"2026-04-18T13:46:48+00:00","breadcrumb":{"@id":"https:\/\/selleetools.com\/pl\/product\/szklany-nawadniacz-do-roslin-doniczkowych-ptaszek\/#breadcrumb"},"inLanguage":"pl-PL","potentialAction":[{"@type":"ReadAction","target":["https:\/\/selleetools.com\/pl\/product\/szklany-nawadniacz-do-roslin-doniczkowych-ptaszek\/"]}]},{"@type":"BreadcrumbList","@id":"https:\/\/selleetools.com\/pl\/product\/szklany-nawadniacz-do-roslin-doniczkowych-ptaszek\/#breadcrumb","itemListElement":[{"@type":"ListItem","position":1,"name":"Home","item":"https:\/\/selleetools.com\/pl\/"},{"@type":"ListItem","position":2,"name":"Katalog","item":"https:\/\/selleetools.com\/pl\/katalog\/"},{"@type":"ListItem","position":3,"name":"Szklany nawadniacz do ro\u015blin doniczkowych PTASZEK"}]}]}},"_links":{"self":[{"href":"https:\/\/admincentral.selleetools.com\/pl\/wp-json\/wp\/v2\/product\/674285"}],"collection":[{"href":"https:\/\/admincentral.selleetools.com\/pl\/wp-json\/wp\/v2\/product"}],"about":[{"href":"https:\/\/admincentral.selleetools.com\/pl\/wp-json\/wp\/v2\/types\/product"}],"replies":[{"embeddable":true,"href":"https:\/\/admincentral.selleetools.com\/pl\/wp-json\/wp\/v2\/comments?post=674285"}],"wp:featuredmedia":[{"embeddable":true,"href":"https:\/\/admincentral.selleetools.com\/pl\/wp-json\/wp\/v2\/media\/674279"}],"wp:attachment":[{"href":"https:\/\/admincentral.selleetools.com\/pl\/wp-json\/wp\/v2\/media?parent=674285"}],"curies":[{"name":"wp","href":"https:\/\/api.w.org\/{rel}","templated":true}]}}