{"id":674312,"date":"2026-02-19T16:16:25","date_gmt":"2026-02-19T15:16:25","guid":{"rendered":"https:\/\/selleetools.com\/?post_type=product&#038;p=674312"},"modified":"2026-04-18T15:47:06","modified_gmt":"2026-04-18T13:47:06","slug":"karmnik-dla-ptakow-wiszacy-195cm-pistacja-antracyt","status":"publish","type":"product","link":"https:\/\/admincentral.selleetools.com\/pl\/product\/karmnik-dla-ptakow-wiszacy-195cm-pistacja-antracyt\/","title":{"rendered":"Karmnik dla ptak\u00f3w wisz\u0105cy 19,5cm | Pistacja + antracyt"},"content":{"rendered":"<section class=\"section\">\n<div class=\"item item-6\">\n<section class=\"text-item\">\n<p>Karmnik dla ptak\u00f3w z pojemnikiem na ziarno. Okr\u0105g\u0142y daszek zabezpiecza pokarm przed wszelkimi opadami. Mo\u017cna go zawiesi\u0107 na drzewie. Konstrukcja pozwala r\u00f3wnie\u017c nasadzi\u0107 go na palik.<\/p>\n<p><b>Specyfikacja:<\/b><\/p>\n<ul>\n<li>\u015brednica &#8211; 19,5cm<\/li>\n<li>wysoko\u015b\u0107 &#8211; 21cm<\/li>\n<li>zasobnik na pokarm sypki<\/li>\n<li>daszek z otwieran\u0105 pokryw\u0105 zasobnika<\/li>\n<li>\u0142a\u0144cuszek do zawieszenia w zestawie<\/li>\n<\/ul>\n<\/section><\/div>\n<div class=\"item item-6\">\n<section class=\"image-item\"><img src=\"https:\/\/upload.cdn.baselinker.com\/products\/3028621\/2640fac41a97bf2d47948a280bdf7834.jpg\"><\/section>\n<\/p><\/div>\n<\/section>\n<section class=\"section\">\n<div class=\"item item-6\">\n<section class=\"image-item\"><img src=\"https:\/\/upload.cdn.baselinker.com\/products\/3028621\/2640fac41a97bf2d47948a280bdf7834.jpg\"><\/section>\n<\/p><\/div>\n<div class=\"item item-6\">\n<section class=\"image-item\"><img src=\"https:\/\/upload.cdn.baselinker.com\/products\/3028621\/9b7c31545bae6587679c80dcdb7144b4.jpg\"><\/section>\n<\/p><\/div>\n<\/section>\n<section class=\"section\">\n<div class=\"item item-12\">\n<section class=\"image-item\"><img src=\"https:\/\/upload.cdn.baselinker.com\/products\/3028621\/c67ea80f04ba71560ed2a2ee927b9100.jpg\"><\/section>\n<\/p><\/div>\n<\/section>\n","protected":false},"excerpt":{"rendered":"<p>Karmnik dla ptak\u00f3w z pojemnikiem na ziarno. Okr\u0105g\u0142y daszek zabezpiecza pokarm przed wszelkimi opadami. Mo\u017cna go zawiesi\u0107 na drzewie. Konstrukcja pozwala r\u00f3wnie\u017c nasadzi\u0107 go na palik. Specyfikacja: \u015brednica &#8211; 19,5cm wysoko\u015b\u0107 &#8211; 21cm zasobnik na pokarm sypki daszek z otwieran\u0105 pokryw\u0105 zasobnika \u0142a\u0144cuszek do zawieszenia w zestawie<\/p>\n","protected":false},"featured_media":674306,"comment_status":"open","ping_status":"closed","template":"","meta":{"_links_to":"","_links_to_target":""},"yoast_head":"<!-- This site is optimized with the Yoast SEO plugin v19.4 - https:\/\/yoast.com\/wordpress\/plugins\/seo\/ -->\n<title>Karmnik dla ptak\u00f3w wisz\u0105cy 19,5cm | Pistacja + antracyt - Selleetools.com<\/title>\n<meta name=\"robots\" content=\"index, follow, max-snippet:-1, max-image-preview:large, max-video-preview:-1\" \/>\n<link rel=\"canonical\" href=\"https:\/\/selleetools.com\/pl\/product\/karmnik-dla-ptakow-wiszacy-195cm-pistacja-antracyt\/\" \/>\n<meta property=\"og:locale\" content=\"pl_PL\" \/>\n<meta property=\"og:type\" content=\"article\" \/>\n<meta property=\"og:title\" content=\"Karmnik dla ptak\u00f3w wisz\u0105cy 19,5cm | Pistacja + antracyt - Selleetools.com\" \/>\n<meta property=\"og:description\" content=\"Karmnik dla ptak\u00f3w z pojemnikiem na ziarno. Okr\u0105g\u0142y daszek zabezpiecza pokarm przed wszelkimi opadami. Mo\u017cna go zawiesi\u0107 na drzewie. Konstrukcja pozwala r\u00f3wnie\u017c nasadzi\u0107 go na palik. Specyfikacja: \u015brednica &#8211; 19,5cm wysoko\u015b\u0107 &#8211; 21cm zasobnik na pokarm sypki daszek z otwieran\u0105 pokryw\u0105 zasobnika \u0142a\u0144cuszek do zawieszenia w zestawie\" \/>\n<meta property=\"og:url\" content=\"https:\/\/selleetools.com\/pl\/product\/karmnik-dla-ptakow-wiszacy-195cm-pistacja-antracyt\/\" \/>\n<meta property=\"og:site_name\" content=\"Selleetools.com\" \/>\n<meta property=\"article:modified_time\" content=\"2026-04-18T13:47:06+00:00\" \/>\n<meta property=\"og:image\" content=\"https:\/\/selleetools.com\/wp-content\/uploads\/2026\/02\/2640fac41a97bf2d47948a280bdf7834.jpg\" \/>\n\t<meta property=\"og:image:width\" content=\"428\" \/>\n\t<meta property=\"og:image:height\" content=\"775\" \/>\n\t<meta property=\"og:image:type\" content=\"image\/jpeg\" \/>\n<meta name=\"twitter:card\" content=\"summary_large_image\" \/>\n<!-- \/ Yoast SEO plugin. -->","yoast_head_json":{"title":"Karmnik dla ptak\u00f3w wisz\u0105cy 19,5cm | Pistacja + antracyt - Selleetools.com","robots":{"index":"index","follow":"follow","max-snippet":"max-snippet:-1","max-image-preview":"max-image-preview:large","max-video-preview":"max-video-preview:-1"},"canonical":"https:\/\/selleetools.com\/pl\/product\/karmnik-dla-ptakow-wiszacy-195cm-pistacja-antracyt\/","og_locale":"pl_PL","og_type":"article","og_title":"Karmnik dla ptak\u00f3w wisz\u0105cy 19,5cm | Pistacja + antracyt - Selleetools.com","og_description":"Karmnik dla ptak\u00f3w z pojemnikiem na ziarno. Okr\u0105g\u0142y daszek zabezpiecza pokarm przed wszelkimi opadami. Mo\u017cna go zawiesi\u0107 na drzewie. Konstrukcja pozwala r\u00f3wnie\u017c nasadzi\u0107 go na palik. Specyfikacja: \u015brednica &#8211; 19,5cm wysoko\u015b\u0107 &#8211; 21cm zasobnik na pokarm sypki daszek z otwieran\u0105 pokryw\u0105 zasobnika \u0142a\u0144cuszek do zawieszenia w zestawie","og_url":"https:\/\/selleetools.com\/pl\/product\/karmnik-dla-ptakow-wiszacy-195cm-pistacja-antracyt\/","og_site_name":"Selleetools.com","article_modified_time":"2026-04-18T13:47:06+00:00","og_image":[{"width":428,"height":775,"url":"https:\/\/selleetools.com\/wp-content\/uploads\/2026\/02\/2640fac41a97bf2d47948a280bdf7834.jpg","type":"image\/jpeg"}],"twitter_card":"summary_large_image","schema":{"@context":"https:\/\/schema.org","@graph":[{"@type":"Organization","@id":"https:\/\/selleetools.com\/#organization","name":"Selleetools","url":"https:\/\/selleetools.com\/","sameAs":[],"logo":{"@type":"ImageObject","inLanguage":"pl-PL","@id":"https:\/\/selleetools.com\/#\/schema\/logo\/image\/","url":"https:\/\/selleetools.com\/wp-content\/uploads\/2021\/10\/logo-dark.png","contentUrl":"https:\/\/selleetools.com\/wp-content\/uploads\/2021\/10\/logo-dark.png","width":320,"height":76,"caption":"Selleetools"},"image":{"@id":"https:\/\/selleetools.com\/#\/schema\/logo\/image\/"}},{"@type":"WebSite","@id":"https:\/\/selleetools.com\/#website","url":"https:\/\/selleetools.com\/","name":"Selleetools.com","description":"","publisher":{"@id":"https:\/\/selleetools.com\/#organization"},"potentialAction":[{"@type":"SearchAction","target":{"@type":"EntryPoint","urlTemplate":"https:\/\/selleetools.com\/?s={search_term_string}"},"query-input":"required name=search_term_string"}],"inLanguage":"pl-PL"},{"@type":"WebPage","@id":"https:\/\/selleetools.com\/pl\/product\/karmnik-dla-ptakow-wiszacy-195cm-pistacja-antracyt\/","url":"https:\/\/selleetools.com\/pl\/product\/karmnik-dla-ptakow-wiszacy-195cm-pistacja-antracyt\/","name":"Karmnik dla ptak\u00f3w wisz\u0105cy 19,5cm | Pistacja + antracyt - Selleetools.com","isPartOf":{"@id":"https:\/\/selleetools.com\/#website"},"datePublished":"2026-02-19T15:16:25+00:00","dateModified":"2026-04-18T13:47:06+00:00","breadcrumb":{"@id":"https:\/\/selleetools.com\/pl\/product\/karmnik-dla-ptakow-wiszacy-195cm-pistacja-antracyt\/#breadcrumb"},"inLanguage":"pl-PL","potentialAction":[{"@type":"ReadAction","target":["https:\/\/selleetools.com\/pl\/product\/karmnik-dla-ptakow-wiszacy-195cm-pistacja-antracyt\/"]}]},{"@type":"BreadcrumbList","@id":"https:\/\/selleetools.com\/pl\/product\/karmnik-dla-ptakow-wiszacy-195cm-pistacja-antracyt\/#breadcrumb","itemListElement":[{"@type":"ListItem","position":1,"name":"Home","item":"https:\/\/selleetools.com\/pl\/"},{"@type":"ListItem","position":2,"name":"Katalog","item":"https:\/\/selleetools.com\/pl\/katalog\/"},{"@type":"ListItem","position":3,"name":"Karmnik dla ptak\u00f3w wisz\u0105cy 19,5cm | Pistacja + antracyt"}]}]}},"_links":{"self":[{"href":"https:\/\/admincentral.selleetools.com\/pl\/wp-json\/wp\/v2\/product\/674312"}],"collection":[{"href":"https:\/\/admincentral.selleetools.com\/pl\/wp-json\/wp\/v2\/product"}],"about":[{"href":"https:\/\/admincentral.selleetools.com\/pl\/wp-json\/wp\/v2\/types\/product"}],"replies":[{"embeddable":true,"href":"https:\/\/admincentral.selleetools.com\/pl\/wp-json\/wp\/v2\/comments?post=674312"}],"wp:featuredmedia":[{"embeddable":true,"href":"https:\/\/admincentral.selleetools.com\/pl\/wp-json\/wp\/v2\/media\/674306"}],"wp:attachment":[{"href":"https:\/\/admincentral.selleetools.com\/pl\/wp-json\/wp\/v2\/media?parent=674312"}],"curies":[{"name":"wp","href":"https:\/\/api.w.org\/{rel}","templated":true}]}}