{"id":674330,"date":"2026-02-19T16:16:33","date_gmt":"2026-02-19T15:16:33","guid":{"rendered":"https:\/\/selleetools.com\/?post_type=product&#038;p=674330"},"modified":"2026-04-18T15:47:14","modified_gmt":"2026-04-18T13:47:14","slug":"lopata-do-sniegu-alpin-2-alutube","status":"publish","type":"product","link":"https:\/\/admincentral.selleetools.com\/pl\/product\/lopata-do-sniegu-alpin-2-alutube\/","title":{"rendered":"\u0141opata do \u015bniegu ALPIN 2 alutube"},"content":{"rendered":"<section class=\"section\">\n<div class=\"item item-6\">\n<section class=\"text-item\">\n<h2>\u0141opata do \u015bniegu ALPIN 2 alutube<\/h2>\n<p><b>Specyfikacja:<\/b><\/p>\n<ul>\n<li>d\u0142ugo\u015b\u0107 ca\u0142kowita &#8211; 143 cm<\/li>\n<li>Szeroko\u015b\u0107 szufli &#8211; 49 cm<\/li>\n<li>G\u0142\u0119boko\u015b\u0107 szufli &#8211; 37,5 cm<\/li>\n<li>Materia\u0142 szufli &#8211; tworzywo sztuczne<\/li>\n<li>Materia\u0142 sztyla &#8211; aluminium<\/li>\n<li>Okucie szufli &#8211; aluminiowa listwa<\/li>\n<\/ul>\n<p><b>Zestaw zawiera:<\/b><\/p>\n<ol>\n<li>Szufl\u0119<\/li>\n<li>Stel<\/li>\n<\/ol>\n<p><b>Zalety<\/b><\/p>\n<ul>\n<li>okucie aluminiowe u\u0142atwia prowadzenie \u0142opaty po r\u00f3\u017cnych nawierzchniach zapobiegaj\u0105c jednocze\u015bnie blokowaniu si\u0119 o nier\u00f3wno\u015bci<\/li>\n<li>wysoka wydajno\u015b\u0107 pracy<\/li>\n<li>mrozoodpora<\/li>\n<li>pojemna szufla<\/li>\n<li>ergonomiczny uchwyt<\/li>\n<\/ul>\n<\/section><\/div>\n<div class=\"item item-6\">\n<section class=\"image-item\">\n            <img src=\"https:\/\/upload.cdn.baselinker.com\/products\/3028621\/ba91a649b434a12a87faa2efbe2fb0b8.jpg\" \/><br \/>\n        <\/section>\n<\/p><\/div>\n<\/section>\n<section class=\"section\">\n<div class=\"item item-12\">\n<section class=\"text-item\">\n<p>Doskona\u0142a \u0142opata o szerokim spektrum zastosowa\u0144. Pojemna i szeroka szufla, ergonomiczny uchwyt czyni\u0105 z niej nieocenione narz\u0119dzie zar\u00f3wno podczas pracy na w\u0105skich odcinkach jak i na ca\u0142kiem du\u017cych za\u015bnie\u017conych powierzchniach. Ma odpowiednio dobran\u0105 elastyczno\u015b\u0107 i \u0142agodne wyokr\u0105glone naro\u017cniki. Jest narz\u0119dziem przez klient\u00f3w poszukiwanym i cenionym od wielu lat.<\/p>\n<\/section><\/div>\n<\/section>\n<section class=\"section\">\n<div class=\"item item-6\">\n<section class=\"image-item\">\n            <img src=\"https:\/\/upload.cdn.baselinker.com\/products\/3028621\/ba91a649b434a12a87faa2efbe2fb0b8.jpg\" \/><br \/>\n        <\/section>\n<\/p><\/div>\n<div class=\"item item-6\">\n<section class=\"image-item\">\n            <img src=\"https:\/\/upload.cdn.baselinker.com\/products\/3028621\/c01c688b883ac6fb43637b4d1825770b.jpg\" \/><br \/>\n        <\/section>\n<\/p><\/div>\n<\/section>\n<section class=\"section\">\n<div class=\"item item-6\">\n<section class=\"image-item\">\n            <img src=\"https:\/\/upload.cdn.baselinker.com\/products\/3028621\/c09e47578382db411ab7c8677b361f18.jpg\" \/><br \/>\n        <\/section>\n<\/p><\/div>\n<div class=\"item item-6\">\n<section class=\"image-item\">\n            <img src=\"https:\/\/upload.cdn.baselinker.com\/products\/3028621\/ad2c4bd0d3bf1ae4d8cf71174c96a5d1.jpg\" \/><br \/>\n        <\/section>\n<\/p><\/div>\n<\/section>\n<section class=\"section\">\n<div class=\"item item-6\">\n<section class=\"image-item\">\n            <img src=\"https:\/\/upload.cdn.baselinker.com\/products\/3028621\/a3ab8430749cb943d958377e35bfa82f.jpg\" \/><br \/>\n        <\/section>\n<\/p><\/div>\n<div class=\"item item-6\">\n<section class=\"image-item\">\n            <img src=\"https:\/\/upload.cdn.baselinker.com\/products\/3028621\/d9b90a876b5bd47376c9b1794e14713c.jpg\" \/><br \/>\n        <\/section>\n<\/p><\/div>\n<\/section>\n","protected":false},"excerpt":{"rendered":"<p>\u0141opata do \u015bniegu ALPIN 2 alutube Specyfikacja: d\u0142ugo\u015b\u0107 ca\u0142kowita &#8211; 143 cm Szeroko\u015b\u0107 szufli &#8211; 49 cm G\u0142\u0119boko\u015b\u0107 szufli &#8211; 37,5 cm Materia\u0142 szufli &#8211; tworzywo sztuczne Materia\u0142 sztyla &#8211; aluminium Okucie szufli &#8211; aluminiowa listwa Zestaw zawiera: Szufl\u0119 Stel Zalety okucie aluminiowe u\u0142atwia prowadzenie \u0142opaty po r\u00f3\u017cnych nawierzchniach zapobiegaj\u0105c jednocze\u015bnie blokowaniu si\u0119 o nier\u00f3wno\u015bci &#8230; <a title=\"\u0141opata do \u015bniegu ALPIN 2 alutube\" class=\"read-more\" href=\"https:\/\/admincentral.selleetools.com\/pl\/product\/lopata-do-sniegu-alpin-2-alutube\/\">Read more<span class=\"screen-reader-text\">\u0141opata do \u015bniegu ALPIN 2 alutube<\/span><\/a><\/p>\n","protected":false},"featured_media":674318,"comment_status":"open","ping_status":"closed","template":"","meta":{"_links_to":"","_links_to_target":""},"yoast_head":"<!-- This site is optimized with the Yoast SEO plugin v19.4 - https:\/\/yoast.com\/wordpress\/plugins\/seo\/ -->\n<title>\u0141opata do \u015bniegu ALPIN 2 alutube - Selleetools.com<\/title>\n<meta name=\"robots\" content=\"index, follow, max-snippet:-1, max-image-preview:large, max-video-preview:-1\" \/>\n<link rel=\"canonical\" href=\"https:\/\/selleetools.com\/pl\/product\/lopata-do-sniegu-alpin-2-alutube\/\" \/>\n<meta property=\"og:locale\" content=\"pl_PL\" \/>\n<meta property=\"og:type\" content=\"article\" \/>\n<meta property=\"og:title\" content=\"\u0141opata do \u015bniegu ALPIN 2 alutube - Selleetools.com\" \/>\n<meta property=\"og:description\" content=\"\u0141opata do \u015bniegu ALPIN 2 alutube Specyfikacja: d\u0142ugo\u015b\u0107 ca\u0142kowita &#8211; 143 cm Szeroko\u015b\u0107 szufli &#8211; 49 cm G\u0142\u0119boko\u015b\u0107 szufli &#8211; 37,5 cm Materia\u0142 szufli &#8211; tworzywo sztuczne Materia\u0142 sztyla &#8211; aluminium Okucie szufli &#8211; aluminiowa listwa Zestaw zawiera: Szufl\u0119 Stel Zalety okucie aluminiowe u\u0142atwia prowadzenie \u0142opaty po r\u00f3\u017cnych nawierzchniach zapobiegaj\u0105c jednocze\u015bnie blokowaniu si\u0119 o nier\u00f3wno\u015bci ... Read more\u0141opata do \u015bniegu ALPIN 2 alutube\" \/>\n<meta property=\"og:url\" content=\"https:\/\/selleetools.com\/pl\/product\/lopata-do-sniegu-alpin-2-alutube\/\" \/>\n<meta property=\"og:site_name\" content=\"Selleetools.com\" \/>\n<meta property=\"article:modified_time\" content=\"2026-04-18T13:47:14+00:00\" \/>\n<meta property=\"og:image\" content=\"https:\/\/selleetools.com\/wp-content\/uploads\/2026\/02\/a3ab8430749cb943d958377e35bfa82f.jpg\" \/>\n\t<meta property=\"og:image:width\" content=\"407\" \/>\n\t<meta property=\"og:image:height\" content=\"1181\" \/>\n\t<meta property=\"og:image:type\" content=\"image\/jpeg\" \/>\n<meta name=\"twitter:card\" content=\"summary_large_image\" \/>\n<meta name=\"twitter:label1\" content=\"Est. reading time\" \/>\n\t<meta name=\"twitter:data1\" content=\"1 minuta\" \/>\n<!-- \/ Yoast SEO plugin. -->","yoast_head_json":{"title":"\u0141opata do \u015bniegu ALPIN 2 alutube - Selleetools.com","robots":{"index":"index","follow":"follow","max-snippet":"max-snippet:-1","max-image-preview":"max-image-preview:large","max-video-preview":"max-video-preview:-1"},"canonical":"https:\/\/selleetools.com\/pl\/product\/lopata-do-sniegu-alpin-2-alutube\/","og_locale":"pl_PL","og_type":"article","og_title":"\u0141opata do \u015bniegu ALPIN 2 alutube - Selleetools.com","og_description":"\u0141opata do \u015bniegu ALPIN 2 alutube Specyfikacja: d\u0142ugo\u015b\u0107 ca\u0142kowita &#8211; 143 cm Szeroko\u015b\u0107 szufli &#8211; 49 cm G\u0142\u0119boko\u015b\u0107 szufli &#8211; 37,5 cm Materia\u0142 szufli &#8211; tworzywo sztuczne Materia\u0142 sztyla &#8211; aluminium Okucie szufli &#8211; aluminiowa listwa Zestaw zawiera: Szufl\u0119 Stel Zalety okucie aluminiowe u\u0142atwia prowadzenie \u0142opaty po r\u00f3\u017cnych nawierzchniach zapobiegaj\u0105c jednocze\u015bnie blokowaniu si\u0119 o nier\u00f3wno\u015bci ... Read more\u0141opata do \u015bniegu ALPIN 2 alutube","og_url":"https:\/\/selleetools.com\/pl\/product\/lopata-do-sniegu-alpin-2-alutube\/","og_site_name":"Selleetools.com","article_modified_time":"2026-04-18T13:47:14+00:00","og_image":[{"width":407,"height":1181,"url":"https:\/\/selleetools.com\/wp-content\/uploads\/2026\/02\/a3ab8430749cb943d958377e35bfa82f.jpg","type":"image\/jpeg"}],"twitter_card":"summary_large_image","twitter_misc":{"Est. reading time":"1 minuta"},"schema":{"@context":"https:\/\/schema.org","@graph":[{"@type":"Organization","@id":"https:\/\/selleetools.com\/#organization","name":"Selleetools","url":"https:\/\/selleetools.com\/","sameAs":[],"logo":{"@type":"ImageObject","inLanguage":"pl-PL","@id":"https:\/\/selleetools.com\/#\/schema\/logo\/image\/","url":"https:\/\/selleetools.com\/wp-content\/uploads\/2021\/10\/logo-dark.png","contentUrl":"https:\/\/selleetools.com\/wp-content\/uploads\/2021\/10\/logo-dark.png","width":320,"height":76,"caption":"Selleetools"},"image":{"@id":"https:\/\/selleetools.com\/#\/schema\/logo\/image\/"}},{"@type":"WebSite","@id":"https:\/\/selleetools.com\/#website","url":"https:\/\/selleetools.com\/","name":"Selleetools.com","description":"","publisher":{"@id":"https:\/\/selleetools.com\/#organization"},"potentialAction":[{"@type":"SearchAction","target":{"@type":"EntryPoint","urlTemplate":"https:\/\/selleetools.com\/?s={search_term_string}"},"query-input":"required name=search_term_string"}],"inLanguage":"pl-PL"},{"@type":"WebPage","@id":"https:\/\/selleetools.com\/pl\/product\/lopata-do-sniegu-alpin-2-alutube\/","url":"https:\/\/selleetools.com\/pl\/product\/lopata-do-sniegu-alpin-2-alutube\/","name":"\u0141opata do \u015bniegu ALPIN 2 alutube - Selleetools.com","isPartOf":{"@id":"https:\/\/selleetools.com\/#website"},"datePublished":"2026-02-19T15:16:33+00:00","dateModified":"2026-04-18T13:47:14+00:00","breadcrumb":{"@id":"https:\/\/selleetools.com\/pl\/product\/lopata-do-sniegu-alpin-2-alutube\/#breadcrumb"},"inLanguage":"pl-PL","potentialAction":[{"@type":"ReadAction","target":["https:\/\/selleetools.com\/pl\/product\/lopata-do-sniegu-alpin-2-alutube\/"]}]},{"@type":"BreadcrumbList","@id":"https:\/\/selleetools.com\/pl\/product\/lopata-do-sniegu-alpin-2-alutube\/#breadcrumb","itemListElement":[{"@type":"ListItem","position":1,"name":"Home","item":"https:\/\/selleetools.com\/pl\/"},{"@type":"ListItem","position":2,"name":"Katalog","item":"https:\/\/selleetools.com\/pl\/katalog\/"},{"@type":"ListItem","position":3,"name":"\u0141opata do \u015bniegu ALPIN 2 alutube"}]}]}},"_links":{"self":[{"href":"https:\/\/admincentral.selleetools.com\/pl\/wp-json\/wp\/v2\/product\/674330"}],"collection":[{"href":"https:\/\/admincentral.selleetools.com\/pl\/wp-json\/wp\/v2\/product"}],"about":[{"href":"https:\/\/admincentral.selleetools.com\/pl\/wp-json\/wp\/v2\/types\/product"}],"replies":[{"embeddable":true,"href":"https:\/\/admincentral.selleetools.com\/pl\/wp-json\/wp\/v2\/comments?post=674330"}],"wp:featuredmedia":[{"embeddable":true,"href":"https:\/\/admincentral.selleetools.com\/pl\/wp-json\/wp\/v2\/media\/674318"}],"wp:attachment":[{"href":"https:\/\/admincentral.selleetools.com\/pl\/wp-json\/wp\/v2\/media?parent=674330"}],"curies":[{"name":"wp","href":"https:\/\/api.w.org\/{rel}","templated":true}]}}